{"id":550225,"date":"2024-06-28T14:40:47","date_gmt":"2024-06-28T12:40:47","guid":{"rendered":"https:\/\/stylestore.com\/deu\/product\/wblbjork-vegan-jacket-2\/"},"modified":"2026-04-23T08:05:27","modified_gmt":"2026-04-23T06:05:27","slug":"wblbjork-vegan-jacket-2","status":"publish","type":"product","link":"https:\/\/stylestore.com\/deu\/product\/wblbjork-vegan-jacket-2\/","title":{"rendered":"WBLBJORK VEGAN JACKET"},"content":{"rendered":"<p>Jacke aus weichem und dehnbarem veganem Leder<br \/>\nGro\u00dfe Brusttaschen mit Taschenklappen<br \/>\nGeschlossen mit Kn\u00f6pfen<br \/>\nPasse am R\u00fccken<br \/>\nNormaler Kragen<br \/>\nNormale Passform<br \/>\nL\u00e4nge unterhalb der Taille<br \/>\nGerader Saum<br \/>\n\u00c4rmelabschluss mit Knopf<\/p>\n","protected":false},"excerpt":{"rendered":"","protected":false},"featured_media":576561,"template":"","meta":{"_acf_changed":false},"product_brand":[],"product_cat":[124,20],"product_tag":[1871],"class_list":{"0":"post-550225","1":"product","2":"type-product","3":"status-publish","4":"has-post-thumbnail","6":"product_cat-hemden","7":"product_cat-tops","8":"product_tag-b2b","9":"pa_brand-withblack","10":"pa_collection-noir-lux","11":"pa_color-white-pepper","14":"instock","15":"taxable","16":"shipping-taxable","17":"purchasable","18":"product-type-variable"},"acf":[],"yoast_head":"<!-- This site is optimized with the Yoast SEO plugin v23.8 - https:\/\/yoast.com\/wordpress\/plugins\/seo\/ -->\n<title>WBLBJORK VEGAN JACKET &#187; Stylestore.com Germany<\/title>\n<meta name=\"description\" content=\"Stylische Jacke in weicher, dehnbarer veganer Lederqualit\u00e4t mit gro\u00dfen Brusttaschen und klassischem Kragen. Die regul\u00e4re Passform und die L\u00e4nge unterhalb der Taille verleihen ihr einen modernen und zeitlosen Look. Perfekt f\u00fcr allt\u00e4gliche und urbane Outfits!\" \/>\n<meta name=\"robots\" content=\"index, follow, max-snippet:-1, max-image-preview:large, max-video-preview:-1\" \/>\n<link rel=\"canonical\" href=\"https:\/\/stylestore.com\/deu\/product\/wblbjork-vegan-jacket-2\/\" \/>\n<meta property=\"og:locale\" content=\"de_DE\" \/>\n<meta property=\"og:type\" content=\"article\" \/>\n<meta property=\"og:title\" content=\"WBLBJORK VEGAN JACKET &#187; Stylestore.com Germany\" \/>\n<meta property=\"og:description\" content=\"Stylische Jacke in weicher, dehnbarer veganer Lederqualit\u00e4t mit gro\u00dfen Brusttaschen und klassischem Kragen. Die regul\u00e4re Passform und die L\u00e4nge unterhalb der Taille verleihen ihr einen modernen und zeitlosen Look. Perfekt f\u00fcr allt\u00e4gliche und urbane Outfits!\" \/>\n<meta property=\"og:url\" content=\"https:\/\/stylestore.com\/deu\/product\/wblbjork-vegan-jacket-2\/\" \/>\n<meta property=\"og:site_name\" content=\"Stylestore.com Germany\" \/>\n<meta property=\"article:modified_time\" content=\"2026-04-23T06:05:27+00:00\" \/>\n<meta property=\"og:image\" content=\"https:\/\/stylestore.com\/deu\/wp-content\/uploads\/sites\/4\/2024\/12\/WBLBJORK_VEGAN_JACKET_White_Pepper1.jpg\" \/>\n\t<meta property=\"og:image:width\" content=\"1322\" \/>\n\t<meta property=\"og:image:height\" content=\"1983\" \/>\n\t<meta property=\"og:image:type\" content=\"image\/jpeg\" \/>\n<meta name=\"twitter:card\" content=\"summary_large_image\" \/>\n<script type=\"application\/ld+json\" class=\"yoast-schema-graph\">{\"@context\":\"https:\/\/schema.org\",\"@graph\":[{\"@type\":\"WebPage\",\"@id\":\"https:\/\/stylestore.com\/deu\/product\/wblbjork-vegan-jacket-2\/\",\"url\":\"https:\/\/stylestore.com\/deu\/product\/wblbjork-vegan-jacket-2\/\",\"name\":\"WBLBJORK VEGAN JACKET &#187; Stylestore.com Germany\",\"isPartOf\":{\"@id\":\"https:\/\/stylestore.com\/deu\/#website\"},\"primaryImageOfPage\":{\"@id\":\"https:\/\/stylestore.com\/deu\/product\/wblbjork-vegan-jacket-2\/#primaryimage\"},\"image\":{\"@id\":\"https:\/\/stylestore.com\/deu\/product\/wblbjork-vegan-jacket-2\/#primaryimage\"},\"thumbnailUrl\":\"https:\/\/stylestore.com\/deu\/wp-content\/uploads\/sites\/4\/2025\/03\/WBLBJORK_VEGAN_JACKET_White_Pepper1-8.jpg\",\"datePublished\":\"2024-06-28T12:40:47+00:00\",\"dateModified\":\"2026-04-23T06:05:27+00:00\",\"description\":\"Stylische Jacke in weicher, dehnbarer veganer Lederqualit\u00e4t mit gro\u00dfen Brusttaschen und klassischem Kragen. Die regul\u00e4re Passform und die L\u00e4nge unterhalb der Taille verleihen ihr einen modernen und zeitlosen Look. Perfekt f\u00fcr allt\u00e4gliche und urbane Outfits!\",\"breadcrumb\":{\"@id\":\"https:\/\/stylestore.com\/deu\/product\/wblbjork-vegan-jacket-2\/#breadcrumb\"},\"inLanguage\":\"de\",\"potentialAction\":[{\"@type\":\"ReadAction\",\"target\":[\"https:\/\/stylestore.com\/deu\/product\/wblbjork-vegan-jacket-2\/\"]}]},{\"@type\":\"ImageObject\",\"inLanguage\":\"de\",\"@id\":\"https:\/\/stylestore.com\/deu\/product\/wblbjork-vegan-jacket-2\/#primaryimage\",\"url\":\"https:\/\/stylestore.com\/deu\/wp-content\/uploads\/sites\/4\/2025\/03\/WBLBJORK_VEGAN_JACKET_White_Pepper1-8.jpg\",\"contentUrl\":\"https:\/\/stylestore.com\/deu\/wp-content\/uploads\/sites\/4\/2025\/03\/WBLBJORK_VEGAN_JACKET_White_Pepper1-8.jpg\",\"width\":1322,\"height\":1983},{\"@type\":\"BreadcrumbList\",\"@id\":\"https:\/\/stylestore.com\/deu\/product\/wblbjork-vegan-jacket-2\/#breadcrumb\",\"itemListElement\":[{\"@type\":\"ListItem\",\"position\":1,\"name\":\"Search\",\"item\":\"https:\/\/stylestore.com\/deu\/search\/\"},{\"@type\":\"ListItem\",\"position\":2,\"name\":\"WBLBJORK VEGAN JACKET\"}]},{\"@type\":\"WebSite\",\"@id\":\"https:\/\/stylestore.com\/deu\/#website\",\"url\":\"https:\/\/stylestore.com\/deu\/\",\"name\":\"Stylestore.com Germany\",\"description\":\"\",\"potentialAction\":[{\"@type\":\"SearchAction\",\"target\":{\"@type\":\"EntryPoint\",\"urlTemplate\":\"https:\/\/stylestore.com\/deu\/?s={search_term_string}\"},\"query-input\":{\"@type\":\"PropertyValueSpecification\",\"valueRequired\":true,\"valueName\":\"search_term_string\"}}],\"inLanguage\":\"de\"}]}<\/script>\n<!-- \/ Yoast SEO plugin. -->","yoast_head_json":{"title":"WBLBJORK VEGAN JACKET &#187; Stylestore.com Germany","description":"Stylische Jacke in weicher, dehnbarer veganer Lederqualit\u00e4t mit gro\u00dfen Brusttaschen und klassischem Kragen. Die regul\u00e4re Passform und die L\u00e4nge unterhalb der Taille verleihen ihr einen modernen und zeitlosen Look. Perfekt f\u00fcr allt\u00e4gliche und urbane Outfits!","robots":{"index":"index","follow":"follow","max-snippet":"max-snippet:-1","max-image-preview":"max-image-preview:large","max-video-preview":"max-video-preview:-1"},"canonical":"https:\/\/stylestore.com\/deu\/product\/wblbjork-vegan-jacket-2\/","og_locale":"de_DE","og_type":"article","og_title":"WBLBJORK VEGAN JACKET &#187; Stylestore.com Germany","og_description":"Stylische Jacke in weicher, dehnbarer veganer Lederqualit\u00e4t mit gro\u00dfen Brusttaschen und klassischem Kragen. Die regul\u00e4re Passform und die L\u00e4nge unterhalb der Taille verleihen ihr einen modernen und zeitlosen Look. Perfekt f\u00fcr allt\u00e4gliche und urbane Outfits!","og_url":"https:\/\/stylestore.com\/deu\/product\/wblbjork-vegan-jacket-2\/","og_site_name":"Stylestore.com Germany","article_modified_time":"2026-04-23T06:05:27+00:00","og_image":[{"width":1322,"height":1983,"url":"https:\/\/stylestore.com\/deu\/wp-content\/uploads\/sites\/4\/2024\/12\/WBLBJORK_VEGAN_JACKET_White_Pepper1.jpg","type":"image\/jpeg"}],"twitter_card":"summary_large_image","schema":{"@context":"https:\/\/schema.org","@graph":[{"@type":"WebPage","@id":"https:\/\/stylestore.com\/deu\/product\/wblbjork-vegan-jacket-2\/","url":"https:\/\/stylestore.com\/deu\/product\/wblbjork-vegan-jacket-2\/","name":"WBLBJORK VEGAN JACKET &#187; Stylestore.com Germany","isPartOf":{"@id":"https:\/\/stylestore.com\/deu\/#website"},"primaryImageOfPage":{"@id":"https:\/\/stylestore.com\/deu\/product\/wblbjork-vegan-jacket-2\/#primaryimage"},"image":{"@id":"https:\/\/stylestore.com\/deu\/product\/wblbjork-vegan-jacket-2\/#primaryimage"},"thumbnailUrl":"https:\/\/stylestore.com\/deu\/wp-content\/uploads\/sites\/4\/2025\/03\/WBLBJORK_VEGAN_JACKET_White_Pepper1-8.jpg","datePublished":"2024-06-28T12:40:47+00:00","dateModified":"2026-04-23T06:05:27+00:00","description":"Stylische Jacke in weicher, dehnbarer veganer Lederqualit\u00e4t mit gro\u00dfen Brusttaschen und klassischem Kragen. Die regul\u00e4re Passform und die L\u00e4nge unterhalb der Taille verleihen ihr einen modernen und zeitlosen Look. Perfekt f\u00fcr allt\u00e4gliche und urbane Outfits!","breadcrumb":{"@id":"https:\/\/stylestore.com\/deu\/product\/wblbjork-vegan-jacket-2\/#breadcrumb"},"inLanguage":"de","potentialAction":[{"@type":"ReadAction","target":["https:\/\/stylestore.com\/deu\/product\/wblbjork-vegan-jacket-2\/"]}]},{"@type":"ImageObject","inLanguage":"de","@id":"https:\/\/stylestore.com\/deu\/product\/wblbjork-vegan-jacket-2\/#primaryimage","url":"https:\/\/stylestore.com\/deu\/wp-content\/uploads\/sites\/4\/2025\/03\/WBLBJORK_VEGAN_JACKET_White_Pepper1-8.jpg","contentUrl":"https:\/\/stylestore.com\/deu\/wp-content\/uploads\/sites\/4\/2025\/03\/WBLBJORK_VEGAN_JACKET_White_Pepper1-8.jpg","width":1322,"height":1983},{"@type":"BreadcrumbList","@id":"https:\/\/stylestore.com\/deu\/product\/wblbjork-vegan-jacket-2\/#breadcrumb","itemListElement":[{"@type":"ListItem","position":1,"name":"Search","item":"https:\/\/stylestore.com\/deu\/search\/"},{"@type":"ListItem","position":2,"name":"WBLBJORK VEGAN JACKET"}]},{"@type":"WebSite","@id":"https:\/\/stylestore.com\/deu\/#website","url":"https:\/\/stylestore.com\/deu\/","name":"Stylestore.com Germany","description":"","potentialAction":[{"@type":"SearchAction","target":{"@type":"EntryPoint","urlTemplate":"https:\/\/stylestore.com\/deu\/?s={search_term_string}"},"query-input":{"@type":"PropertyValueSpecification","valueRequired":true,"valueName":"search_term_string"}}],"inLanguage":"de"}]}},"_links":{"self":[{"href":"https:\/\/stylestore.com\/deu\/wp-json\/wp\/v2\/product\/550225","targetHints":{"allow":["GET"]}}],"collection":[{"href":"https:\/\/stylestore.com\/deu\/wp-json\/wp\/v2\/product"}],"about":[{"href":"https:\/\/stylestore.com\/deu\/wp-json\/wp\/v2\/types\/product"}],"wp:featuredmedia":[{"embeddable":true,"href":"https:\/\/stylestore.com\/deu\/wp-json\/wp\/v2\/media\/576561"}],"wp:attachment":[{"href":"https:\/\/stylestore.com\/deu\/wp-json\/wp\/v2\/media?parent=550225"}],"wp:term":[{"taxonomy":"product_brand","embeddable":true,"href":"https:\/\/stylestore.com\/deu\/wp-json\/wp\/v2\/product_brand?post=550225"},{"taxonomy":"product_cat","embeddable":true,"href":"https:\/\/stylestore.com\/deu\/wp-json\/wp\/v2\/product_cat?post=550225"},{"taxonomy":"product_tag","embeddable":true,"href":"https:\/\/stylestore.com\/deu\/wp-json\/wp\/v2\/product_tag?post=550225"}],"curies":[{"name":"wp","href":"https:\/\/api.w.org\/{rel}","templated":true}]}}