{"id":550180,"date":"2024-06-28T12:22:02","date_gmt":"2024-06-28T10:22:02","guid":{"rendered":"https:\/\/stylestore.com\/deu\/product\/wblviolet-tailored-wide-pant\/"},"modified":"2026-04-23T08:05:28","modified_gmt":"2026-04-23T06:05:28","slug":"wblviolet-tailored-wide-pant","status":"publish","type":"product","link":"https:\/\/stylestore.com\/deu\/product\/wblviolet-tailored-wide-pant\/","title":{"rendered":"WBLVIOLET TAILORED WIDE PANT"},"content":{"rendered":"<p>Hose aus Stoff mit feinem Nadelstreifen<br \/>\nNormale Passform<br \/>\nDurchgehend<br \/>\nWeite Hosenbeine<br \/>\nGeschlossen mit Knopf und Rei\u00dfverschluss<br \/>\nBund und G\u00fcrtelschlaufen<br \/>\nFalten vorne<br \/>\nSeitentaschen<br \/>\nPaspeltaschen hinten<br \/>\nElastischer Bund hinten<\/p>\n","protected":false},"excerpt":{"rendered":"","protected":false},"featured_media":576434,"template":"","meta":{"_acf_changed":false},"product_brand":[],"product_cat":[128,19],"product_tag":[1871],"class_list":{"0":"post-550180","1":"product","2":"type-product","3":"status-publish","4":"has-post-thumbnail","6":"product_cat-hosen","7":"product_cat-tailoring","8":"product_tag-b2b","9":"pa_brand-withblack","10":"pa_collection-effortless","11":"pa_color-silver-lining-pinstripe","14":"instock","15":"taxable","16":"shipping-taxable","17":"purchasable","18":"product-type-variable"},"acf":[],"yoast_head":"<!-- This site is optimized with the Yoast SEO plugin v23.8 - https:\/\/yoast.com\/wordpress\/plugins\/seo\/ -->\n<title>WBLVIOLET TAILORED WIDE PANT &#187; Stylestore.com Germany<\/title>\n<meta name=\"description\" content=\"Stylische Hose mit feinen Nadelstreifen, weitem Bein und voller L\u00e4nge. Bundfalten, Seitentaschen und ein elastischer Bund hinten sorgen f\u00fcr Komfort und einen eleganten Look. Perfekt f\u00fcr die Arbeit und den Alltagsstil!\" \/>\n<meta name=\"robots\" content=\"index, follow, max-snippet:-1, max-image-preview:large, max-video-preview:-1\" \/>\n<link rel=\"canonical\" href=\"https:\/\/stylestore.com\/deu\/product\/wblviolet-tailored-wide-pant\/\" \/>\n<meta property=\"og:locale\" content=\"de_DE\" \/>\n<meta property=\"og:type\" content=\"article\" \/>\n<meta property=\"og:title\" content=\"WBLVIOLET TAILORED WIDE PANT &#187; Stylestore.com Germany\" \/>\n<meta property=\"og:description\" content=\"Stylische Hose mit feinen Nadelstreifen, weitem Bein und voller L\u00e4nge. Bundfalten, Seitentaschen und ein elastischer Bund hinten sorgen f\u00fcr Komfort und einen eleganten Look. Perfekt f\u00fcr die Arbeit und den Alltagsstil!\" \/>\n<meta property=\"og:url\" content=\"https:\/\/stylestore.com\/deu\/product\/wblviolet-tailored-wide-pant\/\" \/>\n<meta property=\"og:site_name\" content=\"Stylestore.com Germany\" \/>\n<meta property=\"article:modified_time\" content=\"2026-04-23T06:05:28+00:00\" \/>\n<meta property=\"og:image\" content=\"https:\/\/stylestore.com\/deu\/wp-content\/uploads\/sites\/4\/2024\/07\/Wblviolet_Tailored_Wide_Pant_Silver_Lining_Pinstripe.jpg\" \/>\n\t<meta property=\"og:image:width\" content=\"1500\" \/>\n\t<meta property=\"og:image:height\" content=\"2250\" \/>\n\t<meta property=\"og:image:type\" content=\"image\/jpeg\" \/>\n<meta name=\"twitter:card\" content=\"summary_large_image\" \/>\n<script type=\"application\/ld+json\" class=\"yoast-schema-graph\">{\"@context\":\"https:\/\/schema.org\",\"@graph\":[{\"@type\":\"WebPage\",\"@id\":\"https:\/\/stylestore.com\/deu\/product\/wblviolet-tailored-wide-pant\/\",\"url\":\"https:\/\/stylestore.com\/deu\/product\/wblviolet-tailored-wide-pant\/\",\"name\":\"WBLVIOLET TAILORED WIDE PANT &#187; Stylestore.com Germany\",\"isPartOf\":{\"@id\":\"https:\/\/stylestore.com\/deu\/#website\"},\"primaryImageOfPage\":{\"@id\":\"https:\/\/stylestore.com\/deu\/product\/wblviolet-tailored-wide-pant\/#primaryimage\"},\"image\":{\"@id\":\"https:\/\/stylestore.com\/deu\/product\/wblviolet-tailored-wide-pant\/#primaryimage\"},\"thumbnailUrl\":\"https:\/\/stylestore.com\/deu\/wp-content\/uploads\/sites\/4\/2025\/03\/Wblviolet_Tailored_Blazer_Wide_Pant_Silver_Lining2-3.jpg\",\"datePublished\":\"2024-06-28T10:22:02+00:00\",\"dateModified\":\"2026-04-23T06:05:28+00:00\",\"description\":\"Stylische Hose mit feinen Nadelstreifen, weitem Bein und voller L\u00e4nge. Bundfalten, Seitentaschen und ein elastischer Bund hinten sorgen f\u00fcr Komfort und einen eleganten Look. Perfekt f\u00fcr die Arbeit und den Alltagsstil!\",\"breadcrumb\":{\"@id\":\"https:\/\/stylestore.com\/deu\/product\/wblviolet-tailored-wide-pant\/#breadcrumb\"},\"inLanguage\":\"de\",\"potentialAction\":[{\"@type\":\"ReadAction\",\"target\":[\"https:\/\/stylestore.com\/deu\/product\/wblviolet-tailored-wide-pant\/\"]}]},{\"@type\":\"ImageObject\",\"inLanguage\":\"de\",\"@id\":\"https:\/\/stylestore.com\/deu\/product\/wblviolet-tailored-wide-pant\/#primaryimage\",\"url\":\"https:\/\/stylestore.com\/deu\/wp-content\/uploads\/sites\/4\/2025\/03\/Wblviolet_Tailored_Blazer_Wide_Pant_Silver_Lining2-3.jpg\",\"contentUrl\":\"https:\/\/stylestore.com\/deu\/wp-content\/uploads\/sites\/4\/2025\/03\/Wblviolet_Tailored_Blazer_Wide_Pant_Silver_Lining2-3.jpg\",\"width\":1377,\"height\":2066},{\"@type\":\"BreadcrumbList\",\"@id\":\"https:\/\/stylestore.com\/deu\/product\/wblviolet-tailored-wide-pant\/#breadcrumb\",\"itemListElement\":[{\"@type\":\"ListItem\",\"position\":1,\"name\":\"Search\",\"item\":\"https:\/\/stylestore.com\/deu\/search\/\"},{\"@type\":\"ListItem\",\"position\":2,\"name\":\"WBLVIOLET TAILORED WIDE PANT\"}]},{\"@type\":\"WebSite\",\"@id\":\"https:\/\/stylestore.com\/deu\/#website\",\"url\":\"https:\/\/stylestore.com\/deu\/\",\"name\":\"Stylestore.com Germany\",\"description\":\"\",\"potentialAction\":[{\"@type\":\"SearchAction\",\"target\":{\"@type\":\"EntryPoint\",\"urlTemplate\":\"https:\/\/stylestore.com\/deu\/?s={search_term_string}\"},\"query-input\":{\"@type\":\"PropertyValueSpecification\",\"valueRequired\":true,\"valueName\":\"search_term_string\"}}],\"inLanguage\":\"de\"}]}<\/script>\n<!-- \/ Yoast SEO plugin. -->","yoast_head_json":{"title":"WBLVIOLET TAILORED WIDE PANT &#187; Stylestore.com Germany","description":"Stylische Hose mit feinen Nadelstreifen, weitem Bein und voller L\u00e4nge. Bundfalten, Seitentaschen und ein elastischer Bund hinten sorgen f\u00fcr Komfort und einen eleganten Look. Perfekt f\u00fcr die Arbeit und den Alltagsstil!","robots":{"index":"index","follow":"follow","max-snippet":"max-snippet:-1","max-image-preview":"max-image-preview:large","max-video-preview":"max-video-preview:-1"},"canonical":"https:\/\/stylestore.com\/deu\/product\/wblviolet-tailored-wide-pant\/","og_locale":"de_DE","og_type":"article","og_title":"WBLVIOLET TAILORED WIDE PANT &#187; Stylestore.com Germany","og_description":"Stylische Hose mit feinen Nadelstreifen, weitem Bein und voller L\u00e4nge. Bundfalten, Seitentaschen und ein elastischer Bund hinten sorgen f\u00fcr Komfort und einen eleganten Look. Perfekt f\u00fcr die Arbeit und den Alltagsstil!","og_url":"https:\/\/stylestore.com\/deu\/product\/wblviolet-tailored-wide-pant\/","og_site_name":"Stylestore.com Germany","article_modified_time":"2026-04-23T06:05:28+00:00","og_image":[{"width":1500,"height":2250,"url":"https:\/\/stylestore.com\/deu\/wp-content\/uploads\/sites\/4\/2024\/07\/Wblviolet_Tailored_Wide_Pant_Silver_Lining_Pinstripe.jpg","type":"image\/jpeg"}],"twitter_card":"summary_large_image","schema":{"@context":"https:\/\/schema.org","@graph":[{"@type":"WebPage","@id":"https:\/\/stylestore.com\/deu\/product\/wblviolet-tailored-wide-pant\/","url":"https:\/\/stylestore.com\/deu\/product\/wblviolet-tailored-wide-pant\/","name":"WBLVIOLET TAILORED WIDE PANT &#187; Stylestore.com Germany","isPartOf":{"@id":"https:\/\/stylestore.com\/deu\/#website"},"primaryImageOfPage":{"@id":"https:\/\/stylestore.com\/deu\/product\/wblviolet-tailored-wide-pant\/#primaryimage"},"image":{"@id":"https:\/\/stylestore.com\/deu\/product\/wblviolet-tailored-wide-pant\/#primaryimage"},"thumbnailUrl":"https:\/\/stylestore.com\/deu\/wp-content\/uploads\/sites\/4\/2025\/03\/Wblviolet_Tailored_Blazer_Wide_Pant_Silver_Lining2-3.jpg","datePublished":"2024-06-28T10:22:02+00:00","dateModified":"2026-04-23T06:05:28+00:00","description":"Stylische Hose mit feinen Nadelstreifen, weitem Bein und voller L\u00e4nge. Bundfalten, Seitentaschen und ein elastischer Bund hinten sorgen f\u00fcr Komfort und einen eleganten Look. Perfekt f\u00fcr die Arbeit und den Alltagsstil!","breadcrumb":{"@id":"https:\/\/stylestore.com\/deu\/product\/wblviolet-tailored-wide-pant\/#breadcrumb"},"inLanguage":"de","potentialAction":[{"@type":"ReadAction","target":["https:\/\/stylestore.com\/deu\/product\/wblviolet-tailored-wide-pant\/"]}]},{"@type":"ImageObject","inLanguage":"de","@id":"https:\/\/stylestore.com\/deu\/product\/wblviolet-tailored-wide-pant\/#primaryimage","url":"https:\/\/stylestore.com\/deu\/wp-content\/uploads\/sites\/4\/2025\/03\/Wblviolet_Tailored_Blazer_Wide_Pant_Silver_Lining2-3.jpg","contentUrl":"https:\/\/stylestore.com\/deu\/wp-content\/uploads\/sites\/4\/2025\/03\/Wblviolet_Tailored_Blazer_Wide_Pant_Silver_Lining2-3.jpg","width":1377,"height":2066},{"@type":"BreadcrumbList","@id":"https:\/\/stylestore.com\/deu\/product\/wblviolet-tailored-wide-pant\/#breadcrumb","itemListElement":[{"@type":"ListItem","position":1,"name":"Search","item":"https:\/\/stylestore.com\/deu\/search\/"},{"@type":"ListItem","position":2,"name":"WBLVIOLET TAILORED WIDE PANT"}]},{"@type":"WebSite","@id":"https:\/\/stylestore.com\/deu\/#website","url":"https:\/\/stylestore.com\/deu\/","name":"Stylestore.com Germany","description":"","potentialAction":[{"@type":"SearchAction","target":{"@type":"EntryPoint","urlTemplate":"https:\/\/stylestore.com\/deu\/?s={search_term_string}"},"query-input":{"@type":"PropertyValueSpecification","valueRequired":true,"valueName":"search_term_string"}}],"inLanguage":"de"}]}},"_links":{"self":[{"href":"https:\/\/stylestore.com\/deu\/wp-json\/wp\/v2\/product\/550180","targetHints":{"allow":["GET"]}}],"collection":[{"href":"https:\/\/stylestore.com\/deu\/wp-json\/wp\/v2\/product"}],"about":[{"href":"https:\/\/stylestore.com\/deu\/wp-json\/wp\/v2\/types\/product"}],"wp:featuredmedia":[{"embeddable":true,"href":"https:\/\/stylestore.com\/deu\/wp-json\/wp\/v2\/media\/576434"}],"wp:attachment":[{"href":"https:\/\/stylestore.com\/deu\/wp-json\/wp\/v2\/media?parent=550180"}],"wp:term":[{"taxonomy":"product_brand","embeddable":true,"href":"https:\/\/stylestore.com\/deu\/wp-json\/wp\/v2\/product_brand?post=550180"},{"taxonomy":"product_cat","embeddable":true,"href":"https:\/\/stylestore.com\/deu\/wp-json\/wp\/v2\/product_cat?post=550180"},{"taxonomy":"product_tag","embeddable":true,"href":"https:\/\/stylestore.com\/deu\/wp-json\/wp\/v2\/product_tag?post=550180"}],"curies":[{"name":"wp","href":"https:\/\/api.w.org\/{rel}","templated":true}]}}