{"id":550126,"date":"2024-06-28T11:08:32","date_gmt":"2024-06-28T09:08:32","guid":{"rendered":"https:\/\/stylestore.com\/deu\/product\/wblvanilla-tailored-pant\/"},"modified":"2026-04-23T08:05:28","modified_gmt":"2026-04-23T06:05:28","slug":"wblvanilla-tailored-pant","status":"publish","type":"product","link":"https:\/\/stylestore.com\/deu\/product\/wblvanilla-tailored-pant\/","title":{"rendered":"WBLVANILLA TAILORED PANT"},"content":{"rendered":"<p>Hose in Stretch-Qualit\u00e4t<br \/>\nNormale Passform<br \/>\nDurchgehend<br \/>\nBundfalten vorne<br \/>\nBund und G\u00fcrtelschlaufen<br \/>\nMit Haken und Rei\u00dfverschluss zu schlie\u00dfen<br \/>\nSeitentaschen<br \/>\nTaschen mit Taschenklappen hinten<\/p>\n","protected":false},"excerpt":{"rendered":"","protected":false},"featured_media":576512,"template":"","meta":{"_acf_changed":false},"product_brand":[],"product_cat":[128,21],"product_tag":[1871],"class_list":{"0":"post-550126","1":"product","2":"type-product","3":"status-publish","4":"has-post-thumbnail","6":"product_cat-hosen","7":"product_cat-unterteile","8":"product_tag-b2b","9":"pa_brand-withblack","10":"pa_collection-effortless","11":"pa_color-desert-taupe-melange","14":"instock","15":"taxable","16":"shipping-taxable","17":"purchasable","18":"product-type-variable"},"acf":[],"yoast_head":"<!-- This site is optimized with the Yoast SEO plugin v23.8 - https:\/\/yoast.com\/wordpress\/plugins\/seo\/ -->\n<title>WBLVANILLA TAILORED PANT &#187; Stylestore.com Germany<\/title>\n<meta name=\"description\" content=\"Elegante Hose in Stretch-Qualit\u00e4t mit normaler Passform und voller L\u00e4nge f\u00fcr einen zeitlosen Look. Plisseefalten, Seitentaschen und Ges\u00e4\u00dftaschen mit Klappen sorgen f\u00fcr stilvolle Details. Perfekt f\u00fcr den Alltag und Partys!\" \/>\n<meta name=\"robots\" content=\"index, follow, max-snippet:-1, max-image-preview:large, max-video-preview:-1\" \/>\n<link rel=\"canonical\" href=\"https:\/\/stylestore.com\/deu\/product\/wblvanilla-tailored-pant\/\" \/>\n<meta property=\"og:locale\" content=\"de_DE\" \/>\n<meta property=\"og:type\" content=\"article\" \/>\n<meta property=\"og:title\" content=\"WBLVANILLA TAILORED PANT &#187; Stylestore.com Germany\" \/>\n<meta property=\"og:description\" content=\"Elegante Hose in Stretch-Qualit\u00e4t mit normaler Passform und voller L\u00e4nge f\u00fcr einen zeitlosen Look. Plisseefalten, Seitentaschen und Ges\u00e4\u00dftaschen mit Klappen sorgen f\u00fcr stilvolle Details. Perfekt f\u00fcr den Alltag und Partys!\" \/>\n<meta property=\"og:url\" content=\"https:\/\/stylestore.com\/deu\/product\/wblvanilla-tailored-pant\/\" \/>\n<meta property=\"og:site_name\" content=\"Stylestore.com Germany\" \/>\n<meta property=\"article:modified_time\" content=\"2026-04-23T06:05:28+00:00\" \/>\n<meta property=\"og:image\" content=\"https:\/\/stylestore.com\/deu\/wp-content\/uploads\/sites\/4\/2024\/12\/Wblvanilla_Tailored_Pant_Desert_Taupe_Melange1.jpg\" \/>\n\t<meta property=\"og:image:width\" content=\"1351\" \/>\n\t<meta property=\"og:image:height\" content=\"2026\" \/>\n\t<meta property=\"og:image:type\" content=\"image\/jpeg\" \/>\n<meta name=\"twitter:card\" content=\"summary_large_image\" \/>\n<script type=\"application\/ld+json\" class=\"yoast-schema-graph\">{\"@context\":\"https:\/\/schema.org\",\"@graph\":[{\"@type\":\"WebPage\",\"@id\":\"https:\/\/stylestore.com\/deu\/product\/wblvanilla-tailored-pant\/\",\"url\":\"https:\/\/stylestore.com\/deu\/product\/wblvanilla-tailored-pant\/\",\"name\":\"WBLVANILLA TAILORED PANT &#187; Stylestore.com Germany\",\"isPartOf\":{\"@id\":\"https:\/\/stylestore.com\/deu\/#website\"},\"primaryImageOfPage\":{\"@id\":\"https:\/\/stylestore.com\/deu\/product\/wblvanilla-tailored-pant\/#primaryimage\"},\"image\":{\"@id\":\"https:\/\/stylestore.com\/deu\/product\/wblvanilla-tailored-pant\/#primaryimage\"},\"thumbnailUrl\":\"https:\/\/stylestore.com\/deu\/wp-content\/uploads\/sites\/4\/2025\/03\/Wblvanilla_Tailored_Pant_Desert_Taupe_Melange4-2.jpg\",\"datePublished\":\"2024-06-28T09:08:32+00:00\",\"dateModified\":\"2026-04-23T06:05:28+00:00\",\"description\":\"Elegante Hose in Stretch-Qualit\u00e4t mit normaler Passform und voller L\u00e4nge f\u00fcr einen zeitlosen Look. Plisseefalten, Seitentaschen und Ges\u00e4\u00dftaschen mit Klappen sorgen f\u00fcr stilvolle Details. Perfekt f\u00fcr den Alltag und Partys!\",\"breadcrumb\":{\"@id\":\"https:\/\/stylestore.com\/deu\/product\/wblvanilla-tailored-pant\/#breadcrumb\"},\"inLanguage\":\"de\",\"potentialAction\":[{\"@type\":\"ReadAction\",\"target\":[\"https:\/\/stylestore.com\/deu\/product\/wblvanilla-tailored-pant\/\"]}]},{\"@type\":\"ImageObject\",\"inLanguage\":\"de\",\"@id\":\"https:\/\/stylestore.com\/deu\/product\/wblvanilla-tailored-pant\/#primaryimage\",\"url\":\"https:\/\/stylestore.com\/deu\/wp-content\/uploads\/sites\/4\/2025\/03\/Wblvanilla_Tailored_Pant_Desert_Taupe_Melange4-2.jpg\",\"contentUrl\":\"https:\/\/stylestore.com\/deu\/wp-content\/uploads\/sites\/4\/2025\/03\/Wblvanilla_Tailored_Pant_Desert_Taupe_Melange4-2.jpg\",\"width\":1547,\"height\":2319},{\"@type\":\"BreadcrumbList\",\"@id\":\"https:\/\/stylestore.com\/deu\/product\/wblvanilla-tailored-pant\/#breadcrumb\",\"itemListElement\":[{\"@type\":\"ListItem\",\"position\":1,\"name\":\"Search\",\"item\":\"https:\/\/stylestore.com\/deu\/search\/\"},{\"@type\":\"ListItem\",\"position\":2,\"name\":\"WBLVANILLA TAILORED PANT\"}]},{\"@type\":\"WebSite\",\"@id\":\"https:\/\/stylestore.com\/deu\/#website\",\"url\":\"https:\/\/stylestore.com\/deu\/\",\"name\":\"Stylestore.com Germany\",\"description\":\"\",\"potentialAction\":[{\"@type\":\"SearchAction\",\"target\":{\"@type\":\"EntryPoint\",\"urlTemplate\":\"https:\/\/stylestore.com\/deu\/?s={search_term_string}\"},\"query-input\":{\"@type\":\"PropertyValueSpecification\",\"valueRequired\":true,\"valueName\":\"search_term_string\"}}],\"inLanguage\":\"de\"}]}<\/script>\n<!-- \/ Yoast SEO plugin. -->","yoast_head_json":{"title":"WBLVANILLA TAILORED PANT &#187; Stylestore.com Germany","description":"Elegante Hose in Stretch-Qualit\u00e4t mit normaler Passform und voller L\u00e4nge f\u00fcr einen zeitlosen Look. Plisseefalten, Seitentaschen und Ges\u00e4\u00dftaschen mit Klappen sorgen f\u00fcr stilvolle Details. Perfekt f\u00fcr den Alltag und Partys!","robots":{"index":"index","follow":"follow","max-snippet":"max-snippet:-1","max-image-preview":"max-image-preview:large","max-video-preview":"max-video-preview:-1"},"canonical":"https:\/\/stylestore.com\/deu\/product\/wblvanilla-tailored-pant\/","og_locale":"de_DE","og_type":"article","og_title":"WBLVANILLA TAILORED PANT &#187; Stylestore.com Germany","og_description":"Elegante Hose in Stretch-Qualit\u00e4t mit normaler Passform und voller L\u00e4nge f\u00fcr einen zeitlosen Look. Plisseefalten, Seitentaschen und Ges\u00e4\u00dftaschen mit Klappen sorgen f\u00fcr stilvolle Details. Perfekt f\u00fcr den Alltag und Partys!","og_url":"https:\/\/stylestore.com\/deu\/product\/wblvanilla-tailored-pant\/","og_site_name":"Stylestore.com Germany","article_modified_time":"2026-04-23T06:05:28+00:00","og_image":[{"width":1351,"height":2026,"url":"https:\/\/stylestore.com\/deu\/wp-content\/uploads\/sites\/4\/2024\/12\/Wblvanilla_Tailored_Pant_Desert_Taupe_Melange1.jpg","type":"image\/jpeg"}],"twitter_card":"summary_large_image","schema":{"@context":"https:\/\/schema.org","@graph":[{"@type":"WebPage","@id":"https:\/\/stylestore.com\/deu\/product\/wblvanilla-tailored-pant\/","url":"https:\/\/stylestore.com\/deu\/product\/wblvanilla-tailored-pant\/","name":"WBLVANILLA TAILORED PANT &#187; Stylestore.com Germany","isPartOf":{"@id":"https:\/\/stylestore.com\/deu\/#website"},"primaryImageOfPage":{"@id":"https:\/\/stylestore.com\/deu\/product\/wblvanilla-tailored-pant\/#primaryimage"},"image":{"@id":"https:\/\/stylestore.com\/deu\/product\/wblvanilla-tailored-pant\/#primaryimage"},"thumbnailUrl":"https:\/\/stylestore.com\/deu\/wp-content\/uploads\/sites\/4\/2025\/03\/Wblvanilla_Tailored_Pant_Desert_Taupe_Melange4-2.jpg","datePublished":"2024-06-28T09:08:32+00:00","dateModified":"2026-04-23T06:05:28+00:00","description":"Elegante Hose in Stretch-Qualit\u00e4t mit normaler Passform und voller L\u00e4nge f\u00fcr einen zeitlosen Look. Plisseefalten, Seitentaschen und Ges\u00e4\u00dftaschen mit Klappen sorgen f\u00fcr stilvolle Details. Perfekt f\u00fcr den Alltag und Partys!","breadcrumb":{"@id":"https:\/\/stylestore.com\/deu\/product\/wblvanilla-tailored-pant\/#breadcrumb"},"inLanguage":"de","potentialAction":[{"@type":"ReadAction","target":["https:\/\/stylestore.com\/deu\/product\/wblvanilla-tailored-pant\/"]}]},{"@type":"ImageObject","inLanguage":"de","@id":"https:\/\/stylestore.com\/deu\/product\/wblvanilla-tailored-pant\/#primaryimage","url":"https:\/\/stylestore.com\/deu\/wp-content\/uploads\/sites\/4\/2025\/03\/Wblvanilla_Tailored_Pant_Desert_Taupe_Melange4-2.jpg","contentUrl":"https:\/\/stylestore.com\/deu\/wp-content\/uploads\/sites\/4\/2025\/03\/Wblvanilla_Tailored_Pant_Desert_Taupe_Melange4-2.jpg","width":1547,"height":2319},{"@type":"BreadcrumbList","@id":"https:\/\/stylestore.com\/deu\/product\/wblvanilla-tailored-pant\/#breadcrumb","itemListElement":[{"@type":"ListItem","position":1,"name":"Search","item":"https:\/\/stylestore.com\/deu\/search\/"},{"@type":"ListItem","position":2,"name":"WBLVANILLA TAILORED PANT"}]},{"@type":"WebSite","@id":"https:\/\/stylestore.com\/deu\/#website","url":"https:\/\/stylestore.com\/deu\/","name":"Stylestore.com Germany","description":"","potentialAction":[{"@type":"SearchAction","target":{"@type":"EntryPoint","urlTemplate":"https:\/\/stylestore.com\/deu\/?s={search_term_string}"},"query-input":{"@type":"PropertyValueSpecification","valueRequired":true,"valueName":"search_term_string"}}],"inLanguage":"de"}]}},"_links":{"self":[{"href":"https:\/\/stylestore.com\/deu\/wp-json\/wp\/v2\/product\/550126","targetHints":{"allow":["GET"]}}],"collection":[{"href":"https:\/\/stylestore.com\/deu\/wp-json\/wp\/v2\/product"}],"about":[{"href":"https:\/\/stylestore.com\/deu\/wp-json\/wp\/v2\/types\/product"}],"wp:featuredmedia":[{"embeddable":true,"href":"https:\/\/stylestore.com\/deu\/wp-json\/wp\/v2\/media\/576512"}],"wp:attachment":[{"href":"https:\/\/stylestore.com\/deu\/wp-json\/wp\/v2\/media?parent=550126"}],"wp:term":[{"taxonomy":"product_brand","embeddable":true,"href":"https:\/\/stylestore.com\/deu\/wp-json\/wp\/v2\/product_brand?post=550126"},{"taxonomy":"product_cat","embeddable":true,"href":"https:\/\/stylestore.com\/deu\/wp-json\/wp\/v2\/product_cat?post=550126"},{"taxonomy":"product_tag","embeddable":true,"href":"https:\/\/stylestore.com\/deu\/wp-json\/wp\/v2\/product_tag?post=550126"}],"curies":[{"name":"wp","href":"https:\/\/api.w.org\/{rel}","templated":true}]}}