{"id":550053,"date":"2024-06-28T10:45:26","date_gmt":"2024-06-28T08:45:26","guid":{"rendered":"https:\/\/stylestore.com\/deu\/product\/wblsteffi-denim-skirt-3\/"},"modified":"2026-04-23T08:05:28","modified_gmt":"2026-04-23T06:05:28","slug":"wblsteffi-denim-skirt-3","status":"publish","type":"product","link":"https:\/\/stylestore.com\/deu\/product\/wblsteffi-denim-skirt-3\/","title":{"rendered":"WBLSTEFFI DENIM SKIRT"},"content":{"rendered":"<p>Jeansrock mit klassischen Jeansdetails<br \/>\nKein Stretchanteil<br \/>\nMittlere Taillenh\u00f6he<br \/>\nNormale Passform<br \/>\nGerade Form<br \/>\nSchlitz vorne<br \/>\nAbgerundete Vordertaschen und M\u00fcnztasche<br \/>\nPasse hinten<br \/>\nAufgesetzte Ges\u00e4\u00dftaschen<br \/>\nMidil\u00e4nge<br \/>\nBund und G\u00fcrtelschlaufen<br \/>\nMit Knopf und Rei\u00dfverschluss zu schlie\u00dfen<\/p>\n","protected":false},"excerpt":{"rendered":"","protected":false},"featured_media":620366,"template":"","meta":{"_acf_changed":false},"product_brand":[],"product_cat":[110,21],"product_tag":[1871,1520],"class_list":{"0":"post-550053","1":"product","2":"type-product","3":"status-publish","4":"has-post-thumbnail","6":"product_cat-roecke-must-haves","7":"product_cat-unterteile","8":"product_tag-b2b","9":"product_tag-new","10":"pa_brand-withblack","11":"pa_collection-cosmopoli","12":"pa_color-silver-lining","15":"instock","16":"taxable","17":"shipping-taxable","18":"purchasable","19":"product-type-variable"},"acf":[],"yoast_head":"<!-- This site is optimized with the Yoast SEO plugin v23.8 - https:\/\/yoast.com\/wordpress\/plugins\/seo\/ -->\n<title>WBLSTEFFI DENIM SKIRT &#187; Stylestore.com Germany<\/title>\n<meta name=\"description\" content=\"Klassischer Jeansrock in Midil\u00e4nge ohne Stretch, mit mittlerer Taillenh\u00f6he und gerader Passform. Frontschlitz, abgerundete Vordertaschen, M\u00fcnztasche und aufgesetzte Ges\u00e4\u00dftaschen sorgen f\u00fcr den typischen Denim-Look. Bund mit G\u00fcrtelschlaufen, Knopf- und Rei\u00dfverschluss runden das Design ab.\" \/>\n<meta name=\"robots\" content=\"index, follow, max-snippet:-1, max-image-preview:large, max-video-preview:-1\" \/>\n<link rel=\"canonical\" href=\"https:\/\/stylestore.com\/deu\/product\/wblsteffi-denim-skirt-3\/\" \/>\n<meta property=\"og:locale\" content=\"de_DE\" \/>\n<meta property=\"og:type\" content=\"article\" \/>\n<meta property=\"og:title\" content=\"WBLSTEFFI DENIM SKIRT &#187; Stylestore.com Germany\" \/>\n<meta property=\"og:description\" content=\"Klassischer Jeansrock in Midil\u00e4nge ohne Stretch, mit mittlerer Taillenh\u00f6he und gerader Passform. Frontschlitz, abgerundete Vordertaschen, M\u00fcnztasche und aufgesetzte Ges\u00e4\u00dftaschen sorgen f\u00fcr den typischen Denim-Look. Bund mit G\u00fcrtelschlaufen, Knopf- und Rei\u00dfverschluss runden das Design ab.\" \/>\n<meta property=\"og:url\" content=\"https:\/\/stylestore.com\/deu\/product\/wblsteffi-denim-skirt-3\/\" \/>\n<meta property=\"og:site_name\" content=\"Stylestore.com Germany\" \/>\n<meta property=\"article:modified_time\" content=\"2026-04-23T06:05:28+00:00\" \/>\n<meta property=\"og:image\" content=\"https:\/\/stylestore.com\/deu\/wp-content\/uploads\/sites\/4\/2024\/12\/Wblsteffi_Denim_Shirt_Jacket_Skirt_Silver_Lining1-2.jpg\" \/>\n\t<meta property=\"og:image:width\" content=\"1571\" \/>\n\t<meta property=\"og:image:height\" content=\"2362\" \/>\n\t<meta property=\"og:image:type\" content=\"image\/jpeg\" \/>\n<meta name=\"twitter:card\" content=\"summary_large_image\" \/>\n<script type=\"application\/ld+json\" class=\"yoast-schema-graph\">{\"@context\":\"https:\/\/schema.org\",\"@graph\":[{\"@type\":\"WebPage\",\"@id\":\"https:\/\/stylestore.com\/deu\/product\/wblsteffi-denim-skirt-3\/\",\"url\":\"https:\/\/stylestore.com\/deu\/product\/wblsteffi-denim-skirt-3\/\",\"name\":\"WBLSTEFFI DENIM SKIRT &#187; Stylestore.com Germany\",\"isPartOf\":{\"@id\":\"https:\/\/stylestore.com\/deu\/#website\"},\"primaryImageOfPage\":{\"@id\":\"https:\/\/stylestore.com\/deu\/product\/wblsteffi-denim-skirt-3\/#primaryimage\"},\"image\":{\"@id\":\"https:\/\/stylestore.com\/deu\/product\/wblsteffi-denim-skirt-3\/#primaryimage\"},\"thumbnailUrl\":\"https:\/\/stylestore.com\/deu\/wp-content\/uploads\/sites\/4\/2026\/03\/Wblsteffi_Denim_Shirt_Jacket_Skirt_Silver_Lining1-1.jpg\",\"datePublished\":\"2024-06-28T08:45:26+00:00\",\"dateModified\":\"2026-04-23T06:05:28+00:00\",\"description\":\"Klassischer Jeansrock in Midil\u00e4nge ohne Stretch, mit mittlerer Taillenh\u00f6he und gerader Passform. Frontschlitz, abgerundete Vordertaschen, M\u00fcnztasche und aufgesetzte Ges\u00e4\u00dftaschen sorgen f\u00fcr den typischen Denim-Look. Bund mit G\u00fcrtelschlaufen, Knopf- und Rei\u00dfverschluss runden das Design ab.\",\"breadcrumb\":{\"@id\":\"https:\/\/stylestore.com\/deu\/product\/wblsteffi-denim-skirt-3\/#breadcrumb\"},\"inLanguage\":\"de\",\"potentialAction\":[{\"@type\":\"ReadAction\",\"target\":[\"https:\/\/stylestore.com\/deu\/product\/wblsteffi-denim-skirt-3\/\"]}]},{\"@type\":\"ImageObject\",\"inLanguage\":\"de\",\"@id\":\"https:\/\/stylestore.com\/deu\/product\/wblsteffi-denim-skirt-3\/#primaryimage\",\"url\":\"https:\/\/stylestore.com\/deu\/wp-content\/uploads\/sites\/4\/2026\/03\/Wblsteffi_Denim_Shirt_Jacket_Skirt_Silver_Lining1-1.jpg\",\"contentUrl\":\"https:\/\/stylestore.com\/deu\/wp-content\/uploads\/sites\/4\/2026\/03\/Wblsteffi_Denim_Shirt_Jacket_Skirt_Silver_Lining1-1.jpg\",\"width\":1571,\"height\":2362},{\"@type\":\"BreadcrumbList\",\"@id\":\"https:\/\/stylestore.com\/deu\/product\/wblsteffi-denim-skirt-3\/#breadcrumb\",\"itemListElement\":[{\"@type\":\"ListItem\",\"position\":1,\"name\":\"Search\",\"item\":\"https:\/\/stylestore.com\/deu\/search\/\"},{\"@type\":\"ListItem\",\"position\":2,\"name\":\"WBLSTEFFI DENIM SKIRT\"}]},{\"@type\":\"WebSite\",\"@id\":\"https:\/\/stylestore.com\/deu\/#website\",\"url\":\"https:\/\/stylestore.com\/deu\/\",\"name\":\"Stylestore.com Germany\",\"description\":\"\",\"potentialAction\":[{\"@type\":\"SearchAction\",\"target\":{\"@type\":\"EntryPoint\",\"urlTemplate\":\"https:\/\/stylestore.com\/deu\/?s={search_term_string}\"},\"query-input\":{\"@type\":\"PropertyValueSpecification\",\"valueRequired\":true,\"valueName\":\"search_term_string\"}}],\"inLanguage\":\"de\"}]}<\/script>\n<!-- \/ Yoast SEO plugin. -->","yoast_head_json":{"title":"WBLSTEFFI DENIM SKIRT &#187; Stylestore.com Germany","description":"Klassischer Jeansrock in Midil\u00e4nge ohne Stretch, mit mittlerer Taillenh\u00f6he und gerader Passform. Frontschlitz, abgerundete Vordertaschen, M\u00fcnztasche und aufgesetzte Ges\u00e4\u00dftaschen sorgen f\u00fcr den typischen Denim-Look. Bund mit G\u00fcrtelschlaufen, Knopf- und Rei\u00dfverschluss runden das Design ab.","robots":{"index":"index","follow":"follow","max-snippet":"max-snippet:-1","max-image-preview":"max-image-preview:large","max-video-preview":"max-video-preview:-1"},"canonical":"https:\/\/stylestore.com\/deu\/product\/wblsteffi-denim-skirt-3\/","og_locale":"de_DE","og_type":"article","og_title":"WBLSTEFFI DENIM SKIRT &#187; Stylestore.com Germany","og_description":"Klassischer Jeansrock in Midil\u00e4nge ohne Stretch, mit mittlerer Taillenh\u00f6he und gerader Passform. Frontschlitz, abgerundete Vordertaschen, M\u00fcnztasche und aufgesetzte Ges\u00e4\u00dftaschen sorgen f\u00fcr den typischen Denim-Look. Bund mit G\u00fcrtelschlaufen, Knopf- und Rei\u00dfverschluss runden das Design ab.","og_url":"https:\/\/stylestore.com\/deu\/product\/wblsteffi-denim-skirt-3\/","og_site_name":"Stylestore.com Germany","article_modified_time":"2026-04-23T06:05:28+00:00","og_image":[{"width":1571,"height":2362,"url":"https:\/\/stylestore.com\/deu\/wp-content\/uploads\/sites\/4\/2024\/12\/Wblsteffi_Denim_Shirt_Jacket_Skirt_Silver_Lining1-2.jpg","type":"image\/jpeg"}],"twitter_card":"summary_large_image","schema":{"@context":"https:\/\/schema.org","@graph":[{"@type":"WebPage","@id":"https:\/\/stylestore.com\/deu\/product\/wblsteffi-denim-skirt-3\/","url":"https:\/\/stylestore.com\/deu\/product\/wblsteffi-denim-skirt-3\/","name":"WBLSTEFFI DENIM SKIRT &#187; Stylestore.com Germany","isPartOf":{"@id":"https:\/\/stylestore.com\/deu\/#website"},"primaryImageOfPage":{"@id":"https:\/\/stylestore.com\/deu\/product\/wblsteffi-denim-skirt-3\/#primaryimage"},"image":{"@id":"https:\/\/stylestore.com\/deu\/product\/wblsteffi-denim-skirt-3\/#primaryimage"},"thumbnailUrl":"https:\/\/stylestore.com\/deu\/wp-content\/uploads\/sites\/4\/2026\/03\/Wblsteffi_Denim_Shirt_Jacket_Skirt_Silver_Lining1-1.jpg","datePublished":"2024-06-28T08:45:26+00:00","dateModified":"2026-04-23T06:05:28+00:00","description":"Klassischer Jeansrock in Midil\u00e4nge ohne Stretch, mit mittlerer Taillenh\u00f6he und gerader Passform. Frontschlitz, abgerundete Vordertaschen, M\u00fcnztasche und aufgesetzte Ges\u00e4\u00dftaschen sorgen f\u00fcr den typischen Denim-Look. Bund mit G\u00fcrtelschlaufen, Knopf- und Rei\u00dfverschluss runden das Design ab.","breadcrumb":{"@id":"https:\/\/stylestore.com\/deu\/product\/wblsteffi-denim-skirt-3\/#breadcrumb"},"inLanguage":"de","potentialAction":[{"@type":"ReadAction","target":["https:\/\/stylestore.com\/deu\/product\/wblsteffi-denim-skirt-3\/"]}]},{"@type":"ImageObject","inLanguage":"de","@id":"https:\/\/stylestore.com\/deu\/product\/wblsteffi-denim-skirt-3\/#primaryimage","url":"https:\/\/stylestore.com\/deu\/wp-content\/uploads\/sites\/4\/2026\/03\/Wblsteffi_Denim_Shirt_Jacket_Skirt_Silver_Lining1-1.jpg","contentUrl":"https:\/\/stylestore.com\/deu\/wp-content\/uploads\/sites\/4\/2026\/03\/Wblsteffi_Denim_Shirt_Jacket_Skirt_Silver_Lining1-1.jpg","width":1571,"height":2362},{"@type":"BreadcrumbList","@id":"https:\/\/stylestore.com\/deu\/product\/wblsteffi-denim-skirt-3\/#breadcrumb","itemListElement":[{"@type":"ListItem","position":1,"name":"Search","item":"https:\/\/stylestore.com\/deu\/search\/"},{"@type":"ListItem","position":2,"name":"WBLSTEFFI DENIM SKIRT"}]},{"@type":"WebSite","@id":"https:\/\/stylestore.com\/deu\/#website","url":"https:\/\/stylestore.com\/deu\/","name":"Stylestore.com Germany","description":"","potentialAction":[{"@type":"SearchAction","target":{"@type":"EntryPoint","urlTemplate":"https:\/\/stylestore.com\/deu\/?s={search_term_string}"},"query-input":{"@type":"PropertyValueSpecification","valueRequired":true,"valueName":"search_term_string"}}],"inLanguage":"de"}]}},"_links":{"self":[{"href":"https:\/\/stylestore.com\/deu\/wp-json\/wp\/v2\/product\/550053","targetHints":{"allow":["GET"]}}],"collection":[{"href":"https:\/\/stylestore.com\/deu\/wp-json\/wp\/v2\/product"}],"about":[{"href":"https:\/\/stylestore.com\/deu\/wp-json\/wp\/v2\/types\/product"}],"wp:featuredmedia":[{"embeddable":true,"href":"https:\/\/stylestore.com\/deu\/wp-json\/wp\/v2\/media\/620366"}],"wp:attachment":[{"href":"https:\/\/stylestore.com\/deu\/wp-json\/wp\/v2\/media?parent=550053"}],"wp:term":[{"taxonomy":"product_brand","embeddable":true,"href":"https:\/\/stylestore.com\/deu\/wp-json\/wp\/v2\/product_brand?post=550053"},{"taxonomy":"product_cat","embeddable":true,"href":"https:\/\/stylestore.com\/deu\/wp-json\/wp\/v2\/product_cat?post=550053"},{"taxonomy":"product_tag","embeddable":true,"href":"https:\/\/stylestore.com\/deu\/wp-json\/wp\/v2\/product_tag?post=550053"}],"curies":[{"name":"wp","href":"https:\/\/api.w.org\/{rel}","templated":true}]}}