{"id":549967,"date":"2024-06-28T10:07:23","date_gmt":"2024-06-28T08:07:23","guid":{"rendered":"https:\/\/stylestore.com\/deu\/product\/wblmilan-sateen-wide-pant\/"},"modified":"2026-04-23T08:05:29","modified_gmt":"2026-04-23T06:05:29","slug":"wblmilan-sateen-wide-pant","status":"publish","type":"product","link":"https:\/\/stylestore.com\/deu\/product\/wblmilan-sateen-wide-pant\/","title":{"rendered":"WBLMILAN SATEEN WIDE PANT"},"content":{"rendered":"<p>Hose aus weichem Satin<br \/>\nNormale Passform<br \/>\nDurchgehend<br \/>\nWeite Hosenbeine<br \/>\nGeschlossen mit Knopf und Rei\u00dfverschluss<br \/>\nBund und G\u00fcrtelschlaufen<br \/>\nFalten vorne<br \/>\nSeitentaschen<br \/>\nPaspeltaschen hinten<br \/>\nElastischer Bund hinten<\/p>\n","protected":false},"excerpt":{"rendered":"","protected":false},"featured_media":576663,"template":"","meta":{"_acf_changed":false},"product_brand":[],"product_cat":[128,21],"product_tag":[1871],"class_list":{"0":"post-549967","1":"product","2":"type-product","3":"status-publish","4":"has-post-thumbnail","6":"product_cat-hosen","7":"product_cat-unterteile","8":"product_tag-b2b","9":"pa_brand-withblack","10":"pa_collection-effortless","11":"pa_color-falcon-brown","14":"instock","15":"taxable","16":"shipping-taxable","17":"purchasable","18":"product-type-variable"},"acf":[],"yoast_head":"<!-- This site is optimized with the Yoast SEO plugin v23.8 - https:\/\/yoast.com\/wordpress\/plugins\/seo\/ -->\n<title>WBLMILAN SATEEN WIDE PANT &#187; Stylestore.com Germany<\/title>\n<meta name=\"description\" content=\"Elegante Hose in weicher Satinqualit\u00e4t mit weitem Bein und voller L\u00e4nge f\u00fcr einen luxuri\u00f6sen Look. Bundfalten, Seitentaschen und ein elastischer Bund hinten sorgen f\u00fcr Stil und Komfort. Perfekt f\u00fcr den Alltag und die Party!\" \/>\n<meta name=\"robots\" content=\"index, follow, max-snippet:-1, max-image-preview:large, max-video-preview:-1\" \/>\n<link rel=\"canonical\" href=\"https:\/\/stylestore.com\/deu\/product\/wblmilan-sateen-wide-pant\/\" \/>\n<meta property=\"og:locale\" content=\"de_DE\" \/>\n<meta property=\"og:type\" content=\"article\" \/>\n<meta property=\"og:title\" content=\"WBLMILAN SATEEN WIDE PANT &#187; Stylestore.com Germany\" \/>\n<meta property=\"og:description\" content=\"Elegante Hose in weicher Satinqualit\u00e4t mit weitem Bein und voller L\u00e4nge f\u00fcr einen luxuri\u00f6sen Look. Bundfalten, Seitentaschen und ein elastischer Bund hinten sorgen f\u00fcr Stil und Komfort. Perfekt f\u00fcr den Alltag und die Party!\" \/>\n<meta property=\"og:url\" content=\"https:\/\/stylestore.com\/deu\/product\/wblmilan-sateen-wide-pant\/\" \/>\n<meta property=\"og:site_name\" content=\"Stylestore.com Germany\" \/>\n<meta property=\"article:modified_time\" content=\"2026-04-23T06:05:29+00:00\" \/>\n<meta property=\"og:image\" content=\"https:\/\/stylestore.com\/deu\/wp-content\/uploads\/sites\/4\/2025\/01\/WBLMILAN_SATEEN_TAILORED_BLAZER_Wide_Pant_Falcon1-1-scaled.jpg\" \/>\n\t<meta property=\"og:image:width\" content=\"1707\" \/>\n\t<meta property=\"og:image:height\" content=\"2560\" \/>\n\t<meta property=\"og:image:type\" content=\"image\/jpeg\" \/>\n<meta name=\"twitter:card\" content=\"summary_large_image\" \/>\n<script type=\"application\/ld+json\" class=\"yoast-schema-graph\">{\"@context\":\"https:\/\/schema.org\",\"@graph\":[{\"@type\":\"WebPage\",\"@id\":\"https:\/\/stylestore.com\/deu\/product\/wblmilan-sateen-wide-pant\/\",\"url\":\"https:\/\/stylestore.com\/deu\/product\/wblmilan-sateen-wide-pant\/\",\"name\":\"WBLMILAN SATEEN WIDE PANT &#187; Stylestore.com Germany\",\"isPartOf\":{\"@id\":\"https:\/\/stylestore.com\/deu\/#website\"},\"primaryImageOfPage\":{\"@id\":\"https:\/\/stylestore.com\/deu\/product\/wblmilan-sateen-wide-pant\/#primaryimage\"},\"image\":{\"@id\":\"https:\/\/stylestore.com\/deu\/product\/wblmilan-sateen-wide-pant\/#primaryimage\"},\"thumbnailUrl\":\"https:\/\/stylestore.com\/deu\/wp-content\/uploads\/sites\/4\/2025\/03\/WBLMILAN_SATEEN_TAILORED_BLAZER_Wide_Pant_Falcon1-3-scaled.jpg\",\"datePublished\":\"2024-06-28T08:07:23+00:00\",\"dateModified\":\"2026-04-23T06:05:29+00:00\",\"description\":\"Elegante Hose in weicher Satinqualit\u00e4t mit weitem Bein und voller L\u00e4nge f\u00fcr einen luxuri\u00f6sen Look. Bundfalten, Seitentaschen und ein elastischer Bund hinten sorgen f\u00fcr Stil und Komfort. Perfekt f\u00fcr den Alltag und die Party!\",\"breadcrumb\":{\"@id\":\"https:\/\/stylestore.com\/deu\/product\/wblmilan-sateen-wide-pant\/#breadcrumb\"},\"inLanguage\":\"de\",\"potentialAction\":[{\"@type\":\"ReadAction\",\"target\":[\"https:\/\/stylestore.com\/deu\/product\/wblmilan-sateen-wide-pant\/\"]}]},{\"@type\":\"ImageObject\",\"inLanguage\":\"de\",\"@id\":\"https:\/\/stylestore.com\/deu\/product\/wblmilan-sateen-wide-pant\/#primaryimage\",\"url\":\"https:\/\/stylestore.com\/deu\/wp-content\/uploads\/sites\/4\/2025\/03\/WBLMILAN_SATEEN_TAILORED_BLAZER_Wide_Pant_Falcon1-3-scaled.jpg\",\"contentUrl\":\"https:\/\/stylestore.com\/deu\/wp-content\/uploads\/sites\/4\/2025\/03\/WBLMILAN_SATEEN_TAILORED_BLAZER_Wide_Pant_Falcon1-3-scaled.jpg\",\"width\":1707,\"height\":2560},{\"@type\":\"BreadcrumbList\",\"@id\":\"https:\/\/stylestore.com\/deu\/product\/wblmilan-sateen-wide-pant\/#breadcrumb\",\"itemListElement\":[{\"@type\":\"ListItem\",\"position\":1,\"name\":\"Search\",\"item\":\"https:\/\/stylestore.com\/deu\/search\/\"},{\"@type\":\"ListItem\",\"position\":2,\"name\":\"WBLMILAN SATEEN WIDE PANT\"}]},{\"@type\":\"WebSite\",\"@id\":\"https:\/\/stylestore.com\/deu\/#website\",\"url\":\"https:\/\/stylestore.com\/deu\/\",\"name\":\"Stylestore.com Germany\",\"description\":\"\",\"potentialAction\":[{\"@type\":\"SearchAction\",\"target\":{\"@type\":\"EntryPoint\",\"urlTemplate\":\"https:\/\/stylestore.com\/deu\/?s={search_term_string}\"},\"query-input\":{\"@type\":\"PropertyValueSpecification\",\"valueRequired\":true,\"valueName\":\"search_term_string\"}}],\"inLanguage\":\"de\"}]}<\/script>\n<!-- \/ Yoast SEO plugin. -->","yoast_head_json":{"title":"WBLMILAN SATEEN WIDE PANT &#187; Stylestore.com Germany","description":"Elegante Hose in weicher Satinqualit\u00e4t mit weitem Bein und voller L\u00e4nge f\u00fcr einen luxuri\u00f6sen Look. Bundfalten, Seitentaschen und ein elastischer Bund hinten sorgen f\u00fcr Stil und Komfort. Perfekt f\u00fcr den Alltag und die Party!","robots":{"index":"index","follow":"follow","max-snippet":"max-snippet:-1","max-image-preview":"max-image-preview:large","max-video-preview":"max-video-preview:-1"},"canonical":"https:\/\/stylestore.com\/deu\/product\/wblmilan-sateen-wide-pant\/","og_locale":"de_DE","og_type":"article","og_title":"WBLMILAN SATEEN WIDE PANT &#187; Stylestore.com Germany","og_description":"Elegante Hose in weicher Satinqualit\u00e4t mit weitem Bein und voller L\u00e4nge f\u00fcr einen luxuri\u00f6sen Look. Bundfalten, Seitentaschen und ein elastischer Bund hinten sorgen f\u00fcr Stil und Komfort. Perfekt f\u00fcr den Alltag und die Party!","og_url":"https:\/\/stylestore.com\/deu\/product\/wblmilan-sateen-wide-pant\/","og_site_name":"Stylestore.com Germany","article_modified_time":"2026-04-23T06:05:29+00:00","og_image":[{"width":1707,"height":2560,"url":"https:\/\/stylestore.com\/deu\/wp-content\/uploads\/sites\/4\/2025\/01\/WBLMILAN_SATEEN_TAILORED_BLAZER_Wide_Pant_Falcon1-1-scaled.jpg","type":"image\/jpeg"}],"twitter_card":"summary_large_image","schema":{"@context":"https:\/\/schema.org","@graph":[{"@type":"WebPage","@id":"https:\/\/stylestore.com\/deu\/product\/wblmilan-sateen-wide-pant\/","url":"https:\/\/stylestore.com\/deu\/product\/wblmilan-sateen-wide-pant\/","name":"WBLMILAN SATEEN WIDE PANT &#187; Stylestore.com Germany","isPartOf":{"@id":"https:\/\/stylestore.com\/deu\/#website"},"primaryImageOfPage":{"@id":"https:\/\/stylestore.com\/deu\/product\/wblmilan-sateen-wide-pant\/#primaryimage"},"image":{"@id":"https:\/\/stylestore.com\/deu\/product\/wblmilan-sateen-wide-pant\/#primaryimage"},"thumbnailUrl":"https:\/\/stylestore.com\/deu\/wp-content\/uploads\/sites\/4\/2025\/03\/WBLMILAN_SATEEN_TAILORED_BLAZER_Wide_Pant_Falcon1-3-scaled.jpg","datePublished":"2024-06-28T08:07:23+00:00","dateModified":"2026-04-23T06:05:29+00:00","description":"Elegante Hose in weicher Satinqualit\u00e4t mit weitem Bein und voller L\u00e4nge f\u00fcr einen luxuri\u00f6sen Look. Bundfalten, Seitentaschen und ein elastischer Bund hinten sorgen f\u00fcr Stil und Komfort. Perfekt f\u00fcr den Alltag und die Party!","breadcrumb":{"@id":"https:\/\/stylestore.com\/deu\/product\/wblmilan-sateen-wide-pant\/#breadcrumb"},"inLanguage":"de","potentialAction":[{"@type":"ReadAction","target":["https:\/\/stylestore.com\/deu\/product\/wblmilan-sateen-wide-pant\/"]}]},{"@type":"ImageObject","inLanguage":"de","@id":"https:\/\/stylestore.com\/deu\/product\/wblmilan-sateen-wide-pant\/#primaryimage","url":"https:\/\/stylestore.com\/deu\/wp-content\/uploads\/sites\/4\/2025\/03\/WBLMILAN_SATEEN_TAILORED_BLAZER_Wide_Pant_Falcon1-3-scaled.jpg","contentUrl":"https:\/\/stylestore.com\/deu\/wp-content\/uploads\/sites\/4\/2025\/03\/WBLMILAN_SATEEN_TAILORED_BLAZER_Wide_Pant_Falcon1-3-scaled.jpg","width":1707,"height":2560},{"@type":"BreadcrumbList","@id":"https:\/\/stylestore.com\/deu\/product\/wblmilan-sateen-wide-pant\/#breadcrumb","itemListElement":[{"@type":"ListItem","position":1,"name":"Search","item":"https:\/\/stylestore.com\/deu\/search\/"},{"@type":"ListItem","position":2,"name":"WBLMILAN SATEEN WIDE PANT"}]},{"@type":"WebSite","@id":"https:\/\/stylestore.com\/deu\/#website","url":"https:\/\/stylestore.com\/deu\/","name":"Stylestore.com Germany","description":"","potentialAction":[{"@type":"SearchAction","target":{"@type":"EntryPoint","urlTemplate":"https:\/\/stylestore.com\/deu\/?s={search_term_string}"},"query-input":{"@type":"PropertyValueSpecification","valueRequired":true,"valueName":"search_term_string"}}],"inLanguage":"de"}]}},"_links":{"self":[{"href":"https:\/\/stylestore.com\/deu\/wp-json\/wp\/v2\/product\/549967","targetHints":{"allow":["GET"]}}],"collection":[{"href":"https:\/\/stylestore.com\/deu\/wp-json\/wp\/v2\/product"}],"about":[{"href":"https:\/\/stylestore.com\/deu\/wp-json\/wp\/v2\/types\/product"}],"wp:featuredmedia":[{"embeddable":true,"href":"https:\/\/stylestore.com\/deu\/wp-json\/wp\/v2\/media\/576663"}],"wp:attachment":[{"href":"https:\/\/stylestore.com\/deu\/wp-json\/wp\/v2\/media?parent=549967"}],"wp:term":[{"taxonomy":"product_brand","embeddable":true,"href":"https:\/\/stylestore.com\/deu\/wp-json\/wp\/v2\/product_brand?post=549967"},{"taxonomy":"product_cat","embeddable":true,"href":"https:\/\/stylestore.com\/deu\/wp-json\/wp\/v2\/product_cat?post=549967"},{"taxonomy":"product_tag","embeddable":true,"href":"https:\/\/stylestore.com\/deu\/wp-json\/wp\/v2\/product_tag?post=549967"}],"curies":[{"name":"wp","href":"https:\/\/api.w.org\/{rel}","templated":true}]}}