{"id":549250,"date":"2024-06-06T10:05:00","date_gmt":"2024-06-06T08:05:00","guid":{"rendered":"https:\/\/stylestore.com\/deu\/product\/wblophelia-vegan-relaxed-biker\/"},"modified":"2026-04-11T08:05:39","modified_gmt":"2026-04-11T06:05:39","slug":"wblophelia-vegan-relaxed-biker","status":"publish","type":"product","link":"https:\/\/stylestore.com\/deu\/product\/wblophelia-vegan-relaxed-biker\/","title":{"rendered":"WBLOPHELIA VEGAN RELAXED BIKER"},"content":{"rendered":"<p>Coole Bikerjacke<br \/>\nEntspannte Passform<br \/>\nH\u00fcftlang<br \/>\nAsymmetrischer Rei\u00dfverschluss<br \/>\nStarke Rei\u00dfverschlussdetails an der Vorderseite, den Taschen und den \u00c4rmeln<br \/>\nDruckkn\u00f6pfe an Kragen und Revers<br \/>\nDeko-M\u00fcnztasche<br \/>\nRiemen an den Schultern<br \/>\nAbnehmbarer G\u00fcrtel am Saum<\/p>\n","protected":false},"excerpt":{"rendered":"","protected":false},"featured_media":612829,"template":"","meta":{"_acf_changed":false},"product_brand":[],"product_cat":[113,18],"product_tag":[1871],"class_list":{"0":"post-549250","1":"product","2":"type-product","3":"status-publish","4":"has-post-thumbnail","6":"product_cat-biker-jackets","7":"product_cat-jacken","8":"product_tag-b2b","9":"pa_brand-withblack","10":"pa_collection-noir-lux","11":"pa_color-black","12":"pa_fit-relaxed","15":"instock","16":"taxable","17":"shipping-taxable","18":"purchasable","19":"product-type-variable"},"acf":[],"yoast_head":"<!-- This site is optimized with the Yoast SEO plugin v23.8 - https:\/\/yoast.com\/wordpress\/plugins\/seo\/ -->\n<title>WBLOPHELIA VEGAN RELAXED BIKER &#187; Stylestore.com Germany<\/title>\n<meta name=\"description\" content=\"Setzen Sie ein Statement mit unserer coolen Bikerjacke! Mit entspannter Passform, asymmetrischem Rei\u00dfverschluss und markanten Rei\u00dfverschlussdetails bietet sie den perfekten Mix aus Stil und Funktionalit\u00e4t.\" \/>\n<meta name=\"robots\" content=\"index, follow, max-snippet:-1, max-image-preview:large, max-video-preview:-1\" \/>\n<link rel=\"canonical\" href=\"https:\/\/stylestore.com\/deu\/product\/wblophelia-vegan-relaxed-biker\/\" \/>\n<meta property=\"og:locale\" content=\"de_DE\" \/>\n<meta property=\"og:type\" content=\"article\" \/>\n<meta property=\"og:title\" content=\"WBLOPHELIA VEGAN RELAXED BIKER &#187; Stylestore.com Germany\" \/>\n<meta property=\"og:description\" content=\"Setzen Sie ein Statement mit unserer coolen Bikerjacke! Mit entspannter Passform, asymmetrischem Rei\u00dfverschluss und markanten Rei\u00dfverschlussdetails bietet sie den perfekten Mix aus Stil und Funktionalit\u00e4t.\" \/>\n<meta property=\"og:url\" content=\"https:\/\/stylestore.com\/deu\/product\/wblophelia-vegan-relaxed-biker\/\" \/>\n<meta property=\"og:site_name\" content=\"Stylestore.com Germany\" \/>\n<meta property=\"article:modified_time\" content=\"2026-04-11T06:05:39+00:00\" \/>\n<meta property=\"og:image\" content=\"https:\/\/stylestore.com\/deu\/wp-content\/uploads\/sites\/4\/2025\/03\/WBLOPHELIA20VEGAN20RELAXED20BIKER20Black2001.jpg\" \/>\n\t<meta property=\"og:image:width\" content=\"1067\" \/>\n\t<meta property=\"og:image:height\" content=\"1600\" \/>\n\t<meta property=\"og:image:type\" content=\"image\/jpeg\" \/>\n<meta name=\"twitter:card\" content=\"summary_large_image\" \/>\n<script type=\"application\/ld+json\" class=\"yoast-schema-graph\">{\"@context\":\"https:\/\/schema.org\",\"@graph\":[{\"@type\":\"WebPage\",\"@id\":\"https:\/\/stylestore.com\/deu\/product\/wblophelia-vegan-relaxed-biker\/\",\"url\":\"https:\/\/stylestore.com\/deu\/product\/wblophelia-vegan-relaxed-biker\/\",\"name\":\"WBLOPHELIA VEGAN RELAXED BIKER &#187; Stylestore.com Germany\",\"isPartOf\":{\"@id\":\"https:\/\/stylestore.com\/deu\/#website\"},\"primaryImageOfPage\":{\"@id\":\"https:\/\/stylestore.com\/deu\/product\/wblophelia-vegan-relaxed-biker\/#primaryimage\"},\"image\":{\"@id\":\"https:\/\/stylestore.com\/deu\/product\/wblophelia-vegan-relaxed-biker\/#primaryimage\"},\"thumbnailUrl\":\"https:\/\/stylestore.com\/deu\/wp-content\/uploads\/sites\/4\/2026\/01\/WBLOPHELIA20VEGAN20RELAXED20BIKER20Black2001-1.jpg\",\"datePublished\":\"2024-06-06T08:05:00+00:00\",\"dateModified\":\"2026-04-11T06:05:39+00:00\",\"description\":\"Setzen Sie ein Statement mit unserer coolen Bikerjacke! Mit entspannter Passform, asymmetrischem Rei\u00dfverschluss und markanten Rei\u00dfverschlussdetails bietet sie den perfekten Mix aus Stil und Funktionalit\u00e4t.\",\"breadcrumb\":{\"@id\":\"https:\/\/stylestore.com\/deu\/product\/wblophelia-vegan-relaxed-biker\/#breadcrumb\"},\"inLanguage\":\"de\",\"potentialAction\":[{\"@type\":\"ReadAction\",\"target\":[\"https:\/\/stylestore.com\/deu\/product\/wblophelia-vegan-relaxed-biker\/\"]}]},{\"@type\":\"ImageObject\",\"inLanguage\":\"de\",\"@id\":\"https:\/\/stylestore.com\/deu\/product\/wblophelia-vegan-relaxed-biker\/#primaryimage\",\"url\":\"https:\/\/stylestore.com\/deu\/wp-content\/uploads\/sites\/4\/2026\/01\/WBLOPHELIA20VEGAN20RELAXED20BIKER20Black2001-1.jpg\",\"contentUrl\":\"https:\/\/stylestore.com\/deu\/wp-content\/uploads\/sites\/4\/2026\/01\/WBLOPHELIA20VEGAN20RELAXED20BIKER20Black2001-1.jpg\",\"width\":1067,\"height\":1600},{\"@type\":\"BreadcrumbList\",\"@id\":\"https:\/\/stylestore.com\/deu\/product\/wblophelia-vegan-relaxed-biker\/#breadcrumb\",\"itemListElement\":[{\"@type\":\"ListItem\",\"position\":1,\"name\":\"Search\",\"item\":\"https:\/\/stylestore.com\/deu\/search\/\"},{\"@type\":\"ListItem\",\"position\":2,\"name\":\"WBLOPHELIA VEGAN RELAXED BIKER\"}]},{\"@type\":\"WebSite\",\"@id\":\"https:\/\/stylestore.com\/deu\/#website\",\"url\":\"https:\/\/stylestore.com\/deu\/\",\"name\":\"Stylestore.com Germany\",\"description\":\"\",\"potentialAction\":[{\"@type\":\"SearchAction\",\"target\":{\"@type\":\"EntryPoint\",\"urlTemplate\":\"https:\/\/stylestore.com\/deu\/?s={search_term_string}\"},\"query-input\":{\"@type\":\"PropertyValueSpecification\",\"valueRequired\":true,\"valueName\":\"search_term_string\"}}],\"inLanguage\":\"de\"}]}<\/script>\n<!-- \/ Yoast SEO plugin. -->","yoast_head_json":{"title":"WBLOPHELIA VEGAN RELAXED BIKER &#187; Stylestore.com Germany","description":"Setzen Sie ein Statement mit unserer coolen Bikerjacke! Mit entspannter Passform, asymmetrischem Rei\u00dfverschluss und markanten Rei\u00dfverschlussdetails bietet sie den perfekten Mix aus Stil und Funktionalit\u00e4t.","robots":{"index":"index","follow":"follow","max-snippet":"max-snippet:-1","max-image-preview":"max-image-preview:large","max-video-preview":"max-video-preview:-1"},"canonical":"https:\/\/stylestore.com\/deu\/product\/wblophelia-vegan-relaxed-biker\/","og_locale":"de_DE","og_type":"article","og_title":"WBLOPHELIA VEGAN RELAXED BIKER &#187; Stylestore.com Germany","og_description":"Setzen Sie ein Statement mit unserer coolen Bikerjacke! Mit entspannter Passform, asymmetrischem Rei\u00dfverschluss und markanten Rei\u00dfverschlussdetails bietet sie den perfekten Mix aus Stil und Funktionalit\u00e4t.","og_url":"https:\/\/stylestore.com\/deu\/product\/wblophelia-vegan-relaxed-biker\/","og_site_name":"Stylestore.com Germany","article_modified_time":"2026-04-11T06:05:39+00:00","og_image":[{"width":1067,"height":1600,"url":"https:\/\/stylestore.com\/deu\/wp-content\/uploads\/sites\/4\/2025\/03\/WBLOPHELIA20VEGAN20RELAXED20BIKER20Black2001.jpg","type":"image\/jpeg"}],"twitter_card":"summary_large_image","schema":{"@context":"https:\/\/schema.org","@graph":[{"@type":"WebPage","@id":"https:\/\/stylestore.com\/deu\/product\/wblophelia-vegan-relaxed-biker\/","url":"https:\/\/stylestore.com\/deu\/product\/wblophelia-vegan-relaxed-biker\/","name":"WBLOPHELIA VEGAN RELAXED BIKER &#187; Stylestore.com Germany","isPartOf":{"@id":"https:\/\/stylestore.com\/deu\/#website"},"primaryImageOfPage":{"@id":"https:\/\/stylestore.com\/deu\/product\/wblophelia-vegan-relaxed-biker\/#primaryimage"},"image":{"@id":"https:\/\/stylestore.com\/deu\/product\/wblophelia-vegan-relaxed-biker\/#primaryimage"},"thumbnailUrl":"https:\/\/stylestore.com\/deu\/wp-content\/uploads\/sites\/4\/2026\/01\/WBLOPHELIA20VEGAN20RELAXED20BIKER20Black2001-1.jpg","datePublished":"2024-06-06T08:05:00+00:00","dateModified":"2026-04-11T06:05:39+00:00","description":"Setzen Sie ein Statement mit unserer coolen Bikerjacke! Mit entspannter Passform, asymmetrischem Rei\u00dfverschluss und markanten Rei\u00dfverschlussdetails bietet sie den perfekten Mix aus Stil und Funktionalit\u00e4t.","breadcrumb":{"@id":"https:\/\/stylestore.com\/deu\/product\/wblophelia-vegan-relaxed-biker\/#breadcrumb"},"inLanguage":"de","potentialAction":[{"@type":"ReadAction","target":["https:\/\/stylestore.com\/deu\/product\/wblophelia-vegan-relaxed-biker\/"]}]},{"@type":"ImageObject","inLanguage":"de","@id":"https:\/\/stylestore.com\/deu\/product\/wblophelia-vegan-relaxed-biker\/#primaryimage","url":"https:\/\/stylestore.com\/deu\/wp-content\/uploads\/sites\/4\/2026\/01\/WBLOPHELIA20VEGAN20RELAXED20BIKER20Black2001-1.jpg","contentUrl":"https:\/\/stylestore.com\/deu\/wp-content\/uploads\/sites\/4\/2026\/01\/WBLOPHELIA20VEGAN20RELAXED20BIKER20Black2001-1.jpg","width":1067,"height":1600},{"@type":"BreadcrumbList","@id":"https:\/\/stylestore.com\/deu\/product\/wblophelia-vegan-relaxed-biker\/#breadcrumb","itemListElement":[{"@type":"ListItem","position":1,"name":"Search","item":"https:\/\/stylestore.com\/deu\/search\/"},{"@type":"ListItem","position":2,"name":"WBLOPHELIA VEGAN RELAXED BIKER"}]},{"@type":"WebSite","@id":"https:\/\/stylestore.com\/deu\/#website","url":"https:\/\/stylestore.com\/deu\/","name":"Stylestore.com Germany","description":"","potentialAction":[{"@type":"SearchAction","target":{"@type":"EntryPoint","urlTemplate":"https:\/\/stylestore.com\/deu\/?s={search_term_string}"},"query-input":{"@type":"PropertyValueSpecification","valueRequired":true,"valueName":"search_term_string"}}],"inLanguage":"de"}]}},"_links":{"self":[{"href":"https:\/\/stylestore.com\/deu\/wp-json\/wp\/v2\/product\/549250","targetHints":{"allow":["GET"]}}],"collection":[{"href":"https:\/\/stylestore.com\/deu\/wp-json\/wp\/v2\/product"}],"about":[{"href":"https:\/\/stylestore.com\/deu\/wp-json\/wp\/v2\/types\/product"}],"wp:featuredmedia":[{"embeddable":true,"href":"https:\/\/stylestore.com\/deu\/wp-json\/wp\/v2\/media\/612829"}],"wp:attachment":[{"href":"https:\/\/stylestore.com\/deu\/wp-json\/wp\/v2\/media?parent=549250"}],"wp:term":[{"taxonomy":"product_brand","embeddable":true,"href":"https:\/\/stylestore.com\/deu\/wp-json\/wp\/v2\/product_brand?post=549250"},{"taxonomy":"product_cat","embeddable":true,"href":"https:\/\/stylestore.com\/deu\/wp-json\/wp\/v2\/product_cat?post=549250"},{"taxonomy":"product_tag","embeddable":true,"href":"https:\/\/stylestore.com\/deu\/wp-json\/wp\/v2\/product_tag?post=549250"}],"curies":[{"name":"wp","href":"https:\/\/api.w.org\/{rel}","templated":true}]}}