{"id":549045,"date":"2024-06-04T12:00:28","date_gmt":"2024-06-04T10:00:28","guid":{"rendered":"https:\/\/stylestore.com\/deu\/product\/wblnoise-trench-coat-5\/"},"modified":"2026-04-11T08:05:40","modified_gmt":"2026-04-11T06:05:40","slug":"wblnoise-trench-coat-5","status":"publish","type":"product","link":"https:\/\/stylestore.com\/deu\/product\/wblnoise-trench-coat-5\/","title":{"rendered":"WBLNOISE TRENCH COAT"},"content":{"rendered":"<p>Trenchcoat mit sch\u00f6nen Details, darunter doppelreihiger Knopfverschluss, Bindeg\u00fcrtel in der Taille, Knopfdetail an der Schulter, verstellbarer Gurt am \u00c4rmel, Vordertaschen und R\u00fcckenschlitz. Ein echter Lux-Favorit f\u00fcr jede Garderobe.<br \/>\nDer Mantel umarmt die lange exklusive Silhouette und Sie erhalten einen Mantel f\u00fcr jede Gelegenheit.<br \/>\nDer Mantel ist f\u00fcr eine kastenf\u00f6rmige Passform ausgelegt, die absichtlich \u00fcbergro\u00df ist. Wenn Sie einen Mantel mit einer geringeren Weite w\u00fcnschen, empfehlen wir Ihnen, eine kleinere Gr\u00f6\u00dfe zu w\u00e4hlen, als Sie normalerweise verwenden.<br \/>\nBei StyleStore.com glauben wir an die kleine luxuri\u00f6se Garderobe, hergestellt aus den besten Materialien, in vielseitigen Silhouetten, die Sie Saison f\u00fcr Saison verwenden k\u00f6nnen, und das alles zu g\u00fcnstigen Preisen.<br \/>\nDie H\u00f6he des Modells ist 176 cm, und sie tr\u00e4gt Gr\u00f6\u00dfe S.<\/p>\n","protected":false},"excerpt":{"rendered":"","protected":false},"featured_media":575646,"template":"","meta":{"_acf_changed":false},"product_brand":[],"product_cat":[112],"product_tag":[1871,1521],"class_list":{"0":"post-549045","1":"product","2":"type-product","3":"status-publish","4":"has-post-thumbnail","6":"product_cat-maentel","7":"product_tag-b2b","8":"product_tag-sustainable","9":"pa_brand-withblack","10":"pa_collection-icons-ss25","11":"pa_color-total-eclipse-blue","12":"pa_fit-relaxed","13":"pa_print-_","16":"instock","17":"taxable","18":"shipping-taxable","19":"purchasable","20":"product-type-variable"},"acf":[],"yoast_head":"<!-- This site is optimized with the Yoast SEO plugin v23.8 - https:\/\/yoast.com\/wordpress\/plugins\/seo\/ -->\n<title>WBLNOISE TRENCH COAT &#187; Stylestore.com Germany<\/title>\n<meta name=\"robots\" content=\"index, follow, max-snippet:-1, max-image-preview:large, max-video-preview:-1\" \/>\n<link rel=\"canonical\" href=\"https:\/\/stylestore.com\/deu\/product\/wblnoise-trench-coat-5\/\" \/>\n<meta property=\"og:locale\" content=\"de_DE\" \/>\n<meta property=\"og:type\" content=\"article\" \/>\n<meta property=\"og:title\" content=\"WBLNOISE TRENCH COAT &#187; Stylestore.com Germany\" \/>\n<meta property=\"og:url\" content=\"https:\/\/stylestore.com\/deu\/product\/wblnoise-trench-coat-5\/\" \/>\n<meta property=\"og:site_name\" content=\"Stylestore.com Germany\" \/>\n<meta property=\"article:modified_time\" content=\"2026-04-11T06:05:40+00:00\" \/>\n<meta property=\"og:image\" content=\"https:\/\/stylestore.com\/deu\/wp-content\/uploads\/sites\/4\/2024\/07\/WBLNOISE20TRENCH20COAT20Total20Eclipse20Blue2001.jpg\" \/>\n\t<meta property=\"og:image:width\" content=\"1067\" \/>\n\t<meta property=\"og:image:height\" content=\"1600\" \/>\n\t<meta property=\"og:image:type\" content=\"image\/jpeg\" \/>\n<meta name=\"twitter:card\" content=\"summary_large_image\" \/>\n<meta name=\"twitter:label1\" content=\"Gesch\u00e4tzte Lesezeit\" \/>\n\t<meta name=\"twitter:data1\" content=\"1\u00a0Minute\" \/>\n<script type=\"application\/ld+json\" class=\"yoast-schema-graph\">{\"@context\":\"https:\/\/schema.org\",\"@graph\":[{\"@type\":\"WebPage\",\"@id\":\"https:\/\/stylestore.com\/deu\/product\/wblnoise-trench-coat-5\/\",\"url\":\"https:\/\/stylestore.com\/deu\/product\/wblnoise-trench-coat-5\/\",\"name\":\"WBLNOISE TRENCH COAT &#187; Stylestore.com Germany\",\"isPartOf\":{\"@id\":\"https:\/\/stylestore.com\/deu\/#website\"},\"primaryImageOfPage\":{\"@id\":\"https:\/\/stylestore.com\/deu\/product\/wblnoise-trench-coat-5\/#primaryimage\"},\"image\":{\"@id\":\"https:\/\/stylestore.com\/deu\/product\/wblnoise-trench-coat-5\/#primaryimage\"},\"thumbnailUrl\":\"https:\/\/stylestore.com\/deu\/wp-content\/uploads\/sites\/4\/2025\/03\/20Wblnoise_Trench_Coat_Total_Eclipse01-scaled.jpg\",\"datePublished\":\"2024-06-04T10:00:28+00:00\",\"dateModified\":\"2026-04-11T06:05:40+00:00\",\"breadcrumb\":{\"@id\":\"https:\/\/stylestore.com\/deu\/product\/wblnoise-trench-coat-5\/#breadcrumb\"},\"inLanguage\":\"de\",\"potentialAction\":[{\"@type\":\"ReadAction\",\"target\":[\"https:\/\/stylestore.com\/deu\/product\/wblnoise-trench-coat-5\/\"]}]},{\"@type\":\"ImageObject\",\"inLanguage\":\"de\",\"@id\":\"https:\/\/stylestore.com\/deu\/product\/wblnoise-trench-coat-5\/#primaryimage\",\"url\":\"https:\/\/stylestore.com\/deu\/wp-content\/uploads\/sites\/4\/2025\/03\/20Wblnoise_Trench_Coat_Total_Eclipse01-scaled.jpg\",\"contentUrl\":\"https:\/\/stylestore.com\/deu\/wp-content\/uploads\/sites\/4\/2025\/03\/20Wblnoise_Trench_Coat_Total_Eclipse01-scaled.jpg\",\"width\":1707,\"height\":2560},{\"@type\":\"BreadcrumbList\",\"@id\":\"https:\/\/stylestore.com\/deu\/product\/wblnoise-trench-coat-5\/#breadcrumb\",\"itemListElement\":[{\"@type\":\"ListItem\",\"position\":1,\"name\":\"Search\",\"item\":\"https:\/\/stylestore.com\/deu\/search\/\"},{\"@type\":\"ListItem\",\"position\":2,\"name\":\"WBLNOISE TRENCH COAT\"}]},{\"@type\":\"WebSite\",\"@id\":\"https:\/\/stylestore.com\/deu\/#website\",\"url\":\"https:\/\/stylestore.com\/deu\/\",\"name\":\"Stylestore.com Germany\",\"description\":\"\",\"potentialAction\":[{\"@type\":\"SearchAction\",\"target\":{\"@type\":\"EntryPoint\",\"urlTemplate\":\"https:\/\/stylestore.com\/deu\/?s={search_term_string}\"},\"query-input\":{\"@type\":\"PropertyValueSpecification\",\"valueRequired\":true,\"valueName\":\"search_term_string\"}}],\"inLanguage\":\"de\"}]}<\/script>\n<!-- \/ Yoast SEO plugin. -->","yoast_head_json":{"title":"WBLNOISE TRENCH COAT &#187; Stylestore.com Germany","robots":{"index":"index","follow":"follow","max-snippet":"max-snippet:-1","max-image-preview":"max-image-preview:large","max-video-preview":"max-video-preview:-1"},"canonical":"https:\/\/stylestore.com\/deu\/product\/wblnoise-trench-coat-5\/","og_locale":"de_DE","og_type":"article","og_title":"WBLNOISE TRENCH COAT &#187; Stylestore.com Germany","og_url":"https:\/\/stylestore.com\/deu\/product\/wblnoise-trench-coat-5\/","og_site_name":"Stylestore.com Germany","article_modified_time":"2026-04-11T06:05:40+00:00","og_image":[{"width":1067,"height":1600,"url":"https:\/\/stylestore.com\/deu\/wp-content\/uploads\/sites\/4\/2024\/07\/WBLNOISE20TRENCH20COAT20Total20Eclipse20Blue2001.jpg","type":"image\/jpeg"}],"twitter_card":"summary_large_image","twitter_misc":{"Gesch\u00e4tzte Lesezeit":"1\u00a0Minute"},"schema":{"@context":"https:\/\/schema.org","@graph":[{"@type":"WebPage","@id":"https:\/\/stylestore.com\/deu\/product\/wblnoise-trench-coat-5\/","url":"https:\/\/stylestore.com\/deu\/product\/wblnoise-trench-coat-5\/","name":"WBLNOISE TRENCH COAT &#187; Stylestore.com Germany","isPartOf":{"@id":"https:\/\/stylestore.com\/deu\/#website"},"primaryImageOfPage":{"@id":"https:\/\/stylestore.com\/deu\/product\/wblnoise-trench-coat-5\/#primaryimage"},"image":{"@id":"https:\/\/stylestore.com\/deu\/product\/wblnoise-trench-coat-5\/#primaryimage"},"thumbnailUrl":"https:\/\/stylestore.com\/deu\/wp-content\/uploads\/sites\/4\/2025\/03\/20Wblnoise_Trench_Coat_Total_Eclipse01-scaled.jpg","datePublished":"2024-06-04T10:00:28+00:00","dateModified":"2026-04-11T06:05:40+00:00","breadcrumb":{"@id":"https:\/\/stylestore.com\/deu\/product\/wblnoise-trench-coat-5\/#breadcrumb"},"inLanguage":"de","potentialAction":[{"@type":"ReadAction","target":["https:\/\/stylestore.com\/deu\/product\/wblnoise-trench-coat-5\/"]}]},{"@type":"ImageObject","inLanguage":"de","@id":"https:\/\/stylestore.com\/deu\/product\/wblnoise-trench-coat-5\/#primaryimage","url":"https:\/\/stylestore.com\/deu\/wp-content\/uploads\/sites\/4\/2025\/03\/20Wblnoise_Trench_Coat_Total_Eclipse01-scaled.jpg","contentUrl":"https:\/\/stylestore.com\/deu\/wp-content\/uploads\/sites\/4\/2025\/03\/20Wblnoise_Trench_Coat_Total_Eclipse01-scaled.jpg","width":1707,"height":2560},{"@type":"BreadcrumbList","@id":"https:\/\/stylestore.com\/deu\/product\/wblnoise-trench-coat-5\/#breadcrumb","itemListElement":[{"@type":"ListItem","position":1,"name":"Search","item":"https:\/\/stylestore.com\/deu\/search\/"},{"@type":"ListItem","position":2,"name":"WBLNOISE TRENCH COAT"}]},{"@type":"WebSite","@id":"https:\/\/stylestore.com\/deu\/#website","url":"https:\/\/stylestore.com\/deu\/","name":"Stylestore.com Germany","description":"","potentialAction":[{"@type":"SearchAction","target":{"@type":"EntryPoint","urlTemplate":"https:\/\/stylestore.com\/deu\/?s={search_term_string}"},"query-input":{"@type":"PropertyValueSpecification","valueRequired":true,"valueName":"search_term_string"}}],"inLanguage":"de"}]}},"_links":{"self":[{"href":"https:\/\/stylestore.com\/deu\/wp-json\/wp\/v2\/product\/549045","targetHints":{"allow":["GET"]}}],"collection":[{"href":"https:\/\/stylestore.com\/deu\/wp-json\/wp\/v2\/product"}],"about":[{"href":"https:\/\/stylestore.com\/deu\/wp-json\/wp\/v2\/types\/product"}],"wp:featuredmedia":[{"embeddable":true,"href":"https:\/\/stylestore.com\/deu\/wp-json\/wp\/v2\/media\/575646"}],"wp:attachment":[{"href":"https:\/\/stylestore.com\/deu\/wp-json\/wp\/v2\/media?parent=549045"}],"wp:term":[{"taxonomy":"product_brand","embeddable":true,"href":"https:\/\/stylestore.com\/deu\/wp-json\/wp\/v2\/product_brand?post=549045"},{"taxonomy":"product_cat","embeddable":true,"href":"https:\/\/stylestore.com\/deu\/wp-json\/wp\/v2\/product_cat?post=549045"},{"taxonomy":"product_tag","embeddable":true,"href":"https:\/\/stylestore.com\/deu\/wp-json\/wp\/v2\/product_tag?post=549045"}],"curies":[{"name":"wp","href":"https:\/\/api.w.org\/{rel}","templated":true}]}}