{"id":548716,"date":"2024-06-03T15:01:59","date_gmt":"2024-06-03T13:01:59","guid":{"rendered":"https:\/\/stylestore.com\/deu\/product\/wblcerena-tailored-wool-wrap-3\/"},"modified":"2026-04-23T08:05:33","modified_gmt":"2026-04-23T06:05:33","slug":"wblcerena-tailored-wool-wrap-3","status":"publish","type":"product","link":"https:\/\/stylestore.com\/deu\/product\/wblcerena-tailored-wool-wrap-3\/","title":{"rendered":"WBLCERENA TAILORED WOOL WRAP"},"content":{"rendered":"<p>Exklusiver Doubleface-Wollmantel<br \/>\nTeilweise handgefertigt<br \/>\nNormale Passform<br \/>\nL\u00e4nge unter dem Knie<br \/>\nBreite Paspeltaschen<br \/>\nBreites Revers<br \/>\nG\u00fcrtel in der Taille<br \/>\nSchlitz am R\u00fccken<br \/>\nRiemen am \u00c4rmel<\/p>\n<p>Das Model ist 172 cm gro\u00df und tr\u00e4gt Gr\u00f6\u00dfe S<br \/>\nDas Produkt f\u00e4llt normal aus<\/p>\n","protected":false},"excerpt":{"rendered":"PREORDER AW25 | VORBESTELLUNGSSCHLUSS 30.01.2025","protected":false},"featured_media":610488,"template":"","meta":{"_acf_changed":false},"product_brand":[],"product_cat":[18,112],"product_tag":[1871,2134],"class_list":{"0":"post-548716","1":"product","2":"type-product","3":"status-publish","4":"has-post-thumbnail","6":"product_cat-jacken","7":"product_cat-maentel","8":"product_tag-b2b","9":"product_tag-pre-order","10":"pa_brand-withblack","11":"pa_collection-icons-aw26","12":"pa_color-grey-melange","15":"instock","16":"taxable","17":"shipping-taxable","18":"purchasable","19":"product-type-variable"},"acf":[],"yoast_head":"<!-- This site is optimized with the Yoast SEO plugin v23.8 - https:\/\/yoast.com\/wordpress\/plugins\/seo\/ -->\n<title>WBLCERENA TAILORED WOOL WRAP &#187; Stylestore.com Germany<\/title>\n<meta name=\"description\" content=\"Exklusiver Doubleface-Wollmantel, handgefertigt mit breitem Revers, G\u00fcrtel und Paspeltaschen. Elegante L\u00e4nge unter dem Knie, ideal f\u00fcr stilvolle Herbstlooks.\" \/>\n<meta name=\"robots\" content=\"index, follow, max-snippet:-1, max-image-preview:large, max-video-preview:-1\" \/>\n<link rel=\"canonical\" href=\"https:\/\/stylestore.com\/deu\/product\/wblcerena-tailored-wool-wrap-3\/\" \/>\n<meta property=\"og:locale\" content=\"de_DE\" \/>\n<meta property=\"og:type\" content=\"article\" \/>\n<meta property=\"og:title\" content=\"WBLCERENA TAILORED WOOL WRAP &#187; Stylestore.com Germany\" \/>\n<meta property=\"og:description\" content=\"Exklusiver Doubleface-Wollmantel, handgefertigt mit breitem Revers, G\u00fcrtel und Paspeltaschen. Elegante L\u00e4nge unter dem Knie, ideal f\u00fcr stilvolle Herbstlooks.\" \/>\n<meta property=\"og:url\" content=\"https:\/\/stylestore.com\/deu\/product\/wblcerena-tailored-wool-wrap-3\/\" \/>\n<meta property=\"og:site_name\" content=\"Stylestore.com Germany\" \/>\n<meta property=\"article:modified_time\" content=\"2026-04-23T06:05:33+00:00\" \/>\n<meta property=\"og:image\" content=\"https:\/\/stylestore.com\/deu\/wp-content\/uploads\/sites\/4\/2024\/11\/Wblcerena_Tailored_Wool_Wrap_Grey_Melange1.jpg\" \/>\n\t<meta property=\"og:image:width\" content=\"1175\" \/>\n\t<meta property=\"og:image:height\" content=\"1761\" \/>\n\t<meta property=\"og:image:type\" content=\"image\/jpeg\" \/>\n<meta name=\"twitter:card\" content=\"summary_large_image\" \/>\n<script type=\"application\/ld+json\" class=\"yoast-schema-graph\">{\"@context\":\"https:\/\/schema.org\",\"@graph\":[{\"@type\":\"WebPage\",\"@id\":\"https:\/\/stylestore.com\/deu\/product\/wblcerena-tailored-wool-wrap-3\/\",\"url\":\"https:\/\/stylestore.com\/deu\/product\/wblcerena-tailored-wool-wrap-3\/\",\"name\":\"WBLCERENA TAILORED WOOL WRAP &#187; Stylestore.com Germany\",\"isPartOf\":{\"@id\":\"https:\/\/stylestore.com\/deu\/#website\"},\"primaryImageOfPage\":{\"@id\":\"https:\/\/stylestore.com\/deu\/product\/wblcerena-tailored-wool-wrap-3\/#primaryimage\"},\"image\":{\"@id\":\"https:\/\/stylestore.com\/deu\/product\/wblcerena-tailored-wool-wrap-3\/#primaryimage\"},\"thumbnailUrl\":\"https:\/\/stylestore.com\/deu\/wp-content\/uploads\/sites\/4\/2025\/12\/Wblcerena_Tailored_Wool_Wrap_Grey_Melange1-1.jpg\",\"datePublished\":\"2024-06-03T13:01:59+00:00\",\"dateModified\":\"2026-04-23T06:05:33+00:00\",\"description\":\"Exklusiver Doubleface-Wollmantel, handgefertigt mit breitem Revers, G\u00fcrtel und Paspeltaschen. Elegante L\u00e4nge unter dem Knie, ideal f\u00fcr stilvolle Herbstlooks.\",\"breadcrumb\":{\"@id\":\"https:\/\/stylestore.com\/deu\/product\/wblcerena-tailored-wool-wrap-3\/#breadcrumb\"},\"inLanguage\":\"de\",\"potentialAction\":[{\"@type\":\"ReadAction\",\"target\":[\"https:\/\/stylestore.com\/deu\/product\/wblcerena-tailored-wool-wrap-3\/\"]}]},{\"@type\":\"ImageObject\",\"inLanguage\":\"de\",\"@id\":\"https:\/\/stylestore.com\/deu\/product\/wblcerena-tailored-wool-wrap-3\/#primaryimage\",\"url\":\"https:\/\/stylestore.com\/deu\/wp-content\/uploads\/sites\/4\/2025\/12\/Wblcerena_Tailored_Wool_Wrap_Grey_Melange1-1.jpg\",\"contentUrl\":\"https:\/\/stylestore.com\/deu\/wp-content\/uploads\/sites\/4\/2025\/12\/Wblcerena_Tailored_Wool_Wrap_Grey_Melange1-1.jpg\",\"width\":1175,\"height\":1761},{\"@type\":\"BreadcrumbList\",\"@id\":\"https:\/\/stylestore.com\/deu\/product\/wblcerena-tailored-wool-wrap-3\/#breadcrumb\",\"itemListElement\":[{\"@type\":\"ListItem\",\"position\":1,\"name\":\"Search\",\"item\":\"https:\/\/stylestore.com\/deu\/search\/\"},{\"@type\":\"ListItem\",\"position\":2,\"name\":\"WBLCERENA TAILORED WOOL WRAP\"}]},{\"@type\":\"WebSite\",\"@id\":\"https:\/\/stylestore.com\/deu\/#website\",\"url\":\"https:\/\/stylestore.com\/deu\/\",\"name\":\"Stylestore.com Germany\",\"description\":\"\",\"potentialAction\":[{\"@type\":\"SearchAction\",\"target\":{\"@type\":\"EntryPoint\",\"urlTemplate\":\"https:\/\/stylestore.com\/deu\/?s={search_term_string}\"},\"query-input\":{\"@type\":\"PropertyValueSpecification\",\"valueRequired\":true,\"valueName\":\"search_term_string\"}}],\"inLanguage\":\"de\"}]}<\/script>\n<!-- \/ Yoast SEO plugin. -->","yoast_head_json":{"title":"WBLCERENA TAILORED WOOL WRAP &#187; Stylestore.com Germany","description":"Exklusiver Doubleface-Wollmantel, handgefertigt mit breitem Revers, G\u00fcrtel und Paspeltaschen. Elegante L\u00e4nge unter dem Knie, ideal f\u00fcr stilvolle Herbstlooks.","robots":{"index":"index","follow":"follow","max-snippet":"max-snippet:-1","max-image-preview":"max-image-preview:large","max-video-preview":"max-video-preview:-1"},"canonical":"https:\/\/stylestore.com\/deu\/product\/wblcerena-tailored-wool-wrap-3\/","og_locale":"de_DE","og_type":"article","og_title":"WBLCERENA TAILORED WOOL WRAP &#187; Stylestore.com Germany","og_description":"Exklusiver Doubleface-Wollmantel, handgefertigt mit breitem Revers, G\u00fcrtel und Paspeltaschen. Elegante L\u00e4nge unter dem Knie, ideal f\u00fcr stilvolle Herbstlooks.","og_url":"https:\/\/stylestore.com\/deu\/product\/wblcerena-tailored-wool-wrap-3\/","og_site_name":"Stylestore.com Germany","article_modified_time":"2026-04-23T06:05:33+00:00","og_image":[{"width":1175,"height":1761,"url":"https:\/\/stylestore.com\/deu\/wp-content\/uploads\/sites\/4\/2024\/11\/Wblcerena_Tailored_Wool_Wrap_Grey_Melange1.jpg","type":"image\/jpeg"}],"twitter_card":"summary_large_image","schema":{"@context":"https:\/\/schema.org","@graph":[{"@type":"WebPage","@id":"https:\/\/stylestore.com\/deu\/product\/wblcerena-tailored-wool-wrap-3\/","url":"https:\/\/stylestore.com\/deu\/product\/wblcerena-tailored-wool-wrap-3\/","name":"WBLCERENA TAILORED WOOL WRAP &#187; Stylestore.com Germany","isPartOf":{"@id":"https:\/\/stylestore.com\/deu\/#website"},"primaryImageOfPage":{"@id":"https:\/\/stylestore.com\/deu\/product\/wblcerena-tailored-wool-wrap-3\/#primaryimage"},"image":{"@id":"https:\/\/stylestore.com\/deu\/product\/wblcerena-tailored-wool-wrap-3\/#primaryimage"},"thumbnailUrl":"https:\/\/stylestore.com\/deu\/wp-content\/uploads\/sites\/4\/2025\/12\/Wblcerena_Tailored_Wool_Wrap_Grey_Melange1-1.jpg","datePublished":"2024-06-03T13:01:59+00:00","dateModified":"2026-04-23T06:05:33+00:00","description":"Exklusiver Doubleface-Wollmantel, handgefertigt mit breitem Revers, G\u00fcrtel und Paspeltaschen. Elegante L\u00e4nge unter dem Knie, ideal f\u00fcr stilvolle Herbstlooks.","breadcrumb":{"@id":"https:\/\/stylestore.com\/deu\/product\/wblcerena-tailored-wool-wrap-3\/#breadcrumb"},"inLanguage":"de","potentialAction":[{"@type":"ReadAction","target":["https:\/\/stylestore.com\/deu\/product\/wblcerena-tailored-wool-wrap-3\/"]}]},{"@type":"ImageObject","inLanguage":"de","@id":"https:\/\/stylestore.com\/deu\/product\/wblcerena-tailored-wool-wrap-3\/#primaryimage","url":"https:\/\/stylestore.com\/deu\/wp-content\/uploads\/sites\/4\/2025\/12\/Wblcerena_Tailored_Wool_Wrap_Grey_Melange1-1.jpg","contentUrl":"https:\/\/stylestore.com\/deu\/wp-content\/uploads\/sites\/4\/2025\/12\/Wblcerena_Tailored_Wool_Wrap_Grey_Melange1-1.jpg","width":1175,"height":1761},{"@type":"BreadcrumbList","@id":"https:\/\/stylestore.com\/deu\/product\/wblcerena-tailored-wool-wrap-3\/#breadcrumb","itemListElement":[{"@type":"ListItem","position":1,"name":"Search","item":"https:\/\/stylestore.com\/deu\/search\/"},{"@type":"ListItem","position":2,"name":"WBLCERENA TAILORED WOOL WRAP"}]},{"@type":"WebSite","@id":"https:\/\/stylestore.com\/deu\/#website","url":"https:\/\/stylestore.com\/deu\/","name":"Stylestore.com Germany","description":"","potentialAction":[{"@type":"SearchAction","target":{"@type":"EntryPoint","urlTemplate":"https:\/\/stylestore.com\/deu\/?s={search_term_string}"},"query-input":{"@type":"PropertyValueSpecification","valueRequired":true,"valueName":"search_term_string"}}],"inLanguage":"de"}]}},"_links":{"self":[{"href":"https:\/\/stylestore.com\/deu\/wp-json\/wp\/v2\/product\/548716","targetHints":{"allow":["GET"]}}],"collection":[{"href":"https:\/\/stylestore.com\/deu\/wp-json\/wp\/v2\/product"}],"about":[{"href":"https:\/\/stylestore.com\/deu\/wp-json\/wp\/v2\/types\/product"}],"wp:featuredmedia":[{"embeddable":true,"href":"https:\/\/stylestore.com\/deu\/wp-json\/wp\/v2\/media\/610488"}],"wp:attachment":[{"href":"https:\/\/stylestore.com\/deu\/wp-json\/wp\/v2\/media?parent=548716"}],"wp:term":[{"taxonomy":"product_brand","embeddable":true,"href":"https:\/\/stylestore.com\/deu\/wp-json\/wp\/v2\/product_brand?post=548716"},{"taxonomy":"product_cat","embeddable":true,"href":"https:\/\/stylestore.com\/deu\/wp-json\/wp\/v2\/product_cat?post=548716"},{"taxonomy":"product_tag","embeddable":true,"href":"https:\/\/stylestore.com\/deu\/wp-json\/wp\/v2\/product_tag?post=548716"}],"curies":[{"name":"wp","href":"https:\/\/api.w.org\/{rel}","templated":true}]}}