{"id":548470,"date":"2024-06-03T11:21:31","date_gmt":"2024-06-03T09:21:31","guid":{"rendered":"https:\/\/stylestore.com\/deu\/product\/wbltracy-vegan-leather-bomber\/"},"modified":"2026-04-11T05:55:33","modified_gmt":"2026-04-11T03:55:33","slug":"wbltracy-vegan-leather-bomber","status":"publish","type":"product","link":"https:\/\/stylestore.com\/deu\/product\/wbltracy-vegan-leather-bomber\/","title":{"rendered":"WBLTRACY VEGAN LEATHER BOMBER"},"content":{"rendered":"<p>Runder Halsausschnitt<br \/>\nElastischer Rippkragen<br \/>\n\u00dcbergro\u00dfe Silhouette<br \/>\n\u00dcberschnittene Schultern<br \/>\nGepolsterte Tasche mit Druckkn\u00f6pfen<br \/>\n\u00c4rmeltasche mit Rei\u00dfverschluss<br \/>\nElastischer Bund an K\u00f6rper und \u00c4rmeln<br \/>\nRei\u00dfverschluss auf der Vorderseite<br \/>\nGef\u00fcttert<\/p>\n<p>Das Model ist 173 cm gro\u00df und tr\u00e4gt die Gr\u00f6\u00dfe Small<br \/>\nDas Produkt f\u00e4llt gr\u00f6\u00dfengerecht aus<\/p>\n","protected":false},"excerpt":{"rendered":"","protected":false},"featured_media":552060,"template":"","meta":{"_acf_changed":false},"product_brand":[],"product_cat":[18,115],"product_tag":[1871],"class_list":{"0":"post-548470","1":"product","2":"type-product","3":"status-publish","4":"has-post-thumbnail","6":"product_cat-jacken","7":"product_cat-kurze-jacken","8":"product_tag-b2b","9":"pa_brand-withblack","10":"pa_collection-icons-ss25","11":"pa_color-black","12":"pa_fit-relaxed","15":"outofstock","16":"taxable","17":"shipping-taxable","18":"purchasable","19":"product-type-variable"},"acf":[],"yoast_head":"<!-- This site is optimized with the Yoast SEO plugin v23.8 - https:\/\/yoast.com\/wordpress\/plugins\/seo\/ -->\n<title>WBLTRACY VEGAN LEATHER BOMBER &#187; Stylestore.com Germany<\/title>\n<meta name=\"robots\" content=\"index, follow, max-snippet:-1, max-image-preview:large, max-video-preview:-1\" \/>\n<link rel=\"canonical\" href=\"https:\/\/stylestore.com\/deu\/product\/wbltracy-vegan-leather-bomber\/\" \/>\n<meta property=\"og:locale\" content=\"de_DE\" \/>\n<meta property=\"og:type\" content=\"article\" \/>\n<meta property=\"og:title\" content=\"WBLTRACY VEGAN LEATHER BOMBER &#187; Stylestore.com Germany\" \/>\n<meta property=\"og:url\" content=\"https:\/\/stylestore.com\/deu\/product\/wbltracy-vegan-leather-bomber\/\" \/>\n<meta property=\"og:site_name\" content=\"Stylestore.com Germany\" \/>\n<meta property=\"article:modified_time\" content=\"2026-04-11T03:55:33+00:00\" \/>\n<meta property=\"og:image\" content=\"https:\/\/stylestore.com\/deu\/wp-content\/uploads\/sites\/4\/2024\/07\/WBLTRACY20VEGAN20LEATHER20BOMBER20Black2001.jpg\" \/>\n\t<meta property=\"og:image:width\" content=\"1067\" \/>\n\t<meta property=\"og:image:height\" content=\"1600\" \/>\n\t<meta property=\"og:image:type\" content=\"image\/jpeg\" \/>\n<meta name=\"twitter:card\" content=\"summary_large_image\" \/>\n<script type=\"application\/ld+json\" class=\"yoast-schema-graph\">{\"@context\":\"https:\/\/schema.org\",\"@graph\":[{\"@type\":\"WebPage\",\"@id\":\"https:\/\/stylestore.com\/deu\/product\/wbltracy-vegan-leather-bomber\/\",\"url\":\"https:\/\/stylestore.com\/deu\/product\/wbltracy-vegan-leather-bomber\/\",\"name\":\"WBLTRACY VEGAN LEATHER BOMBER &#187; Stylestore.com Germany\",\"isPartOf\":{\"@id\":\"https:\/\/stylestore.com\/deu\/#website\"},\"primaryImageOfPage\":{\"@id\":\"https:\/\/stylestore.com\/deu\/product\/wbltracy-vegan-leather-bomber\/#primaryimage\"},\"image\":{\"@id\":\"https:\/\/stylestore.com\/deu\/product\/wbltracy-vegan-leather-bomber\/#primaryimage\"},\"thumbnailUrl\":\"https:\/\/stylestore.com\/deu\/wp-content\/uploads\/sites\/4\/2024\/07\/WBLTRACY20VEGAN20LEATHER20BOMBER20Black2001.jpg\",\"datePublished\":\"2024-06-03T09:21:31+00:00\",\"dateModified\":\"2026-04-11T03:55:33+00:00\",\"breadcrumb\":{\"@id\":\"https:\/\/stylestore.com\/deu\/product\/wbltracy-vegan-leather-bomber\/#breadcrumb\"},\"inLanguage\":\"de\",\"potentialAction\":[{\"@type\":\"ReadAction\",\"target\":[\"https:\/\/stylestore.com\/deu\/product\/wbltracy-vegan-leather-bomber\/\"]}]},{\"@type\":\"ImageObject\",\"inLanguage\":\"de\",\"@id\":\"https:\/\/stylestore.com\/deu\/product\/wbltracy-vegan-leather-bomber\/#primaryimage\",\"url\":\"https:\/\/stylestore.com\/deu\/wp-content\/uploads\/sites\/4\/2024\/07\/WBLTRACY20VEGAN20LEATHER20BOMBER20Black2001.jpg\",\"contentUrl\":\"https:\/\/stylestore.com\/deu\/wp-content\/uploads\/sites\/4\/2024\/07\/WBLTRACY20VEGAN20LEATHER20BOMBER20Black2001.jpg\",\"width\":1067,\"height\":1600},{\"@type\":\"BreadcrumbList\",\"@id\":\"https:\/\/stylestore.com\/deu\/product\/wbltracy-vegan-leather-bomber\/#breadcrumb\",\"itemListElement\":[{\"@type\":\"ListItem\",\"position\":1,\"name\":\"Search\",\"item\":\"https:\/\/stylestore.com\/deu\/search\/\"},{\"@type\":\"ListItem\",\"position\":2,\"name\":\"WBLTRACY VEGAN LEATHER BOMBER\"}]},{\"@type\":\"WebSite\",\"@id\":\"https:\/\/stylestore.com\/deu\/#website\",\"url\":\"https:\/\/stylestore.com\/deu\/\",\"name\":\"Stylestore.com Germany\",\"description\":\"\",\"potentialAction\":[{\"@type\":\"SearchAction\",\"target\":{\"@type\":\"EntryPoint\",\"urlTemplate\":\"https:\/\/stylestore.com\/deu\/?s={search_term_string}\"},\"query-input\":{\"@type\":\"PropertyValueSpecification\",\"valueRequired\":true,\"valueName\":\"search_term_string\"}}],\"inLanguage\":\"de\"}]}<\/script>\n<!-- \/ Yoast SEO plugin. -->","yoast_head_json":{"title":"WBLTRACY VEGAN LEATHER BOMBER &#187; Stylestore.com Germany","robots":{"index":"index","follow":"follow","max-snippet":"max-snippet:-1","max-image-preview":"max-image-preview:large","max-video-preview":"max-video-preview:-1"},"canonical":"https:\/\/stylestore.com\/deu\/product\/wbltracy-vegan-leather-bomber\/","og_locale":"de_DE","og_type":"article","og_title":"WBLTRACY VEGAN LEATHER BOMBER &#187; Stylestore.com Germany","og_url":"https:\/\/stylestore.com\/deu\/product\/wbltracy-vegan-leather-bomber\/","og_site_name":"Stylestore.com Germany","article_modified_time":"2026-04-11T03:55:33+00:00","og_image":[{"width":1067,"height":1600,"url":"https:\/\/stylestore.com\/deu\/wp-content\/uploads\/sites\/4\/2024\/07\/WBLTRACY20VEGAN20LEATHER20BOMBER20Black2001.jpg","type":"image\/jpeg"}],"twitter_card":"summary_large_image","schema":{"@context":"https:\/\/schema.org","@graph":[{"@type":"WebPage","@id":"https:\/\/stylestore.com\/deu\/product\/wbltracy-vegan-leather-bomber\/","url":"https:\/\/stylestore.com\/deu\/product\/wbltracy-vegan-leather-bomber\/","name":"WBLTRACY VEGAN LEATHER BOMBER &#187; Stylestore.com Germany","isPartOf":{"@id":"https:\/\/stylestore.com\/deu\/#website"},"primaryImageOfPage":{"@id":"https:\/\/stylestore.com\/deu\/product\/wbltracy-vegan-leather-bomber\/#primaryimage"},"image":{"@id":"https:\/\/stylestore.com\/deu\/product\/wbltracy-vegan-leather-bomber\/#primaryimage"},"thumbnailUrl":"https:\/\/stylestore.com\/deu\/wp-content\/uploads\/sites\/4\/2024\/07\/WBLTRACY20VEGAN20LEATHER20BOMBER20Black2001.jpg","datePublished":"2024-06-03T09:21:31+00:00","dateModified":"2026-04-11T03:55:33+00:00","breadcrumb":{"@id":"https:\/\/stylestore.com\/deu\/product\/wbltracy-vegan-leather-bomber\/#breadcrumb"},"inLanguage":"de","potentialAction":[{"@type":"ReadAction","target":["https:\/\/stylestore.com\/deu\/product\/wbltracy-vegan-leather-bomber\/"]}]},{"@type":"ImageObject","inLanguage":"de","@id":"https:\/\/stylestore.com\/deu\/product\/wbltracy-vegan-leather-bomber\/#primaryimage","url":"https:\/\/stylestore.com\/deu\/wp-content\/uploads\/sites\/4\/2024\/07\/WBLTRACY20VEGAN20LEATHER20BOMBER20Black2001.jpg","contentUrl":"https:\/\/stylestore.com\/deu\/wp-content\/uploads\/sites\/4\/2024\/07\/WBLTRACY20VEGAN20LEATHER20BOMBER20Black2001.jpg","width":1067,"height":1600},{"@type":"BreadcrumbList","@id":"https:\/\/stylestore.com\/deu\/product\/wbltracy-vegan-leather-bomber\/#breadcrumb","itemListElement":[{"@type":"ListItem","position":1,"name":"Search","item":"https:\/\/stylestore.com\/deu\/search\/"},{"@type":"ListItem","position":2,"name":"WBLTRACY VEGAN LEATHER BOMBER"}]},{"@type":"WebSite","@id":"https:\/\/stylestore.com\/deu\/#website","url":"https:\/\/stylestore.com\/deu\/","name":"Stylestore.com Germany","description":"","potentialAction":[{"@type":"SearchAction","target":{"@type":"EntryPoint","urlTemplate":"https:\/\/stylestore.com\/deu\/?s={search_term_string}"},"query-input":{"@type":"PropertyValueSpecification","valueRequired":true,"valueName":"search_term_string"}}],"inLanguage":"de"}]}},"_links":{"self":[{"href":"https:\/\/stylestore.com\/deu\/wp-json\/wp\/v2\/product\/548470","targetHints":{"allow":["GET"]}}],"collection":[{"href":"https:\/\/stylestore.com\/deu\/wp-json\/wp\/v2\/product"}],"about":[{"href":"https:\/\/stylestore.com\/deu\/wp-json\/wp\/v2\/types\/product"}],"wp:featuredmedia":[{"embeddable":true,"href":"https:\/\/stylestore.com\/deu\/wp-json\/wp\/v2\/media\/552060"}],"wp:attachment":[{"href":"https:\/\/stylestore.com\/deu\/wp-json\/wp\/v2\/media?parent=548470"}],"wp:term":[{"taxonomy":"product_brand","embeddable":true,"href":"https:\/\/stylestore.com\/deu\/wp-json\/wp\/v2\/product_brand?post=548470"},{"taxonomy":"product_cat","embeddable":true,"href":"https:\/\/stylestore.com\/deu\/wp-json\/wp\/v2\/product_cat?post=548470"},{"taxonomy":"product_tag","embeddable":true,"href":"https:\/\/stylestore.com\/deu\/wp-json\/wp\/v2\/product_tag?post=548470"}],"curies":[{"name":"wp","href":"https:\/\/api.w.org\/{rel}","templated":true}]}}