{"id":542232,"date":"2024-01-15T14:30:45","date_gmt":"2024-01-15T13:30:45","guid":{"rendered":"https:\/\/stylestore.com\/deu\/product\/wblglorian-long-puffer-coat-10\/"},"modified":"2026-04-23T08:05:46","modified_gmt":"2026-04-23T06:05:46","slug":"wblglorian-long-puffer-coat-10","status":"publish","type":"product","link":"https:\/\/stylestore.com\/deu\/product\/wblglorian-long-puffer-coat-10\/","title":{"rendered":"WBLLORIAN LONG PUFFER COAT"},"content":{"rendered":"<p>Machen Sie sich bereit f\u00fcr die kalten Monate mit unserem langen Signature-Puffermantel von WithBlack.<br \/>\nWundersch\u00f6ner langer Daunenmantel, entworfen in einer neuen technischen Qualit\u00e4t, der aus recycelten Fasern hergestellt wird, was das Produkt zu einer nachhaltigeren Erg\u00e4nzung Ihrer Garderobe macht. Gleichzeitig verf\u00fcgt die Jacke \u00fcber die besten<br \/>\ntechnischen F\u00e4higkeiten und ist wind- und wasserdicht sowie schmutzabweisend. Die Jacke ist mit der erstaunlichsten Faser-Daunen-Mischung gef\u00fcttert,<br \/>\ndie Ihnen einen langlebigen Mantel mit einem fantastischen Puff-Touch verleiht, w\u00e4hrend die isolierenden Eigenschaften erstklassig sind, und Sie erhalten einen Mantel, der Sie warm h\u00e4lt.<br \/>\nNeben der F\u00fcllung und der Qualit\u00e4t ist die Jacke unter anderem vollgepackt mit funktionellen Details: gro\u00dfe, sch\u00f6ne Rei\u00dfverschl\u00fcsse, funktionelle Details in der Seitennaht, gro\u00dfe, wundersch\u00f6ne Rei\u00dfverschlusstaschen mit Fleecefutter und einer<br \/>\nentworfenen Kapuze, weiche Verst\u00e4rkungen im Kragen und Sturmb\u00fcndchen in der \u00c4rmel\u00f6ffnung.<br \/>\nDie Silhouette und Passform sind fantastisch und f\u00fcr die meisten Gelegenheiten super geeignet.<br \/>\nDie Jacke wurde einzig und allein entworfen, um Ihnen maximalen Komfort und einen starken Ausdruck w\u00e4hrend des ganzen Herbstes und Winters zu gew\u00e4hrleisten.<br \/>\nDie H\u00f6he des Modells betr\u00e4gt 176 cm und sie tr\u00e4gt eine Gr\u00f6\u00dfe Small.<br \/>\n#Betterwardrobe.<\/p>\n","protected":false},"excerpt":{"rendered":"","protected":false},"featured_media":564541,"template":"","meta":{"_acf_changed":false},"product_brand":[],"product_cat":[18,114],"product_tag":[1521,1522],"class_list":{"0":"post-542232","1":"product","2":"type-product","3":"status-publish","4":"has-post-thumbnail","6":"product_cat-jacken","7":"product_cat-lange-jacken","8":"product_tag-sustainable","9":"product_tag-outlet","10":"pa_brand-withblack","11":"pa_collection-icons-aw24","12":"pa_color-boulder-yellow","13":"pa_fit-relaxed","16":"instock","17":"taxable","18":"shipping-taxable","19":"purchasable","20":"product-type-variable"},"acf":[],"yoast_head":"<!-- This site is optimized with the Yoast SEO plugin v23.8 - https:\/\/yoast.com\/wordpress\/plugins\/seo\/ -->\n<title>WBLLORIAN LONG PUFFER COAT &#187; Stylestore.com Germany<\/title>\n<meta name=\"description\" content=\"Wundersch\u00f6ner langer Daunenmantel. Die Silhouette und Passform sind fantastisch und f\u00fcr die meisten Gelegenheiten super geeignet.\" \/>\n<meta name=\"robots\" content=\"index, follow, max-snippet:-1, max-image-preview:large, max-video-preview:-1\" \/>\n<link rel=\"canonical\" href=\"https:\/\/stylestore.com\/deu\/product\/wblglorian-long-puffer-coat-10\/\" \/>\n<meta property=\"og:locale\" content=\"de_DE\" \/>\n<meta property=\"og:type\" content=\"article\" \/>\n<meta property=\"og:title\" content=\"WBLLORIAN LONG PUFFER COAT &#187; Stylestore.com Germany\" \/>\n<meta property=\"og:description\" content=\"Wundersch\u00f6ner langer Daunenmantel. Die Silhouette und Passform sind fantastisch und f\u00fcr die meisten Gelegenheiten super geeignet.\" \/>\n<meta property=\"og:url\" content=\"https:\/\/stylestore.com\/deu\/product\/wblglorian-long-puffer-coat-10\/\" \/>\n<meta property=\"og:site_name\" content=\"Stylestore.com Germany\" \/>\n<meta property=\"article:modified_time\" content=\"2026-04-23T06:05:46+00:00\" \/>\n<meta property=\"og:image\" content=\"https:\/\/stylestore.com\/deu\/wp-content\/uploads\/sites\/4\/2024\/11\/WBLGLORIAN20LONG20PUFFER20COAT20BOULDER20YELLOW2003.jpg\" \/>\n\t<meta property=\"og:image:width\" content=\"1067\" \/>\n\t<meta property=\"og:image:height\" content=\"1600\" \/>\n\t<meta property=\"og:image:type\" content=\"image\/jpeg\" \/>\n<meta name=\"twitter:card\" content=\"summary_large_image\" \/>\n<meta name=\"twitter:label1\" content=\"Gesch\u00e4tzte Lesezeit\" \/>\n\t<meta name=\"twitter:data1\" content=\"1\u00a0Minute\" \/>\n<script type=\"application\/ld+json\" class=\"yoast-schema-graph\">{\"@context\":\"https:\/\/schema.org\",\"@graph\":[{\"@type\":\"WebPage\",\"@id\":\"https:\/\/stylestore.com\/deu\/product\/wblglorian-long-puffer-coat-10\/\",\"url\":\"https:\/\/stylestore.com\/deu\/product\/wblglorian-long-puffer-coat-10\/\",\"name\":\"WBLLORIAN LONG PUFFER COAT &#187; Stylestore.com Germany\",\"isPartOf\":{\"@id\":\"https:\/\/stylestore.com\/deu\/#website\"},\"primaryImageOfPage\":{\"@id\":\"https:\/\/stylestore.com\/deu\/product\/wblglorian-long-puffer-coat-10\/#primaryimage\"},\"image\":{\"@id\":\"https:\/\/stylestore.com\/deu\/product\/wblglorian-long-puffer-coat-10\/#primaryimage\"},\"thumbnailUrl\":\"https:\/\/stylestore.com\/deu\/wp-content\/uploads\/sites\/4\/2024\/11\/WBLGLORIAN20LONG20PUFFER20COAT20BOULDER20YELLOW2003.jpg\",\"datePublished\":\"2024-01-15T13:30:45+00:00\",\"dateModified\":\"2026-04-23T06:05:46+00:00\",\"description\":\"Wundersch\u00f6ner langer Daunenmantel. Die Silhouette und Passform sind fantastisch und f\u00fcr die meisten Gelegenheiten super geeignet.\",\"breadcrumb\":{\"@id\":\"https:\/\/stylestore.com\/deu\/product\/wblglorian-long-puffer-coat-10\/#breadcrumb\"},\"inLanguage\":\"de\",\"potentialAction\":[{\"@type\":\"ReadAction\",\"target\":[\"https:\/\/stylestore.com\/deu\/product\/wblglorian-long-puffer-coat-10\/\"]}]},{\"@type\":\"ImageObject\",\"inLanguage\":\"de\",\"@id\":\"https:\/\/stylestore.com\/deu\/product\/wblglorian-long-puffer-coat-10\/#primaryimage\",\"url\":\"https:\/\/stylestore.com\/deu\/wp-content\/uploads\/sites\/4\/2024\/11\/WBLGLORIAN20LONG20PUFFER20COAT20BOULDER20YELLOW2003.jpg\",\"contentUrl\":\"https:\/\/stylestore.com\/deu\/wp-content\/uploads\/sites\/4\/2024\/11\/WBLGLORIAN20LONG20PUFFER20COAT20BOULDER20YELLOW2003.jpg\",\"width\":1067,\"height\":1600},{\"@type\":\"BreadcrumbList\",\"@id\":\"https:\/\/stylestore.com\/deu\/product\/wblglorian-long-puffer-coat-10\/#breadcrumb\",\"itemListElement\":[{\"@type\":\"ListItem\",\"position\":1,\"name\":\"Search\",\"item\":\"https:\/\/stylestore.com\/deu\/search\/\"},{\"@type\":\"ListItem\",\"position\":2,\"name\":\"WBLLORIAN LONG PUFFER COAT\"}]},{\"@type\":\"WebSite\",\"@id\":\"https:\/\/stylestore.com\/deu\/#website\",\"url\":\"https:\/\/stylestore.com\/deu\/\",\"name\":\"Stylestore.com Germany\",\"description\":\"\",\"potentialAction\":[{\"@type\":\"SearchAction\",\"target\":{\"@type\":\"EntryPoint\",\"urlTemplate\":\"https:\/\/stylestore.com\/deu\/?s={search_term_string}\"},\"query-input\":{\"@type\":\"PropertyValueSpecification\",\"valueRequired\":true,\"valueName\":\"search_term_string\"}}],\"inLanguage\":\"de\"}]}<\/script>\n<!-- \/ Yoast SEO plugin. -->","yoast_head_json":{"title":"WBLLORIAN LONG PUFFER COAT &#187; Stylestore.com Germany","description":"Wundersch\u00f6ner langer Daunenmantel. Die Silhouette und Passform sind fantastisch und f\u00fcr die meisten Gelegenheiten super geeignet.","robots":{"index":"index","follow":"follow","max-snippet":"max-snippet:-1","max-image-preview":"max-image-preview:large","max-video-preview":"max-video-preview:-1"},"canonical":"https:\/\/stylestore.com\/deu\/product\/wblglorian-long-puffer-coat-10\/","og_locale":"de_DE","og_type":"article","og_title":"WBLLORIAN LONG PUFFER COAT &#187; Stylestore.com Germany","og_description":"Wundersch\u00f6ner langer Daunenmantel. Die Silhouette und Passform sind fantastisch und f\u00fcr die meisten Gelegenheiten super geeignet.","og_url":"https:\/\/stylestore.com\/deu\/product\/wblglorian-long-puffer-coat-10\/","og_site_name":"Stylestore.com Germany","article_modified_time":"2026-04-23T06:05:46+00:00","og_image":[{"width":1067,"height":1600,"url":"https:\/\/stylestore.com\/deu\/wp-content\/uploads\/sites\/4\/2024\/11\/WBLGLORIAN20LONG20PUFFER20COAT20BOULDER20YELLOW2003.jpg","type":"image\/jpeg"}],"twitter_card":"summary_large_image","twitter_misc":{"Gesch\u00e4tzte Lesezeit":"1\u00a0Minute"},"schema":{"@context":"https:\/\/schema.org","@graph":[{"@type":"WebPage","@id":"https:\/\/stylestore.com\/deu\/product\/wblglorian-long-puffer-coat-10\/","url":"https:\/\/stylestore.com\/deu\/product\/wblglorian-long-puffer-coat-10\/","name":"WBLLORIAN LONG PUFFER COAT &#187; Stylestore.com Germany","isPartOf":{"@id":"https:\/\/stylestore.com\/deu\/#website"},"primaryImageOfPage":{"@id":"https:\/\/stylestore.com\/deu\/product\/wblglorian-long-puffer-coat-10\/#primaryimage"},"image":{"@id":"https:\/\/stylestore.com\/deu\/product\/wblglorian-long-puffer-coat-10\/#primaryimage"},"thumbnailUrl":"https:\/\/stylestore.com\/deu\/wp-content\/uploads\/sites\/4\/2024\/11\/WBLGLORIAN20LONG20PUFFER20COAT20BOULDER20YELLOW2003.jpg","datePublished":"2024-01-15T13:30:45+00:00","dateModified":"2026-04-23T06:05:46+00:00","description":"Wundersch\u00f6ner langer Daunenmantel. Die Silhouette und Passform sind fantastisch und f\u00fcr die meisten Gelegenheiten super geeignet.","breadcrumb":{"@id":"https:\/\/stylestore.com\/deu\/product\/wblglorian-long-puffer-coat-10\/#breadcrumb"},"inLanguage":"de","potentialAction":[{"@type":"ReadAction","target":["https:\/\/stylestore.com\/deu\/product\/wblglorian-long-puffer-coat-10\/"]}]},{"@type":"ImageObject","inLanguage":"de","@id":"https:\/\/stylestore.com\/deu\/product\/wblglorian-long-puffer-coat-10\/#primaryimage","url":"https:\/\/stylestore.com\/deu\/wp-content\/uploads\/sites\/4\/2024\/11\/WBLGLORIAN20LONG20PUFFER20COAT20BOULDER20YELLOW2003.jpg","contentUrl":"https:\/\/stylestore.com\/deu\/wp-content\/uploads\/sites\/4\/2024\/11\/WBLGLORIAN20LONG20PUFFER20COAT20BOULDER20YELLOW2003.jpg","width":1067,"height":1600},{"@type":"BreadcrumbList","@id":"https:\/\/stylestore.com\/deu\/product\/wblglorian-long-puffer-coat-10\/#breadcrumb","itemListElement":[{"@type":"ListItem","position":1,"name":"Search","item":"https:\/\/stylestore.com\/deu\/search\/"},{"@type":"ListItem","position":2,"name":"WBLLORIAN LONG PUFFER COAT"}]},{"@type":"WebSite","@id":"https:\/\/stylestore.com\/deu\/#website","url":"https:\/\/stylestore.com\/deu\/","name":"Stylestore.com Germany","description":"","potentialAction":[{"@type":"SearchAction","target":{"@type":"EntryPoint","urlTemplate":"https:\/\/stylestore.com\/deu\/?s={search_term_string}"},"query-input":{"@type":"PropertyValueSpecification","valueRequired":true,"valueName":"search_term_string"}}],"inLanguage":"de"}]}},"_links":{"self":[{"href":"https:\/\/stylestore.com\/deu\/wp-json\/wp\/v2\/product\/542232","targetHints":{"allow":["GET"]}}],"collection":[{"href":"https:\/\/stylestore.com\/deu\/wp-json\/wp\/v2\/product"}],"about":[{"href":"https:\/\/stylestore.com\/deu\/wp-json\/wp\/v2\/types\/product"}],"wp:featuredmedia":[{"embeddable":true,"href":"https:\/\/stylestore.com\/deu\/wp-json\/wp\/v2\/media\/564541"}],"wp:attachment":[{"href":"https:\/\/stylestore.com\/deu\/wp-json\/wp\/v2\/media?parent=542232"}],"wp:term":[{"taxonomy":"product_brand","embeddable":true,"href":"https:\/\/stylestore.com\/deu\/wp-json\/wp\/v2\/product_brand?post=542232"},{"taxonomy":"product_cat","embeddable":true,"href":"https:\/\/stylestore.com\/deu\/wp-json\/wp\/v2\/product_cat?post=542232"},{"taxonomy":"product_tag","embeddable":true,"href":"https:\/\/stylestore.com\/deu\/wp-json\/wp\/v2\/product_tag?post=542232"}],"curies":[{"name":"wp","href":"https:\/\/api.w.org\/{rel}","templated":true}]}}