{"id":541997,"date":"2024-01-15T13:37:21","date_gmt":"2024-01-15T12:37:21","guid":{"rendered":"https:\/\/stylestore.com\/deu\/product\/wblkylie-real-down-jacket-9\/"},"modified":"2026-04-23T08:05:47","modified_gmt":"2026-04-23T06:05:47","slug":"wblkylie-real-down-jacket-9","status":"publish","type":"product","link":"https:\/\/stylestore.com\/deu\/product\/wblkylie-real-down-jacket-9\/","title":{"rendered":"WBLCYLIE REAL DOWN JACKET"},"content":{"rendered":"<p>Bereiten Sie sich mit dieser exklusiven Daunenjacke von WithBlack ganz auf die kalten Monate vor.<br \/>\nKurze Daunen-Pufferjacke, entworfen in einer neuen technischen Qualit\u00e4t, die aus recycelten Fasern hergestellt wird<br \/>\n, was das Produkt zu einer nachhaltigeren Erg\u00e4nzung Ihrer Garderobe macht. Die Jacke ist mit der exklusivsten Entendaunenmischung gef\u00fcttert, die Ihnen einzigartige Trageeigenschaften verleiht, und die Jacke hat einen fantastischen Puff Touch,<br \/>\n, w\u00e4hrend die Isoliereigenschaften erstklassig sind, und Sie erhalten eine Jacke, die Sie die ganze Saison \u00fcber warm h\u00e4lt.<br \/>\nZus\u00e4tzlich zum Futter und der Qualit\u00e4t ist die Jacke vollgepackt mit funktionellen Details, unter anderem mit kr\u00e4ftigen Metallrei\u00dfverschl\u00fcssen, funktionellen Details an den \u00c4rmeln, Rei\u00dfverschlusstaschen und einer speziell entworfenen Kapuze usw.<br \/>\nDie Silhouette und Passform ist fantastisch und super vielseitig f\u00fcr jede Gelegenheit.<br \/>\nDie Jacke ist einzig und allein darauf ausgelegt, Ihnen maximalen Komfort zu gew\u00e4hrleisten und einen starken Ausdruck im Herbst und Winter zu unterst\u00fctzen.<br \/>\nDie H\u00f6he des Modells betr\u00e4gt 176 cm und sie tr\u00e4gt eine Gr\u00f6\u00dfe Small.<br \/>\n#Betterwardrobe<\/p>\n","protected":false},"excerpt":{"rendered":"","protected":false},"featured_media":557170,"template":"","meta":{"_acf_changed":false},"product_brand":[],"product_cat":[18,115],"product_tag":[],"class_list":{"0":"post-541997","1":"product","2":"type-product","3":"status-publish","4":"has-post-thumbnail","6":"product_cat-jacken","7":"product_cat-kurze-jacken","8":"pa_brand-withblack","9":"pa_collection-icons-aw24","10":"pa_color-sodalite-blue","11":"pa_fit-relaxed","14":"instock","15":"taxable","16":"shipping-taxable","17":"purchasable","18":"product-type-variable"},"acf":[],"yoast_head":"<!-- This site is optimized with the Yoast SEO plugin v23.8 - https:\/\/yoast.com\/wordpress\/plugins\/seo\/ -->\n<title>WBLCYLIE REAL DOWN JACKET &#187; Stylestore.com Germany<\/title>\n<meta name=\"description\" content=\"Kurze Daunen-Pufferjacke in einer atemberaubenden Silhouette, hergestellt aus recycelten Fasern und gef\u00fcttert mit feinster Entendaunenmischung.\" \/>\n<meta name=\"robots\" content=\"index, follow, max-snippet:-1, max-image-preview:large, max-video-preview:-1\" \/>\n<link rel=\"canonical\" href=\"https:\/\/stylestore.com\/deu\/product\/wblkylie-real-down-jacket-9\/\" \/>\n<meta property=\"og:locale\" content=\"de_DE\" \/>\n<meta property=\"og:type\" content=\"article\" \/>\n<meta property=\"og:title\" content=\"WBLCYLIE REAL DOWN JACKET &#187; Stylestore.com Germany\" \/>\n<meta property=\"og:description\" content=\"Kurze Daunen-Pufferjacke in einer atemberaubenden Silhouette, hergestellt aus recycelten Fasern und gef\u00fcttert mit feinster Entendaunenmischung.\" \/>\n<meta property=\"og:url\" content=\"https:\/\/stylestore.com\/deu\/product\/wblkylie-real-down-jacket-9\/\" \/>\n<meta property=\"og:site_name\" content=\"Stylestore.com Germany\" \/>\n<meta property=\"article:modified_time\" content=\"2026-04-23T06:05:47+00:00\" \/>\n<meta property=\"og:image\" content=\"https:\/\/stylestore.com\/deu\/wp-content\/uploads\/sites\/4\/2024\/09\/WBLKYLIE20REAL20DOWN20JACKET20Sodalite20Blue201-2.jpg\" \/>\n\t<meta property=\"og:image:width\" content=\"1067\" \/>\n\t<meta property=\"og:image:height\" content=\"1600\" \/>\n\t<meta property=\"og:image:type\" content=\"image\/jpeg\" \/>\n<meta name=\"twitter:card\" content=\"summary_large_image\" \/>\n<meta name=\"twitter:label1\" content=\"Gesch\u00e4tzte Lesezeit\" \/>\n\t<meta name=\"twitter:data1\" content=\"1\u00a0Minute\" \/>\n<script type=\"application\/ld+json\" class=\"yoast-schema-graph\">{\"@context\":\"https:\/\/schema.org\",\"@graph\":[{\"@type\":\"WebPage\",\"@id\":\"https:\/\/stylestore.com\/deu\/product\/wblkylie-real-down-jacket-9\/\",\"url\":\"https:\/\/stylestore.com\/deu\/product\/wblkylie-real-down-jacket-9\/\",\"name\":\"WBLCYLIE REAL DOWN JACKET &#187; Stylestore.com Germany\",\"isPartOf\":{\"@id\":\"https:\/\/stylestore.com\/deu\/#website\"},\"primaryImageOfPage\":{\"@id\":\"https:\/\/stylestore.com\/deu\/product\/wblkylie-real-down-jacket-9\/#primaryimage\"},\"image\":{\"@id\":\"https:\/\/stylestore.com\/deu\/product\/wblkylie-real-down-jacket-9\/#primaryimage\"},\"thumbnailUrl\":\"https:\/\/stylestore.com\/deu\/wp-content\/uploads\/sites\/4\/2024\/09\/WBLKYLIE20REAL20DOWN20JACKET20Sodalite20Blue201-2.jpg\",\"datePublished\":\"2024-01-15T12:37:21+00:00\",\"dateModified\":\"2026-04-23T06:05:47+00:00\",\"description\":\"Kurze Daunen-Pufferjacke in einer atemberaubenden Silhouette, hergestellt aus recycelten Fasern und gef\u00fcttert mit feinster Entendaunenmischung.\",\"breadcrumb\":{\"@id\":\"https:\/\/stylestore.com\/deu\/product\/wblkylie-real-down-jacket-9\/#breadcrumb\"},\"inLanguage\":\"de\",\"potentialAction\":[{\"@type\":\"ReadAction\",\"target\":[\"https:\/\/stylestore.com\/deu\/product\/wblkylie-real-down-jacket-9\/\"]}]},{\"@type\":\"ImageObject\",\"inLanguage\":\"de\",\"@id\":\"https:\/\/stylestore.com\/deu\/product\/wblkylie-real-down-jacket-9\/#primaryimage\",\"url\":\"https:\/\/stylestore.com\/deu\/wp-content\/uploads\/sites\/4\/2024\/09\/WBLKYLIE20REAL20DOWN20JACKET20Sodalite20Blue201-2.jpg\",\"contentUrl\":\"https:\/\/stylestore.com\/deu\/wp-content\/uploads\/sites\/4\/2024\/09\/WBLKYLIE20REAL20DOWN20JACKET20Sodalite20Blue201-2.jpg\",\"width\":1067,\"height\":1600},{\"@type\":\"BreadcrumbList\",\"@id\":\"https:\/\/stylestore.com\/deu\/product\/wblkylie-real-down-jacket-9\/#breadcrumb\",\"itemListElement\":[{\"@type\":\"ListItem\",\"position\":1,\"name\":\"Search\",\"item\":\"https:\/\/stylestore.com\/deu\/search\/\"},{\"@type\":\"ListItem\",\"position\":2,\"name\":\"WBLCYLIE REAL DOWN JACKET\"}]},{\"@type\":\"WebSite\",\"@id\":\"https:\/\/stylestore.com\/deu\/#website\",\"url\":\"https:\/\/stylestore.com\/deu\/\",\"name\":\"Stylestore.com Germany\",\"description\":\"\",\"potentialAction\":[{\"@type\":\"SearchAction\",\"target\":{\"@type\":\"EntryPoint\",\"urlTemplate\":\"https:\/\/stylestore.com\/deu\/?s={search_term_string}\"},\"query-input\":{\"@type\":\"PropertyValueSpecification\",\"valueRequired\":true,\"valueName\":\"search_term_string\"}}],\"inLanguage\":\"de\"}]}<\/script>\n<!-- \/ Yoast SEO plugin. -->","yoast_head_json":{"title":"WBLCYLIE REAL DOWN JACKET &#187; Stylestore.com Germany","description":"Kurze Daunen-Pufferjacke in einer atemberaubenden Silhouette, hergestellt aus recycelten Fasern und gef\u00fcttert mit feinster Entendaunenmischung.","robots":{"index":"index","follow":"follow","max-snippet":"max-snippet:-1","max-image-preview":"max-image-preview:large","max-video-preview":"max-video-preview:-1"},"canonical":"https:\/\/stylestore.com\/deu\/product\/wblkylie-real-down-jacket-9\/","og_locale":"de_DE","og_type":"article","og_title":"WBLCYLIE REAL DOWN JACKET &#187; Stylestore.com Germany","og_description":"Kurze Daunen-Pufferjacke in einer atemberaubenden Silhouette, hergestellt aus recycelten Fasern und gef\u00fcttert mit feinster Entendaunenmischung.","og_url":"https:\/\/stylestore.com\/deu\/product\/wblkylie-real-down-jacket-9\/","og_site_name":"Stylestore.com Germany","article_modified_time":"2026-04-23T06:05:47+00:00","og_image":[{"width":1067,"height":1600,"url":"https:\/\/stylestore.com\/deu\/wp-content\/uploads\/sites\/4\/2024\/09\/WBLKYLIE20REAL20DOWN20JACKET20Sodalite20Blue201-2.jpg","type":"image\/jpeg"}],"twitter_card":"summary_large_image","twitter_misc":{"Gesch\u00e4tzte Lesezeit":"1\u00a0Minute"},"schema":{"@context":"https:\/\/schema.org","@graph":[{"@type":"WebPage","@id":"https:\/\/stylestore.com\/deu\/product\/wblkylie-real-down-jacket-9\/","url":"https:\/\/stylestore.com\/deu\/product\/wblkylie-real-down-jacket-9\/","name":"WBLCYLIE REAL DOWN JACKET &#187; Stylestore.com Germany","isPartOf":{"@id":"https:\/\/stylestore.com\/deu\/#website"},"primaryImageOfPage":{"@id":"https:\/\/stylestore.com\/deu\/product\/wblkylie-real-down-jacket-9\/#primaryimage"},"image":{"@id":"https:\/\/stylestore.com\/deu\/product\/wblkylie-real-down-jacket-9\/#primaryimage"},"thumbnailUrl":"https:\/\/stylestore.com\/deu\/wp-content\/uploads\/sites\/4\/2024\/09\/WBLKYLIE20REAL20DOWN20JACKET20Sodalite20Blue201-2.jpg","datePublished":"2024-01-15T12:37:21+00:00","dateModified":"2026-04-23T06:05:47+00:00","description":"Kurze Daunen-Pufferjacke in einer atemberaubenden Silhouette, hergestellt aus recycelten Fasern und gef\u00fcttert mit feinster Entendaunenmischung.","breadcrumb":{"@id":"https:\/\/stylestore.com\/deu\/product\/wblkylie-real-down-jacket-9\/#breadcrumb"},"inLanguage":"de","potentialAction":[{"@type":"ReadAction","target":["https:\/\/stylestore.com\/deu\/product\/wblkylie-real-down-jacket-9\/"]}]},{"@type":"ImageObject","inLanguage":"de","@id":"https:\/\/stylestore.com\/deu\/product\/wblkylie-real-down-jacket-9\/#primaryimage","url":"https:\/\/stylestore.com\/deu\/wp-content\/uploads\/sites\/4\/2024\/09\/WBLKYLIE20REAL20DOWN20JACKET20Sodalite20Blue201-2.jpg","contentUrl":"https:\/\/stylestore.com\/deu\/wp-content\/uploads\/sites\/4\/2024\/09\/WBLKYLIE20REAL20DOWN20JACKET20Sodalite20Blue201-2.jpg","width":1067,"height":1600},{"@type":"BreadcrumbList","@id":"https:\/\/stylestore.com\/deu\/product\/wblkylie-real-down-jacket-9\/#breadcrumb","itemListElement":[{"@type":"ListItem","position":1,"name":"Search","item":"https:\/\/stylestore.com\/deu\/search\/"},{"@type":"ListItem","position":2,"name":"WBLCYLIE REAL DOWN JACKET"}]},{"@type":"WebSite","@id":"https:\/\/stylestore.com\/deu\/#website","url":"https:\/\/stylestore.com\/deu\/","name":"Stylestore.com Germany","description":"","potentialAction":[{"@type":"SearchAction","target":{"@type":"EntryPoint","urlTemplate":"https:\/\/stylestore.com\/deu\/?s={search_term_string}"},"query-input":{"@type":"PropertyValueSpecification","valueRequired":true,"valueName":"search_term_string"}}],"inLanguage":"de"}]}},"_links":{"self":[{"href":"https:\/\/stylestore.com\/deu\/wp-json\/wp\/v2\/product\/541997","targetHints":{"allow":["GET"]}}],"collection":[{"href":"https:\/\/stylestore.com\/deu\/wp-json\/wp\/v2\/product"}],"about":[{"href":"https:\/\/stylestore.com\/deu\/wp-json\/wp\/v2\/types\/product"}],"wp:featuredmedia":[{"embeddable":true,"href":"https:\/\/stylestore.com\/deu\/wp-json\/wp\/v2\/media\/557170"}],"wp:attachment":[{"href":"https:\/\/stylestore.com\/deu\/wp-json\/wp\/v2\/media?parent=541997"}],"wp:term":[{"taxonomy":"product_brand","embeddable":true,"href":"https:\/\/stylestore.com\/deu\/wp-json\/wp\/v2\/product_brand?post=541997"},{"taxonomy":"product_cat","embeddable":true,"href":"https:\/\/stylestore.com\/deu\/wp-json\/wp\/v2\/product_cat?post=541997"},{"taxonomy":"product_tag","embeddable":true,"href":"https:\/\/stylestore.com\/deu\/wp-json\/wp\/v2\/product_tag?post=541997"}],"curies":[{"name":"wp","href":"https:\/\/api.w.org\/{rel}","templated":true}]}}