{"id":540810,"date":"2024-01-09T15:13:43","date_gmt":"2024-01-09T14:13:43","guid":{"rendered":"https:\/\/stylestore.com\/deu\/product\/wblshorty-ls-cropped-shirt-3\/"},"modified":"2026-04-23T08:05:49","modified_gmt":"2026-04-23T06:05:49","slug":"wblshorty-ls-cropped-shirt-3","status":"publish","type":"product","link":"https:\/\/stylestore.com\/deu\/product\/wblshorty-ls-cropped-shirt-3\/","title":{"rendered":"WBLSHORTY LS CROPPED SHIRT"},"content":{"rendered":"<p>Gek\u00fcrztes Hemd<br \/>\nLeichter, kastenf\u00f6rmiger Schnitt<br \/>\n\u00dcberschnittene Schultern<br \/>\nKlassischer Hemdkragen<br \/>\nKnopfleiste vorne<br \/>\nBrusttasche<br \/>\nGekn\u00f6pfte Manschetten<\/p>\n","protected":false},"excerpt":{"rendered":"","protected":false},"featured_media":609604,"template":"","meta":{"_acf_changed":false},"product_brand":[],"product_cat":[125,124],"product_tag":[1871],"class_list":{"0":"post-540810","1":"product","2":"type-product","3":"status-publish","4":"has-post-thumbnail","6":"product_cat-blusen","7":"product_cat-hemden","8":"product_tag-b2b","9":"pa_brand-withblack","10":"pa_collection-effortless","11":"pa_color-white","14":"outofstock","15":"taxable","16":"shipping-taxable","17":"purchasable","18":"product-type-variable"},"acf":[],"yoast_head":"<!-- This site is optimized with the Yoast SEO plugin v23.8 - https:\/\/yoast.com\/wordpress\/plugins\/seo\/ -->\n<title>WBLSHORTY LS CROPPED SHIRT &#187; Stylestore.com Germany<\/title>\n<meta name=\"description\" content=\"Gek\u00fcrztes Hemd in leicht kastiger Passform mit \u00fcberschnittenen Schultern f\u00fcr einen modernen Look. Der klassische Hemdkragen und die durchgekn\u00f6pfte Vorderseite sorgen f\u00fcr zeitlose Attraktivit\u00e4t, w\u00e4hrend die Brusttasche und die Knopfmanschetten f\u00fcr ein raffiniertes Finish sorgen.\" \/>\n<meta name=\"robots\" content=\"index, follow, max-snippet:-1, max-image-preview:large, max-video-preview:-1\" \/>\n<link rel=\"canonical\" href=\"https:\/\/stylestore.com\/deu\/product\/wblshorty-ls-cropped-shirt-3\/\" \/>\n<meta property=\"og:locale\" content=\"de_DE\" \/>\n<meta property=\"og:type\" content=\"article\" \/>\n<meta property=\"og:title\" content=\"WBLSHORTY LS CROPPED SHIRT &#187; Stylestore.com Germany\" \/>\n<meta property=\"og:description\" content=\"Gek\u00fcrztes Hemd in leicht kastiger Passform mit \u00fcberschnittenen Schultern f\u00fcr einen modernen Look. Der klassische Hemdkragen und die durchgekn\u00f6pfte Vorderseite sorgen f\u00fcr zeitlose Attraktivit\u00e4t, w\u00e4hrend die Brusttasche und die Knopfmanschetten f\u00fcr ein raffiniertes Finish sorgen.\" \/>\n<meta property=\"og:url\" content=\"https:\/\/stylestore.com\/deu\/product\/wblshorty-ls-cropped-shirt-3\/\" \/>\n<meta property=\"og:site_name\" content=\"Stylestore.com Germany\" \/>\n<meta property=\"article:modified_time\" content=\"2026-04-23T06:05:49+00:00\" \/>\n<meta property=\"og:image\" content=\"https:\/\/stylestore.com\/deu\/wp-content\/uploads\/sites\/4\/2024\/01\/WBLSHORTY20LS20CROPPED20SHIRT20White609-2.jpg\" \/>\n\t<meta property=\"og:image:width\" content=\"1067\" \/>\n\t<meta property=\"og:image:height\" content=\"1600\" \/>\n\t<meta property=\"og:image:type\" content=\"image\/jpeg\" \/>\n<meta name=\"twitter:card\" content=\"summary_large_image\" \/>\n<script type=\"application\/ld+json\" class=\"yoast-schema-graph\">{\"@context\":\"https:\/\/schema.org\",\"@graph\":[{\"@type\":\"WebPage\",\"@id\":\"https:\/\/stylestore.com\/deu\/product\/wblshorty-ls-cropped-shirt-3\/\",\"url\":\"https:\/\/stylestore.com\/deu\/product\/wblshorty-ls-cropped-shirt-3\/\",\"name\":\"WBLSHORTY LS CROPPED SHIRT &#187; Stylestore.com Germany\",\"isPartOf\":{\"@id\":\"https:\/\/stylestore.com\/deu\/#website\"},\"primaryImageOfPage\":{\"@id\":\"https:\/\/stylestore.com\/deu\/product\/wblshorty-ls-cropped-shirt-3\/#primaryimage\"},\"image\":{\"@id\":\"https:\/\/stylestore.com\/deu\/product\/wblshorty-ls-cropped-shirt-3\/#primaryimage\"},\"thumbnailUrl\":\"https:\/\/stylestore.com\/deu\/wp-content\/uploads\/sites\/4\/2025\/12\/WBLSHORTY20LS20CROPPED20SHIRT20White609-1.jpg\",\"datePublished\":\"2024-01-09T14:13:43+00:00\",\"dateModified\":\"2026-04-23T06:05:49+00:00\",\"description\":\"Gek\u00fcrztes Hemd in leicht kastiger Passform mit \u00fcberschnittenen Schultern f\u00fcr einen modernen Look. Der klassische Hemdkragen und die durchgekn\u00f6pfte Vorderseite sorgen f\u00fcr zeitlose Attraktivit\u00e4t, w\u00e4hrend die Brusttasche und die Knopfmanschetten f\u00fcr ein raffiniertes Finish sorgen.\",\"breadcrumb\":{\"@id\":\"https:\/\/stylestore.com\/deu\/product\/wblshorty-ls-cropped-shirt-3\/#breadcrumb\"},\"inLanguage\":\"de\",\"potentialAction\":[{\"@type\":\"ReadAction\",\"target\":[\"https:\/\/stylestore.com\/deu\/product\/wblshorty-ls-cropped-shirt-3\/\"]}]},{\"@type\":\"ImageObject\",\"inLanguage\":\"de\",\"@id\":\"https:\/\/stylestore.com\/deu\/product\/wblshorty-ls-cropped-shirt-3\/#primaryimage\",\"url\":\"https:\/\/stylestore.com\/deu\/wp-content\/uploads\/sites\/4\/2025\/12\/WBLSHORTY20LS20CROPPED20SHIRT20White609-1.jpg\",\"contentUrl\":\"https:\/\/stylestore.com\/deu\/wp-content\/uploads\/sites\/4\/2025\/12\/WBLSHORTY20LS20CROPPED20SHIRT20White609-1.jpg\",\"width\":1067,\"height\":1600},{\"@type\":\"BreadcrumbList\",\"@id\":\"https:\/\/stylestore.com\/deu\/product\/wblshorty-ls-cropped-shirt-3\/#breadcrumb\",\"itemListElement\":[{\"@type\":\"ListItem\",\"position\":1,\"name\":\"Search\",\"item\":\"https:\/\/stylestore.com\/deu\/search\/\"},{\"@type\":\"ListItem\",\"position\":2,\"name\":\"WBLSHORTY LS CROPPED SHIRT\"}]},{\"@type\":\"WebSite\",\"@id\":\"https:\/\/stylestore.com\/deu\/#website\",\"url\":\"https:\/\/stylestore.com\/deu\/\",\"name\":\"Stylestore.com Germany\",\"description\":\"\",\"potentialAction\":[{\"@type\":\"SearchAction\",\"target\":{\"@type\":\"EntryPoint\",\"urlTemplate\":\"https:\/\/stylestore.com\/deu\/?s={search_term_string}\"},\"query-input\":{\"@type\":\"PropertyValueSpecification\",\"valueRequired\":true,\"valueName\":\"search_term_string\"}}],\"inLanguage\":\"de\"}]}<\/script>\n<!-- \/ Yoast SEO plugin. -->","yoast_head_json":{"title":"WBLSHORTY LS CROPPED SHIRT &#187; Stylestore.com Germany","description":"Gek\u00fcrztes Hemd in leicht kastiger Passform mit \u00fcberschnittenen Schultern f\u00fcr einen modernen Look. Der klassische Hemdkragen und die durchgekn\u00f6pfte Vorderseite sorgen f\u00fcr zeitlose Attraktivit\u00e4t, w\u00e4hrend die Brusttasche und die Knopfmanschetten f\u00fcr ein raffiniertes Finish sorgen.","robots":{"index":"index","follow":"follow","max-snippet":"max-snippet:-1","max-image-preview":"max-image-preview:large","max-video-preview":"max-video-preview:-1"},"canonical":"https:\/\/stylestore.com\/deu\/product\/wblshorty-ls-cropped-shirt-3\/","og_locale":"de_DE","og_type":"article","og_title":"WBLSHORTY LS CROPPED SHIRT &#187; Stylestore.com Germany","og_description":"Gek\u00fcrztes Hemd in leicht kastiger Passform mit \u00fcberschnittenen Schultern f\u00fcr einen modernen Look. Der klassische Hemdkragen und die durchgekn\u00f6pfte Vorderseite sorgen f\u00fcr zeitlose Attraktivit\u00e4t, w\u00e4hrend die Brusttasche und die Knopfmanschetten f\u00fcr ein raffiniertes Finish sorgen.","og_url":"https:\/\/stylestore.com\/deu\/product\/wblshorty-ls-cropped-shirt-3\/","og_site_name":"Stylestore.com Germany","article_modified_time":"2026-04-23T06:05:49+00:00","og_image":[{"width":1067,"height":1600,"url":"https:\/\/stylestore.com\/deu\/wp-content\/uploads\/sites\/4\/2024\/01\/WBLSHORTY20LS20CROPPED20SHIRT20White609-2.jpg","type":"image\/jpeg"}],"twitter_card":"summary_large_image","schema":{"@context":"https:\/\/schema.org","@graph":[{"@type":"WebPage","@id":"https:\/\/stylestore.com\/deu\/product\/wblshorty-ls-cropped-shirt-3\/","url":"https:\/\/stylestore.com\/deu\/product\/wblshorty-ls-cropped-shirt-3\/","name":"WBLSHORTY LS CROPPED SHIRT &#187; Stylestore.com Germany","isPartOf":{"@id":"https:\/\/stylestore.com\/deu\/#website"},"primaryImageOfPage":{"@id":"https:\/\/stylestore.com\/deu\/product\/wblshorty-ls-cropped-shirt-3\/#primaryimage"},"image":{"@id":"https:\/\/stylestore.com\/deu\/product\/wblshorty-ls-cropped-shirt-3\/#primaryimage"},"thumbnailUrl":"https:\/\/stylestore.com\/deu\/wp-content\/uploads\/sites\/4\/2025\/12\/WBLSHORTY20LS20CROPPED20SHIRT20White609-1.jpg","datePublished":"2024-01-09T14:13:43+00:00","dateModified":"2026-04-23T06:05:49+00:00","description":"Gek\u00fcrztes Hemd in leicht kastiger Passform mit \u00fcberschnittenen Schultern f\u00fcr einen modernen Look. Der klassische Hemdkragen und die durchgekn\u00f6pfte Vorderseite sorgen f\u00fcr zeitlose Attraktivit\u00e4t, w\u00e4hrend die Brusttasche und die Knopfmanschetten f\u00fcr ein raffiniertes Finish sorgen.","breadcrumb":{"@id":"https:\/\/stylestore.com\/deu\/product\/wblshorty-ls-cropped-shirt-3\/#breadcrumb"},"inLanguage":"de","potentialAction":[{"@type":"ReadAction","target":["https:\/\/stylestore.com\/deu\/product\/wblshorty-ls-cropped-shirt-3\/"]}]},{"@type":"ImageObject","inLanguage":"de","@id":"https:\/\/stylestore.com\/deu\/product\/wblshorty-ls-cropped-shirt-3\/#primaryimage","url":"https:\/\/stylestore.com\/deu\/wp-content\/uploads\/sites\/4\/2025\/12\/WBLSHORTY20LS20CROPPED20SHIRT20White609-1.jpg","contentUrl":"https:\/\/stylestore.com\/deu\/wp-content\/uploads\/sites\/4\/2025\/12\/WBLSHORTY20LS20CROPPED20SHIRT20White609-1.jpg","width":1067,"height":1600},{"@type":"BreadcrumbList","@id":"https:\/\/stylestore.com\/deu\/product\/wblshorty-ls-cropped-shirt-3\/#breadcrumb","itemListElement":[{"@type":"ListItem","position":1,"name":"Search","item":"https:\/\/stylestore.com\/deu\/search\/"},{"@type":"ListItem","position":2,"name":"WBLSHORTY LS CROPPED SHIRT"}]},{"@type":"WebSite","@id":"https:\/\/stylestore.com\/deu\/#website","url":"https:\/\/stylestore.com\/deu\/","name":"Stylestore.com Germany","description":"","potentialAction":[{"@type":"SearchAction","target":{"@type":"EntryPoint","urlTemplate":"https:\/\/stylestore.com\/deu\/?s={search_term_string}"},"query-input":{"@type":"PropertyValueSpecification","valueRequired":true,"valueName":"search_term_string"}}],"inLanguage":"de"}]}},"_links":{"self":[{"href":"https:\/\/stylestore.com\/deu\/wp-json\/wp\/v2\/product\/540810","targetHints":{"allow":["GET"]}}],"collection":[{"href":"https:\/\/stylestore.com\/deu\/wp-json\/wp\/v2\/product"}],"about":[{"href":"https:\/\/stylestore.com\/deu\/wp-json\/wp\/v2\/types\/product"}],"wp:featuredmedia":[{"embeddable":true,"href":"https:\/\/stylestore.com\/deu\/wp-json\/wp\/v2\/media\/609604"}],"wp:attachment":[{"href":"https:\/\/stylestore.com\/deu\/wp-json\/wp\/v2\/media?parent=540810"}],"wp:term":[{"taxonomy":"product_brand","embeddable":true,"href":"https:\/\/stylestore.com\/deu\/wp-json\/wp\/v2\/product_brand?post=540810"},{"taxonomy":"product_cat","embeddable":true,"href":"https:\/\/stylestore.com\/deu\/wp-json\/wp\/v2\/product_cat?post=540810"},{"taxonomy":"product_tag","embeddable":true,"href":"https:\/\/stylestore.com\/deu\/wp-json\/wp\/v2\/product_tag?post=540810"}],"curies":[{"name":"wp","href":"https:\/\/api.w.org\/{rel}","templated":true}]}}