{"id":539539,"date":"2023-12-22T15:47:01","date_gmt":"2023-12-22T14:47:01","guid":{"rendered":"https:\/\/stylestore.com\/deu\/product\/wblcorinne-ls-shirt-5\/"},"modified":"2026-04-11T08:06:00","modified_gmt":"2026-04-11T06:06:00","slug":"wblcorinne-ls-shirt-5","status":"publish","type":"product","link":"https:\/\/stylestore.com\/deu\/product\/wblcorinne-ls-shirt-5\/","title":{"rendered":"WBLCORINNE LS SHIRT"},"content":{"rendered":"<p>Hemd mit Nadelstreifen<br \/>\nNormaler Kragen<br \/>\nKnopfleiste und Kn\u00f6pfe auf der Vorderseite<br \/>\nManschette mit Knopf<br \/>\nNormale Passform<br \/>\nH\u00fcftl\u00e4nge<br \/>\nGeschwungener Saum<\/p>\n","protected":false},"excerpt":{"rendered":"","protected":false},"featured_media":557093,"template":"","meta":{"_acf_changed":false},"product_brand":[],"product_cat":[124,20],"product_tag":[1871],"class_list":{"0":"post-539539","1":"product","2":"type-product","3":"status-publish","4":"has-post-thumbnail","6":"product_cat-hemden","7":"product_cat-tops","8":"product_tag-b2b","9":"pa_brand-withblack","10":"pa_collection-tailored-t","11":"pa_color-frost-grey-pinstripe","14":"instock","15":"taxable","16":"shipping-taxable","17":"purchasable","18":"product-type-variable"},"acf":[],"yoast_head":"<!-- This site is optimized with the Yoast SEO plugin v23.8 - https:\/\/yoast.com\/wordpress\/plugins\/seo\/ -->\n<title>WBLCORINNE LS SHIRT &#187; Stylestore.com Germany<\/title>\n<meta name=\"description\" content=\"Diese schicke Hemdbluse mit feinem Nadelstreifenmuster und normalem Kragen bietet eine klassische Silhouette in normaler Passform und H\u00fcftl\u00e4nge, perfekt f\u00fcr jeden Anlass.\" \/>\n<meta name=\"robots\" content=\"index, follow, max-snippet:-1, max-image-preview:large, max-video-preview:-1\" \/>\n<link rel=\"canonical\" href=\"https:\/\/stylestore.com\/deu\/product\/wblcorinne-ls-shirt-5\/\" \/>\n<meta property=\"og:locale\" content=\"de_DE\" \/>\n<meta property=\"og:type\" content=\"article\" \/>\n<meta property=\"og:title\" content=\"WBLCORINNE LS SHIRT &#187; Stylestore.com Germany\" \/>\n<meta property=\"og:description\" content=\"Diese schicke Hemdbluse mit feinem Nadelstreifenmuster und normalem Kragen bietet eine klassische Silhouette in normaler Passform und H\u00fcftl\u00e4nge, perfekt f\u00fcr jeden Anlass.\" \/>\n<meta property=\"og:url\" content=\"https:\/\/stylestore.com\/deu\/product\/wblcorinne-ls-shirt-5\/\" \/>\n<meta property=\"og:site_name\" content=\"Stylestore.com Germany\" \/>\n<meta property=\"article:modified_time\" content=\"2026-04-11T06:06:00+00:00\" \/>\n<meta property=\"og:image\" content=\"https:\/\/stylestore.com\/deu\/wp-content\/uploads\/sites\/4\/2024\/09\/WBLCORINNE_LS_SHIRT_Frost_Grey_PINSTRIPE_WBLMORE-TAILORED_WIDE-PANTS_Grey_Melange_1-1.jpg\" \/>\n\t<meta property=\"og:image:width\" content=\"1492\" \/>\n\t<meta property=\"og:image:height\" content=\"2237\" \/>\n\t<meta property=\"og:image:type\" content=\"image\/jpeg\" \/>\n<meta name=\"twitter:card\" content=\"summary_large_image\" \/>\n<script type=\"application\/ld+json\" class=\"yoast-schema-graph\">{\"@context\":\"https:\/\/schema.org\",\"@graph\":[{\"@type\":\"WebPage\",\"@id\":\"https:\/\/stylestore.com\/deu\/product\/wblcorinne-ls-shirt-5\/\",\"url\":\"https:\/\/stylestore.com\/deu\/product\/wblcorinne-ls-shirt-5\/\",\"name\":\"WBLCORINNE LS SHIRT &#187; Stylestore.com Germany\",\"isPartOf\":{\"@id\":\"https:\/\/stylestore.com\/deu\/#website\"},\"primaryImageOfPage\":{\"@id\":\"https:\/\/stylestore.com\/deu\/product\/wblcorinne-ls-shirt-5\/#primaryimage\"},\"image\":{\"@id\":\"https:\/\/stylestore.com\/deu\/product\/wblcorinne-ls-shirt-5\/#primaryimage\"},\"thumbnailUrl\":\"https:\/\/stylestore.com\/deu\/wp-content\/uploads\/sites\/4\/2024\/09\/WBLCORINNE_LS_SHIRT_Frost_Grey_PINSTRIPE_WBLMORE-TAILORED_WIDE-PANTS_Grey_Melange_1-1.jpg\",\"datePublished\":\"2023-12-22T14:47:01+00:00\",\"dateModified\":\"2026-04-11T06:06:00+00:00\",\"description\":\"Diese schicke Hemdbluse mit feinem Nadelstreifenmuster und normalem Kragen bietet eine klassische Silhouette in normaler Passform und H\u00fcftl\u00e4nge, perfekt f\u00fcr jeden Anlass.\",\"breadcrumb\":{\"@id\":\"https:\/\/stylestore.com\/deu\/product\/wblcorinne-ls-shirt-5\/#breadcrumb\"},\"inLanguage\":\"de\",\"potentialAction\":[{\"@type\":\"ReadAction\",\"target\":[\"https:\/\/stylestore.com\/deu\/product\/wblcorinne-ls-shirt-5\/\"]}]},{\"@type\":\"ImageObject\",\"inLanguage\":\"de\",\"@id\":\"https:\/\/stylestore.com\/deu\/product\/wblcorinne-ls-shirt-5\/#primaryimage\",\"url\":\"https:\/\/stylestore.com\/deu\/wp-content\/uploads\/sites\/4\/2024\/09\/WBLCORINNE_LS_SHIRT_Frost_Grey_PINSTRIPE_WBLMORE-TAILORED_WIDE-PANTS_Grey_Melange_1-1.jpg\",\"contentUrl\":\"https:\/\/stylestore.com\/deu\/wp-content\/uploads\/sites\/4\/2024\/09\/WBLCORINNE_LS_SHIRT_Frost_Grey_PINSTRIPE_WBLMORE-TAILORED_WIDE-PANTS_Grey_Melange_1-1.jpg\",\"width\":1492,\"height\":2237},{\"@type\":\"BreadcrumbList\",\"@id\":\"https:\/\/stylestore.com\/deu\/product\/wblcorinne-ls-shirt-5\/#breadcrumb\",\"itemListElement\":[{\"@type\":\"ListItem\",\"position\":1,\"name\":\"Search\",\"item\":\"https:\/\/stylestore.com\/deu\/search\/\"},{\"@type\":\"ListItem\",\"position\":2,\"name\":\"WBLCORINNE LS SHIRT\"}]},{\"@type\":\"WebSite\",\"@id\":\"https:\/\/stylestore.com\/deu\/#website\",\"url\":\"https:\/\/stylestore.com\/deu\/\",\"name\":\"Stylestore.com Germany\",\"description\":\"\",\"potentialAction\":[{\"@type\":\"SearchAction\",\"target\":{\"@type\":\"EntryPoint\",\"urlTemplate\":\"https:\/\/stylestore.com\/deu\/?s={search_term_string}\"},\"query-input\":{\"@type\":\"PropertyValueSpecification\",\"valueRequired\":true,\"valueName\":\"search_term_string\"}}],\"inLanguage\":\"de\"}]}<\/script>\n<!-- \/ Yoast SEO plugin. -->","yoast_head_json":{"title":"WBLCORINNE LS SHIRT &#187; Stylestore.com Germany","description":"Diese schicke Hemdbluse mit feinem Nadelstreifenmuster und normalem Kragen bietet eine klassische Silhouette in normaler Passform und H\u00fcftl\u00e4nge, perfekt f\u00fcr jeden Anlass.","robots":{"index":"index","follow":"follow","max-snippet":"max-snippet:-1","max-image-preview":"max-image-preview:large","max-video-preview":"max-video-preview:-1"},"canonical":"https:\/\/stylestore.com\/deu\/product\/wblcorinne-ls-shirt-5\/","og_locale":"de_DE","og_type":"article","og_title":"WBLCORINNE LS SHIRT &#187; Stylestore.com Germany","og_description":"Diese schicke Hemdbluse mit feinem Nadelstreifenmuster und normalem Kragen bietet eine klassische Silhouette in normaler Passform und H\u00fcftl\u00e4nge, perfekt f\u00fcr jeden Anlass.","og_url":"https:\/\/stylestore.com\/deu\/product\/wblcorinne-ls-shirt-5\/","og_site_name":"Stylestore.com Germany","article_modified_time":"2026-04-11T06:06:00+00:00","og_image":[{"width":1492,"height":2237,"url":"https:\/\/stylestore.com\/deu\/wp-content\/uploads\/sites\/4\/2024\/09\/WBLCORINNE_LS_SHIRT_Frost_Grey_PINSTRIPE_WBLMORE-TAILORED_WIDE-PANTS_Grey_Melange_1-1.jpg","type":"image\/jpeg"}],"twitter_card":"summary_large_image","schema":{"@context":"https:\/\/schema.org","@graph":[{"@type":"WebPage","@id":"https:\/\/stylestore.com\/deu\/product\/wblcorinne-ls-shirt-5\/","url":"https:\/\/stylestore.com\/deu\/product\/wblcorinne-ls-shirt-5\/","name":"WBLCORINNE LS SHIRT &#187; Stylestore.com Germany","isPartOf":{"@id":"https:\/\/stylestore.com\/deu\/#website"},"primaryImageOfPage":{"@id":"https:\/\/stylestore.com\/deu\/product\/wblcorinne-ls-shirt-5\/#primaryimage"},"image":{"@id":"https:\/\/stylestore.com\/deu\/product\/wblcorinne-ls-shirt-5\/#primaryimage"},"thumbnailUrl":"https:\/\/stylestore.com\/deu\/wp-content\/uploads\/sites\/4\/2024\/09\/WBLCORINNE_LS_SHIRT_Frost_Grey_PINSTRIPE_WBLMORE-TAILORED_WIDE-PANTS_Grey_Melange_1-1.jpg","datePublished":"2023-12-22T14:47:01+00:00","dateModified":"2026-04-11T06:06:00+00:00","description":"Diese schicke Hemdbluse mit feinem Nadelstreifenmuster und normalem Kragen bietet eine klassische Silhouette in normaler Passform und H\u00fcftl\u00e4nge, perfekt f\u00fcr jeden Anlass.","breadcrumb":{"@id":"https:\/\/stylestore.com\/deu\/product\/wblcorinne-ls-shirt-5\/#breadcrumb"},"inLanguage":"de","potentialAction":[{"@type":"ReadAction","target":["https:\/\/stylestore.com\/deu\/product\/wblcorinne-ls-shirt-5\/"]}]},{"@type":"ImageObject","inLanguage":"de","@id":"https:\/\/stylestore.com\/deu\/product\/wblcorinne-ls-shirt-5\/#primaryimage","url":"https:\/\/stylestore.com\/deu\/wp-content\/uploads\/sites\/4\/2024\/09\/WBLCORINNE_LS_SHIRT_Frost_Grey_PINSTRIPE_WBLMORE-TAILORED_WIDE-PANTS_Grey_Melange_1-1.jpg","contentUrl":"https:\/\/stylestore.com\/deu\/wp-content\/uploads\/sites\/4\/2024\/09\/WBLCORINNE_LS_SHIRT_Frost_Grey_PINSTRIPE_WBLMORE-TAILORED_WIDE-PANTS_Grey_Melange_1-1.jpg","width":1492,"height":2237},{"@type":"BreadcrumbList","@id":"https:\/\/stylestore.com\/deu\/product\/wblcorinne-ls-shirt-5\/#breadcrumb","itemListElement":[{"@type":"ListItem","position":1,"name":"Search","item":"https:\/\/stylestore.com\/deu\/search\/"},{"@type":"ListItem","position":2,"name":"WBLCORINNE LS SHIRT"}]},{"@type":"WebSite","@id":"https:\/\/stylestore.com\/deu\/#website","url":"https:\/\/stylestore.com\/deu\/","name":"Stylestore.com Germany","description":"","potentialAction":[{"@type":"SearchAction","target":{"@type":"EntryPoint","urlTemplate":"https:\/\/stylestore.com\/deu\/?s={search_term_string}"},"query-input":{"@type":"PropertyValueSpecification","valueRequired":true,"valueName":"search_term_string"}}],"inLanguage":"de"}]}},"_links":{"self":[{"href":"https:\/\/stylestore.com\/deu\/wp-json\/wp\/v2\/product\/539539","targetHints":{"allow":["GET"]}}],"collection":[{"href":"https:\/\/stylestore.com\/deu\/wp-json\/wp\/v2\/product"}],"about":[{"href":"https:\/\/stylestore.com\/deu\/wp-json\/wp\/v2\/types\/product"}],"wp:featuredmedia":[{"embeddable":true,"href":"https:\/\/stylestore.com\/deu\/wp-json\/wp\/v2\/media\/557093"}],"wp:attachment":[{"href":"https:\/\/stylestore.com\/deu\/wp-json\/wp\/v2\/media?parent=539539"}],"wp:term":[{"taxonomy":"product_brand","embeddable":true,"href":"https:\/\/stylestore.com\/deu\/wp-json\/wp\/v2\/product_brand?post=539539"},{"taxonomy":"product_cat","embeddable":true,"href":"https:\/\/stylestore.com\/deu\/wp-json\/wp\/v2\/product_cat?post=539539"},{"taxonomy":"product_tag","embeddable":true,"href":"https:\/\/stylestore.com\/deu\/wp-json\/wp\/v2\/product_tag?post=539539"}],"curies":[{"name":"wp","href":"https:\/\/api.w.org\/{rel}","templated":true}]}}