{"id":537510,"date":"2023-12-12T15:41:01","date_gmt":"2023-12-12T14:41:01","guid":{"rendered":"https:\/\/stylestore.com\/deu\/product\/wblvenice-down-waistcoat\/"},"modified":"2026-04-22T06:35:28","modified_gmt":"2026-04-22T04:35:28","slug":"wblvenice-down-waistcoat","status":"publish","type":"product","link":"https:\/\/stylestore.com\/deu\/product\/wblvenice-down-waistcoat\/","title":{"rendered":"WBLVENICE DOWN WAISTCOAT"},"content":{"rendered":"<p>Pufferweste<br \/>\nUltraleichte F\u00fcllung aus einer Daunenmischung<br \/>\nK\u00e4ltebest\u00e4ndig<br \/>\nWindbest\u00e4ndig<br \/>\nWasserabweisend<br \/>\nNormale Passform<br \/>\nH\u00fcftl\u00e4nge<br \/>\nVerstellbare Kordeln am Saum<br \/>\nKapuze mit verstellbarer Kordel<br \/>\nInnenkapuze in Strickqualit\u00e4t<br \/>\nRei\u00dfverschluss und Druckknopf an der Vorderseite<br \/>\nPaspeltaschen vorne mit Druckknopf geschlossen<\/p>\n","protected":false},"excerpt":{"rendered":"PREORDER AW25 | VORBESTELLUNGSSCHLUSS 30.01.2025","protected":false},"featured_media":610671,"template":"","meta":{"_acf_changed":false},"product_brand":[],"product_cat":[18,103],"product_tag":[1871,2134,1521],"class_list":{"0":"post-537510","1":"product","2":"type-product","3":"status-publish","4":"has-post-thumbnail","6":"product_cat-jacken","7":"product_cat-jacken-maentel","8":"product_tag-b2b","9":"product_tag-pre-order","10":"product_tag-sustainable","11":"pa_brand-withblack","12":"pa_collection-icons-aw26","13":"pa_color-charcoal-art","16":"instock","17":"taxable","18":"shipping-taxable","19":"purchasable","20":"product-type-variable"},"acf":[],"yoast_head":"<!-- This site is optimized with the Yoast SEO plugin v23.8 - https:\/\/yoast.com\/wordpress\/plugins\/seo\/ -->\n<title>WBLVENICE DOWN WAISTCOAT &#187; Stylestore.com Germany<\/title>\n<meta name=\"description\" content=\"Sch\u00fctzen Sie sich stilvoll vor K\u00e4lte mit unserer Pufferweste! Ultraleichte Daunenf\u00fcllung, wind- und wasserabweisend, mit verstellbaren Kordeln und praktischen Paspeltaschen f\u00fcr optimalen Komfort und Funktionalit\u00e4t. Perfekt f\u00fcr kalte Tage.\" \/>\n<meta name=\"robots\" content=\"index, follow, max-snippet:-1, max-image-preview:large, max-video-preview:-1\" \/>\n<link rel=\"canonical\" href=\"https:\/\/stylestore.com\/deu\/product\/wblvenice-down-waistcoat\/\" \/>\n<meta property=\"og:locale\" content=\"de_DE\" \/>\n<meta property=\"og:type\" content=\"article\" \/>\n<meta property=\"og:title\" content=\"WBLVENICE DOWN WAISTCOAT &#187; Stylestore.com Germany\" \/>\n<meta property=\"og:description\" content=\"Sch\u00fctzen Sie sich stilvoll vor K\u00e4lte mit unserer Pufferweste! Ultraleichte Daunenf\u00fcllung, wind- und wasserabweisend, mit verstellbaren Kordeln und praktischen Paspeltaschen f\u00fcr optimalen Komfort und Funktionalit\u00e4t. Perfekt f\u00fcr kalte Tage.\" \/>\n<meta property=\"og:url\" content=\"https:\/\/stylestore.com\/deu\/product\/wblvenice-down-waistcoat\/\" \/>\n<meta property=\"og:site_name\" content=\"Stylestore.com Germany\" \/>\n<meta property=\"article:modified_time\" content=\"2026-04-22T04:35:28+00:00\" \/>\n<meta property=\"og:image\" content=\"https:\/\/stylestore.com\/deu\/wp-content\/uploads\/sites\/4\/2024\/09\/WBLVENICE_DOWN_WAISTCOAT_CHARCOAL_ART_1-2.jpg\" \/>\n\t<meta property=\"og:image:width\" content=\"1328\" \/>\n\t<meta property=\"og:image:height\" content=\"1991\" \/>\n\t<meta property=\"og:image:type\" content=\"image\/jpeg\" \/>\n<meta name=\"twitter:card\" content=\"summary_large_image\" \/>\n<script type=\"application\/ld+json\" class=\"yoast-schema-graph\">{\"@context\":\"https:\/\/schema.org\",\"@graph\":[{\"@type\":\"WebPage\",\"@id\":\"https:\/\/stylestore.com\/deu\/product\/wblvenice-down-waistcoat\/\",\"url\":\"https:\/\/stylestore.com\/deu\/product\/wblvenice-down-waistcoat\/\",\"name\":\"WBLVENICE DOWN WAISTCOAT &#187; Stylestore.com Germany\",\"isPartOf\":{\"@id\":\"https:\/\/stylestore.com\/deu\/#website\"},\"primaryImageOfPage\":{\"@id\":\"https:\/\/stylestore.com\/deu\/product\/wblvenice-down-waistcoat\/#primaryimage\"},\"image\":{\"@id\":\"https:\/\/stylestore.com\/deu\/product\/wblvenice-down-waistcoat\/#primaryimage\"},\"thumbnailUrl\":\"https:\/\/stylestore.com\/deu\/wp-content\/uploads\/sites\/4\/2025\/12\/WBLVENICE_DOWN_WAISTCOAT_CHARCOAL_ART_1-1.jpg\",\"datePublished\":\"2023-12-12T14:41:01+00:00\",\"dateModified\":\"2026-04-22T04:35:28+00:00\",\"description\":\"Sch\u00fctzen Sie sich stilvoll vor K\u00e4lte mit unserer Pufferweste! Ultraleichte Daunenf\u00fcllung, wind- und wasserabweisend, mit verstellbaren Kordeln und praktischen Paspeltaschen f\u00fcr optimalen Komfort und Funktionalit\u00e4t. Perfekt f\u00fcr kalte Tage.\",\"breadcrumb\":{\"@id\":\"https:\/\/stylestore.com\/deu\/product\/wblvenice-down-waistcoat\/#breadcrumb\"},\"inLanguage\":\"de\",\"potentialAction\":[{\"@type\":\"ReadAction\",\"target\":[\"https:\/\/stylestore.com\/deu\/product\/wblvenice-down-waistcoat\/\"]}]},{\"@type\":\"ImageObject\",\"inLanguage\":\"de\",\"@id\":\"https:\/\/stylestore.com\/deu\/product\/wblvenice-down-waistcoat\/#primaryimage\",\"url\":\"https:\/\/stylestore.com\/deu\/wp-content\/uploads\/sites\/4\/2025\/12\/WBLVENICE_DOWN_WAISTCOAT_CHARCOAL_ART_1-1.jpg\",\"contentUrl\":\"https:\/\/stylestore.com\/deu\/wp-content\/uploads\/sites\/4\/2025\/12\/WBLVENICE_DOWN_WAISTCOAT_CHARCOAL_ART_1-1.jpg\",\"width\":1328,\"height\":1991},{\"@type\":\"BreadcrumbList\",\"@id\":\"https:\/\/stylestore.com\/deu\/product\/wblvenice-down-waistcoat\/#breadcrumb\",\"itemListElement\":[{\"@type\":\"ListItem\",\"position\":1,\"name\":\"Search\",\"item\":\"https:\/\/stylestore.com\/deu\/search\/\"},{\"@type\":\"ListItem\",\"position\":2,\"name\":\"WBLVENICE DOWN WAISTCOAT\"}]},{\"@type\":\"WebSite\",\"@id\":\"https:\/\/stylestore.com\/deu\/#website\",\"url\":\"https:\/\/stylestore.com\/deu\/\",\"name\":\"Stylestore.com Germany\",\"description\":\"\",\"potentialAction\":[{\"@type\":\"SearchAction\",\"target\":{\"@type\":\"EntryPoint\",\"urlTemplate\":\"https:\/\/stylestore.com\/deu\/?s={search_term_string}\"},\"query-input\":{\"@type\":\"PropertyValueSpecification\",\"valueRequired\":true,\"valueName\":\"search_term_string\"}}],\"inLanguage\":\"de\"}]}<\/script>\n<!-- \/ Yoast SEO plugin. -->","yoast_head_json":{"title":"WBLVENICE DOWN WAISTCOAT &#187; Stylestore.com Germany","description":"Sch\u00fctzen Sie sich stilvoll vor K\u00e4lte mit unserer Pufferweste! Ultraleichte Daunenf\u00fcllung, wind- und wasserabweisend, mit verstellbaren Kordeln und praktischen Paspeltaschen f\u00fcr optimalen Komfort und Funktionalit\u00e4t. Perfekt f\u00fcr kalte Tage.","robots":{"index":"index","follow":"follow","max-snippet":"max-snippet:-1","max-image-preview":"max-image-preview:large","max-video-preview":"max-video-preview:-1"},"canonical":"https:\/\/stylestore.com\/deu\/product\/wblvenice-down-waistcoat\/","og_locale":"de_DE","og_type":"article","og_title":"WBLVENICE DOWN WAISTCOAT &#187; Stylestore.com Germany","og_description":"Sch\u00fctzen Sie sich stilvoll vor K\u00e4lte mit unserer Pufferweste! Ultraleichte Daunenf\u00fcllung, wind- und wasserabweisend, mit verstellbaren Kordeln und praktischen Paspeltaschen f\u00fcr optimalen Komfort und Funktionalit\u00e4t. Perfekt f\u00fcr kalte Tage.","og_url":"https:\/\/stylestore.com\/deu\/product\/wblvenice-down-waistcoat\/","og_site_name":"Stylestore.com Germany","article_modified_time":"2026-04-22T04:35:28+00:00","og_image":[{"width":1328,"height":1991,"url":"https:\/\/stylestore.com\/deu\/wp-content\/uploads\/sites\/4\/2024\/09\/WBLVENICE_DOWN_WAISTCOAT_CHARCOAL_ART_1-2.jpg","type":"image\/jpeg"}],"twitter_card":"summary_large_image","schema":{"@context":"https:\/\/schema.org","@graph":[{"@type":"WebPage","@id":"https:\/\/stylestore.com\/deu\/product\/wblvenice-down-waistcoat\/","url":"https:\/\/stylestore.com\/deu\/product\/wblvenice-down-waistcoat\/","name":"WBLVENICE DOWN WAISTCOAT &#187; Stylestore.com Germany","isPartOf":{"@id":"https:\/\/stylestore.com\/deu\/#website"},"primaryImageOfPage":{"@id":"https:\/\/stylestore.com\/deu\/product\/wblvenice-down-waistcoat\/#primaryimage"},"image":{"@id":"https:\/\/stylestore.com\/deu\/product\/wblvenice-down-waistcoat\/#primaryimage"},"thumbnailUrl":"https:\/\/stylestore.com\/deu\/wp-content\/uploads\/sites\/4\/2025\/12\/WBLVENICE_DOWN_WAISTCOAT_CHARCOAL_ART_1-1.jpg","datePublished":"2023-12-12T14:41:01+00:00","dateModified":"2026-04-22T04:35:28+00:00","description":"Sch\u00fctzen Sie sich stilvoll vor K\u00e4lte mit unserer Pufferweste! Ultraleichte Daunenf\u00fcllung, wind- und wasserabweisend, mit verstellbaren Kordeln und praktischen Paspeltaschen f\u00fcr optimalen Komfort und Funktionalit\u00e4t. Perfekt f\u00fcr kalte Tage.","breadcrumb":{"@id":"https:\/\/stylestore.com\/deu\/product\/wblvenice-down-waistcoat\/#breadcrumb"},"inLanguage":"de","potentialAction":[{"@type":"ReadAction","target":["https:\/\/stylestore.com\/deu\/product\/wblvenice-down-waistcoat\/"]}]},{"@type":"ImageObject","inLanguage":"de","@id":"https:\/\/stylestore.com\/deu\/product\/wblvenice-down-waistcoat\/#primaryimage","url":"https:\/\/stylestore.com\/deu\/wp-content\/uploads\/sites\/4\/2025\/12\/WBLVENICE_DOWN_WAISTCOAT_CHARCOAL_ART_1-1.jpg","contentUrl":"https:\/\/stylestore.com\/deu\/wp-content\/uploads\/sites\/4\/2025\/12\/WBLVENICE_DOWN_WAISTCOAT_CHARCOAL_ART_1-1.jpg","width":1328,"height":1991},{"@type":"BreadcrumbList","@id":"https:\/\/stylestore.com\/deu\/product\/wblvenice-down-waistcoat\/#breadcrumb","itemListElement":[{"@type":"ListItem","position":1,"name":"Search","item":"https:\/\/stylestore.com\/deu\/search\/"},{"@type":"ListItem","position":2,"name":"WBLVENICE DOWN WAISTCOAT"}]},{"@type":"WebSite","@id":"https:\/\/stylestore.com\/deu\/#website","url":"https:\/\/stylestore.com\/deu\/","name":"Stylestore.com Germany","description":"","potentialAction":[{"@type":"SearchAction","target":{"@type":"EntryPoint","urlTemplate":"https:\/\/stylestore.com\/deu\/?s={search_term_string}"},"query-input":{"@type":"PropertyValueSpecification","valueRequired":true,"valueName":"search_term_string"}}],"inLanguage":"de"}]}},"_links":{"self":[{"href":"https:\/\/stylestore.com\/deu\/wp-json\/wp\/v2\/product\/537510","targetHints":{"allow":["GET"]}}],"collection":[{"href":"https:\/\/stylestore.com\/deu\/wp-json\/wp\/v2\/product"}],"about":[{"href":"https:\/\/stylestore.com\/deu\/wp-json\/wp\/v2\/types\/product"}],"wp:featuredmedia":[{"embeddable":true,"href":"https:\/\/stylestore.com\/deu\/wp-json\/wp\/v2\/media\/610671"}],"wp:attachment":[{"href":"https:\/\/stylestore.com\/deu\/wp-json\/wp\/v2\/media?parent=537510"}],"wp:term":[{"taxonomy":"product_brand","embeddable":true,"href":"https:\/\/stylestore.com\/deu\/wp-json\/wp\/v2\/product_brand?post=537510"},{"taxonomy":"product_cat","embeddable":true,"href":"https:\/\/stylestore.com\/deu\/wp-json\/wp\/v2\/product_cat?post=537510"},{"taxonomy":"product_tag","embeddable":true,"href":"https:\/\/stylestore.com\/deu\/wp-json\/wp\/v2\/product_tag?post=537510"}],"curies":[{"name":"wp","href":"https:\/\/api.w.org\/{rel}","templated":true}]}}