{"id":536995,"date":"2023-12-08T11:29:59","date_gmt":"2023-12-08T10:29:59","guid":{"rendered":"https:\/\/stylestore.com\/deu\/product\/wblkally-wool-bomber\/"},"modified":"2026-04-14T08:06:07","modified_gmt":"2026-04-14T06:06:07","slug":"wblkally-wool-bomber","status":"publish","type":"product","link":"https:\/\/stylestore.com\/deu\/product\/wblkally-wool-bomber\/","title":{"rendered":"WBLKALLY WOOL BOMBER"},"content":{"rendered":"<p>Jacke aus Wollk\u00f6pergewebe<br \/>\nLockere Passform<br \/>\nH\u00fcftlang<br \/>\nLeicht gestepptes Innenfutter<br \/>\nRippstrick an Hals, \u00c4rmeln und Saum<br \/>\nSchlie\u00dft mit Rei\u00dfverschluss und Kn\u00f6pfen<br \/>\nFronttaschen mit Kn\u00f6pfen<br \/>\nKleine Rei\u00dfverschlusstasche am \u00c4rmel<\/p>\n","protected":false},"excerpt":{"rendered":"PREORDER AW25 | VORBESTELLUNGSSCHLUSS 30.01.2025","protected":false},"featured_media":556773,"template":"","meta":{"_acf_changed":false},"product_brand":[],"product_cat":[18,103,115],"product_tag":[1871,1520,2134],"class_list":{"0":"post-536995","1":"product","2":"type-product","3":"status-publish","4":"has-post-thumbnail","6":"product_cat-jacken","7":"product_cat-jacken-maentel","8":"product_cat-kurze-jacken","9":"product_tag-b2b","10":"product_tag-new","11":"product_tag-pre-order","12":"pa_brand-withblack","13":"pa_collection-icons-aw25","14":"pa_color-cloud-black-herringbone","17":"outofstock","18":"taxable","19":"shipping-taxable","20":"purchasable","21":"product-type-variable"},"acf":[],"yoast_head":"<!-- This site is optimized with the Yoast SEO plugin v23.8 - https:\/\/yoast.com\/wordpress\/plugins\/seo\/ -->\n<title>WBLKALLY WOOL BOMBER &#187; Stylestore.com Germany<\/title>\n<meta name=\"description\" content=\"Erlebe zeitlosen Stil mit unserer wool Bomber jacke! Mit ihrer lockeren Passform, dem gesteppten Futter und den gerippten Kanten bietet sie perfekten Komfort. Praktische Details wie ein Rei\u00dfverschluss, Kn\u00f6pfe und Fronttaschen runden das Design ab.\" \/>\n<meta name=\"robots\" content=\"index, follow, max-snippet:-1, max-image-preview:large, max-video-preview:-1\" \/>\n<link rel=\"canonical\" href=\"https:\/\/stylestore.com\/deu\/product\/wblkally-wool-bomber\/\" \/>\n<meta property=\"og:locale\" content=\"de_DE\" \/>\n<meta property=\"og:type\" content=\"article\" \/>\n<meta property=\"og:title\" content=\"WBLKALLY WOOL BOMBER &#187; Stylestore.com Germany\" \/>\n<meta property=\"og:description\" content=\"Erlebe zeitlosen Stil mit unserer wool Bomber jacke! Mit ihrer lockeren Passform, dem gesteppten Futter und den gerippten Kanten bietet sie perfekten Komfort. Praktische Details wie ein Rei\u00dfverschluss, Kn\u00f6pfe und Fronttaschen runden das Design ab.\" \/>\n<meta property=\"og:url\" content=\"https:\/\/stylestore.com\/deu\/product\/wblkally-wool-bomber\/\" \/>\n<meta property=\"og:site_name\" content=\"Stylestore.com Germany\" \/>\n<meta property=\"article:modified_time\" content=\"2026-04-14T06:06:07+00:00\" \/>\n<meta property=\"og:image\" content=\"https:\/\/stylestore.com\/deu\/wp-content\/uploads\/sites\/4\/2024\/09\/wblkally_wool_bomber_cloud_black_twill1.jpg\" \/>\n\t<meta property=\"og:image:width\" content=\"1600\" \/>\n\t<meta property=\"og:image:height\" content=\"2399\" \/>\n\t<meta property=\"og:image:type\" content=\"image\/jpeg\" \/>\n<meta name=\"twitter:card\" content=\"summary_large_image\" \/>\n<script type=\"application\/ld+json\" class=\"yoast-schema-graph\">{\"@context\":\"https:\/\/schema.org\",\"@graph\":[{\"@type\":\"WebPage\",\"@id\":\"https:\/\/stylestore.com\/deu\/product\/wblkally-wool-bomber\/\",\"url\":\"https:\/\/stylestore.com\/deu\/product\/wblkally-wool-bomber\/\",\"name\":\"WBLKALLY WOOL BOMBER &#187; Stylestore.com Germany\",\"isPartOf\":{\"@id\":\"https:\/\/stylestore.com\/deu\/#website\"},\"primaryImageOfPage\":{\"@id\":\"https:\/\/stylestore.com\/deu\/product\/wblkally-wool-bomber\/#primaryimage\"},\"image\":{\"@id\":\"https:\/\/stylestore.com\/deu\/product\/wblkally-wool-bomber\/#primaryimage\"},\"thumbnailUrl\":\"https:\/\/stylestore.com\/deu\/wp-content\/uploads\/sites\/4\/2024\/09\/wblkally_wool_bomber_cloud_black_twill1.jpg\",\"datePublished\":\"2023-12-08T10:29:59+00:00\",\"dateModified\":\"2026-04-14T06:06:07+00:00\",\"description\":\"Erlebe zeitlosen Stil mit unserer wool Bomber jacke! Mit ihrer lockeren Passform, dem gesteppten Futter und den gerippten Kanten bietet sie perfekten Komfort. Praktische Details wie ein Rei\u00dfverschluss, Kn\u00f6pfe und Fronttaschen runden das Design ab.\",\"breadcrumb\":{\"@id\":\"https:\/\/stylestore.com\/deu\/product\/wblkally-wool-bomber\/#breadcrumb\"},\"inLanguage\":\"de\",\"potentialAction\":[{\"@type\":\"ReadAction\",\"target\":[\"https:\/\/stylestore.com\/deu\/product\/wblkally-wool-bomber\/\"]}]},{\"@type\":\"ImageObject\",\"inLanguage\":\"de\",\"@id\":\"https:\/\/stylestore.com\/deu\/product\/wblkally-wool-bomber\/#primaryimage\",\"url\":\"https:\/\/stylestore.com\/deu\/wp-content\/uploads\/sites\/4\/2024\/09\/wblkally_wool_bomber_cloud_black_twill1.jpg\",\"contentUrl\":\"https:\/\/stylestore.com\/deu\/wp-content\/uploads\/sites\/4\/2024\/09\/wblkally_wool_bomber_cloud_black_twill1.jpg\",\"width\":1600,\"height\":2399},{\"@type\":\"BreadcrumbList\",\"@id\":\"https:\/\/stylestore.com\/deu\/product\/wblkally-wool-bomber\/#breadcrumb\",\"itemListElement\":[{\"@type\":\"ListItem\",\"position\":1,\"name\":\"Search\",\"item\":\"https:\/\/stylestore.com\/deu\/search\/\"},{\"@type\":\"ListItem\",\"position\":2,\"name\":\"WBLKALLY WOOL BOMBER\"}]},{\"@type\":\"WebSite\",\"@id\":\"https:\/\/stylestore.com\/deu\/#website\",\"url\":\"https:\/\/stylestore.com\/deu\/\",\"name\":\"Stylestore.com Germany\",\"description\":\"\",\"potentialAction\":[{\"@type\":\"SearchAction\",\"target\":{\"@type\":\"EntryPoint\",\"urlTemplate\":\"https:\/\/stylestore.com\/deu\/?s={search_term_string}\"},\"query-input\":{\"@type\":\"PropertyValueSpecification\",\"valueRequired\":true,\"valueName\":\"search_term_string\"}}],\"inLanguage\":\"de\"}]}<\/script>\n<!-- \/ Yoast SEO plugin. -->","yoast_head_json":{"title":"WBLKALLY WOOL BOMBER &#187; Stylestore.com Germany","description":"Erlebe zeitlosen Stil mit unserer wool Bomber jacke! Mit ihrer lockeren Passform, dem gesteppten Futter und den gerippten Kanten bietet sie perfekten Komfort. Praktische Details wie ein Rei\u00dfverschluss, Kn\u00f6pfe und Fronttaschen runden das Design ab.","robots":{"index":"index","follow":"follow","max-snippet":"max-snippet:-1","max-image-preview":"max-image-preview:large","max-video-preview":"max-video-preview:-1"},"canonical":"https:\/\/stylestore.com\/deu\/product\/wblkally-wool-bomber\/","og_locale":"de_DE","og_type":"article","og_title":"WBLKALLY WOOL BOMBER &#187; Stylestore.com Germany","og_description":"Erlebe zeitlosen Stil mit unserer wool Bomber jacke! Mit ihrer lockeren Passform, dem gesteppten Futter und den gerippten Kanten bietet sie perfekten Komfort. Praktische Details wie ein Rei\u00dfverschluss, Kn\u00f6pfe und Fronttaschen runden das Design ab.","og_url":"https:\/\/stylestore.com\/deu\/product\/wblkally-wool-bomber\/","og_site_name":"Stylestore.com Germany","article_modified_time":"2026-04-14T06:06:07+00:00","og_image":[{"width":1600,"height":2399,"url":"https:\/\/stylestore.com\/deu\/wp-content\/uploads\/sites\/4\/2024\/09\/wblkally_wool_bomber_cloud_black_twill1.jpg","type":"image\/jpeg"}],"twitter_card":"summary_large_image","schema":{"@context":"https:\/\/schema.org","@graph":[{"@type":"WebPage","@id":"https:\/\/stylestore.com\/deu\/product\/wblkally-wool-bomber\/","url":"https:\/\/stylestore.com\/deu\/product\/wblkally-wool-bomber\/","name":"WBLKALLY WOOL BOMBER &#187; Stylestore.com Germany","isPartOf":{"@id":"https:\/\/stylestore.com\/deu\/#website"},"primaryImageOfPage":{"@id":"https:\/\/stylestore.com\/deu\/product\/wblkally-wool-bomber\/#primaryimage"},"image":{"@id":"https:\/\/stylestore.com\/deu\/product\/wblkally-wool-bomber\/#primaryimage"},"thumbnailUrl":"https:\/\/stylestore.com\/deu\/wp-content\/uploads\/sites\/4\/2024\/09\/wblkally_wool_bomber_cloud_black_twill1.jpg","datePublished":"2023-12-08T10:29:59+00:00","dateModified":"2026-04-14T06:06:07+00:00","description":"Erlebe zeitlosen Stil mit unserer wool Bomber jacke! Mit ihrer lockeren Passform, dem gesteppten Futter und den gerippten Kanten bietet sie perfekten Komfort. Praktische Details wie ein Rei\u00dfverschluss, Kn\u00f6pfe und Fronttaschen runden das Design ab.","breadcrumb":{"@id":"https:\/\/stylestore.com\/deu\/product\/wblkally-wool-bomber\/#breadcrumb"},"inLanguage":"de","potentialAction":[{"@type":"ReadAction","target":["https:\/\/stylestore.com\/deu\/product\/wblkally-wool-bomber\/"]}]},{"@type":"ImageObject","inLanguage":"de","@id":"https:\/\/stylestore.com\/deu\/product\/wblkally-wool-bomber\/#primaryimage","url":"https:\/\/stylestore.com\/deu\/wp-content\/uploads\/sites\/4\/2024\/09\/wblkally_wool_bomber_cloud_black_twill1.jpg","contentUrl":"https:\/\/stylestore.com\/deu\/wp-content\/uploads\/sites\/4\/2024\/09\/wblkally_wool_bomber_cloud_black_twill1.jpg","width":1600,"height":2399},{"@type":"BreadcrumbList","@id":"https:\/\/stylestore.com\/deu\/product\/wblkally-wool-bomber\/#breadcrumb","itemListElement":[{"@type":"ListItem","position":1,"name":"Search","item":"https:\/\/stylestore.com\/deu\/search\/"},{"@type":"ListItem","position":2,"name":"WBLKALLY WOOL BOMBER"}]},{"@type":"WebSite","@id":"https:\/\/stylestore.com\/deu\/#website","url":"https:\/\/stylestore.com\/deu\/","name":"Stylestore.com Germany","description":"","potentialAction":[{"@type":"SearchAction","target":{"@type":"EntryPoint","urlTemplate":"https:\/\/stylestore.com\/deu\/?s={search_term_string}"},"query-input":{"@type":"PropertyValueSpecification","valueRequired":true,"valueName":"search_term_string"}}],"inLanguage":"de"}]}},"_links":{"self":[{"href":"https:\/\/stylestore.com\/deu\/wp-json\/wp\/v2\/product\/536995","targetHints":{"allow":["GET"]}}],"collection":[{"href":"https:\/\/stylestore.com\/deu\/wp-json\/wp\/v2\/product"}],"about":[{"href":"https:\/\/stylestore.com\/deu\/wp-json\/wp\/v2\/types\/product"}],"wp:featuredmedia":[{"embeddable":true,"href":"https:\/\/stylestore.com\/deu\/wp-json\/wp\/v2\/media\/556773"}],"wp:attachment":[{"href":"https:\/\/stylestore.com\/deu\/wp-json\/wp\/v2\/media?parent=536995"}],"wp:term":[{"taxonomy":"product_brand","embeddable":true,"href":"https:\/\/stylestore.com\/deu\/wp-json\/wp\/v2\/product_brand?post=536995"},{"taxonomy":"product_cat","embeddable":true,"href":"https:\/\/stylestore.com\/deu\/wp-json\/wp\/v2\/product_cat?post=536995"},{"taxonomy":"product_tag","embeddable":true,"href":"https:\/\/stylestore.com\/deu\/wp-json\/wp\/v2\/product_tag?post=536995"}],"curies":[{"name":"wp","href":"https:\/\/api.w.org\/{rel}","templated":true}]}}