{"id":517772,"date":"2023-06-26T19:32:40","date_gmt":"2023-06-26T17:32:40","guid":{"rendered":"https:\/\/stylestore.com\/deu\/product\/wblrita-ribbed-tank-top-7\/"},"modified":"2026-04-12T05:05:57","modified_gmt":"2026-04-12T03:05:57","slug":"wblrita-ribbed-tank-top-7","status":"publish","type":"product","link":"https:\/\/stylestore.com\/deu\/product\/wblrita-ribbed-tank-top-7\/","title":{"rendered":"WBLRITA RIBBED TANK TOP"},"content":{"rendered":"<p>Das absolut unverzichtbare Basic-Top Rita Tank Top ist ein eng anliegender Rippstrick aus festem Baumwoll-Elasthan-Gemisch mit hohem Rundhalsausschnitt f\u00fcr einen cleanen Look. Es ist ein<br \/>\nzeitloser Style, den man Saison f\u00fcr Saison tragen kann und der so ziemlich zu allem in der Garderobe passt und sich hervorragend als Layering-Look eignet. Model ist 176 cm gro\u00df und tr\u00e4gt<br \/>\ndie Gr\u00f6\u00dfe Small.<br \/>\nDas Oberteil f\u00e4llt gr\u00f6\u00dfengerecht aus und wir empfehlen Ihnen, Ihre normale Gr\u00f6\u00dfe zu w\u00e4hlen.<br \/>\n#Betterwardrobe<\/p>\n","protected":false},"excerpt":{"rendered":"","protected":false},"featured_media":518504,"template":"","meta":{"_acf_changed":false},"product_brand":[],"product_cat":[20,123],"product_tag":[1871,1522],"class_list":{"0":"post-517772","1":"product","2":"type-product","3":"status-publish","4":"has-post-thumbnail","6":"product_cat-tops","7":"product_cat-tops-tops","8":"product_tag-b2b","9":"product_tag-outlet","10":"pa_brand-withblack","11":"pa_collection-elevated","12":"pa_color-white","13":"pa_fit-slim","16":"instock","17":"sale","18":"taxable","19":"shipping-taxable","20":"purchasable","21":"product-type-variable"},"acf":[],"yoast_head":"<!-- This site is optimized with the Yoast SEO plugin v23.8 - https:\/\/yoast.com\/wordpress\/plugins\/seo\/ -->\n<title>WBLRITA RIBBED TANK TOP &#187; Stylestore.com Germany<\/title>\n<meta name=\"description\" content=\"Basic Unverzichtbare Tank-Top aus eng anliegendem Rippstrick in fester Baumwoll-Elastan-Mischung mit hohem Rundhalsausschnitt.\" \/>\n<meta name=\"robots\" content=\"index, follow, max-snippet:-1, max-image-preview:large, max-video-preview:-1\" \/>\n<link rel=\"canonical\" href=\"https:\/\/stylestore.com\/deu\/product\/wblrita-ribbed-tank-top-7\/\" \/>\n<meta property=\"og:locale\" content=\"de_DE\" \/>\n<meta property=\"og:type\" content=\"article\" \/>\n<meta property=\"og:title\" content=\"WBLRITA RIBBED TANK TOP &#187; Stylestore.com Germany\" \/>\n<meta property=\"og:description\" content=\"Basic Unverzichtbare Tank-Top aus eng anliegendem Rippstrick in fester Baumwoll-Elastan-Mischung mit hohem Rundhalsausschnitt.\" \/>\n<meta property=\"og:url\" content=\"https:\/\/stylestore.com\/deu\/product\/wblrita-ribbed-tank-top-7\/\" \/>\n<meta property=\"og:site_name\" content=\"Stylestore.com Germany\" \/>\n<meta property=\"article:modified_time\" content=\"2026-04-12T03:05:57+00:00\" \/>\n<meta property=\"og:image\" content=\"https:\/\/stylestore.com\/deu\/wp-content\/uploads\/sites\/4\/2023\/06\/WBLRITA20RIBBED20TANK20TOP20WHITE20SS200-2.jpg\" \/>\n\t<meta property=\"og:image:width\" content=\"1067\" \/>\n\t<meta property=\"og:image:height\" content=\"1600\" \/>\n\t<meta property=\"og:image:type\" content=\"image\/jpeg\" \/>\n<meta name=\"twitter:card\" content=\"summary_large_image\" \/>\n<script type=\"application\/ld+json\" class=\"yoast-schema-graph\">{\"@context\":\"https:\/\/schema.org\",\"@graph\":[{\"@type\":\"WebPage\",\"@id\":\"https:\/\/stylestore.com\/deu\/product\/wblrita-ribbed-tank-top-7\/\",\"url\":\"https:\/\/stylestore.com\/deu\/product\/wblrita-ribbed-tank-top-7\/\",\"name\":\"WBLRITA RIBBED TANK TOP &#187; Stylestore.com Germany\",\"isPartOf\":{\"@id\":\"https:\/\/stylestore.com\/deu\/#website\"},\"primaryImageOfPage\":{\"@id\":\"https:\/\/stylestore.com\/deu\/product\/wblrita-ribbed-tank-top-7\/#primaryimage\"},\"image\":{\"@id\":\"https:\/\/stylestore.com\/deu\/product\/wblrita-ribbed-tank-top-7\/#primaryimage\"},\"thumbnailUrl\":\"https:\/\/stylestore.com\/deu\/wp-content\/uploads\/sites\/4\/2023\/06\/WBLRITA20RIBBED20TANK20TOP20WHITE20SS200-2.jpg\",\"datePublished\":\"2023-06-26T17:32:40+00:00\",\"dateModified\":\"2026-04-12T03:05:57+00:00\",\"description\":\"Basic Unverzichtbare Tank-Top aus eng anliegendem Rippstrick in fester Baumwoll-Elastan-Mischung mit hohem Rundhalsausschnitt.\",\"breadcrumb\":{\"@id\":\"https:\/\/stylestore.com\/deu\/product\/wblrita-ribbed-tank-top-7\/#breadcrumb\"},\"inLanguage\":\"de\",\"potentialAction\":[{\"@type\":\"ReadAction\",\"target\":[\"https:\/\/stylestore.com\/deu\/product\/wblrita-ribbed-tank-top-7\/\"]}]},{\"@type\":\"ImageObject\",\"inLanguage\":\"de\",\"@id\":\"https:\/\/stylestore.com\/deu\/product\/wblrita-ribbed-tank-top-7\/#primaryimage\",\"url\":\"https:\/\/stylestore.com\/deu\/wp-content\/uploads\/sites\/4\/2023\/06\/WBLRITA20RIBBED20TANK20TOP20WHITE20SS200-2.jpg\",\"contentUrl\":\"https:\/\/stylestore.com\/deu\/wp-content\/uploads\/sites\/4\/2023\/06\/WBLRITA20RIBBED20TANK20TOP20WHITE20SS200-2.jpg\",\"width\":1067,\"height\":1600},{\"@type\":\"BreadcrumbList\",\"@id\":\"https:\/\/stylestore.com\/deu\/product\/wblrita-ribbed-tank-top-7\/#breadcrumb\",\"itemListElement\":[{\"@type\":\"ListItem\",\"position\":1,\"name\":\"Search\",\"item\":\"https:\/\/stylestore.com\/deu\/search\/\"},{\"@type\":\"ListItem\",\"position\":2,\"name\":\"WBLRITA RIBBED TANK TOP\"}]},{\"@type\":\"WebSite\",\"@id\":\"https:\/\/stylestore.com\/deu\/#website\",\"url\":\"https:\/\/stylestore.com\/deu\/\",\"name\":\"Stylestore.com Germany\",\"description\":\"\",\"potentialAction\":[{\"@type\":\"SearchAction\",\"target\":{\"@type\":\"EntryPoint\",\"urlTemplate\":\"https:\/\/stylestore.com\/deu\/?s={search_term_string}\"},\"query-input\":{\"@type\":\"PropertyValueSpecification\",\"valueRequired\":true,\"valueName\":\"search_term_string\"}}],\"inLanguage\":\"de\"}]}<\/script>\n<!-- \/ Yoast SEO plugin. -->","yoast_head_json":{"title":"WBLRITA RIBBED TANK TOP &#187; Stylestore.com Germany","description":"Basic Unverzichtbare Tank-Top aus eng anliegendem Rippstrick in fester Baumwoll-Elastan-Mischung mit hohem Rundhalsausschnitt.","robots":{"index":"index","follow":"follow","max-snippet":"max-snippet:-1","max-image-preview":"max-image-preview:large","max-video-preview":"max-video-preview:-1"},"canonical":"https:\/\/stylestore.com\/deu\/product\/wblrita-ribbed-tank-top-7\/","og_locale":"de_DE","og_type":"article","og_title":"WBLRITA RIBBED TANK TOP &#187; Stylestore.com Germany","og_description":"Basic Unverzichtbare Tank-Top aus eng anliegendem Rippstrick in fester Baumwoll-Elastan-Mischung mit hohem Rundhalsausschnitt.","og_url":"https:\/\/stylestore.com\/deu\/product\/wblrita-ribbed-tank-top-7\/","og_site_name":"Stylestore.com Germany","article_modified_time":"2026-04-12T03:05:57+00:00","og_image":[{"width":1067,"height":1600,"url":"https:\/\/stylestore.com\/deu\/wp-content\/uploads\/sites\/4\/2023\/06\/WBLRITA20RIBBED20TANK20TOP20WHITE20SS200-2.jpg","type":"image\/jpeg"}],"twitter_card":"summary_large_image","schema":{"@context":"https:\/\/schema.org","@graph":[{"@type":"WebPage","@id":"https:\/\/stylestore.com\/deu\/product\/wblrita-ribbed-tank-top-7\/","url":"https:\/\/stylestore.com\/deu\/product\/wblrita-ribbed-tank-top-7\/","name":"WBLRITA RIBBED TANK TOP &#187; Stylestore.com Germany","isPartOf":{"@id":"https:\/\/stylestore.com\/deu\/#website"},"primaryImageOfPage":{"@id":"https:\/\/stylestore.com\/deu\/product\/wblrita-ribbed-tank-top-7\/#primaryimage"},"image":{"@id":"https:\/\/stylestore.com\/deu\/product\/wblrita-ribbed-tank-top-7\/#primaryimage"},"thumbnailUrl":"https:\/\/stylestore.com\/deu\/wp-content\/uploads\/sites\/4\/2023\/06\/WBLRITA20RIBBED20TANK20TOP20WHITE20SS200-2.jpg","datePublished":"2023-06-26T17:32:40+00:00","dateModified":"2026-04-12T03:05:57+00:00","description":"Basic Unverzichtbare Tank-Top aus eng anliegendem Rippstrick in fester Baumwoll-Elastan-Mischung mit hohem Rundhalsausschnitt.","breadcrumb":{"@id":"https:\/\/stylestore.com\/deu\/product\/wblrita-ribbed-tank-top-7\/#breadcrumb"},"inLanguage":"de","potentialAction":[{"@type":"ReadAction","target":["https:\/\/stylestore.com\/deu\/product\/wblrita-ribbed-tank-top-7\/"]}]},{"@type":"ImageObject","inLanguage":"de","@id":"https:\/\/stylestore.com\/deu\/product\/wblrita-ribbed-tank-top-7\/#primaryimage","url":"https:\/\/stylestore.com\/deu\/wp-content\/uploads\/sites\/4\/2023\/06\/WBLRITA20RIBBED20TANK20TOP20WHITE20SS200-2.jpg","contentUrl":"https:\/\/stylestore.com\/deu\/wp-content\/uploads\/sites\/4\/2023\/06\/WBLRITA20RIBBED20TANK20TOP20WHITE20SS200-2.jpg","width":1067,"height":1600},{"@type":"BreadcrumbList","@id":"https:\/\/stylestore.com\/deu\/product\/wblrita-ribbed-tank-top-7\/#breadcrumb","itemListElement":[{"@type":"ListItem","position":1,"name":"Search","item":"https:\/\/stylestore.com\/deu\/search\/"},{"@type":"ListItem","position":2,"name":"WBLRITA RIBBED TANK TOP"}]},{"@type":"WebSite","@id":"https:\/\/stylestore.com\/deu\/#website","url":"https:\/\/stylestore.com\/deu\/","name":"Stylestore.com Germany","description":"","potentialAction":[{"@type":"SearchAction","target":{"@type":"EntryPoint","urlTemplate":"https:\/\/stylestore.com\/deu\/?s={search_term_string}"},"query-input":{"@type":"PropertyValueSpecification","valueRequired":true,"valueName":"search_term_string"}}],"inLanguage":"de"}]}},"_links":{"self":[{"href":"https:\/\/stylestore.com\/deu\/wp-json\/wp\/v2\/product\/517772","targetHints":{"allow":["GET"]}}],"collection":[{"href":"https:\/\/stylestore.com\/deu\/wp-json\/wp\/v2\/product"}],"about":[{"href":"https:\/\/stylestore.com\/deu\/wp-json\/wp\/v2\/types\/product"}],"wp:featuredmedia":[{"embeddable":true,"href":"https:\/\/stylestore.com\/deu\/wp-json\/wp\/v2\/media\/518504"}],"wp:attachment":[{"href":"https:\/\/stylestore.com\/deu\/wp-json\/wp\/v2\/media?parent=517772"}],"wp:term":[{"taxonomy":"product_brand","embeddable":true,"href":"https:\/\/stylestore.com\/deu\/wp-json\/wp\/v2\/product_brand?post=517772"},{"taxonomy":"product_cat","embeddable":true,"href":"https:\/\/stylestore.com\/deu\/wp-json\/wp\/v2\/product_cat?post=517772"},{"taxonomy":"product_tag","embeddable":true,"href":"https:\/\/stylestore.com\/deu\/wp-json\/wp\/v2\/product_tag?post=517772"}],"curies":[{"name":"wp","href":"https:\/\/api.w.org\/{rel}","templated":true}]}}