{"id":515316,"date":"2023-06-14T13:46:17","date_gmt":"2023-06-14T11:46:17","guid":{"rendered":"https:\/\/stylestore.com\/deu\/product\/wblkally-bomber-jacket-6\/"},"modified":"2026-04-23T08:06:12","modified_gmt":"2026-04-23T06:06:12","slug":"wblkally-bomber-jacket-6","status":"publish","type":"product","link":"https:\/\/stylestore.com\/deu\/product\/wblkally-bomber-jacket-6\/","title":{"rendered":"WBLKALLY BOMBER JACKET"},"content":{"rendered":"<p>Gepolstertes Nylon mit satinierter Oberfl\u00e4che<br \/>\nKlassische oversized Bomberjacke<br \/>\nRippkragen, B\u00fcndchen und Manchetten<br \/>\nVersteckter Rei\u00dfverschluss und Druckknopfverschluss auf der Vorderseite<br \/>\nPlattentaschen mit Druckknopf<br \/>\nFaltendetails an \u00c4rmeln und R\u00fccken<br \/>\n\u00c4rmeltasche mit Rei\u00dfverschluss<br \/>\nGestepptes Innenfutter<\/p>\n<p>Das Model ist 173 cm hoch und tr\u00e4gt Gr\u00f6\u00dfe S<br \/>\nDas Produkt f\u00e4llt gr\u00f6\u00dfengetreu aus und sorgt f\u00fcr einen \u00fcbergro\u00dfen Look. W\u00e4hle eine kleinere Gr\u00f6\u00dfe f\u00fcr einen weniger \u00fcbergro\u00dfen Look<\/p>\n","protected":false},"excerpt":{"rendered":"","protected":false},"featured_media":523347,"template":"","meta":{"_acf_changed":false},"product_brand":[],"product_cat":[115],"product_tag":[1871,1522],"class_list":{"0":"post-515316","1":"product","2":"type-product","3":"status-publish","4":"has-post-thumbnail","6":"product_cat-kurze-jacken","7":"product_tag-b2b","8":"product_tag-outlet","9":"pa_brand-withblack","10":"pa_collection-icons-ss24","11":"pa_color-lead-gray","12":"pa_fit-relaxed","15":"instock","16":"sale","17":"taxable","18":"shipping-taxable","19":"purchasable","20":"product-type-variable"},"acf":[],"yoast_head":"<!-- This site is optimized with the Yoast SEO plugin v23.8 - https:\/\/yoast.com\/wordpress\/plugins\/seo\/ -->\n<title>WBLKALLY BOMBER JACKET &#187; Stylestore.com Germany<\/title>\n<meta name=\"description\" content=\"Eine klassische Bomberjacke in \u00dcbergr\u00f6\u00dfe ist ein Must-Have f\u00fcr den Fr\u00fchling! Tragen Sie sie mit hochgekrempelten \u00c4rmeln und lassen Sie die coolen Details f\u00fcr Ihren Look wirken.\" \/>\n<meta name=\"robots\" content=\"index, follow, max-snippet:-1, max-image-preview:large, max-video-preview:-1\" \/>\n<link rel=\"canonical\" href=\"https:\/\/stylestore.com\/deu\/product\/wblkally-bomber-jacket-6\/\" \/>\n<meta property=\"og:locale\" content=\"de_DE\" \/>\n<meta property=\"og:type\" content=\"article\" \/>\n<meta property=\"og:title\" content=\"WBLKALLY BOMBER JACKET &#187; Stylestore.com Germany\" \/>\n<meta property=\"og:description\" content=\"Eine klassische Bomberjacke in \u00dcbergr\u00f6\u00dfe ist ein Must-Have f\u00fcr den Fr\u00fchling! Tragen Sie sie mit hochgekrempelten \u00c4rmeln und lassen Sie die coolen Details f\u00fcr Ihren Look wirken.\" \/>\n<meta property=\"og:url\" content=\"https:\/\/stylestore.com\/deu\/product\/wblkally-bomber-jacket-6\/\" \/>\n<meta property=\"og:site_name\" content=\"Stylestore.com Germany\" \/>\n<meta property=\"article:modified_time\" content=\"2026-04-23T06:06:12+00:00\" \/>\n<meta property=\"og:image\" content=\"https:\/\/stylestore.com\/deu\/wp-content\/uploads\/sites\/4\/2023\/08\/WBLKALLY20BOMBER20JACKET20Lead20Gray2005-2.jpg\" \/>\n\t<meta property=\"og:image:width\" content=\"1067\" \/>\n\t<meta property=\"og:image:height\" content=\"1600\" \/>\n\t<meta property=\"og:image:type\" content=\"image\/jpeg\" \/>\n<meta name=\"twitter:card\" content=\"summary_large_image\" \/>\n<script type=\"application\/ld+json\" class=\"yoast-schema-graph\">{\"@context\":\"https:\/\/schema.org\",\"@graph\":[{\"@type\":\"WebPage\",\"@id\":\"https:\/\/stylestore.com\/deu\/product\/wblkally-bomber-jacket-6\/\",\"url\":\"https:\/\/stylestore.com\/deu\/product\/wblkally-bomber-jacket-6\/\",\"name\":\"WBLKALLY BOMBER JACKET &#187; Stylestore.com Germany\",\"isPartOf\":{\"@id\":\"https:\/\/stylestore.com\/deu\/#website\"},\"primaryImageOfPage\":{\"@id\":\"https:\/\/stylestore.com\/deu\/product\/wblkally-bomber-jacket-6\/#primaryimage\"},\"image\":{\"@id\":\"https:\/\/stylestore.com\/deu\/product\/wblkally-bomber-jacket-6\/#primaryimage\"},\"thumbnailUrl\":\"https:\/\/stylestore.com\/deu\/wp-content\/uploads\/sites\/4\/2023\/08\/WBLKALLY20BOMBER20JACKET20Lead20Gray2005-2.jpg\",\"datePublished\":\"2023-06-14T11:46:17+00:00\",\"dateModified\":\"2026-04-23T06:06:12+00:00\",\"description\":\"Eine klassische Bomberjacke in \u00dcbergr\u00f6\u00dfe ist ein Must-Have f\u00fcr den Fr\u00fchling! Tragen Sie sie mit hochgekrempelten \u00c4rmeln und lassen Sie die coolen Details f\u00fcr Ihren Look wirken.\",\"breadcrumb\":{\"@id\":\"https:\/\/stylestore.com\/deu\/product\/wblkally-bomber-jacket-6\/#breadcrumb\"},\"inLanguage\":\"de\",\"potentialAction\":[{\"@type\":\"ReadAction\",\"target\":[\"https:\/\/stylestore.com\/deu\/product\/wblkally-bomber-jacket-6\/\"]}]},{\"@type\":\"ImageObject\",\"inLanguage\":\"de\",\"@id\":\"https:\/\/stylestore.com\/deu\/product\/wblkally-bomber-jacket-6\/#primaryimage\",\"url\":\"https:\/\/stylestore.com\/deu\/wp-content\/uploads\/sites\/4\/2023\/08\/WBLKALLY20BOMBER20JACKET20Lead20Gray2005-2.jpg\",\"contentUrl\":\"https:\/\/stylestore.com\/deu\/wp-content\/uploads\/sites\/4\/2023\/08\/WBLKALLY20BOMBER20JACKET20Lead20Gray2005-2.jpg\",\"width\":1067,\"height\":1600},{\"@type\":\"BreadcrumbList\",\"@id\":\"https:\/\/stylestore.com\/deu\/product\/wblkally-bomber-jacket-6\/#breadcrumb\",\"itemListElement\":[{\"@type\":\"ListItem\",\"position\":1,\"name\":\"Search\",\"item\":\"https:\/\/stylestore.com\/deu\/search\/\"},{\"@type\":\"ListItem\",\"position\":2,\"name\":\"WBLKALLY BOMBER JACKET\"}]},{\"@type\":\"WebSite\",\"@id\":\"https:\/\/stylestore.com\/deu\/#website\",\"url\":\"https:\/\/stylestore.com\/deu\/\",\"name\":\"Stylestore.com Germany\",\"description\":\"\",\"potentialAction\":[{\"@type\":\"SearchAction\",\"target\":{\"@type\":\"EntryPoint\",\"urlTemplate\":\"https:\/\/stylestore.com\/deu\/?s={search_term_string}\"},\"query-input\":{\"@type\":\"PropertyValueSpecification\",\"valueRequired\":true,\"valueName\":\"search_term_string\"}}],\"inLanguage\":\"de\"}]}<\/script>\n<!-- \/ Yoast SEO plugin. -->","yoast_head_json":{"title":"WBLKALLY BOMBER JACKET &#187; Stylestore.com Germany","description":"Eine klassische Bomberjacke in \u00dcbergr\u00f6\u00dfe ist ein Must-Have f\u00fcr den Fr\u00fchling! Tragen Sie sie mit hochgekrempelten \u00c4rmeln und lassen Sie die coolen Details f\u00fcr Ihren Look wirken.","robots":{"index":"index","follow":"follow","max-snippet":"max-snippet:-1","max-image-preview":"max-image-preview:large","max-video-preview":"max-video-preview:-1"},"canonical":"https:\/\/stylestore.com\/deu\/product\/wblkally-bomber-jacket-6\/","og_locale":"de_DE","og_type":"article","og_title":"WBLKALLY BOMBER JACKET &#187; Stylestore.com Germany","og_description":"Eine klassische Bomberjacke in \u00dcbergr\u00f6\u00dfe ist ein Must-Have f\u00fcr den Fr\u00fchling! Tragen Sie sie mit hochgekrempelten \u00c4rmeln und lassen Sie die coolen Details f\u00fcr Ihren Look wirken.","og_url":"https:\/\/stylestore.com\/deu\/product\/wblkally-bomber-jacket-6\/","og_site_name":"Stylestore.com Germany","article_modified_time":"2026-04-23T06:06:12+00:00","og_image":[{"width":1067,"height":1600,"url":"https:\/\/stylestore.com\/deu\/wp-content\/uploads\/sites\/4\/2023\/08\/WBLKALLY20BOMBER20JACKET20Lead20Gray2005-2.jpg","type":"image\/jpeg"}],"twitter_card":"summary_large_image","schema":{"@context":"https:\/\/schema.org","@graph":[{"@type":"WebPage","@id":"https:\/\/stylestore.com\/deu\/product\/wblkally-bomber-jacket-6\/","url":"https:\/\/stylestore.com\/deu\/product\/wblkally-bomber-jacket-6\/","name":"WBLKALLY BOMBER JACKET &#187; Stylestore.com Germany","isPartOf":{"@id":"https:\/\/stylestore.com\/deu\/#website"},"primaryImageOfPage":{"@id":"https:\/\/stylestore.com\/deu\/product\/wblkally-bomber-jacket-6\/#primaryimage"},"image":{"@id":"https:\/\/stylestore.com\/deu\/product\/wblkally-bomber-jacket-6\/#primaryimage"},"thumbnailUrl":"https:\/\/stylestore.com\/deu\/wp-content\/uploads\/sites\/4\/2023\/08\/WBLKALLY20BOMBER20JACKET20Lead20Gray2005-2.jpg","datePublished":"2023-06-14T11:46:17+00:00","dateModified":"2026-04-23T06:06:12+00:00","description":"Eine klassische Bomberjacke in \u00dcbergr\u00f6\u00dfe ist ein Must-Have f\u00fcr den Fr\u00fchling! Tragen Sie sie mit hochgekrempelten \u00c4rmeln und lassen Sie die coolen Details f\u00fcr Ihren Look wirken.","breadcrumb":{"@id":"https:\/\/stylestore.com\/deu\/product\/wblkally-bomber-jacket-6\/#breadcrumb"},"inLanguage":"de","potentialAction":[{"@type":"ReadAction","target":["https:\/\/stylestore.com\/deu\/product\/wblkally-bomber-jacket-6\/"]}]},{"@type":"ImageObject","inLanguage":"de","@id":"https:\/\/stylestore.com\/deu\/product\/wblkally-bomber-jacket-6\/#primaryimage","url":"https:\/\/stylestore.com\/deu\/wp-content\/uploads\/sites\/4\/2023\/08\/WBLKALLY20BOMBER20JACKET20Lead20Gray2005-2.jpg","contentUrl":"https:\/\/stylestore.com\/deu\/wp-content\/uploads\/sites\/4\/2023\/08\/WBLKALLY20BOMBER20JACKET20Lead20Gray2005-2.jpg","width":1067,"height":1600},{"@type":"BreadcrumbList","@id":"https:\/\/stylestore.com\/deu\/product\/wblkally-bomber-jacket-6\/#breadcrumb","itemListElement":[{"@type":"ListItem","position":1,"name":"Search","item":"https:\/\/stylestore.com\/deu\/search\/"},{"@type":"ListItem","position":2,"name":"WBLKALLY BOMBER JACKET"}]},{"@type":"WebSite","@id":"https:\/\/stylestore.com\/deu\/#website","url":"https:\/\/stylestore.com\/deu\/","name":"Stylestore.com Germany","description":"","potentialAction":[{"@type":"SearchAction","target":{"@type":"EntryPoint","urlTemplate":"https:\/\/stylestore.com\/deu\/?s={search_term_string}"},"query-input":{"@type":"PropertyValueSpecification","valueRequired":true,"valueName":"search_term_string"}}],"inLanguage":"de"}]}},"_links":{"self":[{"href":"https:\/\/stylestore.com\/deu\/wp-json\/wp\/v2\/product\/515316","targetHints":{"allow":["GET"]}}],"collection":[{"href":"https:\/\/stylestore.com\/deu\/wp-json\/wp\/v2\/product"}],"about":[{"href":"https:\/\/stylestore.com\/deu\/wp-json\/wp\/v2\/types\/product"}],"wp:featuredmedia":[{"embeddable":true,"href":"https:\/\/stylestore.com\/deu\/wp-json\/wp\/v2\/media\/523347"}],"wp:attachment":[{"href":"https:\/\/stylestore.com\/deu\/wp-json\/wp\/v2\/media?parent=515316"}],"wp:term":[{"taxonomy":"product_brand","embeddable":true,"href":"https:\/\/stylestore.com\/deu\/wp-json\/wp\/v2\/product_brand?post=515316"},{"taxonomy":"product_cat","embeddable":true,"href":"https:\/\/stylestore.com\/deu\/wp-json\/wp\/v2\/product_cat?post=515316"},{"taxonomy":"product_tag","embeddable":true,"href":"https:\/\/stylestore.com\/deu\/wp-json\/wp\/v2\/product_tag?post=515316"}],"curies":[{"name":"wp","href":"https:\/\/api.w.org\/{rel}","templated":true}]}}