{"id":492217,"date":"2023-02-24T11:55:52","date_gmt":"2023-02-24T10:55:52","guid":{"rendered":"https:\/\/stylestore.com\/deu\/product\/wblnora-ls-jumpsuit\/"},"modified":"2026-04-23T08:06:16","modified_gmt":"2026-04-23T06:06:16","slug":"wblnora-ls-jumpsuit","status":"publish","type":"product","link":"https:\/\/stylestore.com\/deu\/product\/wblnora-ls-jumpsuit\/","title":{"rendered":"WBLNORA LS JUMPSUIT"},"content":{"rendered":"<p>Klassische Silhouette<br \/>\nTraditioneller Hemdkragen<br \/>\nVerdeckter Knopfverschluss<br \/>\nPassender G\u00fcrtel mit G\u00fcrtelschlaufen<br \/>\nPlissee-Details auf der Vorderseite<br \/>\nSchr\u00e4ge Ges\u00e4\u00dftaschen<br \/>\nDekorative Ges\u00e4\u00dftasche<\/p>\n<p>Das Model ist 173 cm gro\u00df und tr\u00e4gt die Gr\u00f6\u00dfe Small<br \/>\nDas Produkt f\u00e4llt gr\u00f6\u00dfengerecht aus<\/p>\n","protected":false},"excerpt":{"rendered":"","protected":false},"featured_media":492236,"template":"","meta":{"_acf_changed":false},"product_brand":[],"product_cat":[121],"product_tag":[1871],"class_list":{"0":"post-492217","1":"product","2":"type-product","3":"status-publish","4":"has-post-thumbnail","6":"product_cat-jumpsuits","7":"product_tag-b2b","8":"pa_brand-withblack","9":"pa_collection-elevated","10":"pa_color-black","13":"instock","14":"taxable","15":"shipping-taxable","16":"purchasable","17":"product-type-variable"},"acf":[],"yoast_head":"<!-- This site is optimized with the Yoast SEO plugin v23.8 - https:\/\/yoast.com\/wordpress\/plugins\/seo\/ -->\n<title>WBLNORA LS JUMPSUIT &#187; Stylestore.com Germany<\/title>\n<meta name=\"description\" content=\"Kombinieren Sie das Praktische mit dem Modischen, mit einem Jumpsuit, der sich f\u00fcr jeden Anlass leicht anpassen l\u00e4sst und eine tolle Designalternative zu Kleidern und Anz\u00fcgen ist.\" \/>\n<meta name=\"robots\" content=\"index, follow, max-snippet:-1, max-image-preview:large, max-video-preview:-1\" \/>\n<link rel=\"canonical\" href=\"https:\/\/stylestore.com\/deu\/product\/wblnora-ls-jumpsuit\/\" \/>\n<meta property=\"og:locale\" content=\"de_DE\" \/>\n<meta property=\"og:type\" content=\"article\" \/>\n<meta property=\"og:title\" content=\"WBLNORA LS JUMPSUIT &#187; Stylestore.com Germany\" \/>\n<meta property=\"og:description\" content=\"Kombinieren Sie das Praktische mit dem Modischen, mit einem Jumpsuit, der sich f\u00fcr jeden Anlass leicht anpassen l\u00e4sst und eine tolle Designalternative zu Kleidern und Anz\u00fcgen ist.\" \/>\n<meta property=\"og:url\" content=\"https:\/\/stylestore.com\/deu\/product\/wblnora-ls-jumpsuit\/\" \/>\n<meta property=\"og:site_name\" content=\"Stylestore.com Germany\" \/>\n<meta property=\"article:modified_time\" content=\"2026-04-23T06:06:16+00:00\" \/>\n<meta property=\"og:image\" content=\"https:\/\/stylestore.com\/deu\/wp-content\/uploads\/sites\/4\/2023\/02\/WBLNORA20LS20JUMPSUIT20BLACK200.jpg\" \/>\n\t<meta property=\"og:image:width\" content=\"1067\" \/>\n\t<meta property=\"og:image:height\" content=\"1600\" \/>\n\t<meta property=\"og:image:type\" content=\"image\/jpeg\" \/>\n<meta name=\"twitter:card\" content=\"summary_large_image\" \/>\n<script type=\"application\/ld+json\" class=\"yoast-schema-graph\">{\"@context\":\"https:\/\/schema.org\",\"@graph\":[{\"@type\":\"WebPage\",\"@id\":\"https:\/\/stylestore.com\/deu\/product\/wblnora-ls-jumpsuit\/\",\"url\":\"https:\/\/stylestore.com\/deu\/product\/wblnora-ls-jumpsuit\/\",\"name\":\"WBLNORA LS JUMPSUIT &#187; Stylestore.com Germany\",\"isPartOf\":{\"@id\":\"https:\/\/stylestore.com\/deu\/#website\"},\"primaryImageOfPage\":{\"@id\":\"https:\/\/stylestore.com\/deu\/product\/wblnora-ls-jumpsuit\/#primaryimage\"},\"image\":{\"@id\":\"https:\/\/stylestore.com\/deu\/product\/wblnora-ls-jumpsuit\/#primaryimage\"},\"thumbnailUrl\":\"https:\/\/stylestore.com\/deu\/wp-content\/uploads\/sites\/4\/2023\/02\/WBLNORA20LS20JUMPSUIT20BLACK200.jpg\",\"datePublished\":\"2023-02-24T10:55:52+00:00\",\"dateModified\":\"2026-04-23T06:06:16+00:00\",\"description\":\"Kombinieren Sie das Praktische mit dem Modischen, mit einem Jumpsuit, der sich f\u00fcr jeden Anlass leicht anpassen l\u00e4sst und eine tolle Designalternative zu Kleidern und Anz\u00fcgen ist.\",\"breadcrumb\":{\"@id\":\"https:\/\/stylestore.com\/deu\/product\/wblnora-ls-jumpsuit\/#breadcrumb\"},\"inLanguage\":\"de\",\"potentialAction\":[{\"@type\":\"ReadAction\",\"target\":[\"https:\/\/stylestore.com\/deu\/product\/wblnora-ls-jumpsuit\/\"]}]},{\"@type\":\"ImageObject\",\"inLanguage\":\"de\",\"@id\":\"https:\/\/stylestore.com\/deu\/product\/wblnora-ls-jumpsuit\/#primaryimage\",\"url\":\"https:\/\/stylestore.com\/deu\/wp-content\/uploads\/sites\/4\/2023\/02\/WBLNORA20LS20JUMPSUIT20BLACK200.jpg\",\"contentUrl\":\"https:\/\/stylestore.com\/deu\/wp-content\/uploads\/sites\/4\/2023\/02\/WBLNORA20LS20JUMPSUIT20BLACK200.jpg\",\"width\":1067,\"height\":1600,\"caption\":\"WBLNORA LS JUMPSUIT - \u20ac 99,99\"},{\"@type\":\"BreadcrumbList\",\"@id\":\"https:\/\/stylestore.com\/deu\/product\/wblnora-ls-jumpsuit\/#breadcrumb\",\"itemListElement\":[{\"@type\":\"ListItem\",\"position\":1,\"name\":\"Search\",\"item\":\"https:\/\/stylestore.com\/deu\/search\/\"},{\"@type\":\"ListItem\",\"position\":2,\"name\":\"WBLNORA LS JUMPSUIT\"}]},{\"@type\":\"WebSite\",\"@id\":\"https:\/\/stylestore.com\/deu\/#website\",\"url\":\"https:\/\/stylestore.com\/deu\/\",\"name\":\"Stylestore.com Germany\",\"description\":\"\",\"potentialAction\":[{\"@type\":\"SearchAction\",\"target\":{\"@type\":\"EntryPoint\",\"urlTemplate\":\"https:\/\/stylestore.com\/deu\/?s={search_term_string}\"},\"query-input\":{\"@type\":\"PropertyValueSpecification\",\"valueRequired\":true,\"valueName\":\"search_term_string\"}}],\"inLanguage\":\"de\"}]}<\/script>\n<!-- \/ Yoast SEO plugin. -->","yoast_head_json":{"title":"WBLNORA LS JUMPSUIT &#187; Stylestore.com Germany","description":"Kombinieren Sie das Praktische mit dem Modischen, mit einem Jumpsuit, der sich f\u00fcr jeden Anlass leicht anpassen l\u00e4sst und eine tolle Designalternative zu Kleidern und Anz\u00fcgen ist.","robots":{"index":"index","follow":"follow","max-snippet":"max-snippet:-1","max-image-preview":"max-image-preview:large","max-video-preview":"max-video-preview:-1"},"canonical":"https:\/\/stylestore.com\/deu\/product\/wblnora-ls-jumpsuit\/","og_locale":"de_DE","og_type":"article","og_title":"WBLNORA LS JUMPSUIT &#187; Stylestore.com Germany","og_description":"Kombinieren Sie das Praktische mit dem Modischen, mit einem Jumpsuit, der sich f\u00fcr jeden Anlass leicht anpassen l\u00e4sst und eine tolle Designalternative zu Kleidern und Anz\u00fcgen ist.","og_url":"https:\/\/stylestore.com\/deu\/product\/wblnora-ls-jumpsuit\/","og_site_name":"Stylestore.com Germany","article_modified_time":"2026-04-23T06:06:16+00:00","og_image":[{"width":1067,"height":1600,"url":"https:\/\/stylestore.com\/deu\/wp-content\/uploads\/sites\/4\/2023\/02\/WBLNORA20LS20JUMPSUIT20BLACK200.jpg","type":"image\/jpeg"}],"twitter_card":"summary_large_image","schema":{"@context":"https:\/\/schema.org","@graph":[{"@type":"WebPage","@id":"https:\/\/stylestore.com\/deu\/product\/wblnora-ls-jumpsuit\/","url":"https:\/\/stylestore.com\/deu\/product\/wblnora-ls-jumpsuit\/","name":"WBLNORA LS JUMPSUIT &#187; Stylestore.com Germany","isPartOf":{"@id":"https:\/\/stylestore.com\/deu\/#website"},"primaryImageOfPage":{"@id":"https:\/\/stylestore.com\/deu\/product\/wblnora-ls-jumpsuit\/#primaryimage"},"image":{"@id":"https:\/\/stylestore.com\/deu\/product\/wblnora-ls-jumpsuit\/#primaryimage"},"thumbnailUrl":"https:\/\/stylestore.com\/deu\/wp-content\/uploads\/sites\/4\/2023\/02\/WBLNORA20LS20JUMPSUIT20BLACK200.jpg","datePublished":"2023-02-24T10:55:52+00:00","dateModified":"2026-04-23T06:06:16+00:00","description":"Kombinieren Sie das Praktische mit dem Modischen, mit einem Jumpsuit, der sich f\u00fcr jeden Anlass leicht anpassen l\u00e4sst und eine tolle Designalternative zu Kleidern und Anz\u00fcgen ist.","breadcrumb":{"@id":"https:\/\/stylestore.com\/deu\/product\/wblnora-ls-jumpsuit\/#breadcrumb"},"inLanguage":"de","potentialAction":[{"@type":"ReadAction","target":["https:\/\/stylestore.com\/deu\/product\/wblnora-ls-jumpsuit\/"]}]},{"@type":"ImageObject","inLanguage":"de","@id":"https:\/\/stylestore.com\/deu\/product\/wblnora-ls-jumpsuit\/#primaryimage","url":"https:\/\/stylestore.com\/deu\/wp-content\/uploads\/sites\/4\/2023\/02\/WBLNORA20LS20JUMPSUIT20BLACK200.jpg","contentUrl":"https:\/\/stylestore.com\/deu\/wp-content\/uploads\/sites\/4\/2023\/02\/WBLNORA20LS20JUMPSUIT20BLACK200.jpg","width":1067,"height":1600,"caption":"WBLNORA LS JUMPSUIT - \u20ac 99,99"},{"@type":"BreadcrumbList","@id":"https:\/\/stylestore.com\/deu\/product\/wblnora-ls-jumpsuit\/#breadcrumb","itemListElement":[{"@type":"ListItem","position":1,"name":"Search","item":"https:\/\/stylestore.com\/deu\/search\/"},{"@type":"ListItem","position":2,"name":"WBLNORA LS JUMPSUIT"}]},{"@type":"WebSite","@id":"https:\/\/stylestore.com\/deu\/#website","url":"https:\/\/stylestore.com\/deu\/","name":"Stylestore.com Germany","description":"","potentialAction":[{"@type":"SearchAction","target":{"@type":"EntryPoint","urlTemplate":"https:\/\/stylestore.com\/deu\/?s={search_term_string}"},"query-input":{"@type":"PropertyValueSpecification","valueRequired":true,"valueName":"search_term_string"}}],"inLanguage":"de"}]}},"_links":{"self":[{"href":"https:\/\/stylestore.com\/deu\/wp-json\/wp\/v2\/product\/492217","targetHints":{"allow":["GET"]}}],"collection":[{"href":"https:\/\/stylestore.com\/deu\/wp-json\/wp\/v2\/product"}],"about":[{"href":"https:\/\/stylestore.com\/deu\/wp-json\/wp\/v2\/types\/product"}],"wp:featuredmedia":[{"embeddable":true,"href":"https:\/\/stylestore.com\/deu\/wp-json\/wp\/v2\/media\/492236"}],"wp:attachment":[{"href":"https:\/\/stylestore.com\/deu\/wp-json\/wp\/v2\/media?parent=492217"}],"wp:term":[{"taxonomy":"product_brand","embeddable":true,"href":"https:\/\/stylestore.com\/deu\/wp-json\/wp\/v2\/product_brand?post=492217"},{"taxonomy":"product_cat","embeddable":true,"href":"https:\/\/stylestore.com\/deu\/wp-json\/wp\/v2\/product_cat?post=492217"},{"taxonomy":"product_tag","embeddable":true,"href":"https:\/\/stylestore.com\/deu\/wp-json\/wp\/v2\/product_tag?post=492217"}],"curies":[{"name":"wp","href":"https:\/\/api.w.org\/{rel}","templated":true}]}}