{"id":472144,"date":"2022-12-13T15:18:42","date_gmt":"2022-12-13T14:18:42","guid":{"rendered":"https:\/\/stylestore.com\/deu\/product\/wblmia-down-puffer-jacket-5\/"},"modified":"2026-04-16T08:07:32","modified_gmt":"2026-04-16T06:07:32","slug":"wblmia-down-puffer-jacket-5","status":"publish","type":"product","link":"https:\/\/stylestore.com\/deu\/product\/wblmia-down-puffer-jacket-5\/","title":{"rendered":"WBLMIA DOWN PUFFER JACKET"},"content":{"rendered":"<p>Daunen-Pufferjacke<br \/>\nAu\u00dfenmaterial aus recyceltem Materia<br \/>\nGef\u00fcttert<br \/>\nEntspannte Silhouette<br \/>\nAbnehmbare Kapuze mit verstellbaren Kordelz\u00fcgen<br \/>\nZwei-Wege-Rei\u00dfverschluss auf der Vorderseite<br \/>\nTaille mit Kordelzug<br \/>\nAufgesetzte Taschen<\/p>\n<p>Das Model ist 173 cm gro\u00df und tr\u00e4gt Gr\u00f6\u00dfe Small<br \/>\nDas Produkt f\u00e4llt gr\u00f6\u00dfengerecht aus<\/p>\n","protected":false},"excerpt":{"rendered":"","protected":false},"featured_media":528776,"template":"","meta":{"_acf_changed":false},"product_brand":[],"product_cat":[18],"product_tag":[1871,2134,1522],"class_list":{"0":"post-472144","1":"product","2":"type-product","3":"status-publish","4":"has-post-thumbnail","6":"product_cat-jacken","7":"product_tag-b2b","8":"product_tag-pre-order","9":"product_tag-outlet","10":"pa_brand-withblack","11":"pa_collection-icons-aw24","12":"pa_color-silver-lining","13":"pa_fit-regular","16":"instock","17":"sale","18":"taxable","19":"shipping-taxable","20":"purchasable","21":"product-type-variable"},"acf":[],"yoast_head":"<!-- This site is optimized with the Yoast SEO plugin v23.8 - https:\/\/yoast.com\/wordpress\/plugins\/seo\/ -->\n<title>WBLMIA DOWN PUFFER JACKET &#187; Stylestore.com Germany<\/title>\n<meta name=\"description\" content=\"Daunen-Pufferjacke aus recyceltem Material in entspannter Silhouette mit Zwei-Wege-Rei\u00dfverschluss, verstellbarem Kordelzug in der Taille, abnehmbarer Kapuze und praktischen aufgesetzten Taschen. Perfekt f\u00fcr kalte Tage.\" \/>\n<meta name=\"robots\" content=\"index, follow, max-snippet:-1, max-image-preview:large, max-video-preview:-1\" \/>\n<link rel=\"canonical\" href=\"https:\/\/stylestore.com\/deu\/product\/wblmia-down-puffer-jacket-5\/\" \/>\n<meta property=\"og:locale\" content=\"de_DE\" \/>\n<meta property=\"og:type\" content=\"article\" \/>\n<meta property=\"og:title\" content=\"WBLMIA DOWN PUFFER JACKET &#187; Stylestore.com Germany\" \/>\n<meta property=\"og:description\" content=\"Daunen-Pufferjacke aus recyceltem Material in entspannter Silhouette mit Zwei-Wege-Rei\u00dfverschluss, verstellbarem Kordelzug in der Taille, abnehmbarer Kapuze und praktischen aufgesetzten Taschen. Perfekt f\u00fcr kalte Tage.\" \/>\n<meta property=\"og:url\" content=\"https:\/\/stylestore.com\/deu\/product\/wblmia-down-puffer-jacket-5\/\" \/>\n<meta property=\"og:site_name\" content=\"Stylestore.com Germany\" \/>\n<meta property=\"article:modified_time\" content=\"2026-04-16T06:07:32+00:00\" \/>\n<meta property=\"og:image\" content=\"https:\/\/stylestore.com\/deu\/wp-content\/uploads\/sites\/4\/2023\/09\/WBLMIA20DOWN20PUFFER20JACKET20Silver20lining201.jpg\" \/>\n\t<meta property=\"og:image:width\" content=\"1067\" \/>\n\t<meta property=\"og:image:height\" content=\"1600\" \/>\n\t<meta property=\"og:image:type\" content=\"image\/jpeg\" \/>\n<meta name=\"twitter:card\" content=\"summary_large_image\" \/>\n<script type=\"application\/ld+json\" class=\"yoast-schema-graph\">{\"@context\":\"https:\/\/schema.org\",\"@graph\":[{\"@type\":\"WebPage\",\"@id\":\"https:\/\/stylestore.com\/deu\/product\/wblmia-down-puffer-jacket-5\/\",\"url\":\"https:\/\/stylestore.com\/deu\/product\/wblmia-down-puffer-jacket-5\/\",\"name\":\"WBLMIA DOWN PUFFER JACKET &#187; Stylestore.com Germany\",\"isPartOf\":{\"@id\":\"https:\/\/stylestore.com\/deu\/#website\"},\"primaryImageOfPage\":{\"@id\":\"https:\/\/stylestore.com\/deu\/product\/wblmia-down-puffer-jacket-5\/#primaryimage\"},\"image\":{\"@id\":\"https:\/\/stylestore.com\/deu\/product\/wblmia-down-puffer-jacket-5\/#primaryimage\"},\"thumbnailUrl\":\"https:\/\/stylestore.com\/deu\/wp-content\/uploads\/sites\/4\/2023\/09\/WBLMIA20DOWN20PUFFER20JACKET20Silver20lining201.jpg\",\"datePublished\":\"2022-12-13T14:18:42+00:00\",\"dateModified\":\"2026-04-16T06:07:32+00:00\",\"description\":\"Daunen-Pufferjacke aus recyceltem Material in entspannter Silhouette mit Zwei-Wege-Rei\u00dfverschluss, verstellbarem Kordelzug in der Taille, abnehmbarer Kapuze und praktischen aufgesetzten Taschen. Perfekt f\u00fcr kalte Tage.\",\"breadcrumb\":{\"@id\":\"https:\/\/stylestore.com\/deu\/product\/wblmia-down-puffer-jacket-5\/#breadcrumb\"},\"inLanguage\":\"de\",\"potentialAction\":[{\"@type\":\"ReadAction\",\"target\":[\"https:\/\/stylestore.com\/deu\/product\/wblmia-down-puffer-jacket-5\/\"]}]},{\"@type\":\"ImageObject\",\"inLanguage\":\"de\",\"@id\":\"https:\/\/stylestore.com\/deu\/product\/wblmia-down-puffer-jacket-5\/#primaryimage\",\"url\":\"https:\/\/stylestore.com\/deu\/wp-content\/uploads\/sites\/4\/2023\/09\/WBLMIA20DOWN20PUFFER20JACKET20Silver20lining201.jpg\",\"contentUrl\":\"https:\/\/stylestore.com\/deu\/wp-content\/uploads\/sites\/4\/2023\/09\/WBLMIA20DOWN20PUFFER20JACKET20Silver20lining201.jpg\",\"width\":1067,\"height\":1600},{\"@type\":\"BreadcrumbList\",\"@id\":\"https:\/\/stylestore.com\/deu\/product\/wblmia-down-puffer-jacket-5\/#breadcrumb\",\"itemListElement\":[{\"@type\":\"ListItem\",\"position\":1,\"name\":\"Search\",\"item\":\"https:\/\/stylestore.com\/deu\/search\/\"},{\"@type\":\"ListItem\",\"position\":2,\"name\":\"WBLMIA DOWN PUFFER JACKET\"}]},{\"@type\":\"WebSite\",\"@id\":\"https:\/\/stylestore.com\/deu\/#website\",\"url\":\"https:\/\/stylestore.com\/deu\/\",\"name\":\"Stylestore.com Germany\",\"description\":\"\",\"potentialAction\":[{\"@type\":\"SearchAction\",\"target\":{\"@type\":\"EntryPoint\",\"urlTemplate\":\"https:\/\/stylestore.com\/deu\/?s={search_term_string}\"},\"query-input\":{\"@type\":\"PropertyValueSpecification\",\"valueRequired\":true,\"valueName\":\"search_term_string\"}}],\"inLanguage\":\"de\"}]}<\/script>\n<!-- \/ Yoast SEO plugin. -->","yoast_head_json":{"title":"WBLMIA DOWN PUFFER JACKET &#187; Stylestore.com Germany","description":"Daunen-Pufferjacke aus recyceltem Material in entspannter Silhouette mit Zwei-Wege-Rei\u00dfverschluss, verstellbarem Kordelzug in der Taille, abnehmbarer Kapuze und praktischen aufgesetzten Taschen. Perfekt f\u00fcr kalte Tage.","robots":{"index":"index","follow":"follow","max-snippet":"max-snippet:-1","max-image-preview":"max-image-preview:large","max-video-preview":"max-video-preview:-1"},"canonical":"https:\/\/stylestore.com\/deu\/product\/wblmia-down-puffer-jacket-5\/","og_locale":"de_DE","og_type":"article","og_title":"WBLMIA DOWN PUFFER JACKET &#187; Stylestore.com Germany","og_description":"Daunen-Pufferjacke aus recyceltem Material in entspannter Silhouette mit Zwei-Wege-Rei\u00dfverschluss, verstellbarem Kordelzug in der Taille, abnehmbarer Kapuze und praktischen aufgesetzten Taschen. Perfekt f\u00fcr kalte Tage.","og_url":"https:\/\/stylestore.com\/deu\/product\/wblmia-down-puffer-jacket-5\/","og_site_name":"Stylestore.com Germany","article_modified_time":"2026-04-16T06:07:32+00:00","og_image":[{"width":1067,"height":1600,"url":"https:\/\/stylestore.com\/deu\/wp-content\/uploads\/sites\/4\/2023\/09\/WBLMIA20DOWN20PUFFER20JACKET20Silver20lining201.jpg","type":"image\/jpeg"}],"twitter_card":"summary_large_image","schema":{"@context":"https:\/\/schema.org","@graph":[{"@type":"WebPage","@id":"https:\/\/stylestore.com\/deu\/product\/wblmia-down-puffer-jacket-5\/","url":"https:\/\/stylestore.com\/deu\/product\/wblmia-down-puffer-jacket-5\/","name":"WBLMIA DOWN PUFFER JACKET &#187; Stylestore.com Germany","isPartOf":{"@id":"https:\/\/stylestore.com\/deu\/#website"},"primaryImageOfPage":{"@id":"https:\/\/stylestore.com\/deu\/product\/wblmia-down-puffer-jacket-5\/#primaryimage"},"image":{"@id":"https:\/\/stylestore.com\/deu\/product\/wblmia-down-puffer-jacket-5\/#primaryimage"},"thumbnailUrl":"https:\/\/stylestore.com\/deu\/wp-content\/uploads\/sites\/4\/2023\/09\/WBLMIA20DOWN20PUFFER20JACKET20Silver20lining201.jpg","datePublished":"2022-12-13T14:18:42+00:00","dateModified":"2026-04-16T06:07:32+00:00","description":"Daunen-Pufferjacke aus recyceltem Material in entspannter Silhouette mit Zwei-Wege-Rei\u00dfverschluss, verstellbarem Kordelzug in der Taille, abnehmbarer Kapuze und praktischen aufgesetzten Taschen. Perfekt f\u00fcr kalte Tage.","breadcrumb":{"@id":"https:\/\/stylestore.com\/deu\/product\/wblmia-down-puffer-jacket-5\/#breadcrumb"},"inLanguage":"de","potentialAction":[{"@type":"ReadAction","target":["https:\/\/stylestore.com\/deu\/product\/wblmia-down-puffer-jacket-5\/"]}]},{"@type":"ImageObject","inLanguage":"de","@id":"https:\/\/stylestore.com\/deu\/product\/wblmia-down-puffer-jacket-5\/#primaryimage","url":"https:\/\/stylestore.com\/deu\/wp-content\/uploads\/sites\/4\/2023\/09\/WBLMIA20DOWN20PUFFER20JACKET20Silver20lining201.jpg","contentUrl":"https:\/\/stylestore.com\/deu\/wp-content\/uploads\/sites\/4\/2023\/09\/WBLMIA20DOWN20PUFFER20JACKET20Silver20lining201.jpg","width":1067,"height":1600},{"@type":"BreadcrumbList","@id":"https:\/\/stylestore.com\/deu\/product\/wblmia-down-puffer-jacket-5\/#breadcrumb","itemListElement":[{"@type":"ListItem","position":1,"name":"Search","item":"https:\/\/stylestore.com\/deu\/search\/"},{"@type":"ListItem","position":2,"name":"WBLMIA DOWN PUFFER JACKET"}]},{"@type":"WebSite","@id":"https:\/\/stylestore.com\/deu\/#website","url":"https:\/\/stylestore.com\/deu\/","name":"Stylestore.com Germany","description":"","potentialAction":[{"@type":"SearchAction","target":{"@type":"EntryPoint","urlTemplate":"https:\/\/stylestore.com\/deu\/?s={search_term_string}"},"query-input":{"@type":"PropertyValueSpecification","valueRequired":true,"valueName":"search_term_string"}}],"inLanguage":"de"}]}},"_links":{"self":[{"href":"https:\/\/stylestore.com\/deu\/wp-json\/wp\/v2\/product\/472144","targetHints":{"allow":["GET"]}}],"collection":[{"href":"https:\/\/stylestore.com\/deu\/wp-json\/wp\/v2\/product"}],"about":[{"href":"https:\/\/stylestore.com\/deu\/wp-json\/wp\/v2\/types\/product"}],"wp:featuredmedia":[{"embeddable":true,"href":"https:\/\/stylestore.com\/deu\/wp-json\/wp\/v2\/media\/528776"}],"wp:attachment":[{"href":"https:\/\/stylestore.com\/deu\/wp-json\/wp\/v2\/media?parent=472144"}],"wp:term":[{"taxonomy":"product_brand","embeddable":true,"href":"https:\/\/stylestore.com\/deu\/wp-json\/wp\/v2\/product_brand?post=472144"},{"taxonomy":"product_cat","embeddable":true,"href":"https:\/\/stylestore.com\/deu\/wp-json\/wp\/v2\/product_cat?post=472144"},{"taxonomy":"product_tag","embeddable":true,"href":"https:\/\/stylestore.com\/deu\/wp-json\/wp\/v2\/product_tag?post=472144"}],"curies":[{"name":"wp","href":"https:\/\/api.w.org\/{rel}","templated":true}]}}