{"id":442975,"date":"2022-08-15T10:49:59","date_gmt":"2022-08-15T08:49:59","guid":{"rendered":"https:\/\/stylestore.com\/deu\/product\/wblvivian-midi-dress-2\/"},"modified":"2026-04-23T08:06:27","modified_gmt":"2026-04-23T06:06:27","slug":"wblvivian-midi-dress-2","status":"publish","type":"product","link":"https:\/\/stylestore.com\/deu\/product\/wblvivian-midi-dress-2\/","title":{"rendered":"WBLVIVIAN MIDI DRESS"},"content":{"rendered":"<p>Wundersch\u00f6nes Midikleid mit kurzen \u00c4rmeln, gestaltet mit einem Rundhalsausschnitt, Bindeband in der Taille und dezenten Seitentaschen.<br \/>\nDas Kleid ist in der beliebten A-Form geschnitten, mit einer ger\u00fcschten Seersucker-Struktur mit weichen Falten, die das feinste Volumen verleihen.<br \/>\nDas Kleid ist f\u00fcr maximalen Komfort mit einem weichen Futter gef\u00fcttert und hat den sch\u00f6nsten Blumendruck, der f\u00fcr einen eleganten und k\u00f6stlichen Stil sorgt, egal zu welchem Anlass und wie du das Kleid stylst.<br \/>\nDas Kleid ist gr\u00f6\u00dfengerecht und wir empfehlen dir, deine normale Gr\u00f6\u00dfe zu w\u00e4hlen. Das Model ist 173 cm gro\u00df und tr\u00e4gt Gr\u00f6\u00dfe Small.<br \/>\n#Betterwardrobe<\/p>\n","protected":false},"excerpt":{"rendered":"","protected":false},"featured_media":491595,"template":"","meta":{"_acf_changed":false},"product_brand":[],"product_cat":[132],"product_tag":[1871,1522],"class_list":{"0":"post-442975","1":"product","2":"type-product","3":"status-publish","4":"has-post-thumbnail","6":"product_cat-midi-kleider","7":"product_tag-b2b","8":"product_tag-outlet","9":"pa_brand-withblack","10":"pa_collection-ss23-drop1","11":"pa_color-magenta-haze-flower-aop","14":"instock","15":"sale","16":"taxable","17":"shipping-taxable","18":"purchasable","19":"product-type-variable"},"acf":[],"yoast_head":"<!-- This site is optimized with the Yoast SEO plugin v23.8 - https:\/\/yoast.com\/wordpress\/plugins\/seo\/ -->\n<title>WBLVIVIAN MIDI DRESS &#187; Stylestore.com Germany<\/title>\n<meta name=\"description\" content=\"Midikleid in der beliebten A-Linienform, entworfen in sch\u00f6nstem Blumendruck, in geraffter Seersuckerstruktur mit weichen Falten, die feinstes Volumen verleihen.\" \/>\n<meta name=\"robots\" content=\"index, follow, max-snippet:-1, max-image-preview:large, max-video-preview:-1\" \/>\n<link rel=\"canonical\" href=\"https:\/\/stylestore.com\/deu\/product\/wblvivian-midi-dress-2\/\" \/>\n<meta property=\"og:locale\" content=\"de_DE\" \/>\n<meta property=\"og:type\" content=\"article\" \/>\n<meta property=\"og:title\" content=\"WBLVIVIAN MIDI DRESS &#187; Stylestore.com Germany\" \/>\n<meta property=\"og:description\" content=\"Midikleid in der beliebten A-Linienform, entworfen in sch\u00f6nstem Blumendruck, in geraffter Seersuckerstruktur mit weichen Falten, die feinstes Volumen verleihen.\" \/>\n<meta property=\"og:url\" content=\"https:\/\/stylestore.com\/deu\/product\/wblvivian-midi-dress-2\/\" \/>\n<meta property=\"og:site_name\" content=\"Stylestore.com Germany\" \/>\n<meta property=\"article:modified_time\" content=\"2026-04-23T06:06:27+00:00\" \/>\n<meta property=\"og:image\" content=\"https:\/\/stylestore.com\/deu\/wp-content\/uploads\/sites\/4\/2023\/02\/WBLVIVIAN20MIDI20DRESS20Magenta20Haze20Flower20Aop201-1.jpg\" \/>\n\t<meta property=\"og:image:width\" content=\"1668\" \/>\n\t<meta property=\"og:image:height\" content=\"2502\" \/>\n\t<meta property=\"og:image:type\" content=\"image\/jpeg\" \/>\n<meta name=\"twitter:card\" content=\"summary_large_image\" \/>\n<meta name=\"twitter:label1\" content=\"Gesch\u00e4tzte Lesezeit\" \/>\n\t<meta name=\"twitter:data1\" content=\"1\u00a0Minute\" \/>\n<script type=\"application\/ld+json\" class=\"yoast-schema-graph\">{\"@context\":\"https:\/\/schema.org\",\"@graph\":[{\"@type\":\"WebPage\",\"@id\":\"https:\/\/stylestore.com\/deu\/product\/wblvivian-midi-dress-2\/\",\"url\":\"https:\/\/stylestore.com\/deu\/product\/wblvivian-midi-dress-2\/\",\"name\":\"WBLVIVIAN MIDI DRESS &#187; Stylestore.com Germany\",\"isPartOf\":{\"@id\":\"https:\/\/stylestore.com\/deu\/#website\"},\"primaryImageOfPage\":{\"@id\":\"https:\/\/stylestore.com\/deu\/product\/wblvivian-midi-dress-2\/#primaryimage\"},\"image\":{\"@id\":\"https:\/\/stylestore.com\/deu\/product\/wblvivian-midi-dress-2\/#primaryimage\"},\"thumbnailUrl\":\"https:\/\/stylestore.com\/deu\/wp-content\/uploads\/sites\/4\/2023\/02\/WBLVIVIAN20MIDI20DRESS20Magenta20Haze20Flower20Aop201-1.jpg\",\"datePublished\":\"2022-08-15T08:49:59+00:00\",\"dateModified\":\"2026-04-23T06:06:27+00:00\",\"description\":\"Midikleid in der beliebten A-Linienform, entworfen in sch\u00f6nstem Blumendruck, in geraffter Seersuckerstruktur mit weichen Falten, die feinstes Volumen verleihen.\",\"breadcrumb\":{\"@id\":\"https:\/\/stylestore.com\/deu\/product\/wblvivian-midi-dress-2\/#breadcrumb\"},\"inLanguage\":\"de\",\"potentialAction\":[{\"@type\":\"ReadAction\",\"target\":[\"https:\/\/stylestore.com\/deu\/product\/wblvivian-midi-dress-2\/\"]}]},{\"@type\":\"ImageObject\",\"inLanguage\":\"de\",\"@id\":\"https:\/\/stylestore.com\/deu\/product\/wblvivian-midi-dress-2\/#primaryimage\",\"url\":\"https:\/\/stylestore.com\/deu\/wp-content\/uploads\/sites\/4\/2023\/02\/WBLVIVIAN20MIDI20DRESS20Magenta20Haze20Flower20Aop201-1.jpg\",\"contentUrl\":\"https:\/\/stylestore.com\/deu\/wp-content\/uploads\/sites\/4\/2023\/02\/WBLVIVIAN20MIDI20DRESS20Magenta20Haze20Flower20Aop201-1.jpg\",\"width\":1668,\"height\":2502},{\"@type\":\"BreadcrumbList\",\"@id\":\"https:\/\/stylestore.com\/deu\/product\/wblvivian-midi-dress-2\/#breadcrumb\",\"itemListElement\":[{\"@type\":\"ListItem\",\"position\":1,\"name\":\"Search\",\"item\":\"https:\/\/stylestore.com\/deu\/search\/\"},{\"@type\":\"ListItem\",\"position\":2,\"name\":\"WBLVIVIAN MIDI DRESS\"}]},{\"@type\":\"WebSite\",\"@id\":\"https:\/\/stylestore.com\/deu\/#website\",\"url\":\"https:\/\/stylestore.com\/deu\/\",\"name\":\"Stylestore.com Germany\",\"description\":\"\",\"potentialAction\":[{\"@type\":\"SearchAction\",\"target\":{\"@type\":\"EntryPoint\",\"urlTemplate\":\"https:\/\/stylestore.com\/deu\/?s={search_term_string}\"},\"query-input\":{\"@type\":\"PropertyValueSpecification\",\"valueRequired\":true,\"valueName\":\"search_term_string\"}}],\"inLanguage\":\"de\"}]}<\/script>\n<!-- \/ Yoast SEO plugin. -->","yoast_head_json":{"title":"WBLVIVIAN MIDI DRESS &#187; Stylestore.com Germany","description":"Midikleid in der beliebten A-Linienform, entworfen in sch\u00f6nstem Blumendruck, in geraffter Seersuckerstruktur mit weichen Falten, die feinstes Volumen verleihen.","robots":{"index":"index","follow":"follow","max-snippet":"max-snippet:-1","max-image-preview":"max-image-preview:large","max-video-preview":"max-video-preview:-1"},"canonical":"https:\/\/stylestore.com\/deu\/product\/wblvivian-midi-dress-2\/","og_locale":"de_DE","og_type":"article","og_title":"WBLVIVIAN MIDI DRESS &#187; Stylestore.com Germany","og_description":"Midikleid in der beliebten A-Linienform, entworfen in sch\u00f6nstem Blumendruck, in geraffter Seersuckerstruktur mit weichen Falten, die feinstes Volumen verleihen.","og_url":"https:\/\/stylestore.com\/deu\/product\/wblvivian-midi-dress-2\/","og_site_name":"Stylestore.com Germany","article_modified_time":"2026-04-23T06:06:27+00:00","og_image":[{"width":1668,"height":2502,"url":"https:\/\/stylestore.com\/deu\/wp-content\/uploads\/sites\/4\/2023\/02\/WBLVIVIAN20MIDI20DRESS20Magenta20Haze20Flower20Aop201-1.jpg","type":"image\/jpeg"}],"twitter_card":"summary_large_image","twitter_misc":{"Gesch\u00e4tzte Lesezeit":"1\u00a0Minute"},"schema":{"@context":"https:\/\/schema.org","@graph":[{"@type":"WebPage","@id":"https:\/\/stylestore.com\/deu\/product\/wblvivian-midi-dress-2\/","url":"https:\/\/stylestore.com\/deu\/product\/wblvivian-midi-dress-2\/","name":"WBLVIVIAN MIDI DRESS &#187; Stylestore.com Germany","isPartOf":{"@id":"https:\/\/stylestore.com\/deu\/#website"},"primaryImageOfPage":{"@id":"https:\/\/stylestore.com\/deu\/product\/wblvivian-midi-dress-2\/#primaryimage"},"image":{"@id":"https:\/\/stylestore.com\/deu\/product\/wblvivian-midi-dress-2\/#primaryimage"},"thumbnailUrl":"https:\/\/stylestore.com\/deu\/wp-content\/uploads\/sites\/4\/2023\/02\/WBLVIVIAN20MIDI20DRESS20Magenta20Haze20Flower20Aop201-1.jpg","datePublished":"2022-08-15T08:49:59+00:00","dateModified":"2026-04-23T06:06:27+00:00","description":"Midikleid in der beliebten A-Linienform, entworfen in sch\u00f6nstem Blumendruck, in geraffter Seersuckerstruktur mit weichen Falten, die feinstes Volumen verleihen.","breadcrumb":{"@id":"https:\/\/stylestore.com\/deu\/product\/wblvivian-midi-dress-2\/#breadcrumb"},"inLanguage":"de","potentialAction":[{"@type":"ReadAction","target":["https:\/\/stylestore.com\/deu\/product\/wblvivian-midi-dress-2\/"]}]},{"@type":"ImageObject","inLanguage":"de","@id":"https:\/\/stylestore.com\/deu\/product\/wblvivian-midi-dress-2\/#primaryimage","url":"https:\/\/stylestore.com\/deu\/wp-content\/uploads\/sites\/4\/2023\/02\/WBLVIVIAN20MIDI20DRESS20Magenta20Haze20Flower20Aop201-1.jpg","contentUrl":"https:\/\/stylestore.com\/deu\/wp-content\/uploads\/sites\/4\/2023\/02\/WBLVIVIAN20MIDI20DRESS20Magenta20Haze20Flower20Aop201-1.jpg","width":1668,"height":2502},{"@type":"BreadcrumbList","@id":"https:\/\/stylestore.com\/deu\/product\/wblvivian-midi-dress-2\/#breadcrumb","itemListElement":[{"@type":"ListItem","position":1,"name":"Search","item":"https:\/\/stylestore.com\/deu\/search\/"},{"@type":"ListItem","position":2,"name":"WBLVIVIAN MIDI DRESS"}]},{"@type":"WebSite","@id":"https:\/\/stylestore.com\/deu\/#website","url":"https:\/\/stylestore.com\/deu\/","name":"Stylestore.com Germany","description":"","potentialAction":[{"@type":"SearchAction","target":{"@type":"EntryPoint","urlTemplate":"https:\/\/stylestore.com\/deu\/?s={search_term_string}"},"query-input":{"@type":"PropertyValueSpecification","valueRequired":true,"valueName":"search_term_string"}}],"inLanguage":"de"}]}},"_links":{"self":[{"href":"https:\/\/stylestore.com\/deu\/wp-json\/wp\/v2\/product\/442975","targetHints":{"allow":["GET"]}}],"collection":[{"href":"https:\/\/stylestore.com\/deu\/wp-json\/wp\/v2\/product"}],"about":[{"href":"https:\/\/stylestore.com\/deu\/wp-json\/wp\/v2\/types\/product"}],"wp:featuredmedia":[{"embeddable":true,"href":"https:\/\/stylestore.com\/deu\/wp-json\/wp\/v2\/media\/491595"}],"wp:attachment":[{"href":"https:\/\/stylestore.com\/deu\/wp-json\/wp\/v2\/media?parent=442975"}],"wp:term":[{"taxonomy":"product_brand","embeddable":true,"href":"https:\/\/stylestore.com\/deu\/wp-json\/wp\/v2\/product_brand?post=442975"},{"taxonomy":"product_cat","embeddable":true,"href":"https:\/\/stylestore.com\/deu\/wp-json\/wp\/v2\/product_cat?post=442975"},{"taxonomy":"product_tag","embeddable":true,"href":"https:\/\/stylestore.com\/deu\/wp-json\/wp\/v2\/product_tag?post=442975"}],"curies":[{"name":"wp","href":"https:\/\/api.w.org\/{rel}","templated":true}]}}