{"id":442837,"date":"2022-08-12T15:03:32","date_gmt":"2022-08-12T13:03:32","guid":{"rendered":"https:\/\/stylestore.com\/deu\/product\/wblmelina-ls-tunic-shirt\/"},"modified":"2026-04-14T08:06:35","modified_gmt":"2026-04-14T06:06:35","slug":"wblmelina-ls-tunic-shirt","status":"publish","type":"product","link":"https:\/\/stylestore.com\/deu\/product\/wblmelina-ls-tunic-shirt\/","title":{"rendered":"WBLMELINA LS TUNIC SHIRT"},"content":{"rendered":"<p>Elegantes Tunikahemd mit kleinem Kragen und Frontverschluss mit farbigen Kn\u00f6pfen. Das Hemd ist in einem sch\u00f6nen Schnitt mit leichtem High-Low-Effekt gestaltet.<br \/>\nDas Hemd hat au\u00dferdem lange \u00c4rmel mit sch\u00f6nen Falten an der \u00d6ffnung, die den \u00c4rmeln Volumen geben und dem Hemd einen \u00e4u\u00dferst eleganten und femininen Look verleihen.<br \/>\nBei StyleStore.com glauben wir an die kleine Luxusgarderobe, die aus den besten Materialien besteht, in vielseitigen Silhouetten, die du Saison f\u00fcr Saison tragen kannst, und das alles zu Preisen, die sich lohnen.<br \/>\nDas Hemd f\u00e4llt gr\u00f6\u00dfengerecht aus, wir empfehlen dir, deine \u00fcbliche Gr\u00f6\u00dfe zu w\u00e4hlen. Das Model ist 173 cm gro\u00df und tr\u00e4gt Gr\u00f6\u00dfe Small.<\/p>\n","protected":false},"excerpt":{"rendered":"","protected":false},"featured_media":573407,"template":"","meta":{"_acf_changed":false},"product_brand":[],"product_cat":[124],"product_tag":[1871,2134],"class_list":{"0":"post-442837","1":"product","2":"type-product","3":"status-publish","4":"has-post-thumbnail","6":"product_cat-hemden","7":"product_tag-b2b","8":"product_tag-pre-order","9":"pa_brand-withblack","10":"pa_collection-elevated","11":"pa_color-blue-stripe","14":"instock","15":"taxable","16":"shipping-taxable","17":"purchasable","18":"product-type-variable"},"acf":[],"yoast_head":"<!-- This site is optimized with the Yoast SEO plugin v23.8 - https:\/\/yoast.com\/wordpress\/plugins\/seo\/ -->\n<title>WBLMELINA LS TUNIC SHIRT &#187; Stylestore.com Germany<\/title>\n<meta name=\"description\" content=\"Tunika Hemd, mit lange \u00c4rmel mit sch\u00f6nen Falten an der \u00d6ffnung, die den \u00c4rmeln Volumen geben und dem Hemd einen \u00e4u\u00dferst femininen Look verleihen.\" \/>\n<meta name=\"robots\" content=\"index, follow, max-snippet:-1, max-image-preview:large, max-video-preview:-1\" \/>\n<link rel=\"canonical\" href=\"https:\/\/stylestore.com\/deu\/product\/wblmelina-ls-tunic-shirt\/\" \/>\n<meta property=\"og:locale\" content=\"de_DE\" \/>\n<meta property=\"og:type\" content=\"article\" \/>\n<meta property=\"og:title\" content=\"WBLMELINA LS TUNIC SHIRT &#187; Stylestore.com Germany\" \/>\n<meta property=\"og:description\" content=\"Tunika Hemd, mit lange \u00c4rmel mit sch\u00f6nen Falten an der \u00d6ffnung, die den \u00c4rmeln Volumen geben und dem Hemd einen \u00e4u\u00dferst femininen Look verleihen.\" \/>\n<meta property=\"og:url\" content=\"https:\/\/stylestore.com\/deu\/product\/wblmelina-ls-tunic-shirt\/\" \/>\n<meta property=\"og:site_name\" content=\"Stylestore.com Germany\" \/>\n<meta property=\"article:modified_time\" content=\"2026-04-14T06:06:35+00:00\" \/>\n<meta property=\"og:image\" content=\"https:\/\/stylestore.com\/deu\/wp-content\/uploads\/sites\/4\/2023\/02\/WBLMELINA20LS20TUNIC20SHIRT20BLUESTRIPE20SS200-1.jpg\" \/>\n\t<meta property=\"og:image:width\" content=\"1067\" \/>\n\t<meta property=\"og:image:height\" content=\"1600\" \/>\n\t<meta property=\"og:image:type\" content=\"image\/jpeg\" \/>\n<meta name=\"twitter:card\" content=\"summary_large_image\" \/>\n<meta name=\"twitter:label1\" content=\"Gesch\u00e4tzte Lesezeit\" \/>\n\t<meta name=\"twitter:data1\" content=\"1\u00a0Minute\" \/>\n<script type=\"application\/ld+json\" class=\"yoast-schema-graph\">{\"@context\":\"https:\/\/schema.org\",\"@graph\":[{\"@type\":\"WebPage\",\"@id\":\"https:\/\/stylestore.com\/deu\/product\/wblmelina-ls-tunic-shirt\/\",\"url\":\"https:\/\/stylestore.com\/deu\/product\/wblmelina-ls-tunic-shirt\/\",\"name\":\"WBLMELINA LS TUNIC SHIRT &#187; Stylestore.com Germany\",\"isPartOf\":{\"@id\":\"https:\/\/stylestore.com\/deu\/#website\"},\"primaryImageOfPage\":{\"@id\":\"https:\/\/stylestore.com\/deu\/product\/wblmelina-ls-tunic-shirt\/#primaryimage\"},\"image\":{\"@id\":\"https:\/\/stylestore.com\/deu\/product\/wblmelina-ls-tunic-shirt\/#primaryimage\"},\"thumbnailUrl\":\"https:\/\/stylestore.com\/deu\/wp-content\/uploads\/sites\/4\/2025\/03\/WBLMELINA_LS_TUNIC_SHIRT_Blue1-1.jpg\",\"datePublished\":\"2022-08-12T13:03:32+00:00\",\"dateModified\":\"2026-04-14T06:06:35+00:00\",\"description\":\"Tunika Hemd, mit lange \u00c4rmel mit sch\u00f6nen Falten an der \u00d6ffnung, die den \u00c4rmeln Volumen geben und dem Hemd einen \u00e4u\u00dferst femininen Look verleihen.\",\"breadcrumb\":{\"@id\":\"https:\/\/stylestore.com\/deu\/product\/wblmelina-ls-tunic-shirt\/#breadcrumb\"},\"inLanguage\":\"de\",\"potentialAction\":[{\"@type\":\"ReadAction\",\"target\":[\"https:\/\/stylestore.com\/deu\/product\/wblmelina-ls-tunic-shirt\/\"]}]},{\"@type\":\"ImageObject\",\"inLanguage\":\"de\",\"@id\":\"https:\/\/stylestore.com\/deu\/product\/wblmelina-ls-tunic-shirt\/#primaryimage\",\"url\":\"https:\/\/stylestore.com\/deu\/wp-content\/uploads\/sites\/4\/2025\/03\/WBLMELINA_LS_TUNIC_SHIRT_Blue1-1.jpg\",\"contentUrl\":\"https:\/\/stylestore.com\/deu\/wp-content\/uploads\/sites\/4\/2025\/03\/WBLMELINA_LS_TUNIC_SHIRT_Blue1-1.jpg\",\"width\":949,\"height\":1422},{\"@type\":\"BreadcrumbList\",\"@id\":\"https:\/\/stylestore.com\/deu\/product\/wblmelina-ls-tunic-shirt\/#breadcrumb\",\"itemListElement\":[{\"@type\":\"ListItem\",\"position\":1,\"name\":\"Search\",\"item\":\"https:\/\/stylestore.com\/deu\/search\/\"},{\"@type\":\"ListItem\",\"position\":2,\"name\":\"WBLMELINA LS TUNIC SHIRT\"}]},{\"@type\":\"WebSite\",\"@id\":\"https:\/\/stylestore.com\/deu\/#website\",\"url\":\"https:\/\/stylestore.com\/deu\/\",\"name\":\"Stylestore.com Germany\",\"description\":\"\",\"potentialAction\":[{\"@type\":\"SearchAction\",\"target\":{\"@type\":\"EntryPoint\",\"urlTemplate\":\"https:\/\/stylestore.com\/deu\/?s={search_term_string}\"},\"query-input\":{\"@type\":\"PropertyValueSpecification\",\"valueRequired\":true,\"valueName\":\"search_term_string\"}}],\"inLanguage\":\"de\"}]}<\/script>\n<!-- \/ Yoast SEO plugin. -->","yoast_head_json":{"title":"WBLMELINA LS TUNIC SHIRT &#187; Stylestore.com Germany","description":"Tunika Hemd, mit lange \u00c4rmel mit sch\u00f6nen Falten an der \u00d6ffnung, die den \u00c4rmeln Volumen geben und dem Hemd einen \u00e4u\u00dferst femininen Look verleihen.","robots":{"index":"index","follow":"follow","max-snippet":"max-snippet:-1","max-image-preview":"max-image-preview:large","max-video-preview":"max-video-preview:-1"},"canonical":"https:\/\/stylestore.com\/deu\/product\/wblmelina-ls-tunic-shirt\/","og_locale":"de_DE","og_type":"article","og_title":"WBLMELINA LS TUNIC SHIRT &#187; Stylestore.com Germany","og_description":"Tunika Hemd, mit lange \u00c4rmel mit sch\u00f6nen Falten an der \u00d6ffnung, die den \u00c4rmeln Volumen geben und dem Hemd einen \u00e4u\u00dferst femininen Look verleihen.","og_url":"https:\/\/stylestore.com\/deu\/product\/wblmelina-ls-tunic-shirt\/","og_site_name":"Stylestore.com Germany","article_modified_time":"2026-04-14T06:06:35+00:00","og_image":[{"width":1067,"height":1600,"url":"https:\/\/stylestore.com\/deu\/wp-content\/uploads\/sites\/4\/2023\/02\/WBLMELINA20LS20TUNIC20SHIRT20BLUESTRIPE20SS200-1.jpg","type":"image\/jpeg"}],"twitter_card":"summary_large_image","twitter_misc":{"Gesch\u00e4tzte Lesezeit":"1\u00a0Minute"},"schema":{"@context":"https:\/\/schema.org","@graph":[{"@type":"WebPage","@id":"https:\/\/stylestore.com\/deu\/product\/wblmelina-ls-tunic-shirt\/","url":"https:\/\/stylestore.com\/deu\/product\/wblmelina-ls-tunic-shirt\/","name":"WBLMELINA LS TUNIC SHIRT &#187; Stylestore.com Germany","isPartOf":{"@id":"https:\/\/stylestore.com\/deu\/#website"},"primaryImageOfPage":{"@id":"https:\/\/stylestore.com\/deu\/product\/wblmelina-ls-tunic-shirt\/#primaryimage"},"image":{"@id":"https:\/\/stylestore.com\/deu\/product\/wblmelina-ls-tunic-shirt\/#primaryimage"},"thumbnailUrl":"https:\/\/stylestore.com\/deu\/wp-content\/uploads\/sites\/4\/2025\/03\/WBLMELINA_LS_TUNIC_SHIRT_Blue1-1.jpg","datePublished":"2022-08-12T13:03:32+00:00","dateModified":"2026-04-14T06:06:35+00:00","description":"Tunika Hemd, mit lange \u00c4rmel mit sch\u00f6nen Falten an der \u00d6ffnung, die den \u00c4rmeln Volumen geben und dem Hemd einen \u00e4u\u00dferst femininen Look verleihen.","breadcrumb":{"@id":"https:\/\/stylestore.com\/deu\/product\/wblmelina-ls-tunic-shirt\/#breadcrumb"},"inLanguage":"de","potentialAction":[{"@type":"ReadAction","target":["https:\/\/stylestore.com\/deu\/product\/wblmelina-ls-tunic-shirt\/"]}]},{"@type":"ImageObject","inLanguage":"de","@id":"https:\/\/stylestore.com\/deu\/product\/wblmelina-ls-tunic-shirt\/#primaryimage","url":"https:\/\/stylestore.com\/deu\/wp-content\/uploads\/sites\/4\/2025\/03\/WBLMELINA_LS_TUNIC_SHIRT_Blue1-1.jpg","contentUrl":"https:\/\/stylestore.com\/deu\/wp-content\/uploads\/sites\/4\/2025\/03\/WBLMELINA_LS_TUNIC_SHIRT_Blue1-1.jpg","width":949,"height":1422},{"@type":"BreadcrumbList","@id":"https:\/\/stylestore.com\/deu\/product\/wblmelina-ls-tunic-shirt\/#breadcrumb","itemListElement":[{"@type":"ListItem","position":1,"name":"Search","item":"https:\/\/stylestore.com\/deu\/search\/"},{"@type":"ListItem","position":2,"name":"WBLMELINA LS TUNIC SHIRT"}]},{"@type":"WebSite","@id":"https:\/\/stylestore.com\/deu\/#website","url":"https:\/\/stylestore.com\/deu\/","name":"Stylestore.com Germany","description":"","potentialAction":[{"@type":"SearchAction","target":{"@type":"EntryPoint","urlTemplate":"https:\/\/stylestore.com\/deu\/?s={search_term_string}"},"query-input":{"@type":"PropertyValueSpecification","valueRequired":true,"valueName":"search_term_string"}}],"inLanguage":"de"}]}},"_links":{"self":[{"href":"https:\/\/stylestore.com\/deu\/wp-json\/wp\/v2\/product\/442837","targetHints":{"allow":["GET"]}}],"collection":[{"href":"https:\/\/stylestore.com\/deu\/wp-json\/wp\/v2\/product"}],"about":[{"href":"https:\/\/stylestore.com\/deu\/wp-json\/wp\/v2\/types\/product"}],"wp:featuredmedia":[{"embeddable":true,"href":"https:\/\/stylestore.com\/deu\/wp-json\/wp\/v2\/media\/573407"}],"wp:attachment":[{"href":"https:\/\/stylestore.com\/deu\/wp-json\/wp\/v2\/media?parent=442837"}],"wp:term":[{"taxonomy":"product_brand","embeddable":true,"href":"https:\/\/stylestore.com\/deu\/wp-json\/wp\/v2\/product_brand?post=442837"},{"taxonomy":"product_cat","embeddable":true,"href":"https:\/\/stylestore.com\/deu\/wp-json\/wp\/v2\/product_cat?post=442837"},{"taxonomy":"product_tag","embeddable":true,"href":"https:\/\/stylestore.com\/deu\/wp-json\/wp\/v2\/product_tag?post=442837"}],"curies":[{"name":"wp","href":"https:\/\/api.w.org\/{rel}","templated":true}]}}