{"id":433155,"date":"2022-04-13T13:22:57","date_gmt":"2022-04-13T11:22:57","guid":{"rendered":"https:\/\/stylestore.com\/deu\/product\/wblfeline-wrap-maxi-dress-3\/"},"modified":"2026-04-23T08:06:31","modified_gmt":"2026-04-23T06:06:31","slug":"wblfeline-wrap-maxi-dress-3","status":"publish","type":"product","link":"https:\/\/stylestore.com\/deu\/product\/wblfeline-wrap-maxi-dress-3\/","title":{"rendered":"WBLFELINE WRAP MAXI DRESS"},"content":{"rendered":"<p>Wundersch\u00f6nes Maxi-Wickelkleid mit \u00c4rmeln aus einer Ecovero-Viskose-Mischung mit weicher Textur, mit einem All Over Ditsy Flower-Muster in Schwarz, Blau und neutralem Ton.<br \/>\nSeine weiche, drapierte Silhouette wird durch den Taillenfokus betont und macht das Feline Dress zu einer vielseitigen Wahl f\u00fcr Tag und Abend. Die Ecovero-Qualit\u00e4t besteht aus nachhaltigeren und nat\u00fcrlichen Fasern, ist weich wie Seide und knitterfrei<br \/>\n.Die H\u00f6he des Modells betr\u00e4gt 176 cm, und sie tr\u00e4gt eine Gr\u00f6\u00dfe Small.<br \/>\n#Betterwardrobe<\/p>\n","protected":false},"excerpt":{"rendered":"","protected":false},"featured_media":435673,"template":"","meta":{"_acf_changed":false},"product_brand":[],"product_cat":[22,133],"product_tag":[1521,1522],"class_list":{"0":"post-433155","1":"product","2":"type-product","3":"status-publish","4":"has-post-thumbnail","6":"product_cat-kleider","7":"product_cat-maxi-kleider","8":"product_tag-sustainable","9":"product_tag-outlet","10":"pa_brand-withblack","11":"pa_color-starflower-aop","12":"pa_fit-regular","15":"instock","16":"sale","17":"taxable","18":"shipping-taxable","19":"purchasable","20":"product-type-variable"},"acf":[],"yoast_head":"<!-- This site is optimized with the Yoast SEO plugin v23.8 - https:\/\/yoast.com\/wordpress\/plugins\/seo\/ -->\n<title>WBLFELINE WRAP MAXI DRESS &#187; Stylestore.com Germany<\/title>\n<meta name=\"description\" content=\"Maxi Wickelkleid mit \u00c4rmeln von WithBlack, entworfen mit einer weichen, drapierten Silhouette mit G\u00fcrteldetail an der Taille.\" \/>\n<meta name=\"robots\" content=\"index, follow, max-snippet:-1, max-image-preview:large, max-video-preview:-1\" \/>\n<link rel=\"canonical\" href=\"https:\/\/stylestore.com\/deu\/product\/wblfeline-wrap-maxi-dress-3\/\" \/>\n<meta property=\"og:locale\" content=\"de_DE\" \/>\n<meta property=\"og:type\" content=\"article\" \/>\n<meta property=\"og:title\" content=\"WBLFELINE WRAP MAXI DRESS &#187; Stylestore.com Germany\" \/>\n<meta property=\"og:description\" content=\"Maxi Wickelkleid mit \u00c4rmeln von WithBlack, entworfen mit einer weichen, drapierten Silhouette mit G\u00fcrteldetail an der Taille.\" \/>\n<meta property=\"og:url\" content=\"https:\/\/stylestore.com\/deu\/product\/wblfeline-wrap-maxi-dress-3\/\" \/>\n<meta property=\"og:site_name\" content=\"Stylestore.com Germany\" \/>\n<meta property=\"article:modified_time\" content=\"2026-04-23T06:06:31+00:00\" \/>\n<meta property=\"og:image\" content=\"https:\/\/stylestore.com\/deu\/wp-content\/uploads\/sites\/4\/2022\/04\/Feline20wrap20maxi20dress20120ny-4.jpg\" \/>\n\t<meta property=\"og:image:width\" content=\"1067\" \/>\n\t<meta property=\"og:image:height\" content=\"1600\" \/>\n\t<meta property=\"og:image:type\" content=\"image\/jpeg\" \/>\n<meta name=\"twitter:card\" content=\"summary_large_image\" \/>\n<script type=\"application\/ld+json\" class=\"yoast-schema-graph\">{\"@context\":\"https:\/\/schema.org\",\"@graph\":[{\"@type\":\"WebPage\",\"@id\":\"https:\/\/stylestore.com\/deu\/product\/wblfeline-wrap-maxi-dress-3\/\",\"url\":\"https:\/\/stylestore.com\/deu\/product\/wblfeline-wrap-maxi-dress-3\/\",\"name\":\"WBLFELINE WRAP MAXI DRESS &#187; Stylestore.com Germany\",\"isPartOf\":{\"@id\":\"https:\/\/stylestore.com\/deu\/#website\"},\"primaryImageOfPage\":{\"@id\":\"https:\/\/stylestore.com\/deu\/product\/wblfeline-wrap-maxi-dress-3\/#primaryimage\"},\"image\":{\"@id\":\"https:\/\/stylestore.com\/deu\/product\/wblfeline-wrap-maxi-dress-3\/#primaryimage\"},\"thumbnailUrl\":\"https:\/\/stylestore.com\/deu\/wp-content\/uploads\/sites\/4\/2022\/04\/Feline20wrap20maxi20dress20120ny-4.jpg\",\"datePublished\":\"2022-04-13T11:22:57+00:00\",\"dateModified\":\"2026-04-23T06:06:31+00:00\",\"description\":\"Maxi Wickelkleid mit \u00c4rmeln von WithBlack, entworfen mit einer weichen, drapierten Silhouette mit G\u00fcrteldetail an der Taille.\",\"breadcrumb\":{\"@id\":\"https:\/\/stylestore.com\/deu\/product\/wblfeline-wrap-maxi-dress-3\/#breadcrumb\"},\"inLanguage\":\"de\",\"potentialAction\":[{\"@type\":\"ReadAction\",\"target\":[\"https:\/\/stylestore.com\/deu\/product\/wblfeline-wrap-maxi-dress-3\/\"]}]},{\"@type\":\"ImageObject\",\"inLanguage\":\"de\",\"@id\":\"https:\/\/stylestore.com\/deu\/product\/wblfeline-wrap-maxi-dress-3\/#primaryimage\",\"url\":\"https:\/\/stylestore.com\/deu\/wp-content\/uploads\/sites\/4\/2022\/04\/Feline20wrap20maxi20dress20120ny-4.jpg\",\"contentUrl\":\"https:\/\/stylestore.com\/deu\/wp-content\/uploads\/sites\/4\/2022\/04\/Feline20wrap20maxi20dress20120ny-4.jpg\",\"width\":1067,\"height\":1600},{\"@type\":\"BreadcrumbList\",\"@id\":\"https:\/\/stylestore.com\/deu\/product\/wblfeline-wrap-maxi-dress-3\/#breadcrumb\",\"itemListElement\":[{\"@type\":\"ListItem\",\"position\":1,\"name\":\"Search\",\"item\":\"https:\/\/stylestore.com\/deu\/search\/\"},{\"@type\":\"ListItem\",\"position\":2,\"name\":\"WBLFELINE WRAP MAXI DRESS\"}]},{\"@type\":\"WebSite\",\"@id\":\"https:\/\/stylestore.com\/deu\/#website\",\"url\":\"https:\/\/stylestore.com\/deu\/\",\"name\":\"Stylestore.com Germany\",\"description\":\"\",\"potentialAction\":[{\"@type\":\"SearchAction\",\"target\":{\"@type\":\"EntryPoint\",\"urlTemplate\":\"https:\/\/stylestore.com\/deu\/?s={search_term_string}\"},\"query-input\":{\"@type\":\"PropertyValueSpecification\",\"valueRequired\":true,\"valueName\":\"search_term_string\"}}],\"inLanguage\":\"de\"}]}<\/script>\n<!-- \/ Yoast SEO plugin. -->","yoast_head_json":{"title":"WBLFELINE WRAP MAXI DRESS &#187; Stylestore.com Germany","description":"Maxi Wickelkleid mit \u00c4rmeln von WithBlack, entworfen mit einer weichen, drapierten Silhouette mit G\u00fcrteldetail an der Taille.","robots":{"index":"index","follow":"follow","max-snippet":"max-snippet:-1","max-image-preview":"max-image-preview:large","max-video-preview":"max-video-preview:-1"},"canonical":"https:\/\/stylestore.com\/deu\/product\/wblfeline-wrap-maxi-dress-3\/","og_locale":"de_DE","og_type":"article","og_title":"WBLFELINE WRAP MAXI DRESS &#187; Stylestore.com Germany","og_description":"Maxi Wickelkleid mit \u00c4rmeln von WithBlack, entworfen mit einer weichen, drapierten Silhouette mit G\u00fcrteldetail an der Taille.","og_url":"https:\/\/stylestore.com\/deu\/product\/wblfeline-wrap-maxi-dress-3\/","og_site_name":"Stylestore.com Germany","article_modified_time":"2026-04-23T06:06:31+00:00","og_image":[{"width":1067,"height":1600,"url":"https:\/\/stylestore.com\/deu\/wp-content\/uploads\/sites\/4\/2022\/04\/Feline20wrap20maxi20dress20120ny-4.jpg","type":"image\/jpeg"}],"twitter_card":"summary_large_image","schema":{"@context":"https:\/\/schema.org","@graph":[{"@type":"WebPage","@id":"https:\/\/stylestore.com\/deu\/product\/wblfeline-wrap-maxi-dress-3\/","url":"https:\/\/stylestore.com\/deu\/product\/wblfeline-wrap-maxi-dress-3\/","name":"WBLFELINE WRAP MAXI DRESS &#187; Stylestore.com Germany","isPartOf":{"@id":"https:\/\/stylestore.com\/deu\/#website"},"primaryImageOfPage":{"@id":"https:\/\/stylestore.com\/deu\/product\/wblfeline-wrap-maxi-dress-3\/#primaryimage"},"image":{"@id":"https:\/\/stylestore.com\/deu\/product\/wblfeline-wrap-maxi-dress-3\/#primaryimage"},"thumbnailUrl":"https:\/\/stylestore.com\/deu\/wp-content\/uploads\/sites\/4\/2022\/04\/Feline20wrap20maxi20dress20120ny-4.jpg","datePublished":"2022-04-13T11:22:57+00:00","dateModified":"2026-04-23T06:06:31+00:00","description":"Maxi Wickelkleid mit \u00c4rmeln von WithBlack, entworfen mit einer weichen, drapierten Silhouette mit G\u00fcrteldetail an der Taille.","breadcrumb":{"@id":"https:\/\/stylestore.com\/deu\/product\/wblfeline-wrap-maxi-dress-3\/#breadcrumb"},"inLanguage":"de","potentialAction":[{"@type":"ReadAction","target":["https:\/\/stylestore.com\/deu\/product\/wblfeline-wrap-maxi-dress-3\/"]}]},{"@type":"ImageObject","inLanguage":"de","@id":"https:\/\/stylestore.com\/deu\/product\/wblfeline-wrap-maxi-dress-3\/#primaryimage","url":"https:\/\/stylestore.com\/deu\/wp-content\/uploads\/sites\/4\/2022\/04\/Feline20wrap20maxi20dress20120ny-4.jpg","contentUrl":"https:\/\/stylestore.com\/deu\/wp-content\/uploads\/sites\/4\/2022\/04\/Feline20wrap20maxi20dress20120ny-4.jpg","width":1067,"height":1600},{"@type":"BreadcrumbList","@id":"https:\/\/stylestore.com\/deu\/product\/wblfeline-wrap-maxi-dress-3\/#breadcrumb","itemListElement":[{"@type":"ListItem","position":1,"name":"Search","item":"https:\/\/stylestore.com\/deu\/search\/"},{"@type":"ListItem","position":2,"name":"WBLFELINE WRAP MAXI DRESS"}]},{"@type":"WebSite","@id":"https:\/\/stylestore.com\/deu\/#website","url":"https:\/\/stylestore.com\/deu\/","name":"Stylestore.com Germany","description":"","potentialAction":[{"@type":"SearchAction","target":{"@type":"EntryPoint","urlTemplate":"https:\/\/stylestore.com\/deu\/?s={search_term_string}"},"query-input":{"@type":"PropertyValueSpecification","valueRequired":true,"valueName":"search_term_string"}}],"inLanguage":"de"}]}},"_links":{"self":[{"href":"https:\/\/stylestore.com\/deu\/wp-json\/wp\/v2\/product\/433155","targetHints":{"allow":["GET"]}}],"collection":[{"href":"https:\/\/stylestore.com\/deu\/wp-json\/wp\/v2\/product"}],"about":[{"href":"https:\/\/stylestore.com\/deu\/wp-json\/wp\/v2\/types\/product"}],"wp:featuredmedia":[{"embeddable":true,"href":"https:\/\/stylestore.com\/deu\/wp-json\/wp\/v2\/media\/435673"}],"wp:attachment":[{"href":"https:\/\/stylestore.com\/deu\/wp-json\/wp\/v2\/media?parent=433155"}],"wp:term":[{"taxonomy":"product_brand","embeddable":true,"href":"https:\/\/stylestore.com\/deu\/wp-json\/wp\/v2\/product_brand?post=433155"},{"taxonomy":"product_cat","embeddable":true,"href":"https:\/\/stylestore.com\/deu\/wp-json\/wp\/v2\/product_cat?post=433155"},{"taxonomy":"product_tag","embeddable":true,"href":"https:\/\/stylestore.com\/deu\/wp-json\/wp\/v2\/product_tag?post=433155"}],"curies":[{"name":"wp","href":"https:\/\/api.w.org\/{rel}","templated":true}]}}