{"id":543283,"date":"2024-01-25T14:54:12","date_gmt":"2024-01-25T13:54:12","guid":{"rendered":"https:\/\/stylestore.com\/deu\/?page_id=543283"},"modified":"2024-01-26T08:51:26","modified_gmt":"2024-01-26T07:51:26","slug":"allgemeine-geschaeftsbedingungen-agb","status":"publish","type":"page","link":"https:\/\/stylestore.com\/deu\/allgemeine-geschaeftsbedingungen-agb\/","title":{"rendered":"ALLGEMEINE GESCH\u00c4FTSBEDINGUNGEN (AGB)"},"content":{"rendered":"\t\t<div data-elementor-type=\"wp-page\" data-elementor-id=\"543283\" class=\"elementor elementor-543283\">\n\t\t\t\t\t\t<section class=\"elementor-section elementor-top-section elementor-element elementor-element-a5d52a5 elementor-section-boxed elementor-section-height-default elementor-section-height-default\" data-id=\"a5d52a5\" data-element_type=\"section\" data-settings=\"{&quot;jet_parallax_layout_list&quot;:[{&quot;jet_parallax_layout_image&quot;:{&quot;url&quot;:&quot;&quot;,&quot;id&quot;:&quot;&quot;,&quot;size&quot;:&quot;&quot;},&quot;_id&quot;:&quot;8720ce1&quot;,&quot;jet_parallax_layout_image_tablet&quot;:{&quot;url&quot;:&quot;&quot;,&quot;id&quot;:&quot;&quot;,&quot;size&quot;:&quot;&quot;},&quot;jet_parallax_layout_image_mobile&quot;:{&quot;url&quot;:&quot;&quot;,&quot;id&quot;:&quot;&quot;,&quot;size&quot;:&quot;&quot;},&quot;jet_parallax_layout_speed&quot;:{&quot;unit&quot;:&quot;%&quot;,&quot;size&quot;:50,&quot;sizes&quot;:[]},&quot;jet_parallax_layout_type&quot;:&quot;scroll&quot;,&quot;jet_parallax_layout_direction&quot;:null,&quot;jet_parallax_layout_fx_direction&quot;:null,&quot;jet_parallax_layout_z_index&quot;:&quot;&quot;,&quot;jet_parallax_layout_bg_x&quot;:50,&quot;jet_parallax_layout_bg_x_tablet&quot;:&quot;&quot;,&quot;jet_parallax_layout_bg_x_mobile&quot;:&quot;&quot;,&quot;jet_parallax_layout_bg_y&quot;:50,&quot;jet_parallax_layout_bg_y_tablet&quot;:&quot;&quot;,&quot;jet_parallax_layout_bg_y_mobile&quot;:&quot;&quot;,&quot;jet_parallax_layout_bg_size&quot;:&quot;auto&quot;,&quot;jet_parallax_layout_bg_size_tablet&quot;:&quot;&quot;,&quot;jet_parallax_layout_bg_size_mobile&quot;:&quot;&quot;,&quot;jet_parallax_layout_animation_prop&quot;:&quot;transform&quot;,&quot;jet_parallax_layout_on&quot;:[&quot;desktop&quot;,&quot;tablet&quot;]}],&quot;background_background&quot;:&quot;classic&quot;}\">\n\t\t\t\t\t\t\t<div class=\"elementor-background-overlay\"><\/div>\n\t\t\t\t\t\t\t<div class=\"elementor-container elementor-column-gap-default\">\n\t\t\t\t\t<div class=\"elementor-column elementor-col-100 elementor-top-column elementor-element elementor-element-127dda7\" data-id=\"127dda7\" data-element_type=\"column\">\n\t\t\t<div class=\"elementor-widget-wrap elementor-element-populated\">\n\t\t\t\t\t\t<div class=\"elementor-element elementor-element-bb90421 elementor-widget elementor-widget-heading\" data-id=\"bb90421\" data-element_type=\"widget\" data-widget_type=\"heading.default\">\n\t\t\t\t<div class=\"elementor-widget-container\">\n\t\t\t<h1 class=\"elementor-heading-title elementor-size-default\">ALLGEMEINE GESCH\u00c4FTSBEDINGUNGEN (AGB)<\/h1>\t\t<\/div>\n\t\t\t\t<\/div>\n\t\t\t\t\t<\/div>\n\t\t<\/div>\n\t\t\t\t\t<\/div>\n\t\t<\/section>\n\t\t\t\t<section class=\"elementor-section elementor-top-section elementor-element elementor-element-7ba16d0 elementor-section-boxed elementor-section-height-default elementor-section-height-default\" data-id=\"7ba16d0\" data-element_type=\"section\" data-settings=\"{&quot;jet_parallax_layout_list&quot;:[{&quot;jet_parallax_layout_image&quot;:{&quot;url&quot;:&quot;&quot;,&quot;id&quot;:&quot;&quot;,&quot;size&quot;:&quot;&quot;},&quot;_id&quot;:&quot;44d3017&quot;,&quot;jet_parallax_layout_image_tablet&quot;:{&quot;url&quot;:&quot;&quot;,&quot;id&quot;:&quot;&quot;,&quot;size&quot;:&quot;&quot;},&quot;jet_parallax_layout_image_mobile&quot;:{&quot;url&quot;:&quot;&quot;,&quot;id&quot;:&quot;&quot;,&quot;size&quot;:&quot;&quot;},&quot;jet_parallax_layout_speed&quot;:{&quot;unit&quot;:&quot;%&quot;,&quot;size&quot;:50,&quot;sizes&quot;:[]},&quot;jet_parallax_layout_type&quot;:&quot;scroll&quot;,&quot;jet_parallax_layout_direction&quot;:null,&quot;jet_parallax_layout_fx_direction&quot;:null,&quot;jet_parallax_layout_z_index&quot;:&quot;&quot;,&quot;jet_parallax_layout_bg_x&quot;:50,&quot;jet_parallax_layout_bg_x_tablet&quot;:&quot;&quot;,&quot;jet_parallax_layout_bg_x_mobile&quot;:&quot;&quot;,&quot;jet_parallax_layout_bg_y&quot;:50,&quot;jet_parallax_layout_bg_y_tablet&quot;:&quot;&quot;,&quot;jet_parallax_layout_bg_y_mobile&quot;:&quot;&quot;,&quot;jet_parallax_layout_bg_size&quot;:&quot;auto&quot;,&quot;jet_parallax_layout_bg_size_tablet&quot;:&quot;&quot;,&quot;jet_parallax_layout_bg_size_mobile&quot;:&quot;&quot;,&quot;jet_parallax_layout_animation_prop&quot;:&quot;transform&quot;,&quot;jet_parallax_layout_on&quot;:[&quot;desktop&quot;,&quot;tablet&quot;]}]}\">\n\t\t\t\t\t\t<div class=\"elementor-container elementor-column-gap-default\">\n\t\t\t\t\t<div class=\"elementor-column elementor-col-100 elementor-top-column elementor-element elementor-element-50c95ed\" data-id=\"50c95ed\" data-element_type=\"column\">\n\t\t\t<div class=\"elementor-widget-wrap elementor-element-populated\">\n\t\t\t\t\t\t<div class=\"elementor-element elementor-element-cbae3fb elementor-widget elementor-widget-heading\" data-id=\"cbae3fb\" data-element_type=\"widget\" data-widget_type=\"heading.default\">\n\t\t\t\t<div class=\"elementor-widget-container\">\n\t\t\t<h3 class=\"elementor-heading-title elementor-size-default\">Allgemeine Gesch\u00e4ftsbedingungen (AGB) <\/h3>\t\t<\/div>\n\t\t\t\t<\/div>\n\t\t\t\t<div class=\"elementor-element elementor-element-9391918 elementor-widget elementor-widget-heading\" data-id=\"9391918\" data-element_type=\"widget\" data-widget_type=\"heading.default\">\n\t\t\t\t<div class=\"elementor-widget-container\">\n\t\t\t<h3 class=\"elementor-heading-title elementor-size-default\">Gilt f\u00fcr alle B2B-Bestellungen zwischen Stylestore.com A\/S und interagierenden Gesch\u00e4ftspartnern. <\/h3>\t\t<\/div>\n\t\t\t\t<\/div>\n\t\t\t\t<div class=\"elementor-element elementor-element-29f469a elementor-widget elementor-widget-text-editor\" data-id=\"29f469a\" data-element_type=\"widget\" data-widget_type=\"text-editor.default\">\n\t\t\t\t<div class=\"elementor-widget-container\">\n\t\t\t\t\t\t\t<p><strong>VERKAUFS- UND LIEFERBEDINGUNGEN<\/strong><\/p><p>Die Verkaufs- und Lieferbedingungen von StyleStore.com A\/S cvr DK 40421734, nachfolgend SS genannt, gelten f\u00fcr alle Bestellungen und haben Vorrang vor solchen oder \u00e4hnlichen Bedingungen eines Kunden, es sei denn, es wird ausdr\u00fccklich und schriftlich von diesen Bedingungen abgewichen. Die Verkaufs- und Lieferbedingungen k\u00f6nnen von Zeit zu Zeit und ohne Vorank\u00fcndigung ge\u00e4ndert werden.<\/p><p><strong>AUFTRAGSBEST\u00c4TIGUNG<\/strong><\/p><p>Die abgegebene Bestellung ist verbindlich. Mit der schriftlichen Auftragsbest\u00e4tigung von SS ist ein endg\u00fcltiger Vertrag \u00fcber den Verkauf und die Lieferung von Waren zustande gekommen.<\/p><p>Der Kunde kann best\u00e4tigte Bestellungen nicht stornieren. In Ausnahmef\u00e4llen kann SS eine Stornierung gegen eine Stornogeb\u00fchr von 50 % des Auftragswertes akzeptieren.<\/p><p>Wenn unvorhergesehene Schwierigkeiten auftreten, die eine \u00c4nderung der Bestellung erfordern, z.B. Reduzierung der Bestellmenge usw., ist SS berechtigt, solche zumutbaren \u00c4nderungen vorzunehmen. Diese \u00c4nderungen berechtigen den Kunden nicht zur Stornierung der Bestellung.<\/p><p>Sollten nach der Auftragsannahme unbefriedigende Kreditausk\u00fcnfte \u00fcber den Kunden eingeholt werden, ist SS berechtigt, den best\u00e4tigten Auftrag unter Ausschluss jeglicher Haftung zu stornieren oder die Stellung einer vollwertigen Bankgarantie zu verlangen.<\/p><p><strong>LIEFERBEDINGUNGEN<\/strong><\/p><p>Die Lieferung der Waren erfolgt gem\u00e4\u00df ICC Incoterms 2010 FRC, sofern nicht in Ausnahmef\u00e4llen etwas anderes ausdr\u00fccklich vereinbart und in der Auftragsbest\u00e4tigung angegeben ist. SS kann, je nach den Umst\u00e4nden, bei der Organisation des Versands der bestellten Waren behilflich sein, wenn dies schriftlich vereinbart und von SS von Fall zu Fall und immer auf Rechnung des Kunden akzeptiert worden ist.<\/p><p><strong>LIEFERFRIST UND VERZUG<\/strong><\/p><p>Die Lieferfrist wird in der Auftragsbest\u00e4tigung angegeben. SS ist berechtigt, die Lieferzeit um vierzehn (14) Tage zu verschieben und wird den Kunden unverz\u00fcglich schriftlich von einer solchen Verschiebung in Kenntnis setzen. Im Falle von h\u00f6herer Gewalt, vgl. jedoch die nachstehenden Bestimmungen, kann die Lieferung verschoben werden, bis das Hindernis wegf\u00e4llt und ein normaler Handel und Transport m\u00f6glich wird.<\/p><p><strong>EIGENTUMSVORBEHALT<\/strong><\/p><p>SS beh\u00e4lt sich das Eigentum an den gelieferten Waren bis zur vollst\u00e4ndigen Bezahlung durch den Kunden vor. Alle Kosten, die im Zusammenhang mit der Geltendmachung des Eigentumsvorbehalts entstehen, gehen zu Lasten des Kunden.<\/p><p><strong>PREISE<\/strong><\/p><p>Alle Preise von SS sind in DKK\/EURO\/USD angegeben und verstehen sich ohne Mehrwertsteuer. Die Preise gelten vorbehaltlich der \u00c4nderung von Z\u00f6llen, anderen Abgaben und Wechselkursen und k\u00f6nnen bis zur Lieferung erh\u00f6ht und\/oder die W\u00e4hrung ge\u00e4ndert werden. SS wird den Kunden \u00fcber jede Preis\u00e4nderung informieren. Es steht dem Kunden frei, seine Wiederverkaufspreise festzulegen.<\/p><p><strong>BEZAHLUNG<\/strong><\/p><p>Sofern nicht anders schriftlich vereinbart, erfolgt die Zahlung des Kunden an SS gegen Rechnung und ist gem\u00e4\u00df den auf der Rechnung angegebenen Zahlungsbedingungen f\u00e4llig.<\/p><p>Bei Nichtzahlung werden nach dem F\u00e4lligkeitsdatum Verzugszinsen in H\u00f6he von 2 % pro Monat berechnet. SS kann die Auslieferung von Auftr\u00e4gen aufschieben oder Auftr\u00e4ge durch schriftliche Mitteilung stornieren, ohne daf\u00fcr haftbar gemacht werden zu k\u00f6nnen, wenn der Kunde mit der Bezahlung fr\u00fcherer Lieferungen im R\u00fcckstand ist. SS beh\u00e4lt sich das Recht vor, die Bestellung zu stornieren, wenn die Zahlung nicht zum F\u00e4lligkeitstermin erfolgt. Jeder finanzielle Verlust, der SS dadurch entsteht, ist vom Kunden vollst\u00e4ndig zu ersetzen.<\/p><p><strong>REKLAMATIONEN WEGEN NICHT\u00dcBEREINSTIMMUNG UND RECHTSMITTEL<\/strong><\/p><p>Jede Beanstandung wegen Nicht\u00fcbereinstimmung ist schriftlich einzureichen und muss sp\u00e4testens acht (8) Tage nach der Lieferung bei SS eingehen. Bei nicht sichtbaren Sch\u00e4den ist die Reklamation ebenfalls sp\u00e4testens acht (8) Tage nach dem Zeitpunkt einzureichen, an dem der Mangel oder die Unzul\u00e4nglichkeit bei sorgf\u00e4ltiger Pr\u00fcfung h\u00e4tte festgestellt werden k\u00f6nnen, jedoch nicht sp\u00e4ter als 1 Monat nach dem Lieferdatum. Wird ein Teil der Bestellung nicht oder versp\u00e4tet geliefert oder ist ein Teil der Bestellung fehlerhaft oder mangelhaft, kann die Bestellung nur f\u00fcr diesen Teil der Bestellung storniert werden. Jede Reklamation muss spezifisch sein, dokumentiert werden und eine genaue Angabe zum Inhalt der Reklamation enthalten. R\u00fccksendungen werden ohne vorherige schriftliche Zustimmung von SS nicht ber\u00fccksichtigt. Im Falle einer Nicht\u00fcbereinstimmung haftet SS nicht f\u00fcr direkte oder indirekte Betriebsunterbrechungssch\u00e4den, entgangenen Gewinn oder andere Folgesch\u00e4den. In jedem Fall entspricht die maximale Haftung der R\u00fcckzahlung der f\u00fcr den versp\u00e4teten oder mangelhaften Teil der Bestellung geleisteten Zahlung durch SS an den Kunden.<\/p><p><strong>HAFTUNGSBEFREIUNG (EINSCHLIESSLICH H\u00d6HERER GEWALT)<\/strong><\/p><p>Die Parteien haften nicht, wenn die folgenden nicht abschlie\u00dfenden Umst\u00e4nde h\u00f6herer Gewalt eintreten und die Erf\u00fcllung des Vertrages verhindern oder verschieben: Krieg und Mobilmachung, Aufruhr und zivile Unruhen, terroristische Handlungen, Naturkatastrophen, Streiks und Aussperrungen, Warenknappheit, Fehler, M\u00e4ngel oder Lieferverz\u00f6gerungen bei Unterlieferanten oder wenn Unterlieferanten anderweitig von den vorliegenden Umst\u00e4nden betroffen sind, Feuer, fehlende Transportmittel, Devisenkontrollvorschriften, Einfuhr- und Ausfuhrbeschr\u00e4nkungen, Tod, Krankheit oder Abwesenheit von Mitarbeitern in Schl\u00fcsselpositionen, Computerviren, Epidemien, Pandemien oder andere Umst\u00e4nde, die au\u00dferhalb der direkten Kontrolle der Parteien liegen. In einem solchen Fall ist die Partei berechtigt, die Erf\u00fcllung der Verpflichtung bis zum Wegfall des Hindernisses aufzuschieben oder alternativ den Vertrag ganz oder teilweise zu k\u00fcndigen, ohne dass ihr daf\u00fcr eine Haftung entsteht.<\/p><p><strong>PRODUKTHAFTUNG UND HAFTUNGSBESCHR\u00c4NKUNG<\/strong><\/p><p>SS haftet f\u00fcr Verletzungen und Sch\u00e4den, die durch die Produkte von SS verursacht werden, nachdem die Produkte in Verkehr gebracht wurden, soweit dies gesetzlich vorgeschrieben ist. Ungeachtet des Vorstehenden haftet SS nicht f\u00fcr direkte oder indirekte Betriebsunterbrechungssch\u00e4den, entgangenen Gewinn oder andere Folgesch\u00e4den jeglicher Art.<\/p><p><strong>DATENSCHUTZ<\/strong><\/p><p>Die Verarbeitung personenbezogener Daten kann zum Zweck der Ausf\u00fchrung der Bestellung des Kunden erfolgen. Dementsprechend k\u00f6nnen personenbezogene Daten zum Zweck der Ausf\u00fchrung des Kundenauftrags an andere unabh\u00e4ngige Datenverarbeiter wie Spediteure usw. weitergegeben werden. Jegliche Verarbeitung personenbezogener Daten unterliegt allen notwendigen Sicherheitsverfahren und wird gel\u00f6scht, wenn ihre Speicherung nicht mehr erforderlich ist. https:\/\/stylestore.com\/privacy\/<\/p><p><strong>GERICHTSSTAND UND GELTENDES RECHT<\/strong><\/p><p>Dieser Vertrag unterliegt d\u00e4nischem Recht und ist nach diesem auszulegen, unter Ausschluss der d\u00e4nischen Rechtswahlregeln, soweit diese zur Anwendung eines anderen Rechts als des d\u00e4nischen f\u00fchren w\u00fcrden.<\/p><p>Das \u00dcbereinkommen \u00fcber Vertr\u00e4ge \u00fcber den internationalen Warenkauf (CISG) ist nicht anwendbar.<\/p><p>(a) Wenn der Kunde nicht in Norwegen oder in einem Mitgliedstaat der EU ans\u00e4ssig ist Alle Streitigkeiten, die sich aus oder im Zusammenhang mit diesem Vertrag ergeben, einschlie\u00dflich aller Streitigkeiten \u00fcber das Bestehen, die G\u00fcltigkeit oder die Beendigung des Vertrages, werden durch ein vom d\u00e4nischen Schiedsinstitut veranlasstes Schiedsverfahren in \u00dcbereinstimmung mit der vom d\u00e4nischen Schiedsinstitut erlassenen und zum Zeitpunkt der Einleitung des Verfahrens geltenden Schiedsverfahrensordnung entschieden. Das Schiedsgericht hat seinen Sitz in der Hauptniederlassung\/Gerichtsbarkeit von SS, und die im Verfahren zu verwendende Sprache ist D\u00e4nisch.<\/p><p>(b) Wenn der Kunde seinen Sitz in Norwegen oder in einem Mitgliedsstaat der EU hat<\/p><p>Alle Streitigkeiten, Meinungsverschiedenheiten oder Anspr\u00fcche, die sich aus oder im Zusammenhang mit dieser Vereinbarung oder deren Verletzung, Beendigung oder Ung\u00fcltigkeit ergeben und die nicht g\u00fctlich zwischen den Parteien beigelegt werden k\u00f6nnen, werden vor einem d\u00e4nischen Bezirksgericht mit Sitz in der SS-Zentrale verhandelt. Auch wenn SS ein gerichtliches Verfahren gegen den Kunden eingeleitet hat, kann SS jederzeit beschlie\u00dfen, eine Streitigkeit durch ein vom D\u00e4nischen Schiedsinstitut angeordnetes Schiedsverfahren gem\u00e4\u00df der vom D\u00e4nischen Schiedsinstitut erlassenen und zum Zeitpunkt der Einleitung eines solchen Verfahrens geltenden Schiedsverfahrensordnung beizulegen. Das Schiedsgericht hat seinen Sitz\/Gerichtsstand in SS, und die im Verfahren zu verwendende Sprache ist D\u00e4nisch. Das Verfahren und der Schiedsspruch sind ohne zeitliche Begrenzung vertraulich. Es wird vereinbart, dass keine Berufung zu einer anderen Rechtsfrage bei einem Gericht eingelegt werden kann.<\/p><p>Ungeachtet des Vorstehenden und f\u00fcr den Fall, dass ein Inkasso durch SS erforderlich ist, kann SS nach eigenem Ermessen beschlie\u00dfen, die Forderung am Ort des Kunden in \u00dcbereinstimmung mit dem geltenden Recht des jeweiligen Landes einzutreiben.<\/p><p><strong>ZEICHNUNGEN UND BESCHREIBUNGEN<\/strong><\/p><p>Alle in Katalogen, Prospekten, Rundschreiben, Anzeigen, Abbildungen und Preislisten gemachten Angaben \u00fcber Ma\u00dfe, Fassungsverm\u00f6gen, Preise, technische und sonstige Daten sind nur ann\u00e4hernd und nur dann verbindlich, wenn im Vertrag ausdr\u00fccklich auf sie Bezug genommen wird.<\/p><p>Alle zugesandten Zeichnungen sind Beschreibungen, die Eigentum von SS bleiben und d\u00fcrfen ohne vorherige schriftliche Genehmigung von SS nicht kopiert, nachgefertigt, weitergegeben oder auf andere Weise Dritten zur Kenntnis gebracht werden.<\/p><p><strong>RECHTE AN GEISTIGEM EIGENTUM<\/strong><\/p><p>Alle Rechte an geistigem Eigentum, einschlie\u00dflich Urheberrecht, Marken und Designs, sind das alleinige und exklusive Eigentum von SS.<\/p>\t\t\t\t\t\t<\/div>\n\t\t\t\t<\/div>\n\t\t\t\t\t<\/div>\n\t\t<\/div>\n\t\t\t\t\t<\/div>\n\t\t<\/section>\n\t\t\t\t<\/div>\n\t\t","protected":false},"excerpt":{"rendered":"","protected":false},"author":6830,"featured_media":0,"parent":0,"menu_order":0,"comment_status":"closed","ping_status":"closed","template":"","meta":{"_acf_changed":false,"footnotes":""},"class_list":["post-543283","page","type-page","status-publish","hentry"],"acf":[],"yoast_head":"<!-- This site is optimized with the Yoast SEO plugin v23.8 - https:\/\/yoast.com\/wordpress\/plugins\/seo\/ -->\n<title>ALLGEMEINE GESCH\u00c4FTSBEDINGUNGEN (AGB) &#187; Stylestore.com Germany<\/title>\n<meta name=\"description\" content=\"Lies mehr und erhalte Antworten auf Fragen zu den allgemeinen Gesch\u00e4ftsbedingungen f\u00fcr Stylestore.com.\" \/>\n<meta name=\"robots\" content=\"index, follow, max-snippet:-1, max-image-preview:large, max-video-preview:-1\" \/>\n<link rel=\"canonical\" href=\"https:\/\/stylestore.com\/deu\/allgemeine-geschaeftsbedingungen-agb\/\" \/>\n<meta property=\"og:locale\" content=\"de_DE\" \/>\n<meta property=\"og:type\" content=\"article\" \/>\n<meta property=\"og:title\" content=\"ALLGEMEINE GESCH\u00c4FTSBEDINGUNGEN (AGB) &#187; Stylestore.com Germany\" \/>\n<meta property=\"og:description\" content=\"Lies mehr und erhalte Antworten auf Fragen zu den allgemeinen Gesch\u00e4ftsbedingungen f\u00fcr Stylestore.com.\" \/>\n<meta property=\"og:url\" content=\"https:\/\/stylestore.com\/deu\/allgemeine-geschaeftsbedingungen-agb\/\" \/>\n<meta property=\"og:site_name\" content=\"Stylestore.com Germany\" \/>\n<meta property=\"article:modified_time\" content=\"2024-01-26T07:51:26+00:00\" \/>\n<meta name=\"twitter:card\" content=\"summary_large_image\" \/>\n<meta name=\"twitter:label1\" content=\"Gesch\u00e4tzte Lesezeit\" \/>\n\t<meta name=\"twitter:data1\" content=\"1\u00a0Minute\" \/>\n<script type=\"application\/ld+json\" class=\"yoast-schema-graph\">{\"@context\":\"https:\/\/schema.org\",\"@graph\":[{\"@type\":\"WebPage\",\"@id\":\"https:\/\/stylestore.com\/deu\/allgemeine-geschaeftsbedingungen-agb\/\",\"url\":\"https:\/\/stylestore.com\/deu\/allgemeine-geschaeftsbedingungen-agb\/\",\"name\":\"ALLGEMEINE GESCH\u00c4FTSBEDINGUNGEN (AGB) &#187; Stylestore.com Germany\",\"isPartOf\":{\"@id\":\"https:\/\/stylestore.com\/deu\/#website\"},\"datePublished\":\"2024-01-25T13:54:12+00:00\",\"dateModified\":\"2024-01-26T07:51:26+00:00\",\"description\":\"Lies mehr und erhalte Antworten auf Fragen zu den allgemeinen Gesch\u00e4ftsbedingungen f\u00fcr Stylestore.com.\",\"inLanguage\":\"de\",\"potentialAction\":[{\"@type\":\"ReadAction\",\"target\":[\"https:\/\/stylestore.com\/deu\/allgemeine-geschaeftsbedingungen-agb\/\"]}]},{\"@type\":\"WebSite\",\"@id\":\"https:\/\/stylestore.com\/deu\/#website\",\"url\":\"https:\/\/stylestore.com\/deu\/\",\"name\":\"Stylestore.com Germany\",\"description\":\"\",\"potentialAction\":[{\"@type\":\"SearchAction\",\"target\":{\"@type\":\"EntryPoint\",\"urlTemplate\":\"https:\/\/stylestore.com\/deu\/?s={search_term_string}\"},\"query-input\":{\"@type\":\"PropertyValueSpecification\",\"valueRequired\":true,\"valueName\":\"search_term_string\"}}],\"inLanguage\":\"de\"}]}<\/script>\n<!-- \/ Yoast SEO plugin. -->","yoast_head_json":{"title":"ALLGEMEINE GESCH\u00c4FTSBEDINGUNGEN (AGB) &#187; Stylestore.com Germany","description":"Lies mehr und erhalte Antworten auf Fragen zu den allgemeinen Gesch\u00e4ftsbedingungen f\u00fcr Stylestore.com.","robots":{"index":"index","follow":"follow","max-snippet":"max-snippet:-1","max-image-preview":"max-image-preview:large","max-video-preview":"max-video-preview:-1"},"canonical":"https:\/\/stylestore.com\/deu\/allgemeine-geschaeftsbedingungen-agb\/","og_locale":"de_DE","og_type":"article","og_title":"ALLGEMEINE GESCH\u00c4FTSBEDINGUNGEN (AGB) &#187; Stylestore.com Germany","og_description":"Lies mehr und erhalte Antworten auf Fragen zu den allgemeinen Gesch\u00e4ftsbedingungen f\u00fcr Stylestore.com.","og_url":"https:\/\/stylestore.com\/deu\/allgemeine-geschaeftsbedingungen-agb\/","og_site_name":"Stylestore.com Germany","article_modified_time":"2024-01-26T07:51:26+00:00","twitter_card":"summary_large_image","twitter_misc":{"Gesch\u00e4tzte Lesezeit":"1\u00a0Minute"},"schema":{"@context":"https:\/\/schema.org","@graph":[{"@type":"WebPage","@id":"https:\/\/stylestore.com\/deu\/allgemeine-geschaeftsbedingungen-agb\/","url":"https:\/\/stylestore.com\/deu\/allgemeine-geschaeftsbedingungen-agb\/","name":"ALLGEMEINE GESCH\u00c4FTSBEDINGUNGEN (AGB) &#187; Stylestore.com Germany","isPartOf":{"@id":"https:\/\/stylestore.com\/deu\/#website"},"datePublished":"2024-01-25T13:54:12+00:00","dateModified":"2024-01-26T07:51:26+00:00","description":"Lies mehr und erhalte Antworten auf Fragen zu den allgemeinen Gesch\u00e4ftsbedingungen f\u00fcr Stylestore.com.","inLanguage":"de","potentialAction":[{"@type":"ReadAction","target":["https:\/\/stylestore.com\/deu\/allgemeine-geschaeftsbedingungen-agb\/"]}]},{"@type":"WebSite","@id":"https:\/\/stylestore.com\/deu\/#website","url":"https:\/\/stylestore.com\/deu\/","name":"Stylestore.com Germany","description":"","potentialAction":[{"@type":"SearchAction","target":{"@type":"EntryPoint","urlTemplate":"https:\/\/stylestore.com\/deu\/?s={search_term_string}"},"query-input":{"@type":"PropertyValueSpecification","valueRequired":true,"valueName":"search_term_string"}}],"inLanguage":"de"}]}},"_links":{"self":[{"href":"https:\/\/stylestore.com\/deu\/wp-json\/wp\/v2\/pages\/543283","targetHints":{"allow":["GET"]}}],"collection":[{"href":"https:\/\/stylestore.com\/deu\/wp-json\/wp\/v2\/pages"}],"about":[{"href":"https:\/\/stylestore.com\/deu\/wp-json\/wp\/v2\/types\/page"}],"author":[{"embeddable":true,"href":"https:\/\/stylestore.com\/deu\/wp-json\/wp\/v2\/users\/6830"}],"replies":[{"embeddable":true,"href":"https:\/\/stylestore.com\/deu\/wp-json\/wp\/v2\/comments?post=543283"}],"version-history":[{"count":8,"href":"https:\/\/stylestore.com\/deu\/wp-json\/wp\/v2\/pages\/543283\/revisions"}],"predecessor-version":[{"id":547329,"href":"https:\/\/stylestore.com\/deu\/wp-json\/wp\/v2\/pages\/543283\/revisions\/547329"}],"wp:attachment":[{"href":"https:\/\/stylestore.com\/deu\/wp-json\/wp\/v2\/media?parent=543283"}],"curies":[{"name":"wp","href":"https:\/\/api.w.org\/{rel}","templated":true}]}}