{"id":597910,"date":"2026-03-13T11:45:49","date_gmt":"2026-03-13T10:45:49","guid":{"rendered":"https:\/\/stylestore.com\/da\/product\/wblmarleen-ls-oversized-shirt-3\/"},"modified":"2026-04-16T08:17:08","modified_gmt":"2026-04-16T06:17:08","slug":"wblmarleen-ls-oversized-shirt-3","status":"publish","type":"product","link":"https:\/\/stylestore.com\/da\/product\/wblmarleen-ls-oversized-shirt-3\/","title":{"rendered":"WBLMARLEEN LS OVERSIZED SHIRT"},"content":{"rendered":"<p>Let og bl\u00f8d lyocell-kvalitet<br \/>\nBred \u00e6rme med manchet og knap<br \/>\nKlassisk krave<br \/>\nKnappestolpe<br \/>\nBrystlomme<br \/>\nS\u00e6nket skulder<br \/>\nHofte l\u00e6ngde<br \/>\nL\u00f8s pasform.<br \/>\nBuet forneden<br \/>\nModellen er 172 cm h\u00f8j og b\u00e6rer st\u00f8rrelse S<br \/>\nProduktet er normal i st\u00f8rrelsen for et oversized look. V\u00e6lg en st\u00f8rrelse mindre for et mindre oversized look<\/p>\n","protected":false},"excerpt":{"rendered":"","protected":false},"featured_media":599319,"template":"","meta":{"_acf_changed":false},"product_brand":[],"product_cat":[124,20],"product_tag":[2151],"class_list":{"0":"post-597910","1":"product","2":"type-product","3":"status-publish","4":"has-post-thumbnail","6":"product_cat-skjorter","7":"product_cat-toppe","8":"product_tag-b2b","11":"instock","12":"taxable","13":"shipping-taxable","14":"purchasable","15":"product-type-variable"},"acf":[],"yoast_head":"<!-- This site is optimized with the Yoast SEO plugin v23.8 - https:\/\/yoast.com\/wordpress\/plugins\/seo\/ -->\n<title>WBLMARLEEN LS OVERSIZED SHIRT &#187; Stylestore.com Denmark<\/title>\n<meta name=\"robots\" content=\"index, follow, max-snippet:-1, max-image-preview:large, max-video-preview:-1\" \/>\n<link rel=\"canonical\" href=\"https:\/\/stylestore.com\/da\/product\/wblmarleen-ls-oversized-shirt-3\/\" \/>\n<meta property=\"og:locale\" content=\"da_DK\" \/>\n<meta property=\"og:type\" content=\"article\" \/>\n<meta property=\"og:title\" content=\"WBLMARLEEN LS OVERSIZED SHIRT &#187; Stylestore.com Denmark\" \/>\n<meta property=\"og:url\" content=\"https:\/\/stylestore.com\/da\/product\/wblmarleen-ls-oversized-shirt-3\/\" \/>\n<meta property=\"og:site_name\" content=\"Stylestore.com Denmark\" \/>\n<meta property=\"article:modified_time\" content=\"2026-04-16T06:17:08+00:00\" \/>\n<meta name=\"twitter:card\" content=\"summary_large_image\" \/>\n<script type=\"application\/ld+json\" class=\"yoast-schema-graph\">{\"@context\":\"https:\/\/schema.org\",\"@graph\":[{\"@type\":\"WebPage\",\"@id\":\"https:\/\/stylestore.com\/da\/product\/wblmarleen-ls-oversized-shirt-3\/\",\"url\":\"https:\/\/stylestore.com\/da\/product\/wblmarleen-ls-oversized-shirt-3\/\",\"name\":\"WBLMARLEEN LS OVERSIZED SHIRT &#187; Stylestore.com Denmark\",\"isPartOf\":{\"@id\":\"https:\/\/stylestore.com\/da\/#website\"},\"primaryImageOfPage\":{\"@id\":\"https:\/\/stylestore.com\/da\/product\/wblmarleen-ls-oversized-shirt-3\/#primaryimage\"},\"image\":{\"@id\":\"https:\/\/stylestore.com\/da\/product\/wblmarleen-ls-oversized-shirt-3\/#primaryimage\"},\"thumbnailUrl\":\"https:\/\/stylestore.com\/da\/wp-content\/uploads\/sites\/3\/2026\/04\/WBLMARLEEN_LS_OVERSIZED_SHIRT_Grey_Sand5-scaled.jpg\",\"datePublished\":\"2026-03-13T10:45:49+00:00\",\"dateModified\":\"2026-04-16T06:17:08+00:00\",\"breadcrumb\":{\"@id\":\"https:\/\/stylestore.com\/da\/product\/wblmarleen-ls-oversized-shirt-3\/#breadcrumb\"},\"inLanguage\":\"da-DK\",\"potentialAction\":[{\"@type\":\"ReadAction\",\"target\":[\"https:\/\/stylestore.com\/da\/product\/wblmarleen-ls-oversized-shirt-3\/\"]}]},{\"@type\":\"ImageObject\",\"inLanguage\":\"da-DK\",\"@id\":\"https:\/\/stylestore.com\/da\/product\/wblmarleen-ls-oversized-shirt-3\/#primaryimage\",\"url\":\"https:\/\/stylestore.com\/da\/wp-content\/uploads\/sites\/3\/2026\/04\/WBLMARLEEN_LS_OVERSIZED_SHIRT_Grey_Sand5-scaled.jpg\",\"contentUrl\":\"https:\/\/stylestore.com\/da\/wp-content\/uploads\/sites\/3\/2026\/04\/WBLMARLEEN_LS_OVERSIZED_SHIRT_Grey_Sand5-scaled.jpg\",\"width\":1708,\"height\":2560},{\"@type\":\"BreadcrumbList\",\"@id\":\"https:\/\/stylestore.com\/da\/product\/wblmarleen-ls-oversized-shirt-3\/#breadcrumb\",\"itemListElement\":[{\"@type\":\"ListItem\",\"position\":1,\"name\":\"Home\",\"item\":\"https:\/\/stylestore.com\/da\/\"},{\"@type\":\"ListItem\",\"position\":2,\"name\":\"S\u00f8g\",\"item\":\"https:\/\/stylestore.com\/da\/soeg\/\"},{\"@type\":\"ListItem\",\"position\":3,\"name\":\"WBLMARLEEN LS OVERSIZED SHIRT\"}]},{\"@type\":\"WebSite\",\"@id\":\"https:\/\/stylestore.com\/da\/#website\",\"url\":\"https:\/\/stylestore.com\/da\/\",\"name\":\"Stylestore.com Denmark\",\"description\":\"\",\"potentialAction\":[{\"@type\":\"SearchAction\",\"target\":{\"@type\":\"EntryPoint\",\"urlTemplate\":\"https:\/\/stylestore.com\/da\/?s={search_term_string}\"},\"query-input\":{\"@type\":\"PropertyValueSpecification\",\"valueRequired\":true,\"valueName\":\"search_term_string\"}}],\"inLanguage\":\"da-DK\"}]}<\/script>\n<!-- \/ Yoast SEO plugin. -->","yoast_head_json":{"title":"WBLMARLEEN LS OVERSIZED SHIRT &#187; Stylestore.com Denmark","robots":{"index":"index","follow":"follow","max-snippet":"max-snippet:-1","max-image-preview":"max-image-preview:large","max-video-preview":"max-video-preview:-1"},"canonical":"https:\/\/stylestore.com\/da\/product\/wblmarleen-ls-oversized-shirt-3\/","og_locale":"da_DK","og_type":"article","og_title":"WBLMARLEEN LS OVERSIZED SHIRT &#187; Stylestore.com Denmark","og_url":"https:\/\/stylestore.com\/da\/product\/wblmarleen-ls-oversized-shirt-3\/","og_site_name":"Stylestore.com Denmark","article_modified_time":"2026-04-16T06:17:08+00:00","twitter_card":"summary_large_image","schema":{"@context":"https:\/\/schema.org","@graph":[{"@type":"WebPage","@id":"https:\/\/stylestore.com\/da\/product\/wblmarleen-ls-oversized-shirt-3\/","url":"https:\/\/stylestore.com\/da\/product\/wblmarleen-ls-oversized-shirt-3\/","name":"WBLMARLEEN LS OVERSIZED SHIRT &#187; Stylestore.com Denmark","isPartOf":{"@id":"https:\/\/stylestore.com\/da\/#website"},"primaryImageOfPage":{"@id":"https:\/\/stylestore.com\/da\/product\/wblmarleen-ls-oversized-shirt-3\/#primaryimage"},"image":{"@id":"https:\/\/stylestore.com\/da\/product\/wblmarleen-ls-oversized-shirt-3\/#primaryimage"},"thumbnailUrl":"https:\/\/stylestore.com\/da\/wp-content\/uploads\/sites\/3\/2026\/04\/WBLMARLEEN_LS_OVERSIZED_SHIRT_Grey_Sand5-scaled.jpg","datePublished":"2026-03-13T10:45:49+00:00","dateModified":"2026-04-16T06:17:08+00:00","breadcrumb":{"@id":"https:\/\/stylestore.com\/da\/product\/wblmarleen-ls-oversized-shirt-3\/#breadcrumb"},"inLanguage":"da-DK","potentialAction":[{"@type":"ReadAction","target":["https:\/\/stylestore.com\/da\/product\/wblmarleen-ls-oversized-shirt-3\/"]}]},{"@type":"ImageObject","inLanguage":"da-DK","@id":"https:\/\/stylestore.com\/da\/product\/wblmarleen-ls-oversized-shirt-3\/#primaryimage","url":"https:\/\/stylestore.com\/da\/wp-content\/uploads\/sites\/3\/2026\/04\/WBLMARLEEN_LS_OVERSIZED_SHIRT_Grey_Sand5-scaled.jpg","contentUrl":"https:\/\/stylestore.com\/da\/wp-content\/uploads\/sites\/3\/2026\/04\/WBLMARLEEN_LS_OVERSIZED_SHIRT_Grey_Sand5-scaled.jpg","width":1708,"height":2560},{"@type":"BreadcrumbList","@id":"https:\/\/stylestore.com\/da\/product\/wblmarleen-ls-oversized-shirt-3\/#breadcrumb","itemListElement":[{"@type":"ListItem","position":1,"name":"Home","item":"https:\/\/stylestore.com\/da\/"},{"@type":"ListItem","position":2,"name":"S\u00f8g","item":"https:\/\/stylestore.com\/da\/soeg\/"},{"@type":"ListItem","position":3,"name":"WBLMARLEEN LS OVERSIZED SHIRT"}]},{"@type":"WebSite","@id":"https:\/\/stylestore.com\/da\/#website","url":"https:\/\/stylestore.com\/da\/","name":"Stylestore.com Denmark","description":"","potentialAction":[{"@type":"SearchAction","target":{"@type":"EntryPoint","urlTemplate":"https:\/\/stylestore.com\/da\/?s={search_term_string}"},"query-input":{"@type":"PropertyValueSpecification","valueRequired":true,"valueName":"search_term_string"}}],"inLanguage":"da-DK"}]}},"_links":{"self":[{"href":"https:\/\/stylestore.com\/da\/wp-json\/wp\/v2\/product\/597910","targetHints":{"allow":["GET"]}}],"collection":[{"href":"https:\/\/stylestore.com\/da\/wp-json\/wp\/v2\/product"}],"about":[{"href":"https:\/\/stylestore.com\/da\/wp-json\/wp\/v2\/types\/product"}],"wp:featuredmedia":[{"embeddable":true,"href":"https:\/\/stylestore.com\/da\/wp-json\/wp\/v2\/media\/599319"}],"wp:attachment":[{"href":"https:\/\/stylestore.com\/da\/wp-json\/wp\/v2\/media?parent=597910"}],"wp:term":[{"taxonomy":"product_brand","embeddable":true,"href":"https:\/\/stylestore.com\/da\/wp-json\/wp\/v2\/product_brand?post=597910"},{"taxonomy":"product_cat","embeddable":true,"href":"https:\/\/stylestore.com\/da\/wp-json\/wp\/v2\/product_cat?post=597910"},{"taxonomy":"product_tag","embeddable":true,"href":"https:\/\/stylestore.com\/da\/wp-json\/wp\/v2\/product_tag?post=597910"}],"curies":[{"name":"wp","href":"https:\/\/api.w.org\/{rel}","templated":true}]}}