{"id":597255,"date":"2026-03-12T14:58:14","date_gmt":"2026-03-12T13:58:14","guid":{"rendered":"https:\/\/stylestore.com\/da\/product\/wblcandy-maxi-shirt-dress-ls\/"},"modified":"2026-03-12T14:58:14","modified_gmt":"2026-03-12T13:58:14","slug":"wblcandy-maxi-shirt-dress-ls","status":"publish","type":"product","link":"https:\/\/stylestore.com\/da\/product\/wblcandy-maxi-shirt-dress-ls\/","title":{"rendered":"WBLCANDY MAXI SHIRT DRESS LS"},"content":{"rendered":"<p>Skjortekjolen fors\u00e6tter med at v\u00e6re en af s\u00e6sonens absolutte garderobefavoritter. Kjolen er i den sk\u00f8nneste silhuet i maxil\u00e6ngde med lange \u00e6rmer og gennemknappet front med smukke knapper.<br \/>\nDesignet i et l\u00e6kkert print og i en eksklusiv viskose blanding best\u00e5ende af 50% ECOVERO\u2122 fibre og 50% konventionel viskose, med en smuk diskret textur som giver et l\u00e6kkert udtryk.<br \/>\nECOVERO\u2122 er en mere b\u00e6redygtig viskosefiber, og for\u00e6dlingen og udvindingen af ECOVERO\u2122 fibrene sker under forhold, som sikrer en mere b\u00e6redygtig fremtid.<br \/>\nL\u00e6s mere p\u00e5 https:\/\/www.ecovero.com\/<br \/>\nHos StyleStore.com tror vi p\u00e5 den lille l\u00e6kre luksusgarderobe, sammensat af de bedste materialer, i alsidige silhuetter, som du kan bruge s\u00e6son efter s\u00e6son, alt sammen tilg\u00e6ngeligt til priser som giver mening.<br \/>\nModellen er 176 cm og har str. small p\u00e5.<br \/>\n#Betterwardrobe<\/p>\n","protected":false},"excerpt":{"rendered":"","protected":false},"featured_media":0,"template":"","meta":{"_acf_changed":false},"product_brand":[],"product_cat":[133],"product_tag":[2151,1786,1787],"class_list":{"0":"post-597255","1":"product","2":"type-product","3":"status-publish","5":"product_cat-maxi-kjoler","6":"product_tag-b2b","7":"product_tag-sustainable","8":"product_tag-outlet","11":"outofstock","12":"taxable","13":"shipping-taxable","14":"product-type-variable"},"acf":[],"yoast_head":"<!-- This site is optimized with the Yoast SEO plugin v23.8 - https:\/\/yoast.com\/wordpress\/plugins\/seo\/ -->\n<title>WBLCANDY MAXI SHIRT DRESS LS &#187; Stylestore.com Denmark<\/title>\n<meta name=\"robots\" content=\"index, follow, max-snippet:-1, max-image-preview:large, max-video-preview:-1\" \/>\n<link rel=\"canonical\" href=\"https:\/\/stylestore.com\/da\/product\/wblcandy-maxi-shirt-dress-ls\/\" \/>\n<meta property=\"og:locale\" content=\"da_DK\" \/>\n<meta property=\"og:type\" content=\"article\" \/>\n<meta property=\"og:title\" content=\"WBLCANDY MAXI SHIRT DRESS LS &#187; Stylestore.com Denmark\" \/>\n<meta property=\"og:url\" content=\"https:\/\/stylestore.com\/da\/product\/wblcandy-maxi-shirt-dress-ls\/\" \/>\n<meta property=\"og:site_name\" content=\"Stylestore.com Denmark\" \/>\n<meta name=\"twitter:card\" content=\"summary_large_image\" \/>\n<meta name=\"twitter:label1\" content=\"Estimeret l\u00e6setid\" \/>\n\t<meta name=\"twitter:data1\" content=\"1 minut\" \/>\n<script type=\"application\/ld+json\" class=\"yoast-schema-graph\">{\"@context\":\"https:\/\/schema.org\",\"@graph\":[{\"@type\":\"WebPage\",\"@id\":\"https:\/\/stylestore.com\/da\/product\/wblcandy-maxi-shirt-dress-ls\/\",\"url\":\"https:\/\/stylestore.com\/da\/product\/wblcandy-maxi-shirt-dress-ls\/\",\"name\":\"WBLCANDY MAXI SHIRT DRESS LS &#187; Stylestore.com Denmark\",\"isPartOf\":{\"@id\":\"https:\/\/stylestore.com\/da\/#website\"},\"datePublished\":\"2026-03-12T13:58:14+00:00\",\"dateModified\":\"2026-03-12T13:58:14+00:00\",\"breadcrumb\":{\"@id\":\"https:\/\/stylestore.com\/da\/product\/wblcandy-maxi-shirt-dress-ls\/#breadcrumb\"},\"inLanguage\":\"da-DK\",\"potentialAction\":[{\"@type\":\"ReadAction\",\"target\":[\"https:\/\/stylestore.com\/da\/product\/wblcandy-maxi-shirt-dress-ls\/\"]}]},{\"@type\":\"BreadcrumbList\",\"@id\":\"https:\/\/stylestore.com\/da\/product\/wblcandy-maxi-shirt-dress-ls\/#breadcrumb\",\"itemListElement\":[{\"@type\":\"ListItem\",\"position\":1,\"name\":\"Home\",\"item\":\"https:\/\/stylestore.com\/da\/\"},{\"@type\":\"ListItem\",\"position\":2,\"name\":\"S\u00f8g\",\"item\":\"https:\/\/stylestore.com\/da\/soeg\/\"},{\"@type\":\"ListItem\",\"position\":3,\"name\":\"WBLCANDY MAXI SHIRT DRESS LS\"}]},{\"@type\":\"WebSite\",\"@id\":\"https:\/\/stylestore.com\/da\/#website\",\"url\":\"https:\/\/stylestore.com\/da\/\",\"name\":\"Stylestore.com Denmark\",\"description\":\"\",\"potentialAction\":[{\"@type\":\"SearchAction\",\"target\":{\"@type\":\"EntryPoint\",\"urlTemplate\":\"https:\/\/stylestore.com\/da\/?s={search_term_string}\"},\"query-input\":{\"@type\":\"PropertyValueSpecification\",\"valueRequired\":true,\"valueName\":\"search_term_string\"}}],\"inLanguage\":\"da-DK\"}]}<\/script>\n<!-- \/ Yoast SEO plugin. -->","yoast_head_json":{"title":"WBLCANDY MAXI SHIRT DRESS LS &#187; Stylestore.com Denmark","robots":{"index":"index","follow":"follow","max-snippet":"max-snippet:-1","max-image-preview":"max-image-preview:large","max-video-preview":"max-video-preview:-1"},"canonical":"https:\/\/stylestore.com\/da\/product\/wblcandy-maxi-shirt-dress-ls\/","og_locale":"da_DK","og_type":"article","og_title":"WBLCANDY MAXI SHIRT DRESS LS &#187; Stylestore.com Denmark","og_url":"https:\/\/stylestore.com\/da\/product\/wblcandy-maxi-shirt-dress-ls\/","og_site_name":"Stylestore.com Denmark","twitter_card":"summary_large_image","twitter_misc":{"Estimeret l\u00e6setid":"1 minut"},"schema":{"@context":"https:\/\/schema.org","@graph":[{"@type":"WebPage","@id":"https:\/\/stylestore.com\/da\/product\/wblcandy-maxi-shirt-dress-ls\/","url":"https:\/\/stylestore.com\/da\/product\/wblcandy-maxi-shirt-dress-ls\/","name":"WBLCANDY MAXI SHIRT DRESS LS &#187; Stylestore.com Denmark","isPartOf":{"@id":"https:\/\/stylestore.com\/da\/#website"},"datePublished":"2026-03-12T13:58:14+00:00","dateModified":"2026-03-12T13:58:14+00:00","breadcrumb":{"@id":"https:\/\/stylestore.com\/da\/product\/wblcandy-maxi-shirt-dress-ls\/#breadcrumb"},"inLanguage":"da-DK","potentialAction":[{"@type":"ReadAction","target":["https:\/\/stylestore.com\/da\/product\/wblcandy-maxi-shirt-dress-ls\/"]}]},{"@type":"BreadcrumbList","@id":"https:\/\/stylestore.com\/da\/product\/wblcandy-maxi-shirt-dress-ls\/#breadcrumb","itemListElement":[{"@type":"ListItem","position":1,"name":"Home","item":"https:\/\/stylestore.com\/da\/"},{"@type":"ListItem","position":2,"name":"S\u00f8g","item":"https:\/\/stylestore.com\/da\/soeg\/"},{"@type":"ListItem","position":3,"name":"WBLCANDY MAXI SHIRT DRESS LS"}]},{"@type":"WebSite","@id":"https:\/\/stylestore.com\/da\/#website","url":"https:\/\/stylestore.com\/da\/","name":"Stylestore.com Denmark","description":"","potentialAction":[{"@type":"SearchAction","target":{"@type":"EntryPoint","urlTemplate":"https:\/\/stylestore.com\/da\/?s={search_term_string}"},"query-input":{"@type":"PropertyValueSpecification","valueRequired":true,"valueName":"search_term_string"}}],"inLanguage":"da-DK"}]}},"_links":{"self":[{"href":"https:\/\/stylestore.com\/da\/wp-json\/wp\/v2\/product\/597255","targetHints":{"allow":["GET"]}}],"collection":[{"href":"https:\/\/stylestore.com\/da\/wp-json\/wp\/v2\/product"}],"about":[{"href":"https:\/\/stylestore.com\/da\/wp-json\/wp\/v2\/types\/product"}],"wp:attachment":[{"href":"https:\/\/stylestore.com\/da\/wp-json\/wp\/v2\/media?parent=597255"}],"wp:term":[{"taxonomy":"product_brand","embeddable":true,"href":"https:\/\/stylestore.com\/da\/wp-json\/wp\/v2\/product_brand?post=597255"},{"taxonomy":"product_cat","embeddable":true,"href":"https:\/\/stylestore.com\/da\/wp-json\/wp\/v2\/product_cat?post=597255"},{"taxonomy":"product_tag","embeddable":true,"href":"https:\/\/stylestore.com\/da\/wp-json\/wp\/v2\/product_tag?post=597255"}],"curies":[{"name":"wp","href":"https:\/\/api.w.org\/{rel}","templated":true}]}}