{"id":597124,"date":"2026-03-12T14:42:28","date_gmt":"2026-03-12T13:42:28","guid":{"rendered":"https:\/\/stylestore.com\/da\/product\/wblluna-leo-pleat-skirt\/"},"modified":"2026-04-14T04:33:37","modified_gmt":"2026-04-14T02:33:37","slug":"wblluna-leo-pleat-skirt","status":"publish","type":"product","link":"https:\/\/stylestore.com\/da\/product\/wblluna-leo-pleat-skirt\/","title":{"rendered":"WBLLUNA LEO PLEAT SKIRT"},"content":{"rendered":"<p>En af vores helt store s\u00e6sonfavoritter er plisse-nederdelen. Altid super elegant og giver dig et l\u00e6kkert ubesv\u00e6ret, minimalistisk og on trend look.<br \/>\nVores Luna skirt er i midi l\u00e6ngde og designet med elastik detaljer p\u00e5 bagsiden i taljen, hvilket g\u00f8r den funktionel og super komfortabel.<br \/>\nModellen er 175 cm h\u00f8j og har str. small p\u00e5.<\/p>\n","protected":false},"excerpt":{"rendered":"","protected":false},"featured_media":597130,"template":"","meta":{"_acf_changed":false},"product_brand":[],"product_cat":[119,129],"product_tag":[1787],"class_list":{"0":"post-597124","1":"product","2":"type-product","3":"status-publish","4":"has-post-thumbnail","6":"product_cat-skraeddersyet-nederdele","7":"product_cat-nederdele-bottoms","8":"product_tag-outlet","11":"outofstock","12":"sale","13":"taxable","14":"shipping-taxable","15":"purchasable","16":"product-type-variable"},"acf":[],"yoast_head":"<!-- This site is optimized with the Yoast SEO plugin v23.8 - https:\/\/yoast.com\/wordpress\/plugins\/seo\/ -->\n<title>WBLLUNA LEO PLEAT SKIRT &#187; Stylestore.com Denmark<\/title>\n<meta name=\"robots\" content=\"index, follow, max-snippet:-1, max-image-preview:large, max-video-preview:-1\" \/>\n<link rel=\"canonical\" href=\"https:\/\/stylestore.com\/da\/product\/wblluna-leo-pleat-skirt\/\" \/>\n<meta property=\"og:locale\" content=\"da_DK\" \/>\n<meta property=\"og:type\" content=\"article\" \/>\n<meta property=\"og:title\" content=\"WBLLUNA LEO PLEAT SKIRT &#187; Stylestore.com Denmark\" \/>\n<meta property=\"og:url\" content=\"https:\/\/stylestore.com\/da\/product\/wblluna-leo-pleat-skirt\/\" \/>\n<meta property=\"og:site_name\" content=\"Stylestore.com Denmark\" \/>\n<meta property=\"article:modified_time\" content=\"2026-04-14T02:33:37+00:00\" \/>\n<meta name=\"twitter:card\" content=\"summary_large_image\" \/>\n<script type=\"application\/ld+json\" class=\"yoast-schema-graph\">{\"@context\":\"https:\/\/schema.org\",\"@graph\":[{\"@type\":\"WebPage\",\"@id\":\"https:\/\/stylestore.com\/da\/product\/wblluna-leo-pleat-skirt\/\",\"url\":\"https:\/\/stylestore.com\/da\/product\/wblluna-leo-pleat-skirt\/\",\"name\":\"WBLLUNA LEO PLEAT SKIRT &#187; Stylestore.com Denmark\",\"isPartOf\":{\"@id\":\"https:\/\/stylestore.com\/da\/#website\"},\"primaryImageOfPage\":{\"@id\":\"https:\/\/stylestore.com\/da\/product\/wblluna-leo-pleat-skirt\/#primaryimage\"},\"image\":{\"@id\":\"https:\/\/stylestore.com\/da\/product\/wblluna-leo-pleat-skirt\/#primaryimage\"},\"thumbnailUrl\":\"https:\/\/stylestore.com\/da\/wp-content\/uploads\/sites\/3\/2026\/03\/LUNA20LEO20PLEAT20SKIRT201.jpg\",\"datePublished\":\"2026-03-12T13:42:28+00:00\",\"dateModified\":\"2026-04-14T02:33:37+00:00\",\"breadcrumb\":{\"@id\":\"https:\/\/stylestore.com\/da\/product\/wblluna-leo-pleat-skirt\/#breadcrumb\"},\"inLanguage\":\"da-DK\",\"potentialAction\":[{\"@type\":\"ReadAction\",\"target\":[\"https:\/\/stylestore.com\/da\/product\/wblluna-leo-pleat-skirt\/\"]}]},{\"@type\":\"ImageObject\",\"inLanguage\":\"da-DK\",\"@id\":\"https:\/\/stylestore.com\/da\/product\/wblluna-leo-pleat-skirt\/#primaryimage\",\"url\":\"https:\/\/stylestore.com\/da\/wp-content\/uploads\/sites\/3\/2026\/03\/LUNA20LEO20PLEAT20SKIRT201.jpg\",\"contentUrl\":\"https:\/\/stylestore.com\/da\/wp-content\/uploads\/sites\/3\/2026\/03\/LUNA20LEO20PLEAT20SKIRT201.jpg\",\"width\":1069,\"height\":1600},{\"@type\":\"BreadcrumbList\",\"@id\":\"https:\/\/stylestore.com\/da\/product\/wblluna-leo-pleat-skirt\/#breadcrumb\",\"itemListElement\":[{\"@type\":\"ListItem\",\"position\":1,\"name\":\"Home\",\"item\":\"https:\/\/stylestore.com\/da\/\"},{\"@type\":\"ListItem\",\"position\":2,\"name\":\"S\u00f8g\",\"item\":\"https:\/\/stylestore.com\/da\/soeg\/\"},{\"@type\":\"ListItem\",\"position\":3,\"name\":\"WBLLUNA LEO PLEAT SKIRT\"}]},{\"@type\":\"WebSite\",\"@id\":\"https:\/\/stylestore.com\/da\/#website\",\"url\":\"https:\/\/stylestore.com\/da\/\",\"name\":\"Stylestore.com Denmark\",\"description\":\"\",\"potentialAction\":[{\"@type\":\"SearchAction\",\"target\":{\"@type\":\"EntryPoint\",\"urlTemplate\":\"https:\/\/stylestore.com\/da\/?s={search_term_string}\"},\"query-input\":{\"@type\":\"PropertyValueSpecification\",\"valueRequired\":true,\"valueName\":\"search_term_string\"}}],\"inLanguage\":\"da-DK\"}]}<\/script>\n<!-- \/ Yoast SEO plugin. -->","yoast_head_json":{"title":"WBLLUNA LEO PLEAT SKIRT &#187; Stylestore.com Denmark","robots":{"index":"index","follow":"follow","max-snippet":"max-snippet:-1","max-image-preview":"max-image-preview:large","max-video-preview":"max-video-preview:-1"},"canonical":"https:\/\/stylestore.com\/da\/product\/wblluna-leo-pleat-skirt\/","og_locale":"da_DK","og_type":"article","og_title":"WBLLUNA LEO PLEAT SKIRT &#187; Stylestore.com Denmark","og_url":"https:\/\/stylestore.com\/da\/product\/wblluna-leo-pleat-skirt\/","og_site_name":"Stylestore.com Denmark","article_modified_time":"2026-04-14T02:33:37+00:00","twitter_card":"summary_large_image","schema":{"@context":"https:\/\/schema.org","@graph":[{"@type":"WebPage","@id":"https:\/\/stylestore.com\/da\/product\/wblluna-leo-pleat-skirt\/","url":"https:\/\/stylestore.com\/da\/product\/wblluna-leo-pleat-skirt\/","name":"WBLLUNA LEO PLEAT SKIRT &#187; Stylestore.com Denmark","isPartOf":{"@id":"https:\/\/stylestore.com\/da\/#website"},"primaryImageOfPage":{"@id":"https:\/\/stylestore.com\/da\/product\/wblluna-leo-pleat-skirt\/#primaryimage"},"image":{"@id":"https:\/\/stylestore.com\/da\/product\/wblluna-leo-pleat-skirt\/#primaryimage"},"thumbnailUrl":"https:\/\/stylestore.com\/da\/wp-content\/uploads\/sites\/3\/2026\/03\/LUNA20LEO20PLEAT20SKIRT201.jpg","datePublished":"2026-03-12T13:42:28+00:00","dateModified":"2026-04-14T02:33:37+00:00","breadcrumb":{"@id":"https:\/\/stylestore.com\/da\/product\/wblluna-leo-pleat-skirt\/#breadcrumb"},"inLanguage":"da-DK","potentialAction":[{"@type":"ReadAction","target":["https:\/\/stylestore.com\/da\/product\/wblluna-leo-pleat-skirt\/"]}]},{"@type":"ImageObject","inLanguage":"da-DK","@id":"https:\/\/stylestore.com\/da\/product\/wblluna-leo-pleat-skirt\/#primaryimage","url":"https:\/\/stylestore.com\/da\/wp-content\/uploads\/sites\/3\/2026\/03\/LUNA20LEO20PLEAT20SKIRT201.jpg","contentUrl":"https:\/\/stylestore.com\/da\/wp-content\/uploads\/sites\/3\/2026\/03\/LUNA20LEO20PLEAT20SKIRT201.jpg","width":1069,"height":1600},{"@type":"BreadcrumbList","@id":"https:\/\/stylestore.com\/da\/product\/wblluna-leo-pleat-skirt\/#breadcrumb","itemListElement":[{"@type":"ListItem","position":1,"name":"Home","item":"https:\/\/stylestore.com\/da\/"},{"@type":"ListItem","position":2,"name":"S\u00f8g","item":"https:\/\/stylestore.com\/da\/soeg\/"},{"@type":"ListItem","position":3,"name":"WBLLUNA LEO PLEAT SKIRT"}]},{"@type":"WebSite","@id":"https:\/\/stylestore.com\/da\/#website","url":"https:\/\/stylestore.com\/da\/","name":"Stylestore.com Denmark","description":"","potentialAction":[{"@type":"SearchAction","target":{"@type":"EntryPoint","urlTemplate":"https:\/\/stylestore.com\/da\/?s={search_term_string}"},"query-input":{"@type":"PropertyValueSpecification","valueRequired":true,"valueName":"search_term_string"}}],"inLanguage":"da-DK"}]}},"_links":{"self":[{"href":"https:\/\/stylestore.com\/da\/wp-json\/wp\/v2\/product\/597124","targetHints":{"allow":["GET"]}}],"collection":[{"href":"https:\/\/stylestore.com\/da\/wp-json\/wp\/v2\/product"}],"about":[{"href":"https:\/\/stylestore.com\/da\/wp-json\/wp\/v2\/types\/product"}],"wp:featuredmedia":[{"embeddable":true,"href":"https:\/\/stylestore.com\/da\/wp-json\/wp\/v2\/media\/597130"}],"wp:attachment":[{"href":"https:\/\/stylestore.com\/da\/wp-json\/wp\/v2\/media?parent=597124"}],"wp:term":[{"taxonomy":"product_brand","embeddable":true,"href":"https:\/\/stylestore.com\/da\/wp-json\/wp\/v2\/product_brand?post=597124"},{"taxonomy":"product_cat","embeddable":true,"href":"https:\/\/stylestore.com\/da\/wp-json\/wp\/v2\/product_cat?post=597124"},{"taxonomy":"product_tag","embeddable":true,"href":"https:\/\/stylestore.com\/da\/wp-json\/wp\/v2\/product_tag?post=597124"}],"curies":[{"name":"wp","href":"https:\/\/api.w.org\/{rel}","templated":true}]}}