{"id":594814,"date":"2026-02-24T08:57:05","date_gmt":"2026-02-24T07:57:05","guid":{"rendered":"https:\/\/stylestore.com\/da\/product\/slmermaid-wide-pant-3\/"},"modified":"2026-04-16T07:55:09","modified_gmt":"2026-04-16T05:55:09","slug":"slmermaid-wide-pant-3","status":"publish","type":"product","link":"https:\/\/stylestore.com\/da\/product\/slmermaid-wide-pant-3\/","title":{"rendered":"SLMERMAID WIDE PANT"},"content":{"rendered":"<p>Bl\u00f8d dobbeltstrikket jerseykvalitet<br \/>\nElastisk linning med snore<br \/>\nLomme i sides\u00f8mmen<br \/>\nNormal l\u00e6ngde<br \/>\nBrede ben<br \/>\nNormal pasform<\/p>\n<p>Modellen er 172 cm h\u00f8j og b\u00e6rer st\u00f8rrelse S.<br \/>\nProduktet er normal i st\u00f8rrelsen.<\/p>\n","protected":false},"excerpt":{"rendered":"","protected":false},"featured_media":598733,"template":"","meta":{"_acf_changed":false},"product_brand":[],"product_cat":[128,21],"product_tag":[2151,1849],"class_list":{"0":"post-594814","1":"product","2":"type-product","3":"status-publish","4":"has-post-thumbnail","6":"product_cat-bukser","7":"product_cat-bukser-og-nederdele","8":"product_tag-b2b","9":"product_tag-noos","12":"instock","13":"taxable","14":"shipping-taxable","15":"purchasable","16":"product-type-variable"},"acf":[],"yoast_head":"<!-- This site is optimized with the Yoast SEO plugin v23.8 - https:\/\/yoast.com\/wordpress\/plugins\/seo\/ -->\n<title>SLMERMAID WIDE PANT &#187; Stylestore.com Denmark<\/title>\n<meta name=\"robots\" content=\"index, follow, max-snippet:-1, max-image-preview:large, max-video-preview:-1\" \/>\n<link rel=\"canonical\" href=\"https:\/\/stylestore.com\/da\/product\/slmermaid-wide-pant-3\/\" \/>\n<meta property=\"og:locale\" content=\"da_DK\" \/>\n<meta property=\"og:type\" content=\"article\" \/>\n<meta property=\"og:title\" content=\"SLMERMAID WIDE PANT &#187; Stylestore.com Denmark\" \/>\n<meta property=\"og:url\" content=\"https:\/\/stylestore.com\/da\/product\/slmermaid-wide-pant-3\/\" \/>\n<meta property=\"og:site_name\" content=\"Stylestore.com Denmark\" \/>\n<meta property=\"article:modified_time\" content=\"2026-04-16T05:55:09+00:00\" \/>\n<meta name=\"twitter:card\" content=\"summary_large_image\" \/>\n<script type=\"application\/ld+json\" class=\"yoast-schema-graph\">{\"@context\":\"https:\/\/schema.org\",\"@graph\":[{\"@type\":\"WebPage\",\"@id\":\"https:\/\/stylestore.com\/da\/product\/slmermaid-wide-pant-3\/\",\"url\":\"https:\/\/stylestore.com\/da\/product\/slmermaid-wide-pant-3\/\",\"name\":\"SLMERMAID WIDE PANT &#187; Stylestore.com Denmark\",\"isPartOf\":{\"@id\":\"https:\/\/stylestore.com\/da\/#website\"},\"primaryImageOfPage\":{\"@id\":\"https:\/\/stylestore.com\/da\/product\/slmermaid-wide-pant-3\/#primaryimage\"},\"image\":{\"@id\":\"https:\/\/stylestore.com\/da\/product\/slmermaid-wide-pant-3\/#primaryimage\"},\"thumbnailUrl\":\"https:\/\/stylestore.com\/da\/wp-content\/uploads\/sites\/3\/2026\/04\/Slmermaid_hood_Zip_Sweat_Grey_Melange00001.jpg\",\"datePublished\":\"2026-02-24T07:57:05+00:00\",\"dateModified\":\"2026-04-16T05:55:09+00:00\",\"breadcrumb\":{\"@id\":\"https:\/\/stylestore.com\/da\/product\/slmermaid-wide-pant-3\/#breadcrumb\"},\"inLanguage\":\"da-DK\",\"potentialAction\":[{\"@type\":\"ReadAction\",\"target\":[\"https:\/\/stylestore.com\/da\/product\/slmermaid-wide-pant-3\/\"]}]},{\"@type\":\"ImageObject\",\"inLanguage\":\"da-DK\",\"@id\":\"https:\/\/stylestore.com\/da\/product\/slmermaid-wide-pant-3\/#primaryimage\",\"url\":\"https:\/\/stylestore.com\/da\/wp-content\/uploads\/sites\/3\/2026\/04\/Slmermaid_hood_Zip_Sweat_Grey_Melange00001.jpg\",\"contentUrl\":\"https:\/\/stylestore.com\/da\/wp-content\/uploads\/sites\/3\/2026\/04\/Slmermaid_hood_Zip_Sweat_Grey_Melange00001.jpg\",\"width\":1682,\"height\":2522},{\"@type\":\"BreadcrumbList\",\"@id\":\"https:\/\/stylestore.com\/da\/product\/slmermaid-wide-pant-3\/#breadcrumb\",\"itemListElement\":[{\"@type\":\"ListItem\",\"position\":1,\"name\":\"Home\",\"item\":\"https:\/\/stylestore.com\/da\/\"},{\"@type\":\"ListItem\",\"position\":2,\"name\":\"S\u00f8g\",\"item\":\"https:\/\/stylestore.com\/da\/soeg\/\"},{\"@type\":\"ListItem\",\"position\":3,\"name\":\"SLMERMAID WIDE PANT\"}]},{\"@type\":\"WebSite\",\"@id\":\"https:\/\/stylestore.com\/da\/#website\",\"url\":\"https:\/\/stylestore.com\/da\/\",\"name\":\"Stylestore.com Denmark\",\"description\":\"\",\"potentialAction\":[{\"@type\":\"SearchAction\",\"target\":{\"@type\":\"EntryPoint\",\"urlTemplate\":\"https:\/\/stylestore.com\/da\/?s={search_term_string}\"},\"query-input\":{\"@type\":\"PropertyValueSpecification\",\"valueRequired\":true,\"valueName\":\"search_term_string\"}}],\"inLanguage\":\"da-DK\"}]}<\/script>\n<!-- \/ Yoast SEO plugin. -->","yoast_head_json":{"title":"SLMERMAID WIDE PANT &#187; Stylestore.com Denmark","robots":{"index":"index","follow":"follow","max-snippet":"max-snippet:-1","max-image-preview":"max-image-preview:large","max-video-preview":"max-video-preview:-1"},"canonical":"https:\/\/stylestore.com\/da\/product\/slmermaid-wide-pant-3\/","og_locale":"da_DK","og_type":"article","og_title":"SLMERMAID WIDE PANT &#187; Stylestore.com Denmark","og_url":"https:\/\/stylestore.com\/da\/product\/slmermaid-wide-pant-3\/","og_site_name":"Stylestore.com Denmark","article_modified_time":"2026-04-16T05:55:09+00:00","twitter_card":"summary_large_image","schema":{"@context":"https:\/\/schema.org","@graph":[{"@type":"WebPage","@id":"https:\/\/stylestore.com\/da\/product\/slmermaid-wide-pant-3\/","url":"https:\/\/stylestore.com\/da\/product\/slmermaid-wide-pant-3\/","name":"SLMERMAID WIDE PANT &#187; Stylestore.com Denmark","isPartOf":{"@id":"https:\/\/stylestore.com\/da\/#website"},"primaryImageOfPage":{"@id":"https:\/\/stylestore.com\/da\/product\/slmermaid-wide-pant-3\/#primaryimage"},"image":{"@id":"https:\/\/stylestore.com\/da\/product\/slmermaid-wide-pant-3\/#primaryimage"},"thumbnailUrl":"https:\/\/stylestore.com\/da\/wp-content\/uploads\/sites\/3\/2026\/04\/Slmermaid_hood_Zip_Sweat_Grey_Melange00001.jpg","datePublished":"2026-02-24T07:57:05+00:00","dateModified":"2026-04-16T05:55:09+00:00","breadcrumb":{"@id":"https:\/\/stylestore.com\/da\/product\/slmermaid-wide-pant-3\/#breadcrumb"},"inLanguage":"da-DK","potentialAction":[{"@type":"ReadAction","target":["https:\/\/stylestore.com\/da\/product\/slmermaid-wide-pant-3\/"]}]},{"@type":"ImageObject","inLanguage":"da-DK","@id":"https:\/\/stylestore.com\/da\/product\/slmermaid-wide-pant-3\/#primaryimage","url":"https:\/\/stylestore.com\/da\/wp-content\/uploads\/sites\/3\/2026\/04\/Slmermaid_hood_Zip_Sweat_Grey_Melange00001.jpg","contentUrl":"https:\/\/stylestore.com\/da\/wp-content\/uploads\/sites\/3\/2026\/04\/Slmermaid_hood_Zip_Sweat_Grey_Melange00001.jpg","width":1682,"height":2522},{"@type":"BreadcrumbList","@id":"https:\/\/stylestore.com\/da\/product\/slmermaid-wide-pant-3\/#breadcrumb","itemListElement":[{"@type":"ListItem","position":1,"name":"Home","item":"https:\/\/stylestore.com\/da\/"},{"@type":"ListItem","position":2,"name":"S\u00f8g","item":"https:\/\/stylestore.com\/da\/soeg\/"},{"@type":"ListItem","position":3,"name":"SLMERMAID WIDE PANT"}]},{"@type":"WebSite","@id":"https:\/\/stylestore.com\/da\/#website","url":"https:\/\/stylestore.com\/da\/","name":"Stylestore.com Denmark","description":"","potentialAction":[{"@type":"SearchAction","target":{"@type":"EntryPoint","urlTemplate":"https:\/\/stylestore.com\/da\/?s={search_term_string}"},"query-input":{"@type":"PropertyValueSpecification","valueRequired":true,"valueName":"search_term_string"}}],"inLanguage":"da-DK"}]}},"_links":{"self":[{"href":"https:\/\/stylestore.com\/da\/wp-json\/wp\/v2\/product\/594814","targetHints":{"allow":["GET"]}}],"collection":[{"href":"https:\/\/stylestore.com\/da\/wp-json\/wp\/v2\/product"}],"about":[{"href":"https:\/\/stylestore.com\/da\/wp-json\/wp\/v2\/types\/product"}],"wp:featuredmedia":[{"embeddable":true,"href":"https:\/\/stylestore.com\/da\/wp-json\/wp\/v2\/media\/598733"}],"wp:attachment":[{"href":"https:\/\/stylestore.com\/da\/wp-json\/wp\/v2\/media?parent=594814"}],"wp:term":[{"taxonomy":"product_brand","embeddable":true,"href":"https:\/\/stylestore.com\/da\/wp-json\/wp\/v2\/product_brand?post=594814"},{"taxonomy":"product_cat","embeddable":true,"href":"https:\/\/stylestore.com\/da\/wp-json\/wp\/v2\/product_cat?post=594814"},{"taxonomy":"product_tag","embeddable":true,"href":"https:\/\/stylestore.com\/da\/wp-json\/wp\/v2\/product_tag?post=594814"}],"curies":[{"name":"wp","href":"https:\/\/api.w.org\/{rel}","templated":true}]}}