{"id":590385,"date":"2026-01-05T13:31:23","date_gmt":"2026-01-05T12:31:23","guid":{"rendered":"https:\/\/stylestore.com\/da\/product\/wblceleste-ls-cardigan\/"},"modified":"2026-04-14T07:26:11","modified_gmt":"2026-04-14T05:26:11","slug":"wblceleste-ls-cardigan","status":"publish","type":"product","link":"https:\/\/stylestore.com\/da\/product\/wblceleste-ls-cardigan\/","title":{"rendered":"WBLCELESTE LS CARDIGAN"},"content":{"rendered":"<p>Uldblanding<br \/>\nFast strikket med glat overflade<br \/>\nO-hals med aftagelig krave med fl\u00e6ser<br \/>\nKnappestol med guldknapper<br \/>\nBrystlommer<br \/>\nWB-broderi<br \/>\nL\u00e6ngde under taljen<br \/>\nNormal pasform<\/p>\n<p>Modellen er 172 cm h\u00f8j og b\u00e6rer st\u00f8rrelse S<br \/>\nProduktet er st\u00f8rrelsesm\u00e6ssigt korrekt<\/p>\n","protected":false},"excerpt":{"rendered":"","protected":false},"featured_media":594222,"template":"","meta":{"_acf_changed":false},"product_brand":[],"product_cat":[107,138],"product_tag":[2151],"class_list":{"0":"post-590385","1":"product","2":"type-product","3":"status-publish","4":"has-post-thumbnail","6":"product_cat-strik","7":"product_cat-strik-cardigans","8":"product_tag-b2b","11":"instock","12":"taxable","13":"shipping-taxable","14":"purchasable","15":"product-type-variable"},"acf":[],"yoast_head":"<!-- This site is optimized with the Yoast SEO plugin v23.8 - https:\/\/yoast.com\/wordpress\/plugins\/seo\/ -->\n<title>WBLCELESTE LS CARDIGAN &#187; Stylestore.com Denmark<\/title>\n<meta name=\"robots\" content=\"index, follow, max-snippet:-1, max-image-preview:large, max-video-preview:-1\" \/>\n<link rel=\"canonical\" href=\"https:\/\/stylestore.com\/da\/product\/wblceleste-ls-cardigan\/\" \/>\n<meta property=\"og:locale\" content=\"da_DK\" \/>\n<meta property=\"og:type\" content=\"article\" \/>\n<meta property=\"og:title\" content=\"WBLCELESTE LS CARDIGAN &#187; Stylestore.com Denmark\" \/>\n<meta property=\"og:url\" content=\"https:\/\/stylestore.com\/da\/product\/wblceleste-ls-cardigan\/\" \/>\n<meta property=\"og:site_name\" content=\"Stylestore.com Denmark\" \/>\n<meta property=\"article:modified_time\" content=\"2026-04-14T05:26:11+00:00\" \/>\n<meta name=\"twitter:card\" content=\"summary_large_image\" \/>\n<script type=\"application\/ld+json\" class=\"yoast-schema-graph\">{\"@context\":\"https:\/\/schema.org\",\"@graph\":[{\"@type\":\"WebPage\",\"@id\":\"https:\/\/stylestore.com\/da\/product\/wblceleste-ls-cardigan\/\",\"url\":\"https:\/\/stylestore.com\/da\/product\/wblceleste-ls-cardigan\/\",\"name\":\"WBLCELESTE LS CARDIGAN &#187; Stylestore.com Denmark\",\"isPartOf\":{\"@id\":\"https:\/\/stylestore.com\/da\/#website\"},\"primaryImageOfPage\":{\"@id\":\"https:\/\/stylestore.com\/da\/product\/wblceleste-ls-cardigan\/#primaryimage\"},\"image\":{\"@id\":\"https:\/\/stylestore.com\/da\/product\/wblceleste-ls-cardigan\/#primaryimage\"},\"thumbnailUrl\":\"https:\/\/stylestore.com\/da\/wp-content\/uploads\/sites\/3\/2026\/02\/Wblceleste_Ls_Cardigan_Navy_Wblhazel_Turn_Up_Jeans_Horizon1.jpg\",\"datePublished\":\"2026-01-05T12:31:23+00:00\",\"dateModified\":\"2026-04-14T05:26:11+00:00\",\"breadcrumb\":{\"@id\":\"https:\/\/stylestore.com\/da\/product\/wblceleste-ls-cardigan\/#breadcrumb\"},\"inLanguage\":\"da-DK\",\"potentialAction\":[{\"@type\":\"ReadAction\",\"target\":[\"https:\/\/stylestore.com\/da\/product\/wblceleste-ls-cardigan\/\"]}]},{\"@type\":\"ImageObject\",\"inLanguage\":\"da-DK\",\"@id\":\"https:\/\/stylestore.com\/da\/product\/wblceleste-ls-cardigan\/#primaryimage\",\"url\":\"https:\/\/stylestore.com\/da\/wp-content\/uploads\/sites\/3\/2026\/02\/Wblceleste_Ls_Cardigan_Navy_Wblhazel_Turn_Up_Jeans_Horizon1.jpg\",\"contentUrl\":\"https:\/\/stylestore.com\/da\/wp-content\/uploads\/sites\/3\/2026\/02\/Wblceleste_Ls_Cardigan_Navy_Wblhazel_Turn_Up_Jeans_Horizon1.jpg\",\"width\":1448,\"height\":2171},{\"@type\":\"BreadcrumbList\",\"@id\":\"https:\/\/stylestore.com\/da\/product\/wblceleste-ls-cardigan\/#breadcrumb\",\"itemListElement\":[{\"@type\":\"ListItem\",\"position\":1,\"name\":\"Home\",\"item\":\"https:\/\/stylestore.com\/da\/\"},{\"@type\":\"ListItem\",\"position\":2,\"name\":\"S\u00f8g\",\"item\":\"https:\/\/stylestore.com\/da\/soeg\/\"},{\"@type\":\"ListItem\",\"position\":3,\"name\":\"WBLCELESTE LS CARDIGAN\"}]},{\"@type\":\"WebSite\",\"@id\":\"https:\/\/stylestore.com\/da\/#website\",\"url\":\"https:\/\/stylestore.com\/da\/\",\"name\":\"Stylestore.com Denmark\",\"description\":\"\",\"potentialAction\":[{\"@type\":\"SearchAction\",\"target\":{\"@type\":\"EntryPoint\",\"urlTemplate\":\"https:\/\/stylestore.com\/da\/?s={search_term_string}\"},\"query-input\":{\"@type\":\"PropertyValueSpecification\",\"valueRequired\":true,\"valueName\":\"search_term_string\"}}],\"inLanguage\":\"da-DK\"}]}<\/script>\n<!-- \/ Yoast SEO plugin. -->","yoast_head_json":{"title":"WBLCELESTE LS CARDIGAN &#187; Stylestore.com Denmark","robots":{"index":"index","follow":"follow","max-snippet":"max-snippet:-1","max-image-preview":"max-image-preview:large","max-video-preview":"max-video-preview:-1"},"canonical":"https:\/\/stylestore.com\/da\/product\/wblceleste-ls-cardigan\/","og_locale":"da_DK","og_type":"article","og_title":"WBLCELESTE LS CARDIGAN &#187; Stylestore.com Denmark","og_url":"https:\/\/stylestore.com\/da\/product\/wblceleste-ls-cardigan\/","og_site_name":"Stylestore.com Denmark","article_modified_time":"2026-04-14T05:26:11+00:00","twitter_card":"summary_large_image","schema":{"@context":"https:\/\/schema.org","@graph":[{"@type":"WebPage","@id":"https:\/\/stylestore.com\/da\/product\/wblceleste-ls-cardigan\/","url":"https:\/\/stylestore.com\/da\/product\/wblceleste-ls-cardigan\/","name":"WBLCELESTE LS CARDIGAN &#187; Stylestore.com Denmark","isPartOf":{"@id":"https:\/\/stylestore.com\/da\/#website"},"primaryImageOfPage":{"@id":"https:\/\/stylestore.com\/da\/product\/wblceleste-ls-cardigan\/#primaryimage"},"image":{"@id":"https:\/\/stylestore.com\/da\/product\/wblceleste-ls-cardigan\/#primaryimage"},"thumbnailUrl":"https:\/\/stylestore.com\/da\/wp-content\/uploads\/sites\/3\/2026\/02\/Wblceleste_Ls_Cardigan_Navy_Wblhazel_Turn_Up_Jeans_Horizon1.jpg","datePublished":"2026-01-05T12:31:23+00:00","dateModified":"2026-04-14T05:26:11+00:00","breadcrumb":{"@id":"https:\/\/stylestore.com\/da\/product\/wblceleste-ls-cardigan\/#breadcrumb"},"inLanguage":"da-DK","potentialAction":[{"@type":"ReadAction","target":["https:\/\/stylestore.com\/da\/product\/wblceleste-ls-cardigan\/"]}]},{"@type":"ImageObject","inLanguage":"da-DK","@id":"https:\/\/stylestore.com\/da\/product\/wblceleste-ls-cardigan\/#primaryimage","url":"https:\/\/stylestore.com\/da\/wp-content\/uploads\/sites\/3\/2026\/02\/Wblceleste_Ls_Cardigan_Navy_Wblhazel_Turn_Up_Jeans_Horizon1.jpg","contentUrl":"https:\/\/stylestore.com\/da\/wp-content\/uploads\/sites\/3\/2026\/02\/Wblceleste_Ls_Cardigan_Navy_Wblhazel_Turn_Up_Jeans_Horizon1.jpg","width":1448,"height":2171},{"@type":"BreadcrumbList","@id":"https:\/\/stylestore.com\/da\/product\/wblceleste-ls-cardigan\/#breadcrumb","itemListElement":[{"@type":"ListItem","position":1,"name":"Home","item":"https:\/\/stylestore.com\/da\/"},{"@type":"ListItem","position":2,"name":"S\u00f8g","item":"https:\/\/stylestore.com\/da\/soeg\/"},{"@type":"ListItem","position":3,"name":"WBLCELESTE LS CARDIGAN"}]},{"@type":"WebSite","@id":"https:\/\/stylestore.com\/da\/#website","url":"https:\/\/stylestore.com\/da\/","name":"Stylestore.com Denmark","description":"","potentialAction":[{"@type":"SearchAction","target":{"@type":"EntryPoint","urlTemplate":"https:\/\/stylestore.com\/da\/?s={search_term_string}"},"query-input":{"@type":"PropertyValueSpecification","valueRequired":true,"valueName":"search_term_string"}}],"inLanguage":"da-DK"}]}},"_links":{"self":[{"href":"https:\/\/stylestore.com\/da\/wp-json\/wp\/v2\/product\/590385","targetHints":{"allow":["GET"]}}],"collection":[{"href":"https:\/\/stylestore.com\/da\/wp-json\/wp\/v2\/product"}],"about":[{"href":"https:\/\/stylestore.com\/da\/wp-json\/wp\/v2\/types\/product"}],"wp:featuredmedia":[{"embeddable":true,"href":"https:\/\/stylestore.com\/da\/wp-json\/wp\/v2\/media\/594222"}],"wp:attachment":[{"href":"https:\/\/stylestore.com\/da\/wp-json\/wp\/v2\/media?parent=590385"}],"wp:term":[{"taxonomy":"product_brand","embeddable":true,"href":"https:\/\/stylestore.com\/da\/wp-json\/wp\/v2\/product_brand?post=590385"},{"taxonomy":"product_cat","embeddable":true,"href":"https:\/\/stylestore.com\/da\/wp-json\/wp\/v2\/product_cat?post=590385"},{"taxonomy":"product_tag","embeddable":true,"href":"https:\/\/stylestore.com\/da\/wp-json\/wp\/v2\/product_tag?post=590385"}],"curies":[{"name":"wp","href":"https:\/\/api.w.org\/{rel}","templated":true}]}}