{"id":590306,"date":"2026-01-05T12:38:46","date_gmt":"2026-01-05T11:38:46","guid":{"rendered":"https:\/\/stylestore.com\/da\/product\/wblbrenda-ss-stripe-tee-3\/"},"modified":"2026-04-14T07:51:19","modified_gmt":"2026-04-14T05:51:19","slug":"wblbrenda-ss-stripe-tee-3","status":"publish","type":"product","link":"https:\/\/stylestore.com\/da\/product\/wblbrenda-ss-stripe-tee-3\/","title":{"rendered":"WBLBRENDA SS STRIPE TEE"},"content":{"rendered":"<p>Ekstra fin merinould<br \/>\nS\u00f8mandsstriber<br \/>\nRund hals<br \/>\nKorte \u00e6rmer<br \/>\nEnsfarvet strik<br \/>\nUnder taljen<br \/>\nNormal pasform<br \/>\nRibkant ved hals, \u00e6rmer og forneden<br \/>\nModellen er 172 cm h\u00f8j og b\u00e6rer st\u00f8rrelse S<br \/>\nProduktet er normal i st\u00f8rrelsen<\/p>\n","protected":false},"excerpt":{"rendered":"","protected":false},"featured_media":592967,"template":"","meta":{"_acf_changed":false},"product_brand":[],"product_cat":[107,137,122],"product_tag":[2151],"class_list":{"0":"post-590306","1":"product","2":"type-product","3":"status-publish","4":"has-post-thumbnail","6":"product_cat-strik","7":"product_cat-strik-pullovers","8":"product_cat-t-shirts","9":"product_tag-b2b","12":"instock","13":"taxable","14":"shipping-taxable","15":"purchasable","16":"product-type-variable"},"acf":[],"yoast_head":"<!-- This site is optimized with the Yoast SEO plugin v23.8 - https:\/\/yoast.com\/wordpress\/plugins\/seo\/ -->\n<title>WBLBRENDA SS STRIPE TEE &#187; Stylestore.com Denmark<\/title>\n<meta name=\"robots\" content=\"index, follow, max-snippet:-1, max-image-preview:large, max-video-preview:-1\" \/>\n<link rel=\"canonical\" href=\"https:\/\/stylestore.com\/da\/product\/wblbrenda-ss-stripe-tee-3\/\" \/>\n<meta property=\"og:locale\" content=\"da_DK\" \/>\n<meta property=\"og:type\" content=\"article\" \/>\n<meta property=\"og:title\" content=\"WBLBRENDA SS STRIPE TEE &#187; Stylestore.com Denmark\" \/>\n<meta property=\"og:url\" content=\"https:\/\/stylestore.com\/da\/product\/wblbrenda-ss-stripe-tee-3\/\" \/>\n<meta property=\"og:site_name\" content=\"Stylestore.com Denmark\" \/>\n<meta property=\"article:modified_time\" content=\"2026-04-14T05:51:19+00:00\" \/>\n<meta name=\"twitter:card\" content=\"summary_large_image\" \/>\n<script type=\"application\/ld+json\" class=\"yoast-schema-graph\">{\"@context\":\"https:\/\/schema.org\",\"@graph\":[{\"@type\":\"WebPage\",\"@id\":\"https:\/\/stylestore.com\/da\/product\/wblbrenda-ss-stripe-tee-3\/\",\"url\":\"https:\/\/stylestore.com\/da\/product\/wblbrenda-ss-stripe-tee-3\/\",\"name\":\"WBLBRENDA SS STRIPE TEE &#187; Stylestore.com Denmark\",\"isPartOf\":{\"@id\":\"https:\/\/stylestore.com\/da\/#website\"},\"primaryImageOfPage\":{\"@id\":\"https:\/\/stylestore.com\/da\/product\/wblbrenda-ss-stripe-tee-3\/#primaryimage\"},\"image\":{\"@id\":\"https:\/\/stylestore.com\/da\/product\/wblbrenda-ss-stripe-tee-3\/#primaryimage\"},\"thumbnailUrl\":\"https:\/\/stylestore.com\/da\/wp-content\/uploads\/sites\/3\/2026\/01\/WBLBRENDA_SS_STRIPE_TEE_Grey_Lavender_Stripe1-1.jpg\",\"datePublished\":\"2026-01-05T11:38:46+00:00\",\"dateModified\":\"2026-04-14T05:51:19+00:00\",\"breadcrumb\":{\"@id\":\"https:\/\/stylestore.com\/da\/product\/wblbrenda-ss-stripe-tee-3\/#breadcrumb\"},\"inLanguage\":\"da-DK\",\"potentialAction\":[{\"@type\":\"ReadAction\",\"target\":[\"https:\/\/stylestore.com\/da\/product\/wblbrenda-ss-stripe-tee-3\/\"]}]},{\"@type\":\"ImageObject\",\"inLanguage\":\"da-DK\",\"@id\":\"https:\/\/stylestore.com\/da\/product\/wblbrenda-ss-stripe-tee-3\/#primaryimage\",\"url\":\"https:\/\/stylestore.com\/da\/wp-content\/uploads\/sites\/3\/2026\/01\/WBLBRENDA_SS_STRIPE_TEE_Grey_Lavender_Stripe1-1.jpg\",\"contentUrl\":\"https:\/\/stylestore.com\/da\/wp-content\/uploads\/sites\/3\/2026\/01\/WBLBRENDA_SS_STRIPE_TEE_Grey_Lavender_Stripe1-1.jpg\",\"width\":1263,\"height\":1894},{\"@type\":\"BreadcrumbList\",\"@id\":\"https:\/\/stylestore.com\/da\/product\/wblbrenda-ss-stripe-tee-3\/#breadcrumb\",\"itemListElement\":[{\"@type\":\"ListItem\",\"position\":1,\"name\":\"Home\",\"item\":\"https:\/\/stylestore.com\/da\/\"},{\"@type\":\"ListItem\",\"position\":2,\"name\":\"S\u00f8g\",\"item\":\"https:\/\/stylestore.com\/da\/soeg\/\"},{\"@type\":\"ListItem\",\"position\":3,\"name\":\"WBLBRENDA SS STRIPE TEE\"}]},{\"@type\":\"WebSite\",\"@id\":\"https:\/\/stylestore.com\/da\/#website\",\"url\":\"https:\/\/stylestore.com\/da\/\",\"name\":\"Stylestore.com Denmark\",\"description\":\"\",\"potentialAction\":[{\"@type\":\"SearchAction\",\"target\":{\"@type\":\"EntryPoint\",\"urlTemplate\":\"https:\/\/stylestore.com\/da\/?s={search_term_string}\"},\"query-input\":{\"@type\":\"PropertyValueSpecification\",\"valueRequired\":true,\"valueName\":\"search_term_string\"}}],\"inLanguage\":\"da-DK\"}]}<\/script>\n<!-- \/ Yoast SEO plugin. -->","yoast_head_json":{"title":"WBLBRENDA SS STRIPE TEE &#187; Stylestore.com Denmark","robots":{"index":"index","follow":"follow","max-snippet":"max-snippet:-1","max-image-preview":"max-image-preview:large","max-video-preview":"max-video-preview:-1"},"canonical":"https:\/\/stylestore.com\/da\/product\/wblbrenda-ss-stripe-tee-3\/","og_locale":"da_DK","og_type":"article","og_title":"WBLBRENDA SS STRIPE TEE &#187; Stylestore.com Denmark","og_url":"https:\/\/stylestore.com\/da\/product\/wblbrenda-ss-stripe-tee-3\/","og_site_name":"Stylestore.com Denmark","article_modified_time":"2026-04-14T05:51:19+00:00","twitter_card":"summary_large_image","schema":{"@context":"https:\/\/schema.org","@graph":[{"@type":"WebPage","@id":"https:\/\/stylestore.com\/da\/product\/wblbrenda-ss-stripe-tee-3\/","url":"https:\/\/stylestore.com\/da\/product\/wblbrenda-ss-stripe-tee-3\/","name":"WBLBRENDA SS STRIPE TEE &#187; Stylestore.com Denmark","isPartOf":{"@id":"https:\/\/stylestore.com\/da\/#website"},"primaryImageOfPage":{"@id":"https:\/\/stylestore.com\/da\/product\/wblbrenda-ss-stripe-tee-3\/#primaryimage"},"image":{"@id":"https:\/\/stylestore.com\/da\/product\/wblbrenda-ss-stripe-tee-3\/#primaryimage"},"thumbnailUrl":"https:\/\/stylestore.com\/da\/wp-content\/uploads\/sites\/3\/2026\/01\/WBLBRENDA_SS_STRIPE_TEE_Grey_Lavender_Stripe1-1.jpg","datePublished":"2026-01-05T11:38:46+00:00","dateModified":"2026-04-14T05:51:19+00:00","breadcrumb":{"@id":"https:\/\/stylestore.com\/da\/product\/wblbrenda-ss-stripe-tee-3\/#breadcrumb"},"inLanguage":"da-DK","potentialAction":[{"@type":"ReadAction","target":["https:\/\/stylestore.com\/da\/product\/wblbrenda-ss-stripe-tee-3\/"]}]},{"@type":"ImageObject","inLanguage":"da-DK","@id":"https:\/\/stylestore.com\/da\/product\/wblbrenda-ss-stripe-tee-3\/#primaryimage","url":"https:\/\/stylestore.com\/da\/wp-content\/uploads\/sites\/3\/2026\/01\/WBLBRENDA_SS_STRIPE_TEE_Grey_Lavender_Stripe1-1.jpg","contentUrl":"https:\/\/stylestore.com\/da\/wp-content\/uploads\/sites\/3\/2026\/01\/WBLBRENDA_SS_STRIPE_TEE_Grey_Lavender_Stripe1-1.jpg","width":1263,"height":1894},{"@type":"BreadcrumbList","@id":"https:\/\/stylestore.com\/da\/product\/wblbrenda-ss-stripe-tee-3\/#breadcrumb","itemListElement":[{"@type":"ListItem","position":1,"name":"Home","item":"https:\/\/stylestore.com\/da\/"},{"@type":"ListItem","position":2,"name":"S\u00f8g","item":"https:\/\/stylestore.com\/da\/soeg\/"},{"@type":"ListItem","position":3,"name":"WBLBRENDA SS STRIPE TEE"}]},{"@type":"WebSite","@id":"https:\/\/stylestore.com\/da\/#website","url":"https:\/\/stylestore.com\/da\/","name":"Stylestore.com Denmark","description":"","potentialAction":[{"@type":"SearchAction","target":{"@type":"EntryPoint","urlTemplate":"https:\/\/stylestore.com\/da\/?s={search_term_string}"},"query-input":{"@type":"PropertyValueSpecification","valueRequired":true,"valueName":"search_term_string"}}],"inLanguage":"da-DK"}]}},"_links":{"self":[{"href":"https:\/\/stylestore.com\/da\/wp-json\/wp\/v2\/product\/590306","targetHints":{"allow":["GET"]}}],"collection":[{"href":"https:\/\/stylestore.com\/da\/wp-json\/wp\/v2\/product"}],"about":[{"href":"https:\/\/stylestore.com\/da\/wp-json\/wp\/v2\/types\/product"}],"wp:featuredmedia":[{"embeddable":true,"href":"https:\/\/stylestore.com\/da\/wp-json\/wp\/v2\/media\/592967"}],"wp:attachment":[{"href":"https:\/\/stylestore.com\/da\/wp-json\/wp\/v2\/media?parent=590306"}],"wp:term":[{"taxonomy":"product_brand","embeddable":true,"href":"https:\/\/stylestore.com\/da\/wp-json\/wp\/v2\/product_brand?post=590306"},{"taxonomy":"product_cat","embeddable":true,"href":"https:\/\/stylestore.com\/da\/wp-json\/wp\/v2\/product_cat?post=590306"},{"taxonomy":"product_tag","embeddable":true,"href":"https:\/\/stylestore.com\/da\/wp-json\/wp\/v2\/product_tag?post=590306"}],"curies":[{"name":"wp","href":"https:\/\/api.w.org\/{rel}","templated":true}]}}