{"id":584966,"date":"2025-11-18T13:05:28","date_gmt":"2025-11-18T12:05:28","guid":{"rendered":"https:\/\/stylestore.com\/da\/product\/slmermaid-hood-zip-sweat-3\/"},"modified":"2026-05-14T07:44:24","modified_gmt":"2026-05-14T05:44:24","slug":"slmermaid-hood-zip-sweat-3","status":"publish","type":"product","link":"https:\/\/stylestore.com\/da\/product\/slmermaid-hood-zip-sweat-3\/","title":{"rendered":"SLMERMAID HOOD ZIP SWEAT"},"content":{"rendered":"<p>Bl\u00f8d dobbeltstrikket jerseykvalitet<br \/>\nH\u00e6tte med snore<br \/>\nLynl\u00e5slukning<br \/>\nLommer med lynl\u00e5s<br \/>\nRaglan\u00e6rmer<br \/>\nforan<br \/>\nBred paspel-lomme<br \/>\nRibkant ved \u00e6rmerne<br \/>\nH\u00f8j-lav kant<br \/>\nHofte-l\u00e6ngde<br \/>\nNormal pasform<\/p>\n<p>Modellen er 172 cm h\u00f8j og b\u00e6rer st\u00f8rrelse S.<br \/>\nProduktet er normal i st\u00f8rrelsen.<\/p>\n","protected":false},"excerpt":{"rendered":"","protected":false},"featured_media":590095,"template":"","meta":{"_acf_changed":false},"product_brand":[],"product_cat":[136,23],"product_tag":[2151,1785,1849],"class_list":{"0":"post-584966","1":"product","2":"type-product","3":"status-publish","4":"has-post-thumbnail","6":"product_cat-sweat-shirts","7":"product_cat-sweaters","8":"product_tag-b2b","9":"product_tag-new","10":"product_tag-noos","13":"instock","14":"taxable","15":"shipping-taxable","16":"purchasable","17":"product-type-variable"},"acf":[],"yoast_head":"<!-- This site is optimized with the Yoast SEO plugin v23.8 - https:\/\/yoast.com\/wordpress\/plugins\/seo\/ -->\n<title>SLMERMAID HOOD ZIP SWEAT &#187; Stylestore.com Denmark<\/title>\n<meta name=\"robots\" content=\"index, follow, max-snippet:-1, max-image-preview:large, max-video-preview:-1\" \/>\n<link rel=\"canonical\" href=\"https:\/\/stylestore.com\/da\/product\/slmermaid-hood-zip-sweat-3\/\" \/>\n<meta property=\"og:locale\" content=\"da_DK\" \/>\n<meta property=\"og:type\" content=\"article\" \/>\n<meta property=\"og:title\" content=\"SLMERMAID HOOD ZIP SWEAT &#187; Stylestore.com Denmark\" \/>\n<meta property=\"og:url\" content=\"https:\/\/stylestore.com\/da\/product\/slmermaid-hood-zip-sweat-3\/\" \/>\n<meta property=\"og:site_name\" content=\"Stylestore.com Denmark\" \/>\n<meta property=\"article:modified_time\" content=\"2026-05-14T05:44:24+00:00\" \/>\n<meta property=\"og:image\" content=\"https:\/\/stylestore.com\/da\/wp-content\/uploads\/sites\/3\/2025\/11\/Slmermaid_hood_Zip_Sweat_Grey_Melange00001-2.jpg\" \/>\n\t<meta property=\"og:image:width\" content=\"1682\" \/>\n\t<meta property=\"og:image:height\" content=\"2522\" \/>\n\t<meta property=\"og:image:type\" content=\"image\/jpeg\" \/>\n<meta name=\"twitter:card\" content=\"summary_large_image\" \/>\n<script type=\"application\/ld+json\" class=\"yoast-schema-graph\">{\"@context\":\"https:\/\/schema.org\",\"@graph\":[{\"@type\":\"WebPage\",\"@id\":\"https:\/\/stylestore.com\/da\/product\/slmermaid-hood-zip-sweat-3\/\",\"url\":\"https:\/\/stylestore.com\/da\/product\/slmermaid-hood-zip-sweat-3\/\",\"name\":\"SLMERMAID HOOD ZIP SWEAT &#187; Stylestore.com Denmark\",\"isPartOf\":{\"@id\":\"https:\/\/stylestore.com\/da\/#website\"},\"primaryImageOfPage\":{\"@id\":\"https:\/\/stylestore.com\/da\/product\/slmermaid-hood-zip-sweat-3\/#primaryimage\"},\"image\":{\"@id\":\"https:\/\/stylestore.com\/da\/product\/slmermaid-hood-zip-sweat-3\/#primaryimage\"},\"thumbnailUrl\":\"https:\/\/stylestore.com\/da\/wp-content\/uploads\/sites\/3\/2025\/12\/Slmermaid_hood_Zip_Sweat_Grey_Melange00004.jpg\",\"datePublished\":\"2025-11-18T12:05:28+00:00\",\"dateModified\":\"2026-05-14T05:44:24+00:00\",\"breadcrumb\":{\"@id\":\"https:\/\/stylestore.com\/da\/product\/slmermaid-hood-zip-sweat-3\/#breadcrumb\"},\"inLanguage\":\"da-DK\",\"potentialAction\":[{\"@type\":\"ReadAction\",\"target\":[\"https:\/\/stylestore.com\/da\/product\/slmermaid-hood-zip-sweat-3\/\"]}]},{\"@type\":\"ImageObject\",\"inLanguage\":\"da-DK\",\"@id\":\"https:\/\/stylestore.com\/da\/product\/slmermaid-hood-zip-sweat-3\/#primaryimage\",\"url\":\"https:\/\/stylestore.com\/da\/wp-content\/uploads\/sites\/3\/2025\/12\/Slmermaid_hood_Zip_Sweat_Grey_Melange00004.jpg\",\"contentUrl\":\"https:\/\/stylestore.com\/da\/wp-content\/uploads\/sites\/3\/2025\/12\/Slmermaid_hood_Zip_Sweat_Grey_Melange00004.jpg\",\"width\":1510,\"height\":2264},{\"@type\":\"BreadcrumbList\",\"@id\":\"https:\/\/stylestore.com\/da\/product\/slmermaid-hood-zip-sweat-3\/#breadcrumb\",\"itemListElement\":[{\"@type\":\"ListItem\",\"position\":1,\"name\":\"Home\",\"item\":\"https:\/\/stylestore.com\/da\/\"},{\"@type\":\"ListItem\",\"position\":2,\"name\":\"S\u00f8g\",\"item\":\"https:\/\/stylestore.com\/da\/soeg\/\"},{\"@type\":\"ListItem\",\"position\":3,\"name\":\"SLMERMAID HOOD ZIP SWEAT\"}]},{\"@type\":\"WebSite\",\"@id\":\"https:\/\/stylestore.com\/da\/#website\",\"url\":\"https:\/\/stylestore.com\/da\/\",\"name\":\"Stylestore.com Denmark\",\"description\":\"\",\"potentialAction\":[{\"@type\":\"SearchAction\",\"target\":{\"@type\":\"EntryPoint\",\"urlTemplate\":\"https:\/\/stylestore.com\/da\/?s={search_term_string}\"},\"query-input\":{\"@type\":\"PropertyValueSpecification\",\"valueRequired\":true,\"valueName\":\"search_term_string\"}}],\"inLanguage\":\"da-DK\"}]}<\/script>\n<!-- \/ Yoast SEO plugin. -->","yoast_head_json":{"title":"SLMERMAID HOOD ZIP SWEAT &#187; Stylestore.com Denmark","robots":{"index":"index","follow":"follow","max-snippet":"max-snippet:-1","max-image-preview":"max-image-preview:large","max-video-preview":"max-video-preview:-1"},"canonical":"https:\/\/stylestore.com\/da\/product\/slmermaid-hood-zip-sweat-3\/","og_locale":"da_DK","og_type":"article","og_title":"SLMERMAID HOOD ZIP SWEAT &#187; Stylestore.com Denmark","og_url":"https:\/\/stylestore.com\/da\/product\/slmermaid-hood-zip-sweat-3\/","og_site_name":"Stylestore.com Denmark","article_modified_time":"2026-05-14T05:44:24+00:00","og_image":[{"width":1682,"height":2522,"url":"https:\/\/stylestore.com\/da\/wp-content\/uploads\/sites\/3\/2025\/11\/Slmermaid_hood_Zip_Sweat_Grey_Melange00001-2.jpg","type":"image\/jpeg"}],"twitter_card":"summary_large_image","schema":{"@context":"https:\/\/schema.org","@graph":[{"@type":"WebPage","@id":"https:\/\/stylestore.com\/da\/product\/slmermaid-hood-zip-sweat-3\/","url":"https:\/\/stylestore.com\/da\/product\/slmermaid-hood-zip-sweat-3\/","name":"SLMERMAID HOOD ZIP SWEAT &#187; Stylestore.com Denmark","isPartOf":{"@id":"https:\/\/stylestore.com\/da\/#website"},"primaryImageOfPage":{"@id":"https:\/\/stylestore.com\/da\/product\/slmermaid-hood-zip-sweat-3\/#primaryimage"},"image":{"@id":"https:\/\/stylestore.com\/da\/product\/slmermaid-hood-zip-sweat-3\/#primaryimage"},"thumbnailUrl":"https:\/\/stylestore.com\/da\/wp-content\/uploads\/sites\/3\/2025\/12\/Slmermaid_hood_Zip_Sweat_Grey_Melange00004.jpg","datePublished":"2025-11-18T12:05:28+00:00","dateModified":"2026-05-14T05:44:24+00:00","breadcrumb":{"@id":"https:\/\/stylestore.com\/da\/product\/slmermaid-hood-zip-sweat-3\/#breadcrumb"},"inLanguage":"da-DK","potentialAction":[{"@type":"ReadAction","target":["https:\/\/stylestore.com\/da\/product\/slmermaid-hood-zip-sweat-3\/"]}]},{"@type":"ImageObject","inLanguage":"da-DK","@id":"https:\/\/stylestore.com\/da\/product\/slmermaid-hood-zip-sweat-3\/#primaryimage","url":"https:\/\/stylestore.com\/da\/wp-content\/uploads\/sites\/3\/2025\/12\/Slmermaid_hood_Zip_Sweat_Grey_Melange00004.jpg","contentUrl":"https:\/\/stylestore.com\/da\/wp-content\/uploads\/sites\/3\/2025\/12\/Slmermaid_hood_Zip_Sweat_Grey_Melange00004.jpg","width":1510,"height":2264},{"@type":"BreadcrumbList","@id":"https:\/\/stylestore.com\/da\/product\/slmermaid-hood-zip-sweat-3\/#breadcrumb","itemListElement":[{"@type":"ListItem","position":1,"name":"Home","item":"https:\/\/stylestore.com\/da\/"},{"@type":"ListItem","position":2,"name":"S\u00f8g","item":"https:\/\/stylestore.com\/da\/soeg\/"},{"@type":"ListItem","position":3,"name":"SLMERMAID HOOD ZIP SWEAT"}]},{"@type":"WebSite","@id":"https:\/\/stylestore.com\/da\/#website","url":"https:\/\/stylestore.com\/da\/","name":"Stylestore.com Denmark","description":"","potentialAction":[{"@type":"SearchAction","target":{"@type":"EntryPoint","urlTemplate":"https:\/\/stylestore.com\/da\/?s={search_term_string}"},"query-input":{"@type":"PropertyValueSpecification","valueRequired":true,"valueName":"search_term_string"}}],"inLanguage":"da-DK"}]}},"_links":{"self":[{"href":"https:\/\/stylestore.com\/da\/wp-json\/wp\/v2\/product\/584966","targetHints":{"allow":["GET"]}}],"collection":[{"href":"https:\/\/stylestore.com\/da\/wp-json\/wp\/v2\/product"}],"about":[{"href":"https:\/\/stylestore.com\/da\/wp-json\/wp\/v2\/types\/product"}],"wp:featuredmedia":[{"embeddable":true,"href":"https:\/\/stylestore.com\/da\/wp-json\/wp\/v2\/media\/590095"}],"wp:attachment":[{"href":"https:\/\/stylestore.com\/da\/wp-json\/wp\/v2\/media?parent=584966"}],"wp:term":[{"taxonomy":"product_brand","embeddable":true,"href":"https:\/\/stylestore.com\/da\/wp-json\/wp\/v2\/product_brand?post=584966"},{"taxonomy":"product_cat","embeddable":true,"href":"https:\/\/stylestore.com\/da\/wp-json\/wp\/v2\/product_cat?post=584966"},{"taxonomy":"product_tag","embeddable":true,"href":"https:\/\/stylestore.com\/da\/wp-json\/wp\/v2\/product_tag?post=584966"}],"curies":[{"name":"wp","href":"https:\/\/api.w.org\/{rel}","templated":true}]}}