{"id":584157,"date":"2025-11-17T16:19:29","date_gmt":"2025-11-17T15:19:29","guid":{"rendered":"https:\/\/stylestore.com\/da\/product\/wblglorian-long-puffer-coat-25\/"},"modified":"2026-04-15T11:11:20","modified_gmt":"2026-04-15T09:11:20","slug":"wblglorian-long-puffer-coat-25","status":"publish","type":"product","link":"https:\/\/stylestore.com\/da\/product\/wblglorian-long-puffer-coat-25\/","title":{"rendered":"WBLGLORIAN LONG PUFFER COAT"},"content":{"rendered":"<p>Pufferjakke<br \/>\nUltralet fiberfyld<br \/>\nLet og pakkelig<br \/>\nOverlegen isoleringsevne<br \/>\nKoldbestandig<br \/>\nVindbestandig<br \/>\nVandafvisende<br \/>\nSlim fit<br \/>\nUnder kn\u00e6<br \/>\nH\u00e6tte med justerbar sn\u00f8re<br \/>\nBl\u00f8d indvendig krave<br \/>\nLynl\u00e5s foran<br \/>\nLynl\u00e5slommer i siderne<br \/>\nBl\u00f8d indvendig manchet med tommelfingerhul<\/p>\n<p>Modellen er 172 cm h\u00f8j og b\u00e6rer st\u00f8rrelse Produktet er normal i st\u00f8rrelsen og giver et slankt look<br \/>\nV\u00e6lg en st\u00f8rre st\u00f8rrelse for en mere l\u00f8s pasform.<\/p>\n","protected":false},"excerpt":{"rendered":"","protected":false},"featured_media":589885,"template":"","meta":{"_acf_changed":false},"product_brand":[],"product_cat":[18,114],"product_tag":[2151,2412,1786],"class_list":{"0":"post-584157","1":"product","2":"type-product","3":"status-publish","4":"has-post-thumbnail","6":"product_cat-jakker","7":"product_cat-lange-jakker","8":"product_tag-b2b","9":"product_tag-pre-order","10":"product_tag-sustainable","13":"instock","14":"taxable","15":"shipping-taxable","16":"purchasable","17":"product-type-variable"},"acf":[],"yoast_head":"<!-- This site is optimized with the Yoast SEO plugin v23.8 - https:\/\/yoast.com\/wordpress\/plugins\/seo\/ -->\n<title>WBLGLORIAN LONG PUFFER COAT &#187; Stylestore.com Denmark<\/title>\n<meta name=\"robots\" content=\"index, follow, max-snippet:-1, max-image-preview:large, max-video-preview:-1\" \/>\n<link rel=\"canonical\" href=\"https:\/\/stylestore.com\/da\/product\/wblglorian-long-puffer-coat-25\/\" \/>\n<meta property=\"og:locale\" content=\"da_DK\" \/>\n<meta property=\"og:type\" content=\"article\" \/>\n<meta property=\"og:title\" content=\"WBLGLORIAN LONG PUFFER COAT &#187; Stylestore.com Denmark\" \/>\n<meta property=\"og:url\" content=\"https:\/\/stylestore.com\/da\/product\/wblglorian-long-puffer-coat-25\/\" \/>\n<meta property=\"og:site_name\" content=\"Stylestore.com Denmark\" \/>\n<meta property=\"article:modified_time\" content=\"2026-04-15T09:11:20+00:00\" \/>\n<meta name=\"twitter:card\" content=\"summary_large_image\" \/>\n<script type=\"application\/ld+json\" class=\"yoast-schema-graph\">{\"@context\":\"https:\/\/schema.org\",\"@graph\":[{\"@type\":\"WebPage\",\"@id\":\"https:\/\/stylestore.com\/da\/product\/wblglorian-long-puffer-coat-25\/\",\"url\":\"https:\/\/stylestore.com\/da\/product\/wblglorian-long-puffer-coat-25\/\",\"name\":\"WBLGLORIAN LONG PUFFER COAT &#187; Stylestore.com Denmark\",\"isPartOf\":{\"@id\":\"https:\/\/stylestore.com\/da\/#website\"},\"primaryImageOfPage\":{\"@id\":\"https:\/\/stylestore.com\/da\/product\/wblglorian-long-puffer-coat-25\/#primaryimage\"},\"image\":{\"@id\":\"https:\/\/stylestore.com\/da\/product\/wblglorian-long-puffer-coat-25\/#primaryimage\"},\"thumbnailUrl\":\"https:\/\/stylestore.com\/da\/wp-content\/uploads\/sites\/3\/2025\/12\/Wblglorian_Puffer_Coat_Parcific_Blue1-2.jpg\",\"datePublished\":\"2025-11-17T15:19:29+00:00\",\"dateModified\":\"2026-04-15T09:11:20+00:00\",\"breadcrumb\":{\"@id\":\"https:\/\/stylestore.com\/da\/product\/wblglorian-long-puffer-coat-25\/#breadcrumb\"},\"inLanguage\":\"da-DK\",\"potentialAction\":[{\"@type\":\"ReadAction\",\"target\":[\"https:\/\/stylestore.com\/da\/product\/wblglorian-long-puffer-coat-25\/\"]}]},{\"@type\":\"ImageObject\",\"inLanguage\":\"da-DK\",\"@id\":\"https:\/\/stylestore.com\/da\/product\/wblglorian-long-puffer-coat-25\/#primaryimage\",\"url\":\"https:\/\/stylestore.com\/da\/wp-content\/uploads\/sites\/3\/2025\/12\/Wblglorian_Puffer_Coat_Parcific_Blue1-2.jpg\",\"contentUrl\":\"https:\/\/stylestore.com\/da\/wp-content\/uploads\/sites\/3\/2025\/12\/Wblglorian_Puffer_Coat_Parcific_Blue1-2.jpg\",\"width\":1253,\"height\":1878},{\"@type\":\"BreadcrumbList\",\"@id\":\"https:\/\/stylestore.com\/da\/product\/wblglorian-long-puffer-coat-25\/#breadcrumb\",\"itemListElement\":[{\"@type\":\"ListItem\",\"position\":1,\"name\":\"Home\",\"item\":\"https:\/\/stylestore.com\/da\/\"},{\"@type\":\"ListItem\",\"position\":2,\"name\":\"S\u00f8g\",\"item\":\"https:\/\/stylestore.com\/da\/soeg\/\"},{\"@type\":\"ListItem\",\"position\":3,\"name\":\"WBLGLORIAN LONG PUFFER COAT\"}]},{\"@type\":\"WebSite\",\"@id\":\"https:\/\/stylestore.com\/da\/#website\",\"url\":\"https:\/\/stylestore.com\/da\/\",\"name\":\"Stylestore.com Denmark\",\"description\":\"\",\"potentialAction\":[{\"@type\":\"SearchAction\",\"target\":{\"@type\":\"EntryPoint\",\"urlTemplate\":\"https:\/\/stylestore.com\/da\/?s={search_term_string}\"},\"query-input\":{\"@type\":\"PropertyValueSpecification\",\"valueRequired\":true,\"valueName\":\"search_term_string\"}}],\"inLanguage\":\"da-DK\"}]}<\/script>\n<!-- \/ Yoast SEO plugin. -->","yoast_head_json":{"title":"WBLGLORIAN LONG PUFFER COAT &#187; Stylestore.com Denmark","robots":{"index":"index","follow":"follow","max-snippet":"max-snippet:-1","max-image-preview":"max-image-preview:large","max-video-preview":"max-video-preview:-1"},"canonical":"https:\/\/stylestore.com\/da\/product\/wblglorian-long-puffer-coat-25\/","og_locale":"da_DK","og_type":"article","og_title":"WBLGLORIAN LONG PUFFER COAT &#187; Stylestore.com Denmark","og_url":"https:\/\/stylestore.com\/da\/product\/wblglorian-long-puffer-coat-25\/","og_site_name":"Stylestore.com Denmark","article_modified_time":"2026-04-15T09:11:20+00:00","twitter_card":"summary_large_image","schema":{"@context":"https:\/\/schema.org","@graph":[{"@type":"WebPage","@id":"https:\/\/stylestore.com\/da\/product\/wblglorian-long-puffer-coat-25\/","url":"https:\/\/stylestore.com\/da\/product\/wblglorian-long-puffer-coat-25\/","name":"WBLGLORIAN LONG PUFFER COAT &#187; Stylestore.com Denmark","isPartOf":{"@id":"https:\/\/stylestore.com\/da\/#website"},"primaryImageOfPage":{"@id":"https:\/\/stylestore.com\/da\/product\/wblglorian-long-puffer-coat-25\/#primaryimage"},"image":{"@id":"https:\/\/stylestore.com\/da\/product\/wblglorian-long-puffer-coat-25\/#primaryimage"},"thumbnailUrl":"https:\/\/stylestore.com\/da\/wp-content\/uploads\/sites\/3\/2025\/12\/Wblglorian_Puffer_Coat_Parcific_Blue1-2.jpg","datePublished":"2025-11-17T15:19:29+00:00","dateModified":"2026-04-15T09:11:20+00:00","breadcrumb":{"@id":"https:\/\/stylestore.com\/da\/product\/wblglorian-long-puffer-coat-25\/#breadcrumb"},"inLanguage":"da-DK","potentialAction":[{"@type":"ReadAction","target":["https:\/\/stylestore.com\/da\/product\/wblglorian-long-puffer-coat-25\/"]}]},{"@type":"ImageObject","inLanguage":"da-DK","@id":"https:\/\/stylestore.com\/da\/product\/wblglorian-long-puffer-coat-25\/#primaryimage","url":"https:\/\/stylestore.com\/da\/wp-content\/uploads\/sites\/3\/2025\/12\/Wblglorian_Puffer_Coat_Parcific_Blue1-2.jpg","contentUrl":"https:\/\/stylestore.com\/da\/wp-content\/uploads\/sites\/3\/2025\/12\/Wblglorian_Puffer_Coat_Parcific_Blue1-2.jpg","width":1253,"height":1878},{"@type":"BreadcrumbList","@id":"https:\/\/stylestore.com\/da\/product\/wblglorian-long-puffer-coat-25\/#breadcrumb","itemListElement":[{"@type":"ListItem","position":1,"name":"Home","item":"https:\/\/stylestore.com\/da\/"},{"@type":"ListItem","position":2,"name":"S\u00f8g","item":"https:\/\/stylestore.com\/da\/soeg\/"},{"@type":"ListItem","position":3,"name":"WBLGLORIAN LONG PUFFER COAT"}]},{"@type":"WebSite","@id":"https:\/\/stylestore.com\/da\/#website","url":"https:\/\/stylestore.com\/da\/","name":"Stylestore.com Denmark","description":"","potentialAction":[{"@type":"SearchAction","target":{"@type":"EntryPoint","urlTemplate":"https:\/\/stylestore.com\/da\/?s={search_term_string}"},"query-input":{"@type":"PropertyValueSpecification","valueRequired":true,"valueName":"search_term_string"}}],"inLanguage":"da-DK"}]}},"_links":{"self":[{"href":"https:\/\/stylestore.com\/da\/wp-json\/wp\/v2\/product\/584157","targetHints":{"allow":["GET"]}}],"collection":[{"href":"https:\/\/stylestore.com\/da\/wp-json\/wp\/v2\/product"}],"about":[{"href":"https:\/\/stylestore.com\/da\/wp-json\/wp\/v2\/types\/product"}],"wp:featuredmedia":[{"embeddable":true,"href":"https:\/\/stylestore.com\/da\/wp-json\/wp\/v2\/media\/589885"}],"wp:attachment":[{"href":"https:\/\/stylestore.com\/da\/wp-json\/wp\/v2\/media?parent=584157"}],"wp:term":[{"taxonomy":"product_brand","embeddable":true,"href":"https:\/\/stylestore.com\/da\/wp-json\/wp\/v2\/product_brand?post=584157"},{"taxonomy":"product_cat","embeddable":true,"href":"https:\/\/stylestore.com\/da\/wp-json\/wp\/v2\/product_cat?post=584157"},{"taxonomy":"product_tag","embeddable":true,"href":"https:\/\/stylestore.com\/da\/wp-json\/wp\/v2\/product_tag?post=584157"}],"curies":[{"name":"wp","href":"https:\/\/api.w.org\/{rel}","templated":true}]}}