{"id":583697,"date":"2025-11-17T13:00:00","date_gmt":"2025-11-17T12:00:00","guid":{"rendered":"https:\/\/stylestore.com\/da\/product\/wbldajana-pile-jacket\/"},"modified":"2026-04-15T11:10:13","modified_gmt":"2026-04-15T09:10:13","slug":"wbldajana-pile-jacket","status":"publish","type":"product","link":"https:\/\/stylestore.com\/da\/product\/wbldajana-pile-jacket\/","title":{"rendered":"WBLDAJANA PILE JACKET"},"content":{"rendered":"<p>Imiteret lammeskind<br \/>\nVegansk ruskind p\u00e5 bagsiden<br \/>\nL\u00f8s pasform<br \/>\nS\u00e6nkede skuldre<br \/>\nSt\u00e5ende krave kan l\u00e6gges ned som en normal krave<br \/>\nLukkes med knapper (benlook)<br \/>\nLomme med piping<br \/>\nHIP-l\u00e6ngde<\/p>\n<p>Modellen er 172 cm h\u00f8j og b\u00e6rer st\u00f8rrelse S<br \/>\nProduktet er normal i st\u00f8rrelsen for et oversized look. V\u00e6lg en st\u00f8rrelse mindre for et mindre oversized look<\/p>\n","protected":false},"excerpt":{"rendered":"","protected":false},"featured_media":589800,"template":"","meta":{"_acf_changed":false},"product_brand":[],"product_cat":[18,115],"product_tag":[2151,1785,2412],"class_list":{"0":"post-583697","1":"product","2":"type-product","3":"status-publish","4":"has-post-thumbnail","6":"product_cat-jakker","7":"product_cat-korte-jakker","8":"product_tag-b2b","9":"product_tag-new","10":"product_tag-pre-order","13":"instock","14":"taxable","15":"shipping-taxable","16":"purchasable","17":"product-type-variable"},"acf":[],"yoast_head":"<!-- This site is optimized with the Yoast SEO plugin v23.8 - https:\/\/yoast.com\/wordpress\/plugins\/seo\/ -->\n<title>WBLDAJANA PILE JACKET &#187; Stylestore.com Denmark<\/title>\n<meta name=\"robots\" content=\"index, follow, max-snippet:-1, max-image-preview:large, max-video-preview:-1\" \/>\n<link rel=\"canonical\" href=\"https:\/\/stylestore.com\/da\/product\/wbldajana-pile-jacket\/\" \/>\n<meta property=\"og:locale\" content=\"da_DK\" \/>\n<meta property=\"og:type\" content=\"article\" \/>\n<meta property=\"og:title\" content=\"WBLDAJANA PILE JACKET &#187; Stylestore.com Denmark\" \/>\n<meta property=\"og:url\" content=\"https:\/\/stylestore.com\/da\/product\/wbldajana-pile-jacket\/\" \/>\n<meta property=\"og:site_name\" content=\"Stylestore.com Denmark\" \/>\n<meta property=\"article:modified_time\" content=\"2026-04-15T09:10:13+00:00\" \/>\n<meta name=\"twitter:card\" content=\"summary_large_image\" \/>\n<script type=\"application\/ld+json\" class=\"yoast-schema-graph\">{\"@context\":\"https:\/\/schema.org\",\"@graph\":[{\"@type\":\"WebPage\",\"@id\":\"https:\/\/stylestore.com\/da\/product\/wbldajana-pile-jacket\/\",\"url\":\"https:\/\/stylestore.com\/da\/product\/wbldajana-pile-jacket\/\",\"name\":\"WBLDAJANA PILE JACKET &#187; Stylestore.com Denmark\",\"isPartOf\":{\"@id\":\"https:\/\/stylestore.com\/da\/#website\"},\"primaryImageOfPage\":{\"@id\":\"https:\/\/stylestore.com\/da\/product\/wbldajana-pile-jacket\/#primaryimage\"},\"image\":{\"@id\":\"https:\/\/stylestore.com\/da\/product\/wbldajana-pile-jacket\/#primaryimage\"},\"thumbnailUrl\":\"https:\/\/stylestore.com\/da\/wp-content\/uploads\/sites\/3\/2025\/12\/Wbldajana_Pile_Jacket_Rainy_Day1-1.jpg\",\"datePublished\":\"2025-11-17T12:00:00+00:00\",\"dateModified\":\"2026-04-15T09:10:13+00:00\",\"breadcrumb\":{\"@id\":\"https:\/\/stylestore.com\/da\/product\/wbldajana-pile-jacket\/#breadcrumb\"},\"inLanguage\":\"da-DK\",\"potentialAction\":[{\"@type\":\"ReadAction\",\"target\":[\"https:\/\/stylestore.com\/da\/product\/wbldajana-pile-jacket\/\"]}]},{\"@type\":\"ImageObject\",\"inLanguage\":\"da-DK\",\"@id\":\"https:\/\/stylestore.com\/da\/product\/wbldajana-pile-jacket\/#primaryimage\",\"url\":\"https:\/\/stylestore.com\/da\/wp-content\/uploads\/sites\/3\/2025\/12\/Wbldajana_Pile_Jacket_Rainy_Day1-1.jpg\",\"contentUrl\":\"https:\/\/stylestore.com\/da\/wp-content\/uploads\/sites\/3\/2025\/12\/Wbldajana_Pile_Jacket_Rainy_Day1-1.jpg\",\"width\":1229,\"height\":1843},{\"@type\":\"BreadcrumbList\",\"@id\":\"https:\/\/stylestore.com\/da\/product\/wbldajana-pile-jacket\/#breadcrumb\",\"itemListElement\":[{\"@type\":\"ListItem\",\"position\":1,\"name\":\"Home\",\"item\":\"https:\/\/stylestore.com\/da\/\"},{\"@type\":\"ListItem\",\"position\":2,\"name\":\"S\u00f8g\",\"item\":\"https:\/\/stylestore.com\/da\/soeg\/\"},{\"@type\":\"ListItem\",\"position\":3,\"name\":\"WBLDAJANA PILE JACKET\"}]},{\"@type\":\"WebSite\",\"@id\":\"https:\/\/stylestore.com\/da\/#website\",\"url\":\"https:\/\/stylestore.com\/da\/\",\"name\":\"Stylestore.com Denmark\",\"description\":\"\",\"potentialAction\":[{\"@type\":\"SearchAction\",\"target\":{\"@type\":\"EntryPoint\",\"urlTemplate\":\"https:\/\/stylestore.com\/da\/?s={search_term_string}\"},\"query-input\":{\"@type\":\"PropertyValueSpecification\",\"valueRequired\":true,\"valueName\":\"search_term_string\"}}],\"inLanguage\":\"da-DK\"}]}<\/script>\n<!-- \/ Yoast SEO plugin. -->","yoast_head_json":{"title":"WBLDAJANA PILE JACKET &#187; Stylestore.com Denmark","robots":{"index":"index","follow":"follow","max-snippet":"max-snippet:-1","max-image-preview":"max-image-preview:large","max-video-preview":"max-video-preview:-1"},"canonical":"https:\/\/stylestore.com\/da\/product\/wbldajana-pile-jacket\/","og_locale":"da_DK","og_type":"article","og_title":"WBLDAJANA PILE JACKET &#187; Stylestore.com Denmark","og_url":"https:\/\/stylestore.com\/da\/product\/wbldajana-pile-jacket\/","og_site_name":"Stylestore.com Denmark","article_modified_time":"2026-04-15T09:10:13+00:00","twitter_card":"summary_large_image","schema":{"@context":"https:\/\/schema.org","@graph":[{"@type":"WebPage","@id":"https:\/\/stylestore.com\/da\/product\/wbldajana-pile-jacket\/","url":"https:\/\/stylestore.com\/da\/product\/wbldajana-pile-jacket\/","name":"WBLDAJANA PILE JACKET &#187; Stylestore.com Denmark","isPartOf":{"@id":"https:\/\/stylestore.com\/da\/#website"},"primaryImageOfPage":{"@id":"https:\/\/stylestore.com\/da\/product\/wbldajana-pile-jacket\/#primaryimage"},"image":{"@id":"https:\/\/stylestore.com\/da\/product\/wbldajana-pile-jacket\/#primaryimage"},"thumbnailUrl":"https:\/\/stylestore.com\/da\/wp-content\/uploads\/sites\/3\/2025\/12\/Wbldajana_Pile_Jacket_Rainy_Day1-1.jpg","datePublished":"2025-11-17T12:00:00+00:00","dateModified":"2026-04-15T09:10:13+00:00","breadcrumb":{"@id":"https:\/\/stylestore.com\/da\/product\/wbldajana-pile-jacket\/#breadcrumb"},"inLanguage":"da-DK","potentialAction":[{"@type":"ReadAction","target":["https:\/\/stylestore.com\/da\/product\/wbldajana-pile-jacket\/"]}]},{"@type":"ImageObject","inLanguage":"da-DK","@id":"https:\/\/stylestore.com\/da\/product\/wbldajana-pile-jacket\/#primaryimage","url":"https:\/\/stylestore.com\/da\/wp-content\/uploads\/sites\/3\/2025\/12\/Wbldajana_Pile_Jacket_Rainy_Day1-1.jpg","contentUrl":"https:\/\/stylestore.com\/da\/wp-content\/uploads\/sites\/3\/2025\/12\/Wbldajana_Pile_Jacket_Rainy_Day1-1.jpg","width":1229,"height":1843},{"@type":"BreadcrumbList","@id":"https:\/\/stylestore.com\/da\/product\/wbldajana-pile-jacket\/#breadcrumb","itemListElement":[{"@type":"ListItem","position":1,"name":"Home","item":"https:\/\/stylestore.com\/da\/"},{"@type":"ListItem","position":2,"name":"S\u00f8g","item":"https:\/\/stylestore.com\/da\/soeg\/"},{"@type":"ListItem","position":3,"name":"WBLDAJANA PILE JACKET"}]},{"@type":"WebSite","@id":"https:\/\/stylestore.com\/da\/#website","url":"https:\/\/stylestore.com\/da\/","name":"Stylestore.com Denmark","description":"","potentialAction":[{"@type":"SearchAction","target":{"@type":"EntryPoint","urlTemplate":"https:\/\/stylestore.com\/da\/?s={search_term_string}"},"query-input":{"@type":"PropertyValueSpecification","valueRequired":true,"valueName":"search_term_string"}}],"inLanguage":"da-DK"}]}},"_links":{"self":[{"href":"https:\/\/stylestore.com\/da\/wp-json\/wp\/v2\/product\/583697","targetHints":{"allow":["GET"]}}],"collection":[{"href":"https:\/\/stylestore.com\/da\/wp-json\/wp\/v2\/product"}],"about":[{"href":"https:\/\/stylestore.com\/da\/wp-json\/wp\/v2\/types\/product"}],"wp:featuredmedia":[{"embeddable":true,"href":"https:\/\/stylestore.com\/da\/wp-json\/wp\/v2\/media\/589800"}],"wp:attachment":[{"href":"https:\/\/stylestore.com\/da\/wp-json\/wp\/v2\/media?parent=583697"}],"wp:term":[{"taxonomy":"product_brand","embeddable":true,"href":"https:\/\/stylestore.com\/da\/wp-json\/wp\/v2\/product_brand?post=583697"},{"taxonomy":"product_cat","embeddable":true,"href":"https:\/\/stylestore.com\/da\/wp-json\/wp\/v2\/product_cat?post=583697"},{"taxonomy":"product_tag","embeddable":true,"href":"https:\/\/stylestore.com\/da\/wp-json\/wp\/v2\/product_tag?post=583697"}],"curies":[{"name":"wp","href":"https:\/\/api.w.org\/{rel}","templated":true}]}}