{"id":583277,"date":"2025-11-17T11:02:59","date_gmt":"2025-11-17T10:02:59","guid":{"rendered":"https:\/\/stylestore.com\/da\/product\/wbljeressa-trenchcoat\/"},"modified":"2026-04-15T11:06:12","modified_gmt":"2026-04-15T09:06:12","slug":"wbljeressa-trenchcoat","status":"publish","type":"product","link":"https:\/\/stylestore.com\/da\/product\/wbljeressa-trenchcoat\/","title":{"rendered":"WBLJERESSA TRENCHCOAT"},"content":{"rendered":"<p>Klassisk trenchcoat<br \/>\nTykt, fyldigt bomuldsblandingsmateriale<br \/>\nL\u00e6ngde under kn\u00e6et<br \/>\nBrede revers<br \/>\nDobbeltradet<br \/>\nBindeb\u00e5nd i taljen<br \/>\nStropper ved skulderen<br \/>\nRaglan\u00e6rmer<br \/>\nStropper ved h\u00e5ndleddet<br \/>\nEnkelt paspolerede lommer foran<br \/>\nSlids bagp\u00e5<br \/>\nL\u00f8s pasform<\/p>\n<p>Modellen er 172 cm h\u00f8j og b\u00e6rer st\u00f8rrelse S<br \/>\nProduktet er normal i st\u00f8rrelsen<\/p>\n","protected":false},"excerpt":{"rendered":"","protected":false},"featured_media":589696,"template":"","meta":{"_acf_changed":false},"product_brand":[],"product_cat":[112,114],"product_tag":[2151,1785,2412],"class_list":{"0":"post-583277","1":"product","2":"type-product","3":"status-publish","4":"has-post-thumbnail","6":"product_cat-frakker","7":"product_cat-lange-jakker","8":"product_tag-b2b","9":"product_tag-new","10":"product_tag-pre-order","13":"instock","14":"taxable","15":"shipping-taxable","16":"purchasable","17":"product-type-variable"},"acf":[],"yoast_head":"<!-- This site is optimized with the Yoast SEO plugin v23.8 - https:\/\/yoast.com\/wordpress\/plugins\/seo\/ -->\n<title>WBLJERESSA TRENCHCOAT &#187; Stylestore.com Denmark<\/title>\n<meta name=\"robots\" content=\"index, follow, max-snippet:-1, max-image-preview:large, max-video-preview:-1\" \/>\n<link rel=\"canonical\" href=\"https:\/\/stylestore.com\/da\/product\/wbljeressa-trenchcoat\/\" \/>\n<meta property=\"og:locale\" content=\"da_DK\" \/>\n<meta property=\"og:type\" content=\"article\" \/>\n<meta property=\"og:title\" content=\"WBLJERESSA TRENCHCOAT &#187; Stylestore.com Denmark\" \/>\n<meta property=\"og:url\" content=\"https:\/\/stylestore.com\/da\/product\/wbljeressa-trenchcoat\/\" \/>\n<meta property=\"og:site_name\" content=\"Stylestore.com Denmark\" \/>\n<meta property=\"article:modified_time\" content=\"2026-04-15T09:06:12+00:00\" \/>\n<meta name=\"twitter:card\" content=\"summary_large_image\" \/>\n<script type=\"application\/ld+json\" class=\"yoast-schema-graph\">{\"@context\":\"https:\/\/schema.org\",\"@graph\":[{\"@type\":\"WebPage\",\"@id\":\"https:\/\/stylestore.com\/da\/product\/wbljeressa-trenchcoat\/\",\"url\":\"https:\/\/stylestore.com\/da\/product\/wbljeressa-trenchcoat\/\",\"name\":\"WBLJERESSA TRENCHCOAT &#187; Stylestore.com Denmark\",\"isPartOf\":{\"@id\":\"https:\/\/stylestore.com\/da\/#website\"},\"primaryImageOfPage\":{\"@id\":\"https:\/\/stylestore.com\/da\/product\/wbljeressa-trenchcoat\/#primaryimage\"},\"image\":{\"@id\":\"https:\/\/stylestore.com\/da\/product\/wbljeressa-trenchcoat\/#primaryimage\"},\"thumbnailUrl\":\"https:\/\/stylestore.com\/da\/wp-content\/uploads\/sites\/3\/2025\/12\/Wbljeressa_Trenchcoat_Cookie_Brown1-1.jpg\",\"datePublished\":\"2025-11-17T10:02:59+00:00\",\"dateModified\":\"2026-04-15T09:06:12+00:00\",\"breadcrumb\":{\"@id\":\"https:\/\/stylestore.com\/da\/product\/wbljeressa-trenchcoat\/#breadcrumb\"},\"inLanguage\":\"da-DK\",\"potentialAction\":[{\"@type\":\"ReadAction\",\"target\":[\"https:\/\/stylestore.com\/da\/product\/wbljeressa-trenchcoat\/\"]}]},{\"@type\":\"ImageObject\",\"inLanguage\":\"da-DK\",\"@id\":\"https:\/\/stylestore.com\/da\/product\/wbljeressa-trenchcoat\/#primaryimage\",\"url\":\"https:\/\/stylestore.com\/da\/wp-content\/uploads\/sites\/3\/2025\/12\/Wbljeressa_Trenchcoat_Cookie_Brown1-1.jpg\",\"contentUrl\":\"https:\/\/stylestore.com\/da\/wp-content\/uploads\/sites\/3\/2025\/12\/Wbljeressa_Trenchcoat_Cookie_Brown1-1.jpg\",\"width\":1255,\"height\":1882},{\"@type\":\"BreadcrumbList\",\"@id\":\"https:\/\/stylestore.com\/da\/product\/wbljeressa-trenchcoat\/#breadcrumb\",\"itemListElement\":[{\"@type\":\"ListItem\",\"position\":1,\"name\":\"Home\",\"item\":\"https:\/\/stylestore.com\/da\/\"},{\"@type\":\"ListItem\",\"position\":2,\"name\":\"S\u00f8g\",\"item\":\"https:\/\/stylestore.com\/da\/soeg\/\"},{\"@type\":\"ListItem\",\"position\":3,\"name\":\"WBLJERESSA TRENCHCOAT\"}]},{\"@type\":\"WebSite\",\"@id\":\"https:\/\/stylestore.com\/da\/#website\",\"url\":\"https:\/\/stylestore.com\/da\/\",\"name\":\"Stylestore.com Denmark\",\"description\":\"\",\"potentialAction\":[{\"@type\":\"SearchAction\",\"target\":{\"@type\":\"EntryPoint\",\"urlTemplate\":\"https:\/\/stylestore.com\/da\/?s={search_term_string}\"},\"query-input\":{\"@type\":\"PropertyValueSpecification\",\"valueRequired\":true,\"valueName\":\"search_term_string\"}}],\"inLanguage\":\"da-DK\"}]}<\/script>\n<!-- \/ Yoast SEO plugin. -->","yoast_head_json":{"title":"WBLJERESSA TRENCHCOAT &#187; Stylestore.com Denmark","robots":{"index":"index","follow":"follow","max-snippet":"max-snippet:-1","max-image-preview":"max-image-preview:large","max-video-preview":"max-video-preview:-1"},"canonical":"https:\/\/stylestore.com\/da\/product\/wbljeressa-trenchcoat\/","og_locale":"da_DK","og_type":"article","og_title":"WBLJERESSA TRENCHCOAT &#187; Stylestore.com Denmark","og_url":"https:\/\/stylestore.com\/da\/product\/wbljeressa-trenchcoat\/","og_site_name":"Stylestore.com Denmark","article_modified_time":"2026-04-15T09:06:12+00:00","twitter_card":"summary_large_image","schema":{"@context":"https:\/\/schema.org","@graph":[{"@type":"WebPage","@id":"https:\/\/stylestore.com\/da\/product\/wbljeressa-trenchcoat\/","url":"https:\/\/stylestore.com\/da\/product\/wbljeressa-trenchcoat\/","name":"WBLJERESSA TRENCHCOAT &#187; Stylestore.com Denmark","isPartOf":{"@id":"https:\/\/stylestore.com\/da\/#website"},"primaryImageOfPage":{"@id":"https:\/\/stylestore.com\/da\/product\/wbljeressa-trenchcoat\/#primaryimage"},"image":{"@id":"https:\/\/stylestore.com\/da\/product\/wbljeressa-trenchcoat\/#primaryimage"},"thumbnailUrl":"https:\/\/stylestore.com\/da\/wp-content\/uploads\/sites\/3\/2025\/12\/Wbljeressa_Trenchcoat_Cookie_Brown1-1.jpg","datePublished":"2025-11-17T10:02:59+00:00","dateModified":"2026-04-15T09:06:12+00:00","breadcrumb":{"@id":"https:\/\/stylestore.com\/da\/product\/wbljeressa-trenchcoat\/#breadcrumb"},"inLanguage":"da-DK","potentialAction":[{"@type":"ReadAction","target":["https:\/\/stylestore.com\/da\/product\/wbljeressa-trenchcoat\/"]}]},{"@type":"ImageObject","inLanguage":"da-DK","@id":"https:\/\/stylestore.com\/da\/product\/wbljeressa-trenchcoat\/#primaryimage","url":"https:\/\/stylestore.com\/da\/wp-content\/uploads\/sites\/3\/2025\/12\/Wbljeressa_Trenchcoat_Cookie_Brown1-1.jpg","contentUrl":"https:\/\/stylestore.com\/da\/wp-content\/uploads\/sites\/3\/2025\/12\/Wbljeressa_Trenchcoat_Cookie_Brown1-1.jpg","width":1255,"height":1882},{"@type":"BreadcrumbList","@id":"https:\/\/stylestore.com\/da\/product\/wbljeressa-trenchcoat\/#breadcrumb","itemListElement":[{"@type":"ListItem","position":1,"name":"Home","item":"https:\/\/stylestore.com\/da\/"},{"@type":"ListItem","position":2,"name":"S\u00f8g","item":"https:\/\/stylestore.com\/da\/soeg\/"},{"@type":"ListItem","position":3,"name":"WBLJERESSA TRENCHCOAT"}]},{"@type":"WebSite","@id":"https:\/\/stylestore.com\/da\/#website","url":"https:\/\/stylestore.com\/da\/","name":"Stylestore.com Denmark","description":"","potentialAction":[{"@type":"SearchAction","target":{"@type":"EntryPoint","urlTemplate":"https:\/\/stylestore.com\/da\/?s={search_term_string}"},"query-input":{"@type":"PropertyValueSpecification","valueRequired":true,"valueName":"search_term_string"}}],"inLanguage":"da-DK"}]}},"_links":{"self":[{"href":"https:\/\/stylestore.com\/da\/wp-json\/wp\/v2\/product\/583277","targetHints":{"allow":["GET"]}}],"collection":[{"href":"https:\/\/stylestore.com\/da\/wp-json\/wp\/v2\/product"}],"about":[{"href":"https:\/\/stylestore.com\/da\/wp-json\/wp\/v2\/types\/product"}],"wp:featuredmedia":[{"embeddable":true,"href":"https:\/\/stylestore.com\/da\/wp-json\/wp\/v2\/media\/589696"}],"wp:attachment":[{"href":"https:\/\/stylestore.com\/da\/wp-json\/wp\/v2\/media?parent=583277"}],"wp:term":[{"taxonomy":"product_brand","embeddable":true,"href":"https:\/\/stylestore.com\/da\/wp-json\/wp\/v2\/product_brand?post=583277"},{"taxonomy":"product_cat","embeddable":true,"href":"https:\/\/stylestore.com\/da\/wp-json\/wp\/v2\/product_cat?post=583277"},{"taxonomy":"product_tag","embeddable":true,"href":"https:\/\/stylestore.com\/da\/wp-json\/wp\/v2\/product_tag?post=583277"}],"curies":[{"name":"wp","href":"https:\/\/api.w.org\/{rel}","templated":true}]}}