{"id":579811,"date":"2025-09-16T09:45:30","date_gmt":"2025-09-16T07:45:30","guid":{"rendered":"https:\/\/stylestore.com\/da\/product\/sltindra-shorts-7\/"},"modified":"2026-05-06T07:12:33","modified_gmt":"2026-05-06T05:12:33","slug":"sltindra-shorts-7","status":"publish","type":"product","link":"https:\/\/stylestore.com\/da\/product\/sltindra-shorts-7\/","title":{"rendered":"SLTINDRA SHORTS"},"content":{"rendered":"<p>Shorts i let\u00ab fransk og frott\u00e9\u00ab<br \/>\nBl\u00f8d modal\/bomuldskvalitet<br \/>\nBrede ben<br \/>\nElastik og snor i linningen<br \/>\nLommer i siden<br \/>\nNormal pasform<br \/>\nL\u00e6ngde midt p\u00e5 l\u00e5ret<\/p>\n","protected":false},"excerpt":{"rendered":"","protected":false},"featured_media":579852,"template":"","meta":{"_acf_changed":false},"product_brand":[],"product_cat":[128,21,130],"product_tag":[2151,1849,2412],"class_list":{"0":"post-579811","1":"product","2":"type-product","3":"status-publish","4":"has-post-thumbnail","6":"product_cat-bukser","7":"product_cat-bukser-og-nederdele","8":"product_cat-shorts","9":"product_tag-b2b","10":"product_tag-noos","11":"product_tag-pre-order","14":"instock","15":"taxable","16":"shipping-taxable","17":"purchasable","18":"product-type-variable"},"acf":[],"yoast_head":"<!-- This site is optimized with the Yoast SEO plugin v23.8 - https:\/\/yoast.com\/wordpress\/plugins\/seo\/ -->\n<title>SLTINDRA SHORTS &#187; Stylestore.com Denmark<\/title>\n<meta name=\"robots\" content=\"index, follow, max-snippet:-1, max-image-preview:large, max-video-preview:-1\" \/>\n<link rel=\"canonical\" href=\"https:\/\/stylestore.com\/da\/product\/sltindra-shorts-7\/\" \/>\n<meta property=\"og:locale\" content=\"da_DK\" \/>\n<meta property=\"og:type\" content=\"article\" \/>\n<meta property=\"og:title\" content=\"SLTINDRA SHORTS &#187; Stylestore.com Denmark\" \/>\n<meta property=\"og:url\" content=\"https:\/\/stylestore.com\/da\/product\/sltindra-shorts-7\/\" \/>\n<meta property=\"og:site_name\" content=\"Stylestore.com Denmark\" \/>\n<meta property=\"article:modified_time\" content=\"2026-05-06T05:12:33+00:00\" \/>\n<meta property=\"og:image\" content=\"https:\/\/stylestore.com\/da\/wp-content\/uploads\/sites\/3\/2025\/09\/SLTindra_Ss_tee_Shorts_Wet_Weather3.jpg\" \/>\n\t<meta property=\"og:image:width\" content=\"1033\" \/>\n\t<meta property=\"og:image:height\" content=\"1548\" \/>\n\t<meta property=\"og:image:type\" content=\"image\/jpeg\" \/>\n<meta name=\"twitter:card\" content=\"summary_large_image\" \/>\n<script type=\"application\/ld+json\" class=\"yoast-schema-graph\">{\"@context\":\"https:\/\/schema.org\",\"@graph\":[{\"@type\":\"WebPage\",\"@id\":\"https:\/\/stylestore.com\/da\/product\/sltindra-shorts-7\/\",\"url\":\"https:\/\/stylestore.com\/da\/product\/sltindra-shorts-7\/\",\"name\":\"SLTINDRA SHORTS &#187; Stylestore.com Denmark\",\"isPartOf\":{\"@id\":\"https:\/\/stylestore.com\/da\/#website\"},\"primaryImageOfPage\":{\"@id\":\"https:\/\/stylestore.com\/da\/product\/sltindra-shorts-7\/#primaryimage\"},\"image\":{\"@id\":\"https:\/\/stylestore.com\/da\/product\/sltindra-shorts-7\/#primaryimage\"},\"thumbnailUrl\":\"https:\/\/stylestore.com\/da\/wp-content\/uploads\/sites\/3\/2025\/09\/SLTindra_Ss_tee_Shorts_Wet_Weather3.jpg\",\"datePublished\":\"2025-09-16T07:45:30+00:00\",\"dateModified\":\"2026-05-06T05:12:33+00:00\",\"breadcrumb\":{\"@id\":\"https:\/\/stylestore.com\/da\/product\/sltindra-shorts-7\/#breadcrumb\"},\"inLanguage\":\"da-DK\",\"potentialAction\":[{\"@type\":\"ReadAction\",\"target\":[\"https:\/\/stylestore.com\/da\/product\/sltindra-shorts-7\/\"]}]},{\"@type\":\"ImageObject\",\"inLanguage\":\"da-DK\",\"@id\":\"https:\/\/stylestore.com\/da\/product\/sltindra-shorts-7\/#primaryimage\",\"url\":\"https:\/\/stylestore.com\/da\/wp-content\/uploads\/sites\/3\/2025\/09\/SLTindra_Ss_tee_Shorts_Wet_Weather3.jpg\",\"contentUrl\":\"https:\/\/stylestore.com\/da\/wp-content\/uploads\/sites\/3\/2025\/09\/SLTindra_Ss_tee_Shorts_Wet_Weather3.jpg\",\"width\":1033,\"height\":1548},{\"@type\":\"BreadcrumbList\",\"@id\":\"https:\/\/stylestore.com\/da\/product\/sltindra-shorts-7\/#breadcrumb\",\"itemListElement\":[{\"@type\":\"ListItem\",\"position\":1,\"name\":\"Home\",\"item\":\"https:\/\/stylestore.com\/da\/\"},{\"@type\":\"ListItem\",\"position\":2,\"name\":\"S\u00f8g\",\"item\":\"https:\/\/stylestore.com\/da\/soeg\/\"},{\"@type\":\"ListItem\",\"position\":3,\"name\":\"SLTINDRA SHORTS\"}]},{\"@type\":\"WebSite\",\"@id\":\"https:\/\/stylestore.com\/da\/#website\",\"url\":\"https:\/\/stylestore.com\/da\/\",\"name\":\"Stylestore.com Denmark\",\"description\":\"\",\"potentialAction\":[{\"@type\":\"SearchAction\",\"target\":{\"@type\":\"EntryPoint\",\"urlTemplate\":\"https:\/\/stylestore.com\/da\/?s={search_term_string}\"},\"query-input\":{\"@type\":\"PropertyValueSpecification\",\"valueRequired\":true,\"valueName\":\"search_term_string\"}}],\"inLanguage\":\"da-DK\"}]}<\/script>\n<!-- \/ Yoast SEO plugin. -->","yoast_head_json":{"title":"SLTINDRA SHORTS &#187; Stylestore.com Denmark","robots":{"index":"index","follow":"follow","max-snippet":"max-snippet:-1","max-image-preview":"max-image-preview:large","max-video-preview":"max-video-preview:-1"},"canonical":"https:\/\/stylestore.com\/da\/product\/sltindra-shorts-7\/","og_locale":"da_DK","og_type":"article","og_title":"SLTINDRA SHORTS &#187; Stylestore.com Denmark","og_url":"https:\/\/stylestore.com\/da\/product\/sltindra-shorts-7\/","og_site_name":"Stylestore.com Denmark","article_modified_time":"2026-05-06T05:12:33+00:00","og_image":[{"width":1033,"height":1548,"url":"https:\/\/stylestore.com\/da\/wp-content\/uploads\/sites\/3\/2025\/09\/SLTindra_Ss_tee_Shorts_Wet_Weather3.jpg","type":"image\/jpeg"}],"twitter_card":"summary_large_image","schema":{"@context":"https:\/\/schema.org","@graph":[{"@type":"WebPage","@id":"https:\/\/stylestore.com\/da\/product\/sltindra-shorts-7\/","url":"https:\/\/stylestore.com\/da\/product\/sltindra-shorts-7\/","name":"SLTINDRA SHORTS &#187; Stylestore.com Denmark","isPartOf":{"@id":"https:\/\/stylestore.com\/da\/#website"},"primaryImageOfPage":{"@id":"https:\/\/stylestore.com\/da\/product\/sltindra-shorts-7\/#primaryimage"},"image":{"@id":"https:\/\/stylestore.com\/da\/product\/sltindra-shorts-7\/#primaryimage"},"thumbnailUrl":"https:\/\/stylestore.com\/da\/wp-content\/uploads\/sites\/3\/2025\/09\/SLTindra_Ss_tee_Shorts_Wet_Weather3.jpg","datePublished":"2025-09-16T07:45:30+00:00","dateModified":"2026-05-06T05:12:33+00:00","breadcrumb":{"@id":"https:\/\/stylestore.com\/da\/product\/sltindra-shorts-7\/#breadcrumb"},"inLanguage":"da-DK","potentialAction":[{"@type":"ReadAction","target":["https:\/\/stylestore.com\/da\/product\/sltindra-shorts-7\/"]}]},{"@type":"ImageObject","inLanguage":"da-DK","@id":"https:\/\/stylestore.com\/da\/product\/sltindra-shorts-7\/#primaryimage","url":"https:\/\/stylestore.com\/da\/wp-content\/uploads\/sites\/3\/2025\/09\/SLTindra_Ss_tee_Shorts_Wet_Weather3.jpg","contentUrl":"https:\/\/stylestore.com\/da\/wp-content\/uploads\/sites\/3\/2025\/09\/SLTindra_Ss_tee_Shorts_Wet_Weather3.jpg","width":1033,"height":1548},{"@type":"BreadcrumbList","@id":"https:\/\/stylestore.com\/da\/product\/sltindra-shorts-7\/#breadcrumb","itemListElement":[{"@type":"ListItem","position":1,"name":"Home","item":"https:\/\/stylestore.com\/da\/"},{"@type":"ListItem","position":2,"name":"S\u00f8g","item":"https:\/\/stylestore.com\/da\/soeg\/"},{"@type":"ListItem","position":3,"name":"SLTINDRA SHORTS"}]},{"@type":"WebSite","@id":"https:\/\/stylestore.com\/da\/#website","url":"https:\/\/stylestore.com\/da\/","name":"Stylestore.com Denmark","description":"","potentialAction":[{"@type":"SearchAction","target":{"@type":"EntryPoint","urlTemplate":"https:\/\/stylestore.com\/da\/?s={search_term_string}"},"query-input":{"@type":"PropertyValueSpecification","valueRequired":true,"valueName":"search_term_string"}}],"inLanguage":"da-DK"}]}},"_links":{"self":[{"href":"https:\/\/stylestore.com\/da\/wp-json\/wp\/v2\/product\/579811","targetHints":{"allow":["GET"]}}],"collection":[{"href":"https:\/\/stylestore.com\/da\/wp-json\/wp\/v2\/product"}],"about":[{"href":"https:\/\/stylestore.com\/da\/wp-json\/wp\/v2\/types\/product"}],"wp:featuredmedia":[{"embeddable":true,"href":"https:\/\/stylestore.com\/da\/wp-json\/wp\/v2\/media\/579852"}],"wp:attachment":[{"href":"https:\/\/stylestore.com\/da\/wp-json\/wp\/v2\/media?parent=579811"}],"wp:term":[{"taxonomy":"product_brand","embeddable":true,"href":"https:\/\/stylestore.com\/da\/wp-json\/wp\/v2\/product_brand?post=579811"},{"taxonomy":"product_cat","embeddable":true,"href":"https:\/\/stylestore.com\/da\/wp-json\/wp\/v2\/product_cat?post=579811"},{"taxonomy":"product_tag","embeddable":true,"href":"https:\/\/stylestore.com\/da\/wp-json\/wp\/v2\/product_tag?post=579811"}],"curies":[{"name":"wp","href":"https:\/\/api.w.org\/{rel}","templated":true}]}}