{"id":575166,"date":"2025-07-08T13:18:47","date_gmt":"2025-07-08T11:18:47","guid":{"rendered":"https:\/\/stylestore.com\/da\/product\/wbllola-ls-tee-4\/"},"modified":"2026-04-18T05:12:50","modified_gmt":"2026-04-18T03:12:50","slug":"wbllola-ls-tee-4","status":"publish","type":"product","link":"https:\/\/stylestore.com\/da\/product\/wbllola-ls-tee-4\/","title":{"rendered":"WBLLOLA LS TEE"},"content":{"rendered":"<p>Silkebl\u00f8d og superbehagelig tee med lange \u00e6rmer, rund halsudsk\u00e6ring og perfekt pasform.<br \/>\nBlusen er fremstillet i en eksklusiv viskose blanding best\u00e5ende af 96% ECOVERO\u2122 fibre og 4 % ELASTANE, hvilket g\u00f8r skjorten til en mere b\u00e6redygtig tilf\u00f8jelse til din garderobe. ECOVERO\u2122<br \/>\ner en mere b\u00e6redygtig viskosefiber, og for\u00e6dlingen og udvindingen af ECOVERO\u2122 fibrene sker under forhold, som sikrer en mere b\u00e6redygtig fremtid. L\u00e6s mere p\u00e5 https:\/\/www.ecovero.com\/<br \/>\nFeel good \u2013 Look good. Hos StyleStore.com tror vi p\u00e5 den lille l\u00e6kre luksusgarderobe, sammensat af de bedste materialer, i alsidige silhuetter, som du kan bruge s\u00e6son efter s\u00e6son, alt sammen<br \/>\ntilg\u00e6ngeligt til priser som giver mening. Modellen er 175 cm og ses i str. small.<\/p>\n","protected":false},"excerpt":{"rendered":"","protected":false},"featured_media":575251,"template":"","meta":{"_acf_changed":false},"product_brand":[],"product_cat":[125,122,123],"product_tag":[2151],"class_list":{"0":"post-575166","1":"product","2":"type-product","3":"status-publish","4":"has-post-thumbnail","6":"product_cat-bluser","7":"product_cat-t-shirts","8":"product_cat-toppe-toppe","9":"product_tag-b2b","12":"instock","13":"taxable","14":"shipping-taxable","15":"purchasable","16":"product-type-variable"},"acf":[],"yoast_head":"<!-- This site is optimized with the Yoast SEO plugin v23.8 - https:\/\/yoast.com\/wordpress\/plugins\/seo\/ -->\n<title>WBLLOLA LS TEE &#187; Stylestore.com Denmark<\/title>\n<meta name=\"robots\" content=\"index, follow, max-snippet:-1, max-image-preview:large, max-video-preview:-1\" \/>\n<link rel=\"canonical\" href=\"https:\/\/stylestore.com\/da\/product\/wbllola-ls-tee-4\/\" \/>\n<meta property=\"og:locale\" content=\"da_DK\" \/>\n<meta property=\"og:type\" content=\"article\" \/>\n<meta property=\"og:title\" content=\"WBLLOLA LS TEE &#187; Stylestore.com Denmark\" \/>\n<meta property=\"og:url\" content=\"https:\/\/stylestore.com\/da\/product\/wbllola-ls-tee-4\/\" \/>\n<meta property=\"og:site_name\" content=\"Stylestore.com Denmark\" \/>\n<meta property=\"article:modified_time\" content=\"2026-04-18T03:12:50+00:00\" \/>\n<meta name=\"twitter:card\" content=\"summary_large_image\" \/>\n<meta name=\"twitter:label1\" content=\"Estimeret l\u00e6setid\" \/>\n\t<meta name=\"twitter:data1\" content=\"1 minut\" \/>\n<script type=\"application\/ld+json\" class=\"yoast-schema-graph\">{\"@context\":\"https:\/\/schema.org\",\"@graph\":[{\"@type\":\"WebPage\",\"@id\":\"https:\/\/stylestore.com\/da\/product\/wbllola-ls-tee-4\/\",\"url\":\"https:\/\/stylestore.com\/da\/product\/wbllola-ls-tee-4\/\",\"name\":\"WBLLOLA LS TEE &#187; Stylestore.com Denmark\",\"isPartOf\":{\"@id\":\"https:\/\/stylestore.com\/da\/#website\"},\"primaryImageOfPage\":{\"@id\":\"https:\/\/stylestore.com\/da\/product\/wbllola-ls-tee-4\/#primaryimage\"},\"image\":{\"@id\":\"https:\/\/stylestore.com\/da\/product\/wbllola-ls-tee-4\/#primaryimage\"},\"thumbnailUrl\":\"https:\/\/stylestore.com\/da\/wp-content\/uploads\/sites\/3\/2025\/07\/WBLLOLA20LS20TEE20DUSTY20GREEN2001.jpg\",\"datePublished\":\"2025-07-08T11:18:47+00:00\",\"dateModified\":\"2026-04-18T03:12:50+00:00\",\"breadcrumb\":{\"@id\":\"https:\/\/stylestore.com\/da\/product\/wbllola-ls-tee-4\/#breadcrumb\"},\"inLanguage\":\"da-DK\",\"potentialAction\":[{\"@type\":\"ReadAction\",\"target\":[\"https:\/\/stylestore.com\/da\/product\/wbllola-ls-tee-4\/\"]}]},{\"@type\":\"ImageObject\",\"inLanguage\":\"da-DK\",\"@id\":\"https:\/\/stylestore.com\/da\/product\/wbllola-ls-tee-4\/#primaryimage\",\"url\":\"https:\/\/stylestore.com\/da\/wp-content\/uploads\/sites\/3\/2025\/07\/WBLLOLA20LS20TEE20DUSTY20GREEN2001.jpg\",\"contentUrl\":\"https:\/\/stylestore.com\/da\/wp-content\/uploads\/sites\/3\/2025\/07\/WBLLOLA20LS20TEE20DUSTY20GREEN2001.jpg\",\"width\":1067,\"height\":1600},{\"@type\":\"BreadcrumbList\",\"@id\":\"https:\/\/stylestore.com\/da\/product\/wbllola-ls-tee-4\/#breadcrumb\",\"itemListElement\":[{\"@type\":\"ListItem\",\"position\":1,\"name\":\"Home\",\"item\":\"https:\/\/stylestore.com\/da\/\"},{\"@type\":\"ListItem\",\"position\":2,\"name\":\"S\u00f8g\",\"item\":\"https:\/\/stylestore.com\/da\/soeg\/\"},{\"@type\":\"ListItem\",\"position\":3,\"name\":\"WBLLOLA LS TEE\"}]},{\"@type\":\"WebSite\",\"@id\":\"https:\/\/stylestore.com\/da\/#website\",\"url\":\"https:\/\/stylestore.com\/da\/\",\"name\":\"Stylestore.com Denmark\",\"description\":\"\",\"potentialAction\":[{\"@type\":\"SearchAction\",\"target\":{\"@type\":\"EntryPoint\",\"urlTemplate\":\"https:\/\/stylestore.com\/da\/?s={search_term_string}\"},\"query-input\":{\"@type\":\"PropertyValueSpecification\",\"valueRequired\":true,\"valueName\":\"search_term_string\"}}],\"inLanguage\":\"da-DK\"}]}<\/script>\n<!-- \/ Yoast SEO plugin. -->","yoast_head_json":{"title":"WBLLOLA LS TEE &#187; Stylestore.com Denmark","robots":{"index":"index","follow":"follow","max-snippet":"max-snippet:-1","max-image-preview":"max-image-preview:large","max-video-preview":"max-video-preview:-1"},"canonical":"https:\/\/stylestore.com\/da\/product\/wbllola-ls-tee-4\/","og_locale":"da_DK","og_type":"article","og_title":"WBLLOLA LS TEE &#187; Stylestore.com Denmark","og_url":"https:\/\/stylestore.com\/da\/product\/wbllola-ls-tee-4\/","og_site_name":"Stylestore.com Denmark","article_modified_time":"2026-04-18T03:12:50+00:00","twitter_card":"summary_large_image","twitter_misc":{"Estimeret l\u00e6setid":"1 minut"},"schema":{"@context":"https:\/\/schema.org","@graph":[{"@type":"WebPage","@id":"https:\/\/stylestore.com\/da\/product\/wbllola-ls-tee-4\/","url":"https:\/\/stylestore.com\/da\/product\/wbllola-ls-tee-4\/","name":"WBLLOLA LS TEE &#187; Stylestore.com Denmark","isPartOf":{"@id":"https:\/\/stylestore.com\/da\/#website"},"primaryImageOfPage":{"@id":"https:\/\/stylestore.com\/da\/product\/wbllola-ls-tee-4\/#primaryimage"},"image":{"@id":"https:\/\/stylestore.com\/da\/product\/wbllola-ls-tee-4\/#primaryimage"},"thumbnailUrl":"https:\/\/stylestore.com\/da\/wp-content\/uploads\/sites\/3\/2025\/07\/WBLLOLA20LS20TEE20DUSTY20GREEN2001.jpg","datePublished":"2025-07-08T11:18:47+00:00","dateModified":"2026-04-18T03:12:50+00:00","breadcrumb":{"@id":"https:\/\/stylestore.com\/da\/product\/wbllola-ls-tee-4\/#breadcrumb"},"inLanguage":"da-DK","potentialAction":[{"@type":"ReadAction","target":["https:\/\/stylestore.com\/da\/product\/wbllola-ls-tee-4\/"]}]},{"@type":"ImageObject","inLanguage":"da-DK","@id":"https:\/\/stylestore.com\/da\/product\/wbllola-ls-tee-4\/#primaryimage","url":"https:\/\/stylestore.com\/da\/wp-content\/uploads\/sites\/3\/2025\/07\/WBLLOLA20LS20TEE20DUSTY20GREEN2001.jpg","contentUrl":"https:\/\/stylestore.com\/da\/wp-content\/uploads\/sites\/3\/2025\/07\/WBLLOLA20LS20TEE20DUSTY20GREEN2001.jpg","width":1067,"height":1600},{"@type":"BreadcrumbList","@id":"https:\/\/stylestore.com\/da\/product\/wbllola-ls-tee-4\/#breadcrumb","itemListElement":[{"@type":"ListItem","position":1,"name":"Home","item":"https:\/\/stylestore.com\/da\/"},{"@type":"ListItem","position":2,"name":"S\u00f8g","item":"https:\/\/stylestore.com\/da\/soeg\/"},{"@type":"ListItem","position":3,"name":"WBLLOLA LS TEE"}]},{"@type":"WebSite","@id":"https:\/\/stylestore.com\/da\/#website","url":"https:\/\/stylestore.com\/da\/","name":"Stylestore.com Denmark","description":"","potentialAction":[{"@type":"SearchAction","target":{"@type":"EntryPoint","urlTemplate":"https:\/\/stylestore.com\/da\/?s={search_term_string}"},"query-input":{"@type":"PropertyValueSpecification","valueRequired":true,"valueName":"search_term_string"}}],"inLanguage":"da-DK"}]}},"_links":{"self":[{"href":"https:\/\/stylestore.com\/da\/wp-json\/wp\/v2\/product\/575166","targetHints":{"allow":["GET"]}}],"collection":[{"href":"https:\/\/stylestore.com\/da\/wp-json\/wp\/v2\/product"}],"about":[{"href":"https:\/\/stylestore.com\/da\/wp-json\/wp\/v2\/types\/product"}],"wp:featuredmedia":[{"embeddable":true,"href":"https:\/\/stylestore.com\/da\/wp-json\/wp\/v2\/media\/575251"}],"wp:attachment":[{"href":"https:\/\/stylestore.com\/da\/wp-json\/wp\/v2\/media?parent=575166"}],"wp:term":[{"taxonomy":"product_brand","embeddable":true,"href":"https:\/\/stylestore.com\/da\/wp-json\/wp\/v2\/product_brand?post=575166"},{"taxonomy":"product_cat","embeddable":true,"href":"https:\/\/stylestore.com\/da\/wp-json\/wp\/v2\/product_cat?post=575166"},{"taxonomy":"product_tag","embeddable":true,"href":"https:\/\/stylestore.com\/da\/wp-json\/wp\/v2\/product_tag?post=575166"}],"curies":[{"name":"wp","href":"https:\/\/api.w.org\/{rel}","templated":true}]}}