{"id":573830,"date":"2025-07-07T14:33:12","date_gmt":"2025-07-07T12:33:12","guid":{"rendered":"https:\/\/stylestore.com\/da\/product\/wbldordi-striped-tank\/"},"modified":"2026-04-14T07:43:03","modified_gmt":"2026-04-14T05:43:03","slug":"wbldordi-striped-tank","status":"publish","type":"product","link":"https:\/\/stylestore.com\/da\/product\/wbldordi-striped-tank\/","title":{"rendered":"WBLDORDI STRIPED TANK"},"content":{"rendered":"<p>Bl\u00f8dt ribstrik i bomuld\/modal-blanding<br \/>\nBasic tank med 4 cm skulder<br \/>\nRib ved hals og \u00e6rmegab<br \/>\nOver hofte l\u00e6ngde<br \/>\nSlim fit<\/p>\n<p>Modellen er 172 cm h\u00f8j og b\u00e6rer st\u00f8rrelse S.<br \/>\nProduktet er normal i st\u00f8rrelsen.<\/p>\n","protected":false},"excerpt":{"rendered":"","protected":false},"featured_media":573842,"template":"","meta":{"_acf_changed":false},"product_brand":[],"product_cat":[122,123],"product_tag":[2151,1849],"class_list":{"0":"post-573830","1":"product","2":"type-product","3":"status-publish","4":"has-post-thumbnail","6":"product_cat-t-shirts","7":"product_cat-toppe-toppe","8":"product_tag-b2b","9":"product_tag-noos","12":"instock","13":"taxable","14":"shipping-taxable","15":"purchasable","16":"product-type-variable"},"acf":[],"yoast_head":"<!-- This site is optimized with the Yoast SEO plugin v23.8 - https:\/\/yoast.com\/wordpress\/plugins\/seo\/ -->\n<title>WBLDORDI STRIPED TANK &#187; Stylestore.com Denmark<\/title>\n<meta name=\"robots\" content=\"index, follow, max-snippet:-1, max-image-preview:large, max-video-preview:-1\" \/>\n<link rel=\"canonical\" href=\"https:\/\/stylestore.com\/da\/product\/wbldordi-striped-tank\/\" \/>\n<meta property=\"og:locale\" content=\"da_DK\" \/>\n<meta property=\"og:type\" content=\"article\" \/>\n<meta property=\"og:title\" content=\"WBLDORDI STRIPED TANK &#187; Stylestore.com Denmark\" \/>\n<meta property=\"og:url\" content=\"https:\/\/stylestore.com\/da\/product\/wbldordi-striped-tank\/\" \/>\n<meta property=\"og:site_name\" content=\"Stylestore.com Denmark\" \/>\n<meta property=\"article:modified_time\" content=\"2026-04-14T05:43:03+00:00\" \/>\n<meta property=\"og:image\" content=\"https:\/\/stylestore.com\/da\/wp-content\/uploads\/sites\/3\/2025\/07\/Wbldordi_Striped_Tank_White_Black_Stripe00002.jpg\" \/>\n\t<meta property=\"og:image:width\" content=\"1234\" \/>\n\t<meta property=\"og:image:height\" content=\"1850\" \/>\n\t<meta property=\"og:image:type\" content=\"image\/jpeg\" \/>\n<meta name=\"twitter:card\" content=\"summary_large_image\" \/>\n<script type=\"application\/ld+json\" class=\"yoast-schema-graph\">{\"@context\":\"https:\/\/schema.org\",\"@graph\":[{\"@type\":\"WebPage\",\"@id\":\"https:\/\/stylestore.com\/da\/product\/wbldordi-striped-tank\/\",\"url\":\"https:\/\/stylestore.com\/da\/product\/wbldordi-striped-tank\/\",\"name\":\"WBLDORDI STRIPED TANK &#187; Stylestore.com Denmark\",\"isPartOf\":{\"@id\":\"https:\/\/stylestore.com\/da\/#website\"},\"primaryImageOfPage\":{\"@id\":\"https:\/\/stylestore.com\/da\/product\/wbldordi-striped-tank\/#primaryimage\"},\"image\":{\"@id\":\"https:\/\/stylestore.com\/da\/product\/wbldordi-striped-tank\/#primaryimage\"},\"thumbnailUrl\":\"https:\/\/stylestore.com\/da\/wp-content\/uploads\/sites\/3\/2025\/07\/Wbldordi_Striped_Tank_White_Black_Stripe00002.jpg\",\"datePublished\":\"2025-07-07T12:33:12+00:00\",\"dateModified\":\"2026-04-14T05:43:03+00:00\",\"breadcrumb\":{\"@id\":\"https:\/\/stylestore.com\/da\/product\/wbldordi-striped-tank\/#breadcrumb\"},\"inLanguage\":\"da-DK\",\"potentialAction\":[{\"@type\":\"ReadAction\",\"target\":[\"https:\/\/stylestore.com\/da\/product\/wbldordi-striped-tank\/\"]}]},{\"@type\":\"ImageObject\",\"inLanguage\":\"da-DK\",\"@id\":\"https:\/\/stylestore.com\/da\/product\/wbldordi-striped-tank\/#primaryimage\",\"url\":\"https:\/\/stylestore.com\/da\/wp-content\/uploads\/sites\/3\/2025\/07\/Wbldordi_Striped_Tank_White_Black_Stripe00002.jpg\",\"contentUrl\":\"https:\/\/stylestore.com\/da\/wp-content\/uploads\/sites\/3\/2025\/07\/Wbldordi_Striped_Tank_White_Black_Stripe00002.jpg\",\"width\":1234,\"height\":1850},{\"@type\":\"BreadcrumbList\",\"@id\":\"https:\/\/stylestore.com\/da\/product\/wbldordi-striped-tank\/#breadcrumb\",\"itemListElement\":[{\"@type\":\"ListItem\",\"position\":1,\"name\":\"Home\",\"item\":\"https:\/\/stylestore.com\/da\/\"},{\"@type\":\"ListItem\",\"position\":2,\"name\":\"S\u00f8g\",\"item\":\"https:\/\/stylestore.com\/da\/soeg\/\"},{\"@type\":\"ListItem\",\"position\":3,\"name\":\"WBLDORDI STRIPED TANK\"}]},{\"@type\":\"WebSite\",\"@id\":\"https:\/\/stylestore.com\/da\/#website\",\"url\":\"https:\/\/stylestore.com\/da\/\",\"name\":\"Stylestore.com Denmark\",\"description\":\"\",\"potentialAction\":[{\"@type\":\"SearchAction\",\"target\":{\"@type\":\"EntryPoint\",\"urlTemplate\":\"https:\/\/stylestore.com\/da\/?s={search_term_string}\"},\"query-input\":{\"@type\":\"PropertyValueSpecification\",\"valueRequired\":true,\"valueName\":\"search_term_string\"}}],\"inLanguage\":\"da-DK\"}]}<\/script>\n<!-- \/ Yoast SEO plugin. -->","yoast_head_json":{"title":"WBLDORDI STRIPED TANK &#187; Stylestore.com Denmark","robots":{"index":"index","follow":"follow","max-snippet":"max-snippet:-1","max-image-preview":"max-image-preview:large","max-video-preview":"max-video-preview:-1"},"canonical":"https:\/\/stylestore.com\/da\/product\/wbldordi-striped-tank\/","og_locale":"da_DK","og_type":"article","og_title":"WBLDORDI STRIPED TANK &#187; Stylestore.com Denmark","og_url":"https:\/\/stylestore.com\/da\/product\/wbldordi-striped-tank\/","og_site_name":"Stylestore.com Denmark","article_modified_time":"2026-04-14T05:43:03+00:00","og_image":[{"width":1234,"height":1850,"url":"https:\/\/stylestore.com\/da\/wp-content\/uploads\/sites\/3\/2025\/07\/Wbldordi_Striped_Tank_White_Black_Stripe00002.jpg","type":"image\/jpeg"}],"twitter_card":"summary_large_image","schema":{"@context":"https:\/\/schema.org","@graph":[{"@type":"WebPage","@id":"https:\/\/stylestore.com\/da\/product\/wbldordi-striped-tank\/","url":"https:\/\/stylestore.com\/da\/product\/wbldordi-striped-tank\/","name":"WBLDORDI STRIPED TANK &#187; Stylestore.com Denmark","isPartOf":{"@id":"https:\/\/stylestore.com\/da\/#website"},"primaryImageOfPage":{"@id":"https:\/\/stylestore.com\/da\/product\/wbldordi-striped-tank\/#primaryimage"},"image":{"@id":"https:\/\/stylestore.com\/da\/product\/wbldordi-striped-tank\/#primaryimage"},"thumbnailUrl":"https:\/\/stylestore.com\/da\/wp-content\/uploads\/sites\/3\/2025\/07\/Wbldordi_Striped_Tank_White_Black_Stripe00002.jpg","datePublished":"2025-07-07T12:33:12+00:00","dateModified":"2026-04-14T05:43:03+00:00","breadcrumb":{"@id":"https:\/\/stylestore.com\/da\/product\/wbldordi-striped-tank\/#breadcrumb"},"inLanguage":"da-DK","potentialAction":[{"@type":"ReadAction","target":["https:\/\/stylestore.com\/da\/product\/wbldordi-striped-tank\/"]}]},{"@type":"ImageObject","inLanguage":"da-DK","@id":"https:\/\/stylestore.com\/da\/product\/wbldordi-striped-tank\/#primaryimage","url":"https:\/\/stylestore.com\/da\/wp-content\/uploads\/sites\/3\/2025\/07\/Wbldordi_Striped_Tank_White_Black_Stripe00002.jpg","contentUrl":"https:\/\/stylestore.com\/da\/wp-content\/uploads\/sites\/3\/2025\/07\/Wbldordi_Striped_Tank_White_Black_Stripe00002.jpg","width":1234,"height":1850},{"@type":"BreadcrumbList","@id":"https:\/\/stylestore.com\/da\/product\/wbldordi-striped-tank\/#breadcrumb","itemListElement":[{"@type":"ListItem","position":1,"name":"Home","item":"https:\/\/stylestore.com\/da\/"},{"@type":"ListItem","position":2,"name":"S\u00f8g","item":"https:\/\/stylestore.com\/da\/soeg\/"},{"@type":"ListItem","position":3,"name":"WBLDORDI STRIPED TANK"}]},{"@type":"WebSite","@id":"https:\/\/stylestore.com\/da\/#website","url":"https:\/\/stylestore.com\/da\/","name":"Stylestore.com Denmark","description":"","potentialAction":[{"@type":"SearchAction","target":{"@type":"EntryPoint","urlTemplate":"https:\/\/stylestore.com\/da\/?s={search_term_string}"},"query-input":{"@type":"PropertyValueSpecification","valueRequired":true,"valueName":"search_term_string"}}],"inLanguage":"da-DK"}]}},"_links":{"self":[{"href":"https:\/\/stylestore.com\/da\/wp-json\/wp\/v2\/product\/573830","targetHints":{"allow":["GET"]}}],"collection":[{"href":"https:\/\/stylestore.com\/da\/wp-json\/wp\/v2\/product"}],"about":[{"href":"https:\/\/stylestore.com\/da\/wp-json\/wp\/v2\/types\/product"}],"wp:featuredmedia":[{"embeddable":true,"href":"https:\/\/stylestore.com\/da\/wp-json\/wp\/v2\/media\/573842"}],"wp:attachment":[{"href":"https:\/\/stylestore.com\/da\/wp-json\/wp\/v2\/media?parent=573830"}],"wp:term":[{"taxonomy":"product_brand","embeddable":true,"href":"https:\/\/stylestore.com\/da\/wp-json\/wp\/v2\/product_brand?post=573830"},{"taxonomy":"product_cat","embeddable":true,"href":"https:\/\/stylestore.com\/da\/wp-json\/wp\/v2\/product_cat?post=573830"},{"taxonomy":"product_tag","embeddable":true,"href":"https:\/\/stylestore.com\/da\/wp-json\/wp\/v2\/product_tag?post=573830"}],"curies":[{"name":"wp","href":"https:\/\/api.w.org\/{rel}","templated":true}]}}