{"id":572604,"date":"2025-07-04T10:11:31","date_gmt":"2025-07-04T08:11:31","guid":{"rendered":"https:\/\/stylestore.com\/da\/product\/wblpenelope-denim-maxi-skirt\/"},"modified":"2026-04-14T07:58:23","modified_gmt":"2026-04-14T05:58:23","slug":"wblpenelope-denim-maxi-skirt","status":"publish","type":"product","link":"https:\/\/stylestore.com\/da\/product\/wblpenelope-denim-maxi-skirt\/","title":{"rendered":"WBLPENELOPE DENIM MAXI SKIRT"},"content":{"rendered":"<p>Nederdel i bl\u00f8dt bomulds-\/lyocell-materiale<br \/>\nNormal pasform<br \/>\nBred facon<br \/>\nSkjult lynl\u00e5s bagp\u00e5<br \/>\nElastisk linning bagp\u00e5<br \/>\nBindeb\u00e5nd i taljen<br \/>\nPlissering foran<br \/>\nSidelommer<br \/>\nL\u00e6ngde over anklen<br \/>\nModellen er 172 cm h\u00f8j og b\u00e6rer st\u00f8rrelse S.<br \/>\nProduktet er normal i st\u00f8rrelsen.<\/p>\n","protected":false},"excerpt":{"rendered":"","protected":false},"featured_media":572616,"template":"","meta":{"_acf_changed":false},"product_brand":[],"product_cat":[21,110],"product_tag":[2151],"class_list":{"0":"post-572604","1":"product","2":"type-product","3":"status-publish","4":"has-post-thumbnail","6":"product_cat-bukser-og-nederdele","7":"product_cat-nederdele","8":"product_tag-b2b","11":"instock","12":"taxable","13":"shipping-taxable","14":"purchasable","15":"product-type-variable"},"acf":[],"yoast_head":"<!-- This site is optimized with the Yoast SEO plugin v23.8 - https:\/\/yoast.com\/wordpress\/plugins\/seo\/ -->\n<title>WBLPENELOPE DENIM MAXI SKIRT &#187; Stylestore.com Denmark<\/title>\n<meta name=\"robots\" content=\"index, follow, max-snippet:-1, max-image-preview:large, max-video-preview:-1\" \/>\n<link rel=\"canonical\" href=\"https:\/\/stylestore.com\/da\/product\/wblpenelope-denim-maxi-skirt\/\" \/>\n<meta property=\"og:locale\" content=\"da_DK\" \/>\n<meta property=\"og:type\" content=\"article\" \/>\n<meta property=\"og:title\" content=\"WBLPENELOPE DENIM MAXI SKIRT &#187; Stylestore.com Denmark\" \/>\n<meta property=\"og:url\" content=\"https:\/\/stylestore.com\/da\/product\/wblpenelope-denim-maxi-skirt\/\" \/>\n<meta property=\"og:site_name\" content=\"Stylestore.com Denmark\" \/>\n<meta property=\"article:modified_time\" content=\"2026-04-14T05:58:23+00:00\" \/>\n<meta property=\"og:image\" content=\"https:\/\/stylestore.com\/da\/wp-content\/uploads\/sites\/3\/2025\/07\/WBLPENELOPE_DENIM_MAXI_SKIRT_Indigo_Dawn3.jpg\" \/>\n\t<meta property=\"og:image:width\" content=\"1481\" \/>\n\t<meta property=\"og:image:height\" content=\"2220\" \/>\n\t<meta property=\"og:image:type\" content=\"image\/jpeg\" \/>\n<meta name=\"twitter:card\" content=\"summary_large_image\" \/>\n<script type=\"application\/ld+json\" class=\"yoast-schema-graph\">{\"@context\":\"https:\/\/schema.org\",\"@graph\":[{\"@type\":\"WebPage\",\"@id\":\"https:\/\/stylestore.com\/da\/product\/wblpenelope-denim-maxi-skirt\/\",\"url\":\"https:\/\/stylestore.com\/da\/product\/wblpenelope-denim-maxi-skirt\/\",\"name\":\"WBLPENELOPE DENIM MAXI SKIRT &#187; Stylestore.com Denmark\",\"isPartOf\":{\"@id\":\"https:\/\/stylestore.com\/da\/#website\"},\"primaryImageOfPage\":{\"@id\":\"https:\/\/stylestore.com\/da\/product\/wblpenelope-denim-maxi-skirt\/#primaryimage\"},\"image\":{\"@id\":\"https:\/\/stylestore.com\/da\/product\/wblpenelope-denim-maxi-skirt\/#primaryimage\"},\"thumbnailUrl\":\"https:\/\/stylestore.com\/da\/wp-content\/uploads\/sites\/3\/2025\/07\/WBLPENELOPE_DENIM_MAXI_SKIRT_Indigo_Dawn3.jpg\",\"datePublished\":\"2025-07-04T08:11:31+00:00\",\"dateModified\":\"2026-04-14T05:58:23+00:00\",\"breadcrumb\":{\"@id\":\"https:\/\/stylestore.com\/da\/product\/wblpenelope-denim-maxi-skirt\/#breadcrumb\"},\"inLanguage\":\"da-DK\",\"potentialAction\":[{\"@type\":\"ReadAction\",\"target\":[\"https:\/\/stylestore.com\/da\/product\/wblpenelope-denim-maxi-skirt\/\"]}]},{\"@type\":\"ImageObject\",\"inLanguage\":\"da-DK\",\"@id\":\"https:\/\/stylestore.com\/da\/product\/wblpenelope-denim-maxi-skirt\/#primaryimage\",\"url\":\"https:\/\/stylestore.com\/da\/wp-content\/uploads\/sites\/3\/2025\/07\/WBLPENELOPE_DENIM_MAXI_SKIRT_Indigo_Dawn3.jpg\",\"contentUrl\":\"https:\/\/stylestore.com\/da\/wp-content\/uploads\/sites\/3\/2025\/07\/WBLPENELOPE_DENIM_MAXI_SKIRT_Indigo_Dawn3.jpg\",\"width\":1481,\"height\":2220},{\"@type\":\"BreadcrumbList\",\"@id\":\"https:\/\/stylestore.com\/da\/product\/wblpenelope-denim-maxi-skirt\/#breadcrumb\",\"itemListElement\":[{\"@type\":\"ListItem\",\"position\":1,\"name\":\"Home\",\"item\":\"https:\/\/stylestore.com\/da\/\"},{\"@type\":\"ListItem\",\"position\":2,\"name\":\"S\u00f8g\",\"item\":\"https:\/\/stylestore.com\/da\/soeg\/\"},{\"@type\":\"ListItem\",\"position\":3,\"name\":\"WBLPENELOPE DENIM MAXI SKIRT\"}]},{\"@type\":\"WebSite\",\"@id\":\"https:\/\/stylestore.com\/da\/#website\",\"url\":\"https:\/\/stylestore.com\/da\/\",\"name\":\"Stylestore.com Denmark\",\"description\":\"\",\"potentialAction\":[{\"@type\":\"SearchAction\",\"target\":{\"@type\":\"EntryPoint\",\"urlTemplate\":\"https:\/\/stylestore.com\/da\/?s={search_term_string}\"},\"query-input\":{\"@type\":\"PropertyValueSpecification\",\"valueRequired\":true,\"valueName\":\"search_term_string\"}}],\"inLanguage\":\"da-DK\"}]}<\/script>\n<!-- \/ Yoast SEO plugin. -->","yoast_head_json":{"title":"WBLPENELOPE DENIM MAXI SKIRT &#187; Stylestore.com Denmark","robots":{"index":"index","follow":"follow","max-snippet":"max-snippet:-1","max-image-preview":"max-image-preview:large","max-video-preview":"max-video-preview:-1"},"canonical":"https:\/\/stylestore.com\/da\/product\/wblpenelope-denim-maxi-skirt\/","og_locale":"da_DK","og_type":"article","og_title":"WBLPENELOPE DENIM MAXI SKIRT &#187; Stylestore.com Denmark","og_url":"https:\/\/stylestore.com\/da\/product\/wblpenelope-denim-maxi-skirt\/","og_site_name":"Stylestore.com Denmark","article_modified_time":"2026-04-14T05:58:23+00:00","og_image":[{"width":1481,"height":2220,"url":"https:\/\/stylestore.com\/da\/wp-content\/uploads\/sites\/3\/2025\/07\/WBLPENELOPE_DENIM_MAXI_SKIRT_Indigo_Dawn3.jpg","type":"image\/jpeg"}],"twitter_card":"summary_large_image","schema":{"@context":"https:\/\/schema.org","@graph":[{"@type":"WebPage","@id":"https:\/\/stylestore.com\/da\/product\/wblpenelope-denim-maxi-skirt\/","url":"https:\/\/stylestore.com\/da\/product\/wblpenelope-denim-maxi-skirt\/","name":"WBLPENELOPE DENIM MAXI SKIRT &#187; Stylestore.com Denmark","isPartOf":{"@id":"https:\/\/stylestore.com\/da\/#website"},"primaryImageOfPage":{"@id":"https:\/\/stylestore.com\/da\/product\/wblpenelope-denim-maxi-skirt\/#primaryimage"},"image":{"@id":"https:\/\/stylestore.com\/da\/product\/wblpenelope-denim-maxi-skirt\/#primaryimage"},"thumbnailUrl":"https:\/\/stylestore.com\/da\/wp-content\/uploads\/sites\/3\/2025\/07\/WBLPENELOPE_DENIM_MAXI_SKIRT_Indigo_Dawn3.jpg","datePublished":"2025-07-04T08:11:31+00:00","dateModified":"2026-04-14T05:58:23+00:00","breadcrumb":{"@id":"https:\/\/stylestore.com\/da\/product\/wblpenelope-denim-maxi-skirt\/#breadcrumb"},"inLanguage":"da-DK","potentialAction":[{"@type":"ReadAction","target":["https:\/\/stylestore.com\/da\/product\/wblpenelope-denim-maxi-skirt\/"]}]},{"@type":"ImageObject","inLanguage":"da-DK","@id":"https:\/\/stylestore.com\/da\/product\/wblpenelope-denim-maxi-skirt\/#primaryimage","url":"https:\/\/stylestore.com\/da\/wp-content\/uploads\/sites\/3\/2025\/07\/WBLPENELOPE_DENIM_MAXI_SKIRT_Indigo_Dawn3.jpg","contentUrl":"https:\/\/stylestore.com\/da\/wp-content\/uploads\/sites\/3\/2025\/07\/WBLPENELOPE_DENIM_MAXI_SKIRT_Indigo_Dawn3.jpg","width":1481,"height":2220},{"@type":"BreadcrumbList","@id":"https:\/\/stylestore.com\/da\/product\/wblpenelope-denim-maxi-skirt\/#breadcrumb","itemListElement":[{"@type":"ListItem","position":1,"name":"Home","item":"https:\/\/stylestore.com\/da\/"},{"@type":"ListItem","position":2,"name":"S\u00f8g","item":"https:\/\/stylestore.com\/da\/soeg\/"},{"@type":"ListItem","position":3,"name":"WBLPENELOPE DENIM MAXI SKIRT"}]},{"@type":"WebSite","@id":"https:\/\/stylestore.com\/da\/#website","url":"https:\/\/stylestore.com\/da\/","name":"Stylestore.com Denmark","description":"","potentialAction":[{"@type":"SearchAction","target":{"@type":"EntryPoint","urlTemplate":"https:\/\/stylestore.com\/da\/?s={search_term_string}"},"query-input":{"@type":"PropertyValueSpecification","valueRequired":true,"valueName":"search_term_string"}}],"inLanguage":"da-DK"}]}},"_links":{"self":[{"href":"https:\/\/stylestore.com\/da\/wp-json\/wp\/v2\/product\/572604","targetHints":{"allow":["GET"]}}],"collection":[{"href":"https:\/\/stylestore.com\/da\/wp-json\/wp\/v2\/product"}],"about":[{"href":"https:\/\/stylestore.com\/da\/wp-json\/wp\/v2\/types\/product"}],"wp:featuredmedia":[{"embeddable":true,"href":"https:\/\/stylestore.com\/da\/wp-json\/wp\/v2\/media\/572616"}],"wp:attachment":[{"href":"https:\/\/stylestore.com\/da\/wp-json\/wp\/v2\/media?parent=572604"}],"wp:term":[{"taxonomy":"product_brand","embeddable":true,"href":"https:\/\/stylestore.com\/da\/wp-json\/wp\/v2\/product_brand?post=572604"},{"taxonomy":"product_cat","embeddable":true,"href":"https:\/\/stylestore.com\/da\/wp-json\/wp\/v2\/product_cat?post=572604"},{"taxonomy":"product_tag","embeddable":true,"href":"https:\/\/stylestore.com\/da\/wp-json\/wp\/v2\/product_tag?post=572604"}],"curies":[{"name":"wp","href":"https:\/\/api.w.org\/{rel}","templated":true}]}}