{"id":555424,"date":"2024-12-12T10:09:18","date_gmt":"2024-12-12T09:09:18","guid":{"rendered":"https:\/\/stylestore.com\/da\/product\/wblmyla-knit-cardigan\/"},"modified":"2026-04-14T07:31:30","modified_gmt":"2026-04-14T05:31:30","slug":"wblmyla-knit-cardigan","status":"publish","type":"product","link":"https:\/\/stylestore.com\/da\/product\/wblmyla-knit-cardigan\/","title":{"rendered":"WBLMYLA KNIT CARDIGAN"},"content":{"rendered":"<p>Uld\/alpaca-blanding<br \/>\nRund hals<br \/>\nLange \u00e6rmer<br \/>\nEnkel, fluffy strik<br \/>\nUnder taljen<br \/>\nNormal pasform<br \/>\nRibkant ved hals, \u00e6rmer og forneden<br \/>\nLukkes med knapper<\/p>\n<p>Modellen er 172 cm h\u00f8j og b\u00e6rer st\u00f8rrelse S<br \/>\nProduktet er normal i st\u00f8rrelsen<\/p>\n","protected":false},"excerpt":{"rendered":"FORUDBESTILLING AW25 | FORUDBESTILLINGSFRIST 28.02.2025","protected":false},"featured_media":556202,"template":"","meta":{"_acf_changed":false},"product_brand":[],"product_cat":[107,138],"product_tag":[2151],"class_list":{"0":"post-555424","1":"product","2":"type-product","3":"status-publish","4":"has-post-thumbnail","6":"product_cat-strik","7":"product_cat-strik-cardigans","8":"product_tag-b2b","11":"instock","12":"taxable","13":"shipping-taxable","14":"purchasable","15":"product-type-variable"},"acf":[],"yoast_head":"<!-- This site is optimized with the Yoast SEO plugin v23.8 - https:\/\/yoast.com\/wordpress\/plugins\/seo\/ -->\n<title>WBLMYLA KNIT CARDIGAN &#187; Stylestore.com Denmark<\/title>\n<meta name=\"robots\" content=\"index, follow, max-snippet:-1, max-image-preview:large, max-video-preview:-1\" \/>\n<link rel=\"canonical\" href=\"https:\/\/stylestore.com\/da\/product\/wblmyla-knit-cardigan\/\" \/>\n<meta property=\"og:locale\" content=\"da_DK\" \/>\n<meta property=\"og:type\" content=\"article\" \/>\n<meta property=\"og:title\" content=\"WBLMYLA KNIT CARDIGAN &#187; Stylestore.com Denmark\" \/>\n<meta property=\"og:description\" content=\"FORUDBESTILLING AW25 | FORUDBESTILLINGSFRIST 28.02.2025\" \/>\n<meta property=\"og:url\" content=\"https:\/\/stylestore.com\/da\/product\/wblmyla-knit-cardigan\/\" \/>\n<meta property=\"og:site_name\" content=\"Stylestore.com Denmark\" \/>\n<meta property=\"article:modified_time\" content=\"2026-04-14T05:31:30+00:00\" \/>\n<meta property=\"og:image\" content=\"https:\/\/stylestore.com\/da\/wp-content\/uploads\/sites\/3\/2024\/12\/Wblmyla_Ls_Cardigan_Almond_Cream1.jpg\" \/>\n\t<meta property=\"og:image:width\" content=\"1531\" \/>\n\t<meta property=\"og:image:height\" content=\"2295\" \/>\n\t<meta property=\"og:image:type\" content=\"image\/jpeg\" \/>\n<meta name=\"twitter:card\" content=\"summary_large_image\" \/>\n<script type=\"application\/ld+json\" class=\"yoast-schema-graph\">{\"@context\":\"https:\/\/schema.org\",\"@graph\":[{\"@type\":\"WebPage\",\"@id\":\"https:\/\/stylestore.com\/da\/product\/wblmyla-knit-cardigan\/\",\"url\":\"https:\/\/stylestore.com\/da\/product\/wblmyla-knit-cardigan\/\",\"name\":\"WBLMYLA KNIT CARDIGAN &#187; Stylestore.com Denmark\",\"isPartOf\":{\"@id\":\"https:\/\/stylestore.com\/da\/#website\"},\"primaryImageOfPage\":{\"@id\":\"https:\/\/stylestore.com\/da\/product\/wblmyla-knit-cardigan\/#primaryimage\"},\"image\":{\"@id\":\"https:\/\/stylestore.com\/da\/product\/wblmyla-knit-cardigan\/#primaryimage\"},\"thumbnailUrl\":\"https:\/\/stylestore.com\/da\/wp-content\/uploads\/sites\/3\/2024\/12\/Wblmyla_Ls_Cardigan_Almond_Cream1.jpg\",\"datePublished\":\"2024-12-12T09:09:18+00:00\",\"dateModified\":\"2026-04-14T05:31:30+00:00\",\"breadcrumb\":{\"@id\":\"https:\/\/stylestore.com\/da\/product\/wblmyla-knit-cardigan\/#breadcrumb\"},\"inLanguage\":\"da-DK\",\"potentialAction\":[{\"@type\":\"ReadAction\",\"target\":[\"https:\/\/stylestore.com\/da\/product\/wblmyla-knit-cardigan\/\"]}]},{\"@type\":\"ImageObject\",\"inLanguage\":\"da-DK\",\"@id\":\"https:\/\/stylestore.com\/da\/product\/wblmyla-knit-cardigan\/#primaryimage\",\"url\":\"https:\/\/stylestore.com\/da\/wp-content\/uploads\/sites\/3\/2024\/12\/Wblmyla_Ls_Cardigan_Almond_Cream1.jpg\",\"contentUrl\":\"https:\/\/stylestore.com\/da\/wp-content\/uploads\/sites\/3\/2024\/12\/Wblmyla_Ls_Cardigan_Almond_Cream1.jpg\",\"width\":1531,\"height\":2295},{\"@type\":\"BreadcrumbList\",\"@id\":\"https:\/\/stylestore.com\/da\/product\/wblmyla-knit-cardigan\/#breadcrumb\",\"itemListElement\":[{\"@type\":\"ListItem\",\"position\":1,\"name\":\"Home\",\"item\":\"https:\/\/stylestore.com\/da\/\"},{\"@type\":\"ListItem\",\"position\":2,\"name\":\"S\u00f8g\",\"item\":\"https:\/\/stylestore.com\/da\/soeg\/\"},{\"@type\":\"ListItem\",\"position\":3,\"name\":\"WBLMYLA KNIT CARDIGAN\"}]},{\"@type\":\"WebSite\",\"@id\":\"https:\/\/stylestore.com\/da\/#website\",\"url\":\"https:\/\/stylestore.com\/da\/\",\"name\":\"Stylestore.com Denmark\",\"description\":\"\",\"potentialAction\":[{\"@type\":\"SearchAction\",\"target\":{\"@type\":\"EntryPoint\",\"urlTemplate\":\"https:\/\/stylestore.com\/da\/?s={search_term_string}\"},\"query-input\":{\"@type\":\"PropertyValueSpecification\",\"valueRequired\":true,\"valueName\":\"search_term_string\"}}],\"inLanguage\":\"da-DK\"}]}<\/script>\n<!-- \/ Yoast SEO plugin. -->","yoast_head_json":{"title":"WBLMYLA KNIT CARDIGAN &#187; Stylestore.com Denmark","robots":{"index":"index","follow":"follow","max-snippet":"max-snippet:-1","max-image-preview":"max-image-preview:large","max-video-preview":"max-video-preview:-1"},"canonical":"https:\/\/stylestore.com\/da\/product\/wblmyla-knit-cardigan\/","og_locale":"da_DK","og_type":"article","og_title":"WBLMYLA KNIT CARDIGAN &#187; Stylestore.com Denmark","og_description":"FORUDBESTILLING AW25 | FORUDBESTILLINGSFRIST 28.02.2025","og_url":"https:\/\/stylestore.com\/da\/product\/wblmyla-knit-cardigan\/","og_site_name":"Stylestore.com Denmark","article_modified_time":"2026-04-14T05:31:30+00:00","og_image":[{"width":1531,"height":2295,"url":"https:\/\/stylestore.com\/da\/wp-content\/uploads\/sites\/3\/2024\/12\/Wblmyla_Ls_Cardigan_Almond_Cream1.jpg","type":"image\/jpeg"}],"twitter_card":"summary_large_image","schema":{"@context":"https:\/\/schema.org","@graph":[{"@type":"WebPage","@id":"https:\/\/stylestore.com\/da\/product\/wblmyla-knit-cardigan\/","url":"https:\/\/stylestore.com\/da\/product\/wblmyla-knit-cardigan\/","name":"WBLMYLA KNIT CARDIGAN &#187; Stylestore.com Denmark","isPartOf":{"@id":"https:\/\/stylestore.com\/da\/#website"},"primaryImageOfPage":{"@id":"https:\/\/stylestore.com\/da\/product\/wblmyla-knit-cardigan\/#primaryimage"},"image":{"@id":"https:\/\/stylestore.com\/da\/product\/wblmyla-knit-cardigan\/#primaryimage"},"thumbnailUrl":"https:\/\/stylestore.com\/da\/wp-content\/uploads\/sites\/3\/2024\/12\/Wblmyla_Ls_Cardigan_Almond_Cream1.jpg","datePublished":"2024-12-12T09:09:18+00:00","dateModified":"2026-04-14T05:31:30+00:00","breadcrumb":{"@id":"https:\/\/stylestore.com\/da\/product\/wblmyla-knit-cardigan\/#breadcrumb"},"inLanguage":"da-DK","potentialAction":[{"@type":"ReadAction","target":["https:\/\/stylestore.com\/da\/product\/wblmyla-knit-cardigan\/"]}]},{"@type":"ImageObject","inLanguage":"da-DK","@id":"https:\/\/stylestore.com\/da\/product\/wblmyla-knit-cardigan\/#primaryimage","url":"https:\/\/stylestore.com\/da\/wp-content\/uploads\/sites\/3\/2024\/12\/Wblmyla_Ls_Cardigan_Almond_Cream1.jpg","contentUrl":"https:\/\/stylestore.com\/da\/wp-content\/uploads\/sites\/3\/2024\/12\/Wblmyla_Ls_Cardigan_Almond_Cream1.jpg","width":1531,"height":2295},{"@type":"BreadcrumbList","@id":"https:\/\/stylestore.com\/da\/product\/wblmyla-knit-cardigan\/#breadcrumb","itemListElement":[{"@type":"ListItem","position":1,"name":"Home","item":"https:\/\/stylestore.com\/da\/"},{"@type":"ListItem","position":2,"name":"S\u00f8g","item":"https:\/\/stylestore.com\/da\/soeg\/"},{"@type":"ListItem","position":3,"name":"WBLMYLA KNIT CARDIGAN"}]},{"@type":"WebSite","@id":"https:\/\/stylestore.com\/da\/#website","url":"https:\/\/stylestore.com\/da\/","name":"Stylestore.com Denmark","description":"","potentialAction":[{"@type":"SearchAction","target":{"@type":"EntryPoint","urlTemplate":"https:\/\/stylestore.com\/da\/?s={search_term_string}"},"query-input":{"@type":"PropertyValueSpecification","valueRequired":true,"valueName":"search_term_string"}}],"inLanguage":"da-DK"}]}},"_links":{"self":[{"href":"https:\/\/stylestore.com\/da\/wp-json\/wp\/v2\/product\/555424","targetHints":{"allow":["GET"]}}],"collection":[{"href":"https:\/\/stylestore.com\/da\/wp-json\/wp\/v2\/product"}],"about":[{"href":"https:\/\/stylestore.com\/da\/wp-json\/wp\/v2\/types\/product"}],"wp:featuredmedia":[{"embeddable":true,"href":"https:\/\/stylestore.com\/da\/wp-json\/wp\/v2\/media\/556202"}],"wp:attachment":[{"href":"https:\/\/stylestore.com\/da\/wp-json\/wp\/v2\/media?parent=555424"}],"wp:term":[{"taxonomy":"product_brand","embeddable":true,"href":"https:\/\/stylestore.com\/da\/wp-json\/wp\/v2\/product_brand?post=555424"},{"taxonomy":"product_cat","embeddable":true,"href":"https:\/\/stylestore.com\/da\/wp-json\/wp\/v2\/product_cat?post=555424"},{"taxonomy":"product_tag","embeddable":true,"href":"https:\/\/stylestore.com\/da\/wp-json\/wp\/v2\/product_tag?post=555424"}],"curies":[{"name":"wp","href":"https:\/\/api.w.org\/{rel}","templated":true}]}}