{"id":555375,"date":"2024-12-12T09:44:18","date_gmt":"2024-12-12T08:44:18","guid":{"rendered":"https:\/\/stylestore.com\/da\/product\/wblvalentina-tailored-vest\/"},"modified":"2026-04-16T07:53:45","modified_gmt":"2026-04-16T05:53:45","slug":"wblvalentina-tailored-vest","status":"publish","type":"product","link":"https:\/\/stylestore.com\/da\/product\/wblvalentina-tailored-vest\/","title":{"rendered":"WBLVALENTINA TAILORED VEST"},"content":{"rendered":"<p>Mjuk brun melange twill med Tencel<br \/>\nS\u00e4nkta axlar<br \/>\nFodrad<br \/>\nNormal passform<br \/>\nL\u00e4ngd under midjan<br \/>\nKlassisk krage<br \/>\nSt\u00e4ngd dragkedja<br \/>\nFickor med kantband fram<br \/>\nVeckdetalj bak<br \/>\nElastisk \u00e4rmslut<br \/>\nElastisk nederkant<\/p>\n<p>Modellen \u00e4r 172 cm l\u00e5ng och b\u00e4r storlek S<br \/>\nProdukten \u00e4r normal i storleken<\/p>\n","protected":false},"excerpt":{"rendered":"FORUDBESTILLING AW25 | FORUDBESTILLINGSFRIST 28.02.2025","protected":false},"featured_media":556418,"template":"","meta":{"_acf_changed":false},"product_brand":[],"product_cat":[117,19],"product_tag":[2151],"class_list":{"0":"post-555375","1":"product","2":"type-product","3":"status-publish","4":"has-post-thumbnail","6":"product_cat-blazere","7":"product_cat-tailormade","8":"product_tag-b2b","11":"instock","12":"taxable","13":"shipping-taxable","14":"purchasable","15":"product-type-variable"},"acf":[],"yoast_head":"<!-- This site is optimized with the Yoast SEO plugin v23.8 - https:\/\/yoast.com\/wordpress\/plugins\/seo\/ -->\n<title>WBLVALENTINA TAILORED VEST &#187; Stylestore.com Denmark<\/title>\n<meta name=\"robots\" content=\"index, follow, max-snippet:-1, max-image-preview:large, max-video-preview:-1\" \/>\n<link rel=\"canonical\" href=\"https:\/\/stylestore.com\/da\/product\/wblvalentina-tailored-vest\/\" \/>\n<meta property=\"og:locale\" content=\"da_DK\" \/>\n<meta property=\"og:type\" content=\"article\" \/>\n<meta property=\"og:title\" content=\"WBLVALENTINA TAILORED VEST &#187; Stylestore.com Denmark\" \/>\n<meta property=\"og:description\" content=\"FORUDBESTILLING AW25 | FORUDBESTILLINGSFRIST 28.02.2025\" \/>\n<meta property=\"og:url\" content=\"https:\/\/stylestore.com\/da\/product\/wblvalentina-tailored-vest\/\" \/>\n<meta property=\"og:site_name\" content=\"Stylestore.com Denmark\" \/>\n<meta property=\"article:modified_time\" content=\"2026-04-16T05:53:45+00:00\" \/>\n<meta property=\"og:image\" content=\"https:\/\/stylestore.com\/da\/wp-content\/uploads\/sites\/3\/2024\/12\/Wblvalentina_Tailored_Waistcoat_Falcon_Melange1.jpg\" \/>\n\t<meta property=\"og:image:width\" content=\"1499\" \/>\n\t<meta property=\"og:image:height\" content=\"2248\" \/>\n\t<meta property=\"og:image:type\" content=\"image\/jpeg\" \/>\n<meta name=\"twitter:card\" content=\"summary_large_image\" \/>\n<script type=\"application\/ld+json\" class=\"yoast-schema-graph\">{\"@context\":\"https:\/\/schema.org\",\"@graph\":[{\"@type\":\"WebPage\",\"@id\":\"https:\/\/stylestore.com\/da\/product\/wblvalentina-tailored-vest\/\",\"url\":\"https:\/\/stylestore.com\/da\/product\/wblvalentina-tailored-vest\/\",\"name\":\"WBLVALENTINA TAILORED VEST &#187; Stylestore.com Denmark\",\"isPartOf\":{\"@id\":\"https:\/\/stylestore.com\/da\/#website\"},\"primaryImageOfPage\":{\"@id\":\"https:\/\/stylestore.com\/da\/product\/wblvalentina-tailored-vest\/#primaryimage\"},\"image\":{\"@id\":\"https:\/\/stylestore.com\/da\/product\/wblvalentina-tailored-vest\/#primaryimage\"},\"thumbnailUrl\":\"https:\/\/stylestore.com\/da\/wp-content\/uploads\/sites\/3\/2024\/12\/Wblvalentina_Tailored_Waistcoat_Falcon_Melange1.jpg\",\"datePublished\":\"2024-12-12T08:44:18+00:00\",\"dateModified\":\"2026-04-16T05:53:45+00:00\",\"breadcrumb\":{\"@id\":\"https:\/\/stylestore.com\/da\/product\/wblvalentina-tailored-vest\/#breadcrumb\"},\"inLanguage\":\"da-DK\",\"potentialAction\":[{\"@type\":\"ReadAction\",\"target\":[\"https:\/\/stylestore.com\/da\/product\/wblvalentina-tailored-vest\/\"]}]},{\"@type\":\"ImageObject\",\"inLanguage\":\"da-DK\",\"@id\":\"https:\/\/stylestore.com\/da\/product\/wblvalentina-tailored-vest\/#primaryimage\",\"url\":\"https:\/\/stylestore.com\/da\/wp-content\/uploads\/sites\/3\/2024\/12\/Wblvalentina_Tailored_Waistcoat_Falcon_Melange1.jpg\",\"contentUrl\":\"https:\/\/stylestore.com\/da\/wp-content\/uploads\/sites\/3\/2024\/12\/Wblvalentina_Tailored_Waistcoat_Falcon_Melange1.jpg\",\"width\":1499,\"height\":2248},{\"@type\":\"BreadcrumbList\",\"@id\":\"https:\/\/stylestore.com\/da\/product\/wblvalentina-tailored-vest\/#breadcrumb\",\"itemListElement\":[{\"@type\":\"ListItem\",\"position\":1,\"name\":\"Home\",\"item\":\"https:\/\/stylestore.com\/da\/\"},{\"@type\":\"ListItem\",\"position\":2,\"name\":\"S\u00f8g\",\"item\":\"https:\/\/stylestore.com\/da\/soeg\/\"},{\"@type\":\"ListItem\",\"position\":3,\"name\":\"WBLVALENTINA TAILORED VEST\"}]},{\"@type\":\"WebSite\",\"@id\":\"https:\/\/stylestore.com\/da\/#website\",\"url\":\"https:\/\/stylestore.com\/da\/\",\"name\":\"Stylestore.com Denmark\",\"description\":\"\",\"potentialAction\":[{\"@type\":\"SearchAction\",\"target\":{\"@type\":\"EntryPoint\",\"urlTemplate\":\"https:\/\/stylestore.com\/da\/?s={search_term_string}\"},\"query-input\":{\"@type\":\"PropertyValueSpecification\",\"valueRequired\":true,\"valueName\":\"search_term_string\"}}],\"inLanguage\":\"da-DK\"}]}<\/script>\n<!-- \/ Yoast SEO plugin. -->","yoast_head_json":{"title":"WBLVALENTINA TAILORED VEST &#187; Stylestore.com Denmark","robots":{"index":"index","follow":"follow","max-snippet":"max-snippet:-1","max-image-preview":"max-image-preview:large","max-video-preview":"max-video-preview:-1"},"canonical":"https:\/\/stylestore.com\/da\/product\/wblvalentina-tailored-vest\/","og_locale":"da_DK","og_type":"article","og_title":"WBLVALENTINA TAILORED VEST &#187; Stylestore.com Denmark","og_description":"FORUDBESTILLING AW25 | FORUDBESTILLINGSFRIST 28.02.2025","og_url":"https:\/\/stylestore.com\/da\/product\/wblvalentina-tailored-vest\/","og_site_name":"Stylestore.com Denmark","article_modified_time":"2026-04-16T05:53:45+00:00","og_image":[{"width":1499,"height":2248,"url":"https:\/\/stylestore.com\/da\/wp-content\/uploads\/sites\/3\/2024\/12\/Wblvalentina_Tailored_Waistcoat_Falcon_Melange1.jpg","type":"image\/jpeg"}],"twitter_card":"summary_large_image","schema":{"@context":"https:\/\/schema.org","@graph":[{"@type":"WebPage","@id":"https:\/\/stylestore.com\/da\/product\/wblvalentina-tailored-vest\/","url":"https:\/\/stylestore.com\/da\/product\/wblvalentina-tailored-vest\/","name":"WBLVALENTINA TAILORED VEST &#187; Stylestore.com Denmark","isPartOf":{"@id":"https:\/\/stylestore.com\/da\/#website"},"primaryImageOfPage":{"@id":"https:\/\/stylestore.com\/da\/product\/wblvalentina-tailored-vest\/#primaryimage"},"image":{"@id":"https:\/\/stylestore.com\/da\/product\/wblvalentina-tailored-vest\/#primaryimage"},"thumbnailUrl":"https:\/\/stylestore.com\/da\/wp-content\/uploads\/sites\/3\/2024\/12\/Wblvalentina_Tailored_Waistcoat_Falcon_Melange1.jpg","datePublished":"2024-12-12T08:44:18+00:00","dateModified":"2026-04-16T05:53:45+00:00","breadcrumb":{"@id":"https:\/\/stylestore.com\/da\/product\/wblvalentina-tailored-vest\/#breadcrumb"},"inLanguage":"da-DK","potentialAction":[{"@type":"ReadAction","target":["https:\/\/stylestore.com\/da\/product\/wblvalentina-tailored-vest\/"]}]},{"@type":"ImageObject","inLanguage":"da-DK","@id":"https:\/\/stylestore.com\/da\/product\/wblvalentina-tailored-vest\/#primaryimage","url":"https:\/\/stylestore.com\/da\/wp-content\/uploads\/sites\/3\/2024\/12\/Wblvalentina_Tailored_Waistcoat_Falcon_Melange1.jpg","contentUrl":"https:\/\/stylestore.com\/da\/wp-content\/uploads\/sites\/3\/2024\/12\/Wblvalentina_Tailored_Waistcoat_Falcon_Melange1.jpg","width":1499,"height":2248},{"@type":"BreadcrumbList","@id":"https:\/\/stylestore.com\/da\/product\/wblvalentina-tailored-vest\/#breadcrumb","itemListElement":[{"@type":"ListItem","position":1,"name":"Home","item":"https:\/\/stylestore.com\/da\/"},{"@type":"ListItem","position":2,"name":"S\u00f8g","item":"https:\/\/stylestore.com\/da\/soeg\/"},{"@type":"ListItem","position":3,"name":"WBLVALENTINA TAILORED VEST"}]},{"@type":"WebSite","@id":"https:\/\/stylestore.com\/da\/#website","url":"https:\/\/stylestore.com\/da\/","name":"Stylestore.com Denmark","description":"","potentialAction":[{"@type":"SearchAction","target":{"@type":"EntryPoint","urlTemplate":"https:\/\/stylestore.com\/da\/?s={search_term_string}"},"query-input":{"@type":"PropertyValueSpecification","valueRequired":true,"valueName":"search_term_string"}}],"inLanguage":"da-DK"}]}},"_links":{"self":[{"href":"https:\/\/stylestore.com\/da\/wp-json\/wp\/v2\/product\/555375","targetHints":{"allow":["GET"]}}],"collection":[{"href":"https:\/\/stylestore.com\/da\/wp-json\/wp\/v2\/product"}],"about":[{"href":"https:\/\/stylestore.com\/da\/wp-json\/wp\/v2\/types\/product"}],"wp:featuredmedia":[{"embeddable":true,"href":"https:\/\/stylestore.com\/da\/wp-json\/wp\/v2\/media\/556418"}],"wp:attachment":[{"href":"https:\/\/stylestore.com\/da\/wp-json\/wp\/v2\/media?parent=555375"}],"wp:term":[{"taxonomy":"product_brand","embeddable":true,"href":"https:\/\/stylestore.com\/da\/wp-json\/wp\/v2\/product_brand?post=555375"},{"taxonomy":"product_cat","embeddable":true,"href":"https:\/\/stylestore.com\/da\/wp-json\/wp\/v2\/product_cat?post=555375"},{"taxonomy":"product_tag","embeddable":true,"href":"https:\/\/stylestore.com\/da\/wp-json\/wp\/v2\/product_tag?post=555375"}],"curies":[{"name":"wp","href":"https:\/\/api.w.org\/{rel}","templated":true}]}}