{"id":554915,"date":"2024-12-11T15:52:23","date_gmt":"2024-12-11T14:52:23","guid":{"rendered":"https:\/\/stylestore.com\/da\/product\/wblharlow-ls-pullover-3\/"},"modified":"2026-04-14T07:27:20","modified_gmt":"2026-04-14T05:27:20","slug":"wblharlow-ls-pullover-3","status":"publish","type":"product","link":"https:\/\/stylestore.com\/da\/product\/wblharlow-ls-pullover-3\/","title":{"rendered":"WBLHARLOW LS PULLOVER"},"content":{"rendered":"<p>Uld\/kashmirblanding<br \/>\nH\u00f8j ribkant ved halsen<br \/>\nBl\u00f8dt, ensfarvet strik<br \/>\nS\u00e6nkede skuldre<br \/>\nSlids i siderne<br \/>\nHofte l\u00e6ngde<br \/>\nNormal pasform<br \/>\nRibkant ved forneden<br \/>\nRibkant ved \u00e6rmerne<\/p>\n<p>Modellen er 172 cm h\u00f8j og b\u00e6rer st\u00f8rrelse S<br \/>\nProduktet er normal i st\u00f8rrelsen<\/p>\n","protected":false},"excerpt":{"rendered":"FORUDBESTILLING AW25 | FORUDBESTILLINGSFRIST 28.02.2025","protected":false},"featured_media":556455,"template":"","meta":{"_acf_changed":false},"product_brand":[],"product_cat":[107,137],"product_tag":[2151],"class_list":{"0":"post-554915","1":"product","2":"type-product","3":"status-publish","4":"has-post-thumbnail","6":"product_cat-strik","7":"product_cat-strik-pullovers","8":"product_tag-b2b","11":"outofstock","12":"taxable","13":"shipping-taxable","14":"purchasable","15":"product-type-variable"},"acf":[],"yoast_head":"<!-- This site is optimized with the Yoast SEO plugin v23.8 - https:\/\/yoast.com\/wordpress\/plugins\/seo\/ -->\n<title>WBLHARLOW LS PULLOVER &#187; Stylestore.com Denmark<\/title>\n<meta name=\"robots\" content=\"index, follow, max-snippet:-1, max-image-preview:large, max-video-preview:-1\" \/>\n<link rel=\"canonical\" href=\"https:\/\/stylestore.com\/da\/product\/wblharlow-ls-pullover-3\/\" \/>\n<meta property=\"og:locale\" content=\"da_DK\" \/>\n<meta property=\"og:type\" content=\"article\" \/>\n<meta property=\"og:title\" content=\"WBLHARLOW LS PULLOVER &#187; Stylestore.com Denmark\" \/>\n<meta property=\"og:description\" content=\"FORUDBESTILLING AW25 | FORUDBESTILLINGSFRIST 28.02.2025\" \/>\n<meta property=\"og:url\" content=\"https:\/\/stylestore.com\/da\/product\/wblharlow-ls-pullover-3\/\" \/>\n<meta property=\"og:site_name\" content=\"Stylestore.com Denmark\" \/>\n<meta property=\"article:modified_time\" content=\"2026-04-14T05:27:20+00:00\" \/>\n<meta property=\"og:image\" content=\"https:\/\/stylestore.com\/da\/wp-content\/uploads\/sites\/3\/2024\/12\/Wblharlow_Ls_High_neck_Pullover_Windsor_Wine_Melange-1-scaled.jpg\" \/>\n\t<meta property=\"og:image:width\" content=\"1706\" \/>\n\t<meta property=\"og:image:height\" content=\"2560\" \/>\n\t<meta property=\"og:image:type\" content=\"image\/jpeg\" \/>\n<meta name=\"twitter:card\" content=\"summary_large_image\" \/>\n<script type=\"application\/ld+json\" class=\"yoast-schema-graph\">{\"@context\":\"https:\/\/schema.org\",\"@graph\":[{\"@type\":\"WebPage\",\"@id\":\"https:\/\/stylestore.com\/da\/product\/wblharlow-ls-pullover-3\/\",\"url\":\"https:\/\/stylestore.com\/da\/product\/wblharlow-ls-pullover-3\/\",\"name\":\"WBLHARLOW LS PULLOVER &#187; Stylestore.com Denmark\",\"isPartOf\":{\"@id\":\"https:\/\/stylestore.com\/da\/#website\"},\"primaryImageOfPage\":{\"@id\":\"https:\/\/stylestore.com\/da\/product\/wblharlow-ls-pullover-3\/#primaryimage\"},\"image\":{\"@id\":\"https:\/\/stylestore.com\/da\/product\/wblharlow-ls-pullover-3\/#primaryimage\"},\"thumbnailUrl\":\"https:\/\/stylestore.com\/da\/wp-content\/uploads\/sites\/3\/2024\/12\/Wblharlow_Ls_High_neck_Pullover_Windsor_Wine_Melange-1-scaled.jpg\",\"datePublished\":\"2024-12-11T14:52:23+00:00\",\"dateModified\":\"2026-04-14T05:27:20+00:00\",\"breadcrumb\":{\"@id\":\"https:\/\/stylestore.com\/da\/product\/wblharlow-ls-pullover-3\/#breadcrumb\"},\"inLanguage\":\"da-DK\",\"potentialAction\":[{\"@type\":\"ReadAction\",\"target\":[\"https:\/\/stylestore.com\/da\/product\/wblharlow-ls-pullover-3\/\"]}]},{\"@type\":\"ImageObject\",\"inLanguage\":\"da-DK\",\"@id\":\"https:\/\/stylestore.com\/da\/product\/wblharlow-ls-pullover-3\/#primaryimage\",\"url\":\"https:\/\/stylestore.com\/da\/wp-content\/uploads\/sites\/3\/2024\/12\/Wblharlow_Ls_High_neck_Pullover_Windsor_Wine_Melange-1-scaled.jpg\",\"contentUrl\":\"https:\/\/stylestore.com\/da\/wp-content\/uploads\/sites\/3\/2024\/12\/Wblharlow_Ls_High_neck_Pullover_Windsor_Wine_Melange-1-scaled.jpg\",\"width\":1706,\"height\":2560},{\"@type\":\"BreadcrumbList\",\"@id\":\"https:\/\/stylestore.com\/da\/product\/wblharlow-ls-pullover-3\/#breadcrumb\",\"itemListElement\":[{\"@type\":\"ListItem\",\"position\":1,\"name\":\"Home\",\"item\":\"https:\/\/stylestore.com\/da\/\"},{\"@type\":\"ListItem\",\"position\":2,\"name\":\"S\u00f8g\",\"item\":\"https:\/\/stylestore.com\/da\/soeg\/\"},{\"@type\":\"ListItem\",\"position\":3,\"name\":\"WBLHARLOW LS PULLOVER\"}]},{\"@type\":\"WebSite\",\"@id\":\"https:\/\/stylestore.com\/da\/#website\",\"url\":\"https:\/\/stylestore.com\/da\/\",\"name\":\"Stylestore.com Denmark\",\"description\":\"\",\"potentialAction\":[{\"@type\":\"SearchAction\",\"target\":{\"@type\":\"EntryPoint\",\"urlTemplate\":\"https:\/\/stylestore.com\/da\/?s={search_term_string}\"},\"query-input\":{\"@type\":\"PropertyValueSpecification\",\"valueRequired\":true,\"valueName\":\"search_term_string\"}}],\"inLanguage\":\"da-DK\"}]}<\/script>\n<!-- \/ Yoast SEO plugin. -->","yoast_head_json":{"title":"WBLHARLOW LS PULLOVER &#187; Stylestore.com Denmark","robots":{"index":"index","follow":"follow","max-snippet":"max-snippet:-1","max-image-preview":"max-image-preview:large","max-video-preview":"max-video-preview:-1"},"canonical":"https:\/\/stylestore.com\/da\/product\/wblharlow-ls-pullover-3\/","og_locale":"da_DK","og_type":"article","og_title":"WBLHARLOW LS PULLOVER &#187; Stylestore.com Denmark","og_description":"FORUDBESTILLING AW25 | FORUDBESTILLINGSFRIST 28.02.2025","og_url":"https:\/\/stylestore.com\/da\/product\/wblharlow-ls-pullover-3\/","og_site_name":"Stylestore.com Denmark","article_modified_time":"2026-04-14T05:27:20+00:00","og_image":[{"width":1706,"height":2560,"url":"https:\/\/stylestore.com\/da\/wp-content\/uploads\/sites\/3\/2024\/12\/Wblharlow_Ls_High_neck_Pullover_Windsor_Wine_Melange-1-scaled.jpg","type":"image\/jpeg"}],"twitter_card":"summary_large_image","schema":{"@context":"https:\/\/schema.org","@graph":[{"@type":"WebPage","@id":"https:\/\/stylestore.com\/da\/product\/wblharlow-ls-pullover-3\/","url":"https:\/\/stylestore.com\/da\/product\/wblharlow-ls-pullover-3\/","name":"WBLHARLOW LS PULLOVER &#187; Stylestore.com Denmark","isPartOf":{"@id":"https:\/\/stylestore.com\/da\/#website"},"primaryImageOfPage":{"@id":"https:\/\/stylestore.com\/da\/product\/wblharlow-ls-pullover-3\/#primaryimage"},"image":{"@id":"https:\/\/stylestore.com\/da\/product\/wblharlow-ls-pullover-3\/#primaryimage"},"thumbnailUrl":"https:\/\/stylestore.com\/da\/wp-content\/uploads\/sites\/3\/2024\/12\/Wblharlow_Ls_High_neck_Pullover_Windsor_Wine_Melange-1-scaled.jpg","datePublished":"2024-12-11T14:52:23+00:00","dateModified":"2026-04-14T05:27:20+00:00","breadcrumb":{"@id":"https:\/\/stylestore.com\/da\/product\/wblharlow-ls-pullover-3\/#breadcrumb"},"inLanguage":"da-DK","potentialAction":[{"@type":"ReadAction","target":["https:\/\/stylestore.com\/da\/product\/wblharlow-ls-pullover-3\/"]}]},{"@type":"ImageObject","inLanguage":"da-DK","@id":"https:\/\/stylestore.com\/da\/product\/wblharlow-ls-pullover-3\/#primaryimage","url":"https:\/\/stylestore.com\/da\/wp-content\/uploads\/sites\/3\/2024\/12\/Wblharlow_Ls_High_neck_Pullover_Windsor_Wine_Melange-1-scaled.jpg","contentUrl":"https:\/\/stylestore.com\/da\/wp-content\/uploads\/sites\/3\/2024\/12\/Wblharlow_Ls_High_neck_Pullover_Windsor_Wine_Melange-1-scaled.jpg","width":1706,"height":2560},{"@type":"BreadcrumbList","@id":"https:\/\/stylestore.com\/da\/product\/wblharlow-ls-pullover-3\/#breadcrumb","itemListElement":[{"@type":"ListItem","position":1,"name":"Home","item":"https:\/\/stylestore.com\/da\/"},{"@type":"ListItem","position":2,"name":"S\u00f8g","item":"https:\/\/stylestore.com\/da\/soeg\/"},{"@type":"ListItem","position":3,"name":"WBLHARLOW LS PULLOVER"}]},{"@type":"WebSite","@id":"https:\/\/stylestore.com\/da\/#website","url":"https:\/\/stylestore.com\/da\/","name":"Stylestore.com Denmark","description":"","potentialAction":[{"@type":"SearchAction","target":{"@type":"EntryPoint","urlTemplate":"https:\/\/stylestore.com\/da\/?s={search_term_string}"},"query-input":{"@type":"PropertyValueSpecification","valueRequired":true,"valueName":"search_term_string"}}],"inLanguage":"da-DK"}]}},"_links":{"self":[{"href":"https:\/\/stylestore.com\/da\/wp-json\/wp\/v2\/product\/554915","targetHints":{"allow":["GET"]}}],"collection":[{"href":"https:\/\/stylestore.com\/da\/wp-json\/wp\/v2\/product"}],"about":[{"href":"https:\/\/stylestore.com\/da\/wp-json\/wp\/v2\/types\/product"}],"wp:featuredmedia":[{"embeddable":true,"href":"https:\/\/stylestore.com\/da\/wp-json\/wp\/v2\/media\/556455"}],"wp:attachment":[{"href":"https:\/\/stylestore.com\/da\/wp-json\/wp\/v2\/media?parent=554915"}],"wp:term":[{"taxonomy":"product_brand","embeddable":true,"href":"https:\/\/stylestore.com\/da\/wp-json\/wp\/v2\/product_brand?post=554915"},{"taxonomy":"product_cat","embeddable":true,"href":"https:\/\/stylestore.com\/da\/wp-json\/wp\/v2\/product_cat?post=554915"},{"taxonomy":"product_tag","embeddable":true,"href":"https:\/\/stylestore.com\/da\/wp-json\/wp\/v2\/product_tag?post=554915"}],"curies":[{"name":"wp","href":"https:\/\/api.w.org\/{rel}","templated":true}]}}