{"id":554893,"date":"2024-12-11T15:48:05","date_gmt":"2024-12-11T14:48:05","guid":{"rendered":"https:\/\/stylestore.com\/da\/product\/wblgrazie-half-sleeve-top-2\/"},"modified":"2026-04-16T07:44:58","modified_gmt":"2026-04-16T05:44:58","slug":"wblgrazie-half-sleeve-top-2","status":"publish","type":"product","link":"https:\/\/stylestore.com\/da\/product\/wblgrazie-half-sleeve-top-2\/","title":{"rendered":"WBLGRAZIE HALF SLEEVE TOP"},"content":{"rendered":"<p>Skjorte i bomulds kvalitet<br \/>\nFin krave<br \/>\nKnappestol<br \/>\nFeminin kr\u00f8lleeffekt ved hals og \u00e6rmeafslutning<br \/>\nRaglan\u00e6rmer<br \/>\nFin manchet med knap<br \/>\nHofte l\u00e6ngde<br \/>\nNormal pasform<br \/>\nLet buet forneden<\/p>\n<p>Modellen er 172 cm h\u00f8j og b\u00e6rer st\u00f8rrelse S<br \/>\nProduktet er st\u00f8rrelsesm\u00e6ssigt normal<\/p>\n","protected":false},"excerpt":{"rendered":"FORUDBESTILLING AW25 | FORUDBESTILLINGSFRIST 28.02.2025","protected":false},"featured_media":577194,"template":"","meta":{"_acf_changed":false},"product_brand":[],"product_cat":[124,105],"product_tag":[2151],"class_list":{"0":"post-554893","1":"product","2":"type-product","3":"status-publish","4":"has-post-thumbnail","6":"product_cat-skjorter","7":"product_cat-toppe-must-have","8":"product_tag-b2b","11":"outofstock","12":"taxable","13":"shipping-taxable","14":"purchasable","15":"product-type-variable"},"acf":[],"yoast_head":"<!-- This site is optimized with the Yoast SEO plugin v23.8 - https:\/\/yoast.com\/wordpress\/plugins\/seo\/ -->\n<title>WBLGRAZIE HALF SLEEVE TOP &#187; Stylestore.com Denmark<\/title>\n<meta name=\"robots\" content=\"index, follow, max-snippet:-1, max-image-preview:large, max-video-preview:-1\" \/>\n<link rel=\"canonical\" href=\"https:\/\/stylestore.com\/da\/product\/wblgrazie-half-sleeve-top-2\/\" \/>\n<meta property=\"og:locale\" content=\"da_DK\" \/>\n<meta property=\"og:type\" content=\"article\" \/>\n<meta property=\"og:title\" content=\"WBLGRAZIE HALF SLEEVE TOP &#187; Stylestore.com Denmark\" \/>\n<meta property=\"og:description\" content=\"FORUDBESTILLING AW25 | FORUDBESTILLINGSFRIST 28.02.2025\" \/>\n<meta property=\"og:url\" content=\"https:\/\/stylestore.com\/da\/product\/wblgrazie-half-sleeve-top-2\/\" \/>\n<meta property=\"og:site_name\" content=\"Stylestore.com Denmark\" \/>\n<meta property=\"article:modified_time\" content=\"2026-04-16T05:44:58+00:00\" \/>\n<meta property=\"og:image\" content=\"https:\/\/stylestore.com\/da\/wp-content\/uploads\/sites\/3\/2024\/12\/Wblgrazie_Half_Sleeve_Top_White-1-scaled.jpg\" \/>\n\t<meta property=\"og:image:width\" content=\"1707\" \/>\n\t<meta property=\"og:image:height\" content=\"2560\" \/>\n\t<meta property=\"og:image:type\" content=\"image\/jpeg\" \/>\n<meta name=\"twitter:card\" content=\"summary_large_image\" \/>\n<script type=\"application\/ld+json\" class=\"yoast-schema-graph\">{\"@context\":\"https:\/\/schema.org\",\"@graph\":[{\"@type\":\"WebPage\",\"@id\":\"https:\/\/stylestore.com\/da\/product\/wblgrazie-half-sleeve-top-2\/\",\"url\":\"https:\/\/stylestore.com\/da\/product\/wblgrazie-half-sleeve-top-2\/\",\"name\":\"WBLGRAZIE HALF SLEEVE TOP &#187; Stylestore.com Denmark\",\"isPartOf\":{\"@id\":\"https:\/\/stylestore.com\/da\/#website\"},\"primaryImageOfPage\":{\"@id\":\"https:\/\/stylestore.com\/da\/product\/wblgrazie-half-sleeve-top-2\/#primaryimage\"},\"image\":{\"@id\":\"https:\/\/stylestore.com\/da\/product\/wblgrazie-half-sleeve-top-2\/#primaryimage\"},\"thumbnailUrl\":\"https:\/\/stylestore.com\/da\/wp-content\/uploads\/sites\/3\/2025\/09\/Wblgrazie_Shirt_White1-scaled.jpg\",\"datePublished\":\"2024-12-11T14:48:05+00:00\",\"dateModified\":\"2026-04-16T05:44:58+00:00\",\"breadcrumb\":{\"@id\":\"https:\/\/stylestore.com\/da\/product\/wblgrazie-half-sleeve-top-2\/#breadcrumb\"},\"inLanguage\":\"da-DK\",\"potentialAction\":[{\"@type\":\"ReadAction\",\"target\":[\"https:\/\/stylestore.com\/da\/product\/wblgrazie-half-sleeve-top-2\/\"]}]},{\"@type\":\"ImageObject\",\"inLanguage\":\"da-DK\",\"@id\":\"https:\/\/stylestore.com\/da\/product\/wblgrazie-half-sleeve-top-2\/#primaryimage\",\"url\":\"https:\/\/stylestore.com\/da\/wp-content\/uploads\/sites\/3\/2025\/09\/Wblgrazie_Shirt_White1-scaled.jpg\",\"contentUrl\":\"https:\/\/stylestore.com\/da\/wp-content\/uploads\/sites\/3\/2025\/09\/Wblgrazie_Shirt_White1-scaled.jpg\",\"width\":1708,\"height\":2560},{\"@type\":\"BreadcrumbList\",\"@id\":\"https:\/\/stylestore.com\/da\/product\/wblgrazie-half-sleeve-top-2\/#breadcrumb\",\"itemListElement\":[{\"@type\":\"ListItem\",\"position\":1,\"name\":\"Home\",\"item\":\"https:\/\/stylestore.com\/da\/\"},{\"@type\":\"ListItem\",\"position\":2,\"name\":\"S\u00f8g\",\"item\":\"https:\/\/stylestore.com\/da\/soeg\/\"},{\"@type\":\"ListItem\",\"position\":3,\"name\":\"WBLGRAZIE HALF SLEEVE TOP\"}]},{\"@type\":\"WebSite\",\"@id\":\"https:\/\/stylestore.com\/da\/#website\",\"url\":\"https:\/\/stylestore.com\/da\/\",\"name\":\"Stylestore.com Denmark\",\"description\":\"\",\"potentialAction\":[{\"@type\":\"SearchAction\",\"target\":{\"@type\":\"EntryPoint\",\"urlTemplate\":\"https:\/\/stylestore.com\/da\/?s={search_term_string}\"},\"query-input\":{\"@type\":\"PropertyValueSpecification\",\"valueRequired\":true,\"valueName\":\"search_term_string\"}}],\"inLanguage\":\"da-DK\"}]}<\/script>\n<!-- \/ Yoast SEO plugin. -->","yoast_head_json":{"title":"WBLGRAZIE HALF SLEEVE TOP &#187; Stylestore.com Denmark","robots":{"index":"index","follow":"follow","max-snippet":"max-snippet:-1","max-image-preview":"max-image-preview:large","max-video-preview":"max-video-preview:-1"},"canonical":"https:\/\/stylestore.com\/da\/product\/wblgrazie-half-sleeve-top-2\/","og_locale":"da_DK","og_type":"article","og_title":"WBLGRAZIE HALF SLEEVE TOP &#187; Stylestore.com Denmark","og_description":"FORUDBESTILLING AW25 | FORUDBESTILLINGSFRIST 28.02.2025","og_url":"https:\/\/stylestore.com\/da\/product\/wblgrazie-half-sleeve-top-2\/","og_site_name":"Stylestore.com Denmark","article_modified_time":"2026-04-16T05:44:58+00:00","og_image":[{"width":1707,"height":2560,"url":"https:\/\/stylestore.com\/da\/wp-content\/uploads\/sites\/3\/2024\/12\/Wblgrazie_Half_Sleeve_Top_White-1-scaled.jpg","type":"image\/jpeg"}],"twitter_card":"summary_large_image","schema":{"@context":"https:\/\/schema.org","@graph":[{"@type":"WebPage","@id":"https:\/\/stylestore.com\/da\/product\/wblgrazie-half-sleeve-top-2\/","url":"https:\/\/stylestore.com\/da\/product\/wblgrazie-half-sleeve-top-2\/","name":"WBLGRAZIE HALF SLEEVE TOP &#187; Stylestore.com Denmark","isPartOf":{"@id":"https:\/\/stylestore.com\/da\/#website"},"primaryImageOfPage":{"@id":"https:\/\/stylestore.com\/da\/product\/wblgrazie-half-sleeve-top-2\/#primaryimage"},"image":{"@id":"https:\/\/stylestore.com\/da\/product\/wblgrazie-half-sleeve-top-2\/#primaryimage"},"thumbnailUrl":"https:\/\/stylestore.com\/da\/wp-content\/uploads\/sites\/3\/2025\/09\/Wblgrazie_Shirt_White1-scaled.jpg","datePublished":"2024-12-11T14:48:05+00:00","dateModified":"2026-04-16T05:44:58+00:00","breadcrumb":{"@id":"https:\/\/stylestore.com\/da\/product\/wblgrazie-half-sleeve-top-2\/#breadcrumb"},"inLanguage":"da-DK","potentialAction":[{"@type":"ReadAction","target":["https:\/\/stylestore.com\/da\/product\/wblgrazie-half-sleeve-top-2\/"]}]},{"@type":"ImageObject","inLanguage":"da-DK","@id":"https:\/\/stylestore.com\/da\/product\/wblgrazie-half-sleeve-top-2\/#primaryimage","url":"https:\/\/stylestore.com\/da\/wp-content\/uploads\/sites\/3\/2025\/09\/Wblgrazie_Shirt_White1-scaled.jpg","contentUrl":"https:\/\/stylestore.com\/da\/wp-content\/uploads\/sites\/3\/2025\/09\/Wblgrazie_Shirt_White1-scaled.jpg","width":1708,"height":2560},{"@type":"BreadcrumbList","@id":"https:\/\/stylestore.com\/da\/product\/wblgrazie-half-sleeve-top-2\/#breadcrumb","itemListElement":[{"@type":"ListItem","position":1,"name":"Home","item":"https:\/\/stylestore.com\/da\/"},{"@type":"ListItem","position":2,"name":"S\u00f8g","item":"https:\/\/stylestore.com\/da\/soeg\/"},{"@type":"ListItem","position":3,"name":"WBLGRAZIE HALF SLEEVE TOP"}]},{"@type":"WebSite","@id":"https:\/\/stylestore.com\/da\/#website","url":"https:\/\/stylestore.com\/da\/","name":"Stylestore.com Denmark","description":"","potentialAction":[{"@type":"SearchAction","target":{"@type":"EntryPoint","urlTemplate":"https:\/\/stylestore.com\/da\/?s={search_term_string}"},"query-input":{"@type":"PropertyValueSpecification","valueRequired":true,"valueName":"search_term_string"}}],"inLanguage":"da-DK"}]}},"_links":{"self":[{"href":"https:\/\/stylestore.com\/da\/wp-json\/wp\/v2\/product\/554893","targetHints":{"allow":["GET"]}}],"collection":[{"href":"https:\/\/stylestore.com\/da\/wp-json\/wp\/v2\/product"}],"about":[{"href":"https:\/\/stylestore.com\/da\/wp-json\/wp\/v2\/types\/product"}],"wp:featuredmedia":[{"embeddable":true,"href":"https:\/\/stylestore.com\/da\/wp-json\/wp\/v2\/media\/577194"}],"wp:attachment":[{"href":"https:\/\/stylestore.com\/da\/wp-json\/wp\/v2\/media?parent=554893"}],"wp:term":[{"taxonomy":"product_brand","embeddable":true,"href":"https:\/\/stylestore.com\/da\/wp-json\/wp\/v2\/product_brand?post=554893"},{"taxonomy":"product_cat","embeddable":true,"href":"https:\/\/stylestore.com\/da\/wp-json\/wp\/v2\/product_cat?post=554893"},{"taxonomy":"product_tag","embeddable":true,"href":"https:\/\/stylestore.com\/da\/wp-json\/wp\/v2\/product_tag?post=554893"}],"curies":[{"name":"wp","href":"https:\/\/api.w.org\/{rel}","templated":true}]}}