{"id":550380,"date":"2024-11-06T10:06:53","date_gmt":"2024-11-06T09:06:53","guid":{"rendered":"https:\/\/stylestore.com\/da\/?post_type=product&#038;p=550380"},"modified":"2026-04-18T06:29:26","modified_gmt":"2026-04-18T04:29:26","slug":"wblbriella-bomber-jacket-4","status":"publish","type":"product","link":"https:\/\/stylestore.com\/da\/product\/wblbriella-bomber-jacket-4\/","title":{"rendered":"WBLBRIELLA BOMBER JACKET"},"content":{"rendered":"<p>Bomberjakke med kort lynl\u00e5s<br \/>\nMelange filtet stof (melange look)<br \/>\nNormal pasform<br \/>\nL\u00e6ngde til hoften<br \/>\nPaspellommer foran<br \/>\nRib ved halsen<br \/>\nJusterbar kant forneden<br \/>\nGod til overgangss\u00e6sonen<\/p>\n","protected":false},"excerpt":{"rendered":"","protected":false},"featured_media":550990,"template":"","meta":{"_acf_changed":false},"product_brand":[],"product_cat":[18,103],"product_tag":[2151],"class_list":{"0":"post-550380","1":"product","2":"type-product","3":"status-publish","4":"has-post-thumbnail","6":"product_cat-jakker","7":"product_cat-jakker-must-haves","8":"product_tag-b2b","11":"instock","12":"taxable","13":"shipping-taxable","14":"purchasable","15":"product-type-variable"},"acf":[],"yoast_head":"<!-- This site is optimized with the Yoast SEO plugin v23.8 - https:\/\/yoast.com\/wordpress\/plugins\/seo\/ -->\n<title>WBLBRIELLA BOMBER JACKET &#187; Stylestore.com Denmark<\/title>\n<meta name=\"description\" content=\"Stilfuld bomberjakke i melange filtet stof med kort lynl\u00e5s og ribkant ved halsen. Paspellommer foran og justerbar kant forneden g\u00f8r den b\u00e5de praktisk og trendy. Perfekt til overgangss\u00e6sonen med en normal pasform og l\u00e6ngde til hoften.\" \/>\n<meta name=\"robots\" content=\"index, follow, max-snippet:-1, max-image-preview:large, max-video-preview:-1\" \/>\n<link rel=\"canonical\" href=\"https:\/\/stylestore.com\/da\/product\/wblbriella-bomber-jacket-4\/\" \/>\n<meta property=\"og:locale\" content=\"da_DK\" \/>\n<meta property=\"og:type\" content=\"article\" \/>\n<meta property=\"og:title\" content=\"WBLBRIELLA BOMBER JACKET &#187; Stylestore.com Denmark\" \/>\n<meta property=\"og:description\" content=\"Stilfuld bomberjakke i melange filtet stof med kort lynl\u00e5s og ribkant ved halsen. Paspellommer foran og justerbar kant forneden g\u00f8r den b\u00e5de praktisk og trendy. Perfekt til overgangss\u00e6sonen med en normal pasform og l\u00e6ngde til hoften.\" \/>\n<meta property=\"og:url\" content=\"https:\/\/stylestore.com\/da\/product\/wblbriella-bomber-jacket-4\/\" \/>\n<meta property=\"og:site_name\" content=\"Stylestore.com Denmark\" \/>\n<meta property=\"article:modified_time\" content=\"2026-04-18T04:29:26+00:00\" \/>\n<meta property=\"og:image\" content=\"https:\/\/stylestore.com\/da\/wp-content\/uploads\/sites\/3\/2024\/11\/Wblbriella_Taupe_Melange2-2-scaled.jpg\" \/>\n\t<meta property=\"og:image:width\" content=\"1707\" \/>\n\t<meta property=\"og:image:height\" content=\"2560\" \/>\n\t<meta property=\"og:image:type\" content=\"image\/jpeg\" \/>\n<meta name=\"twitter:card\" content=\"summary_large_image\" \/>\n<script type=\"application\/ld+json\" class=\"yoast-schema-graph\">{\"@context\":\"https:\/\/schema.org\",\"@graph\":[{\"@type\":\"WebPage\",\"@id\":\"https:\/\/stylestore.com\/da\/product\/wblbriella-bomber-jacket-4\/\",\"url\":\"https:\/\/stylestore.com\/da\/product\/wblbriella-bomber-jacket-4\/\",\"name\":\"WBLBRIELLA BOMBER JACKET &#187; Stylestore.com Denmark\",\"isPartOf\":{\"@id\":\"https:\/\/stylestore.com\/da\/#website\"},\"primaryImageOfPage\":{\"@id\":\"https:\/\/stylestore.com\/da\/product\/wblbriella-bomber-jacket-4\/#primaryimage\"},\"image\":{\"@id\":\"https:\/\/stylestore.com\/da\/product\/wblbriella-bomber-jacket-4\/#primaryimage\"},\"thumbnailUrl\":\"https:\/\/stylestore.com\/da\/wp-content\/uploads\/sites\/3\/2024\/11\/Wblbriella_Taupe_Melange2-2-scaled.jpg\",\"datePublished\":\"2024-11-06T09:06:53+00:00\",\"dateModified\":\"2026-04-18T04:29:26+00:00\",\"description\":\"Stilfuld bomberjakke i melange filtet stof med kort lynl\u00e5s og ribkant ved halsen. Paspellommer foran og justerbar kant forneden g\u00f8r den b\u00e5de praktisk og trendy. Perfekt til overgangss\u00e6sonen med en normal pasform og l\u00e6ngde til hoften.\",\"breadcrumb\":{\"@id\":\"https:\/\/stylestore.com\/da\/product\/wblbriella-bomber-jacket-4\/#breadcrumb\"},\"inLanguage\":\"da-DK\",\"potentialAction\":[{\"@type\":\"ReadAction\",\"target\":[\"https:\/\/stylestore.com\/da\/product\/wblbriella-bomber-jacket-4\/\"]}]},{\"@type\":\"ImageObject\",\"inLanguage\":\"da-DK\",\"@id\":\"https:\/\/stylestore.com\/da\/product\/wblbriella-bomber-jacket-4\/#primaryimage\",\"url\":\"https:\/\/stylestore.com\/da\/wp-content\/uploads\/sites\/3\/2024\/11\/Wblbriella_Taupe_Melange2-2-scaled.jpg\",\"contentUrl\":\"https:\/\/stylestore.com\/da\/wp-content\/uploads\/sites\/3\/2024\/11\/Wblbriella_Taupe_Melange2-2-scaled.jpg\",\"width\":1707,\"height\":2560},{\"@type\":\"BreadcrumbList\",\"@id\":\"https:\/\/stylestore.com\/da\/product\/wblbriella-bomber-jacket-4\/#breadcrumb\",\"itemListElement\":[{\"@type\":\"ListItem\",\"position\":1,\"name\":\"Home\",\"item\":\"https:\/\/stylestore.com\/da\/\"},{\"@type\":\"ListItem\",\"position\":2,\"name\":\"S\u00f8g\",\"item\":\"https:\/\/stylestore.com\/da\/soeg\/\"},{\"@type\":\"ListItem\",\"position\":3,\"name\":\"WBLBRIELLA BOMBER JACKET\"}]},{\"@type\":\"WebSite\",\"@id\":\"https:\/\/stylestore.com\/da\/#website\",\"url\":\"https:\/\/stylestore.com\/da\/\",\"name\":\"Stylestore.com Denmark\",\"description\":\"\",\"potentialAction\":[{\"@type\":\"SearchAction\",\"target\":{\"@type\":\"EntryPoint\",\"urlTemplate\":\"https:\/\/stylestore.com\/da\/?s={search_term_string}\"},\"query-input\":{\"@type\":\"PropertyValueSpecification\",\"valueRequired\":true,\"valueName\":\"search_term_string\"}}],\"inLanguage\":\"da-DK\"}]}<\/script>\n<!-- \/ Yoast SEO plugin. -->","yoast_head_json":{"title":"WBLBRIELLA BOMBER JACKET &#187; Stylestore.com Denmark","description":"Stilfuld bomberjakke i melange filtet stof med kort lynl\u00e5s og ribkant ved halsen. Paspellommer foran og justerbar kant forneden g\u00f8r den b\u00e5de praktisk og trendy. Perfekt til overgangss\u00e6sonen med en normal pasform og l\u00e6ngde til hoften.","robots":{"index":"index","follow":"follow","max-snippet":"max-snippet:-1","max-image-preview":"max-image-preview:large","max-video-preview":"max-video-preview:-1"},"canonical":"https:\/\/stylestore.com\/da\/product\/wblbriella-bomber-jacket-4\/","og_locale":"da_DK","og_type":"article","og_title":"WBLBRIELLA BOMBER JACKET &#187; Stylestore.com Denmark","og_description":"Stilfuld bomberjakke i melange filtet stof med kort lynl\u00e5s og ribkant ved halsen. Paspellommer foran og justerbar kant forneden g\u00f8r den b\u00e5de praktisk og trendy. Perfekt til overgangss\u00e6sonen med en normal pasform og l\u00e6ngde til hoften.","og_url":"https:\/\/stylestore.com\/da\/product\/wblbriella-bomber-jacket-4\/","og_site_name":"Stylestore.com Denmark","article_modified_time":"2026-04-18T04:29:26+00:00","og_image":[{"width":1707,"height":2560,"url":"https:\/\/stylestore.com\/da\/wp-content\/uploads\/sites\/3\/2024\/11\/Wblbriella_Taupe_Melange2-2-scaled.jpg","type":"image\/jpeg"}],"twitter_card":"summary_large_image","schema":{"@context":"https:\/\/schema.org","@graph":[{"@type":"WebPage","@id":"https:\/\/stylestore.com\/da\/product\/wblbriella-bomber-jacket-4\/","url":"https:\/\/stylestore.com\/da\/product\/wblbriella-bomber-jacket-4\/","name":"WBLBRIELLA BOMBER JACKET &#187; Stylestore.com Denmark","isPartOf":{"@id":"https:\/\/stylestore.com\/da\/#website"},"primaryImageOfPage":{"@id":"https:\/\/stylestore.com\/da\/product\/wblbriella-bomber-jacket-4\/#primaryimage"},"image":{"@id":"https:\/\/stylestore.com\/da\/product\/wblbriella-bomber-jacket-4\/#primaryimage"},"thumbnailUrl":"https:\/\/stylestore.com\/da\/wp-content\/uploads\/sites\/3\/2024\/11\/Wblbriella_Taupe_Melange2-2-scaled.jpg","datePublished":"2024-11-06T09:06:53+00:00","dateModified":"2026-04-18T04:29:26+00:00","description":"Stilfuld bomberjakke i melange filtet stof med kort lynl\u00e5s og ribkant ved halsen. Paspellommer foran og justerbar kant forneden g\u00f8r den b\u00e5de praktisk og trendy. Perfekt til overgangss\u00e6sonen med en normal pasform og l\u00e6ngde til hoften.","breadcrumb":{"@id":"https:\/\/stylestore.com\/da\/product\/wblbriella-bomber-jacket-4\/#breadcrumb"},"inLanguage":"da-DK","potentialAction":[{"@type":"ReadAction","target":["https:\/\/stylestore.com\/da\/product\/wblbriella-bomber-jacket-4\/"]}]},{"@type":"ImageObject","inLanguage":"da-DK","@id":"https:\/\/stylestore.com\/da\/product\/wblbriella-bomber-jacket-4\/#primaryimage","url":"https:\/\/stylestore.com\/da\/wp-content\/uploads\/sites\/3\/2024\/11\/Wblbriella_Taupe_Melange2-2-scaled.jpg","contentUrl":"https:\/\/stylestore.com\/da\/wp-content\/uploads\/sites\/3\/2024\/11\/Wblbriella_Taupe_Melange2-2-scaled.jpg","width":1707,"height":2560},{"@type":"BreadcrumbList","@id":"https:\/\/stylestore.com\/da\/product\/wblbriella-bomber-jacket-4\/#breadcrumb","itemListElement":[{"@type":"ListItem","position":1,"name":"Home","item":"https:\/\/stylestore.com\/da\/"},{"@type":"ListItem","position":2,"name":"S\u00f8g","item":"https:\/\/stylestore.com\/da\/soeg\/"},{"@type":"ListItem","position":3,"name":"WBLBRIELLA BOMBER JACKET"}]},{"@type":"WebSite","@id":"https:\/\/stylestore.com\/da\/#website","url":"https:\/\/stylestore.com\/da\/","name":"Stylestore.com Denmark","description":"","potentialAction":[{"@type":"SearchAction","target":{"@type":"EntryPoint","urlTemplate":"https:\/\/stylestore.com\/da\/?s={search_term_string}"},"query-input":{"@type":"PropertyValueSpecification","valueRequired":true,"valueName":"search_term_string"}}],"inLanguage":"da-DK"}]}},"_links":{"self":[{"href":"https:\/\/stylestore.com\/da\/wp-json\/wp\/v2\/product\/550380","targetHints":{"allow":["GET"]}}],"collection":[{"href":"https:\/\/stylestore.com\/da\/wp-json\/wp\/v2\/product"}],"about":[{"href":"https:\/\/stylestore.com\/da\/wp-json\/wp\/v2\/types\/product"}],"wp:featuredmedia":[{"embeddable":true,"href":"https:\/\/stylestore.com\/da\/wp-json\/wp\/v2\/media\/550990"}],"wp:attachment":[{"href":"https:\/\/stylestore.com\/da\/wp-json\/wp\/v2\/media?parent=550380"}],"wp:term":[{"taxonomy":"product_brand","embeddable":true,"href":"https:\/\/stylestore.com\/da\/wp-json\/wp\/v2\/product_brand?post=550380"},{"taxonomy":"product_cat","embeddable":true,"href":"https:\/\/stylestore.com\/da\/wp-json\/wp\/v2\/product_cat?post=550380"},{"taxonomy":"product_tag","embeddable":true,"href":"https:\/\/stylestore.com\/da\/wp-json\/wp\/v2\/product_tag?post=550380"}],"curies":[{"name":"wp","href":"https:\/\/api.w.org\/{rel}","templated":true}]}}