{"id":544319,"date":"2024-09-03T12:44:45","date_gmt":"2024-09-03T10:44:45","guid":{"rendered":"https:\/\/stylestore.com\/da\/product\/wblbrina-pant\/"},"modified":"2026-04-22T07:04:32","modified_gmt":"2026-04-22T05:04:32","slug":"wblbrina-pant","status":"publish","type":"product","link":"https:\/\/stylestore.com\/da\/product\/wblbrina-pant\/","title":{"rendered":"WBLBRINA PANT"},"content":{"rendered":"<p>Chambre bomuld\/h\u00f8r stof<br \/>\nElastik og snor i taljen<br \/>\nNormal pasform<br \/>\nNormal l\u00e6ngde<br \/>\nBrede ben<br \/>\nLommer i siden<\/p>\n","protected":false},"excerpt":{"rendered":"","protected":false},"featured_media":554385,"template":"","meta":{"_acf_changed":false},"product_brand":[],"product_cat":[128,21],"product_tag":[2151],"class_list":{"0":"post-544319","1":"product","2":"type-product","3":"status-publish","4":"has-post-thumbnail","6":"product_cat-bukser","7":"product_cat-bukser-og-nederdele","8":"product_tag-b2b","11":"instock","12":"taxable","13":"shipping-taxable","14":"purchasable","15":"product-type-variable"},"acf":[],"yoast_head":"<!-- This site is optimized with the Yoast SEO plugin v23.8 - https:\/\/yoast.com\/wordpress\/plugins\/seo\/ -->\n<title>WBLBRINA PANT &#187; Stylestore.com Denmark<\/title>\n<meta name=\"description\" content=\"Lette bukser i bl\u00f8dt chambray af bomuld og h\u00f8r med brede ben og afslappet pasform. Elastik og snor i taljen sikrer komfort, mens sidelommer tilf\u00f8jer funktionalitet.\" \/>\n<meta name=\"robots\" content=\"index, follow, max-snippet:-1, max-image-preview:large, max-video-preview:-1\" \/>\n<link rel=\"canonical\" href=\"https:\/\/stylestore.com\/da\/product\/wblbrina-pant\/\" \/>\n<meta property=\"og:locale\" content=\"da_DK\" \/>\n<meta property=\"og:type\" content=\"article\" \/>\n<meta property=\"og:title\" content=\"WBLBRINA PANT &#187; Stylestore.com Denmark\" \/>\n<meta property=\"og:description\" content=\"Lette bukser i bl\u00f8dt chambray af bomuld og h\u00f8r med brede ben og afslappet pasform. Elastik og snor i taljen sikrer komfort, mens sidelommer tilf\u00f8jer funktionalitet.\" \/>\n<meta property=\"og:url\" content=\"https:\/\/stylestore.com\/da\/product\/wblbrina-pant\/\" \/>\n<meta property=\"og:site_name\" content=\"Stylestore.com Denmark\" \/>\n<meta property=\"article:modified_time\" content=\"2026-04-22T05:04:32+00:00\" \/>\n<meta property=\"og:image\" content=\"https:\/\/stylestore.com\/da\/wp-content\/uploads\/sites\/3\/2024\/12\/Wblbrina_Ls_Shirt_Chambre_Blue_Wblbrina_Wide_Pant.jpg\" \/>\n\t<meta property=\"og:image:width\" content=\"1084\" \/>\n\t<meta property=\"og:image:height\" content=\"1626\" \/>\n\t<meta property=\"og:image:type\" content=\"image\/jpeg\" \/>\n<meta name=\"twitter:card\" content=\"summary_large_image\" \/>\n<script type=\"application\/ld+json\" class=\"yoast-schema-graph\">{\"@context\":\"https:\/\/schema.org\",\"@graph\":[{\"@type\":\"WebPage\",\"@id\":\"https:\/\/stylestore.com\/da\/product\/wblbrina-pant\/\",\"url\":\"https:\/\/stylestore.com\/da\/product\/wblbrina-pant\/\",\"name\":\"WBLBRINA PANT &#187; Stylestore.com Denmark\",\"isPartOf\":{\"@id\":\"https:\/\/stylestore.com\/da\/#website\"},\"primaryImageOfPage\":{\"@id\":\"https:\/\/stylestore.com\/da\/product\/wblbrina-pant\/#primaryimage\"},\"image\":{\"@id\":\"https:\/\/stylestore.com\/da\/product\/wblbrina-pant\/#primaryimage\"},\"thumbnailUrl\":\"https:\/\/stylestore.com\/da\/wp-content\/uploads\/sites\/3\/2024\/12\/Wblbrina_Ls_Shirt_Chambre_Blue_Wblbrina_Wide_Pant.jpg\",\"datePublished\":\"2024-09-03T10:44:45+00:00\",\"dateModified\":\"2026-04-22T05:04:32+00:00\",\"description\":\"Lette bukser i bl\u00f8dt chambray af bomuld og h\u00f8r med brede ben og afslappet pasform. Elastik og snor i taljen sikrer komfort, mens sidelommer tilf\u00f8jer funktionalitet.\",\"breadcrumb\":{\"@id\":\"https:\/\/stylestore.com\/da\/product\/wblbrina-pant\/#breadcrumb\"},\"inLanguage\":\"da-DK\",\"potentialAction\":[{\"@type\":\"ReadAction\",\"target\":[\"https:\/\/stylestore.com\/da\/product\/wblbrina-pant\/\"]}]},{\"@type\":\"ImageObject\",\"inLanguage\":\"da-DK\",\"@id\":\"https:\/\/stylestore.com\/da\/product\/wblbrina-pant\/#primaryimage\",\"url\":\"https:\/\/stylestore.com\/da\/wp-content\/uploads\/sites\/3\/2024\/12\/Wblbrina_Ls_Shirt_Chambre_Blue_Wblbrina_Wide_Pant.jpg\",\"contentUrl\":\"https:\/\/stylestore.com\/da\/wp-content\/uploads\/sites\/3\/2024\/12\/Wblbrina_Ls_Shirt_Chambre_Blue_Wblbrina_Wide_Pant.jpg\",\"width\":1084,\"height\":1626},{\"@type\":\"BreadcrumbList\",\"@id\":\"https:\/\/stylestore.com\/da\/product\/wblbrina-pant\/#breadcrumb\",\"itemListElement\":[{\"@type\":\"ListItem\",\"position\":1,\"name\":\"Home\",\"item\":\"https:\/\/stylestore.com\/da\/\"},{\"@type\":\"ListItem\",\"position\":2,\"name\":\"S\u00f8g\",\"item\":\"https:\/\/stylestore.com\/da\/soeg\/\"},{\"@type\":\"ListItem\",\"position\":3,\"name\":\"WBLBRINA PANT\"}]},{\"@type\":\"WebSite\",\"@id\":\"https:\/\/stylestore.com\/da\/#website\",\"url\":\"https:\/\/stylestore.com\/da\/\",\"name\":\"Stylestore.com Denmark\",\"description\":\"\",\"potentialAction\":[{\"@type\":\"SearchAction\",\"target\":{\"@type\":\"EntryPoint\",\"urlTemplate\":\"https:\/\/stylestore.com\/da\/?s={search_term_string}\"},\"query-input\":{\"@type\":\"PropertyValueSpecification\",\"valueRequired\":true,\"valueName\":\"search_term_string\"}}],\"inLanguage\":\"da-DK\"}]}<\/script>\n<!-- \/ Yoast SEO plugin. -->","yoast_head_json":{"title":"WBLBRINA PANT &#187; Stylestore.com Denmark","description":"Lette bukser i bl\u00f8dt chambray af bomuld og h\u00f8r med brede ben og afslappet pasform. Elastik og snor i taljen sikrer komfort, mens sidelommer tilf\u00f8jer funktionalitet.","robots":{"index":"index","follow":"follow","max-snippet":"max-snippet:-1","max-image-preview":"max-image-preview:large","max-video-preview":"max-video-preview:-1"},"canonical":"https:\/\/stylestore.com\/da\/product\/wblbrina-pant\/","og_locale":"da_DK","og_type":"article","og_title":"WBLBRINA PANT &#187; Stylestore.com Denmark","og_description":"Lette bukser i bl\u00f8dt chambray af bomuld og h\u00f8r med brede ben og afslappet pasform. Elastik og snor i taljen sikrer komfort, mens sidelommer tilf\u00f8jer funktionalitet.","og_url":"https:\/\/stylestore.com\/da\/product\/wblbrina-pant\/","og_site_name":"Stylestore.com Denmark","article_modified_time":"2026-04-22T05:04:32+00:00","og_image":[{"width":1084,"height":1626,"url":"https:\/\/stylestore.com\/da\/wp-content\/uploads\/sites\/3\/2024\/12\/Wblbrina_Ls_Shirt_Chambre_Blue_Wblbrina_Wide_Pant.jpg","type":"image\/jpeg"}],"twitter_card":"summary_large_image","schema":{"@context":"https:\/\/schema.org","@graph":[{"@type":"WebPage","@id":"https:\/\/stylestore.com\/da\/product\/wblbrina-pant\/","url":"https:\/\/stylestore.com\/da\/product\/wblbrina-pant\/","name":"WBLBRINA PANT &#187; Stylestore.com Denmark","isPartOf":{"@id":"https:\/\/stylestore.com\/da\/#website"},"primaryImageOfPage":{"@id":"https:\/\/stylestore.com\/da\/product\/wblbrina-pant\/#primaryimage"},"image":{"@id":"https:\/\/stylestore.com\/da\/product\/wblbrina-pant\/#primaryimage"},"thumbnailUrl":"https:\/\/stylestore.com\/da\/wp-content\/uploads\/sites\/3\/2024\/12\/Wblbrina_Ls_Shirt_Chambre_Blue_Wblbrina_Wide_Pant.jpg","datePublished":"2024-09-03T10:44:45+00:00","dateModified":"2026-04-22T05:04:32+00:00","description":"Lette bukser i bl\u00f8dt chambray af bomuld og h\u00f8r med brede ben og afslappet pasform. Elastik og snor i taljen sikrer komfort, mens sidelommer tilf\u00f8jer funktionalitet.","breadcrumb":{"@id":"https:\/\/stylestore.com\/da\/product\/wblbrina-pant\/#breadcrumb"},"inLanguage":"da-DK","potentialAction":[{"@type":"ReadAction","target":["https:\/\/stylestore.com\/da\/product\/wblbrina-pant\/"]}]},{"@type":"ImageObject","inLanguage":"da-DK","@id":"https:\/\/stylestore.com\/da\/product\/wblbrina-pant\/#primaryimage","url":"https:\/\/stylestore.com\/da\/wp-content\/uploads\/sites\/3\/2024\/12\/Wblbrina_Ls_Shirt_Chambre_Blue_Wblbrina_Wide_Pant.jpg","contentUrl":"https:\/\/stylestore.com\/da\/wp-content\/uploads\/sites\/3\/2024\/12\/Wblbrina_Ls_Shirt_Chambre_Blue_Wblbrina_Wide_Pant.jpg","width":1084,"height":1626},{"@type":"BreadcrumbList","@id":"https:\/\/stylestore.com\/da\/product\/wblbrina-pant\/#breadcrumb","itemListElement":[{"@type":"ListItem","position":1,"name":"Home","item":"https:\/\/stylestore.com\/da\/"},{"@type":"ListItem","position":2,"name":"S\u00f8g","item":"https:\/\/stylestore.com\/da\/soeg\/"},{"@type":"ListItem","position":3,"name":"WBLBRINA PANT"}]},{"@type":"WebSite","@id":"https:\/\/stylestore.com\/da\/#website","url":"https:\/\/stylestore.com\/da\/","name":"Stylestore.com Denmark","description":"","potentialAction":[{"@type":"SearchAction","target":{"@type":"EntryPoint","urlTemplate":"https:\/\/stylestore.com\/da\/?s={search_term_string}"},"query-input":{"@type":"PropertyValueSpecification","valueRequired":true,"valueName":"search_term_string"}}],"inLanguage":"da-DK"}]}},"_links":{"self":[{"href":"https:\/\/stylestore.com\/da\/wp-json\/wp\/v2\/product\/544319","targetHints":{"allow":["GET"]}}],"collection":[{"href":"https:\/\/stylestore.com\/da\/wp-json\/wp\/v2\/product"}],"about":[{"href":"https:\/\/stylestore.com\/da\/wp-json\/wp\/v2\/types\/product"}],"wp:featuredmedia":[{"embeddable":true,"href":"https:\/\/stylestore.com\/da\/wp-json\/wp\/v2\/media\/554385"}],"wp:attachment":[{"href":"https:\/\/stylestore.com\/da\/wp-json\/wp\/v2\/media?parent=544319"}],"wp:term":[{"taxonomy":"product_brand","embeddable":true,"href":"https:\/\/stylestore.com\/da\/wp-json\/wp\/v2\/product_brand?post=544319"},{"taxonomy":"product_cat","embeddable":true,"href":"https:\/\/stylestore.com\/da\/wp-json\/wp\/v2\/product_cat?post=544319"},{"taxonomy":"product_tag","embeddable":true,"href":"https:\/\/stylestore.com\/da\/wp-json\/wp\/v2\/product_tag?post=544319"}],"curies":[{"name":"wp","href":"https:\/\/api.w.org\/{rel}","templated":true}]}}