{"id":544238,"date":"2024-09-03T11:18:08","date_gmt":"2024-09-03T09:18:08","guid":{"rendered":"https:\/\/stylestore.com\/da\/product\/wblselma-wide-linen-bermuda\/"},"modified":"2026-04-22T07:12:54","modified_gmt":"2026-04-22T05:12:54","slug":"wblselma-wide-linen-bermuda","status":"publish","type":"product","link":"https:\/\/stylestore.com\/da\/product\/wblselma-wide-linen-bermuda\/","title":{"rendered":"WBLSELMA WIDE LINEN BERMUDA"},"content":{"rendered":"<p>Bermuda shorts i halvblankt h\u00f8rblandingsstof<br \/>\nNormal pasform<br \/>\nL\u00e6ngde til kn\u00e6et<br \/>\nBrede ben<br \/>\nLukkes med knap og gylp<br \/>\nLinning og b\u00e6ltestropper<br \/>\nPlisseringer foran<br \/>\nLommer i siden<br \/>\nPaspellommer bagp\u00e5<\/p>\n","protected":false},"excerpt":{"rendered":"","protected":false},"featured_media":554648,"template":"","meta":{"_acf_changed":false},"product_brand":[],"product_cat":[118,19],"product_tag":[2151],"class_list":{"0":"post-544238","1":"product","2":"type-product","3":"status-publish","4":"has-post-thumbnail","6":"product_cat-skraeddersyet-bukser","7":"product_cat-tailormade","8":"product_tag-b2b","11":"instock","12":"taxable","13":"shipping-taxable","14":"purchasable","15":"product-type-variable"},"acf":[],"yoast_head":"<!-- This site is optimized with the Yoast SEO plugin v23.8 - https:\/\/yoast.com\/wordpress\/plugins\/seo\/ -->\n<title>WBLSELMA WIDE LINEN BERMUDA &#187; Stylestore.com Denmark<\/title>\n<meta name=\"description\" content=\"Bermuda shorts i halvblankt h\u00f8rblandingsstof med normal pasform og l\u00e6ngde til kn\u00e6et. Shortsene er designet med plisseringer foran, lommer i siden og paspelformede lommer bagp\u00e5.\" \/>\n<meta name=\"robots\" content=\"index, follow, max-snippet:-1, max-image-preview:large, max-video-preview:-1\" \/>\n<link rel=\"canonical\" href=\"https:\/\/stylestore.com\/da\/product\/wblselma-wide-linen-bermuda\/\" \/>\n<meta property=\"og:locale\" content=\"da_DK\" \/>\n<meta property=\"og:type\" content=\"article\" \/>\n<meta property=\"og:title\" content=\"WBLSELMA WIDE LINEN BERMUDA &#187; Stylestore.com Denmark\" \/>\n<meta property=\"og:description\" content=\"Bermuda shorts i halvblankt h\u00f8rblandingsstof med normal pasform og l\u00e6ngde til kn\u00e6et. Shortsene er designet med plisseringer foran, lommer i siden og paspelformede lommer bagp\u00e5.\" \/>\n<meta property=\"og:url\" content=\"https:\/\/stylestore.com\/da\/product\/wblselma-wide-linen-bermuda\/\" \/>\n<meta property=\"og:site_name\" content=\"Stylestore.com Denmark\" \/>\n<meta property=\"article:modified_time\" content=\"2026-04-22T05:12:54+00:00\" \/>\n<meta property=\"og:image\" content=\"https:\/\/stylestore.com\/da\/wp-content\/uploads\/sites\/3\/2024\/12\/WblSelma_Linen_Wide_Bermuda_Waistcoat_Black1.jpg\" \/>\n\t<meta property=\"og:image:width\" content=\"1134\" \/>\n\t<meta property=\"og:image:height\" content=\"1701\" \/>\n\t<meta property=\"og:image:type\" content=\"image\/jpeg\" \/>\n<meta name=\"twitter:card\" content=\"summary_large_image\" \/>\n<script type=\"application\/ld+json\" class=\"yoast-schema-graph\">{\"@context\":\"https:\/\/schema.org\",\"@graph\":[{\"@type\":\"WebPage\",\"@id\":\"https:\/\/stylestore.com\/da\/product\/wblselma-wide-linen-bermuda\/\",\"url\":\"https:\/\/stylestore.com\/da\/product\/wblselma-wide-linen-bermuda\/\",\"name\":\"WBLSELMA WIDE LINEN BERMUDA &#187; Stylestore.com Denmark\",\"isPartOf\":{\"@id\":\"https:\/\/stylestore.com\/da\/#website\"},\"primaryImageOfPage\":{\"@id\":\"https:\/\/stylestore.com\/da\/product\/wblselma-wide-linen-bermuda\/#primaryimage\"},\"image\":{\"@id\":\"https:\/\/stylestore.com\/da\/product\/wblselma-wide-linen-bermuda\/#primaryimage\"},\"thumbnailUrl\":\"https:\/\/stylestore.com\/da\/wp-content\/uploads\/sites\/3\/2024\/12\/WblSelma_Linen_Wide_Bermuda_Waistcoat_Black1.jpg\",\"datePublished\":\"2024-09-03T09:18:08+00:00\",\"dateModified\":\"2026-04-22T05:12:54+00:00\",\"description\":\"Bermuda shorts i halvblankt h\u00f8rblandingsstof med normal pasform og l\u00e6ngde til kn\u00e6et. Shortsene er designet med plisseringer foran, lommer i siden og paspelformede lommer bagp\u00e5.\",\"breadcrumb\":{\"@id\":\"https:\/\/stylestore.com\/da\/product\/wblselma-wide-linen-bermuda\/#breadcrumb\"},\"inLanguage\":\"da-DK\",\"potentialAction\":[{\"@type\":\"ReadAction\",\"target\":[\"https:\/\/stylestore.com\/da\/product\/wblselma-wide-linen-bermuda\/\"]}]},{\"@type\":\"ImageObject\",\"inLanguage\":\"da-DK\",\"@id\":\"https:\/\/stylestore.com\/da\/product\/wblselma-wide-linen-bermuda\/#primaryimage\",\"url\":\"https:\/\/stylestore.com\/da\/wp-content\/uploads\/sites\/3\/2024\/12\/WblSelma_Linen_Wide_Bermuda_Waistcoat_Black1.jpg\",\"contentUrl\":\"https:\/\/stylestore.com\/da\/wp-content\/uploads\/sites\/3\/2024\/12\/WblSelma_Linen_Wide_Bermuda_Waistcoat_Black1.jpg\",\"width\":1134,\"height\":1701},{\"@type\":\"BreadcrumbList\",\"@id\":\"https:\/\/stylestore.com\/da\/product\/wblselma-wide-linen-bermuda\/#breadcrumb\",\"itemListElement\":[{\"@type\":\"ListItem\",\"position\":1,\"name\":\"Home\",\"item\":\"https:\/\/stylestore.com\/da\/\"},{\"@type\":\"ListItem\",\"position\":2,\"name\":\"S\u00f8g\",\"item\":\"https:\/\/stylestore.com\/da\/soeg\/\"},{\"@type\":\"ListItem\",\"position\":3,\"name\":\"WBLSELMA WIDE LINEN BERMUDA\"}]},{\"@type\":\"WebSite\",\"@id\":\"https:\/\/stylestore.com\/da\/#website\",\"url\":\"https:\/\/stylestore.com\/da\/\",\"name\":\"Stylestore.com Denmark\",\"description\":\"\",\"potentialAction\":[{\"@type\":\"SearchAction\",\"target\":{\"@type\":\"EntryPoint\",\"urlTemplate\":\"https:\/\/stylestore.com\/da\/?s={search_term_string}\"},\"query-input\":{\"@type\":\"PropertyValueSpecification\",\"valueRequired\":true,\"valueName\":\"search_term_string\"}}],\"inLanguage\":\"da-DK\"}]}<\/script>\n<!-- \/ Yoast SEO plugin. -->","yoast_head_json":{"title":"WBLSELMA WIDE LINEN BERMUDA &#187; Stylestore.com Denmark","description":"Bermuda shorts i halvblankt h\u00f8rblandingsstof med normal pasform og l\u00e6ngde til kn\u00e6et. Shortsene er designet med plisseringer foran, lommer i siden og paspelformede lommer bagp\u00e5.","robots":{"index":"index","follow":"follow","max-snippet":"max-snippet:-1","max-image-preview":"max-image-preview:large","max-video-preview":"max-video-preview:-1"},"canonical":"https:\/\/stylestore.com\/da\/product\/wblselma-wide-linen-bermuda\/","og_locale":"da_DK","og_type":"article","og_title":"WBLSELMA WIDE LINEN BERMUDA &#187; Stylestore.com Denmark","og_description":"Bermuda shorts i halvblankt h\u00f8rblandingsstof med normal pasform og l\u00e6ngde til kn\u00e6et. Shortsene er designet med plisseringer foran, lommer i siden og paspelformede lommer bagp\u00e5.","og_url":"https:\/\/stylestore.com\/da\/product\/wblselma-wide-linen-bermuda\/","og_site_name":"Stylestore.com Denmark","article_modified_time":"2026-04-22T05:12:54+00:00","og_image":[{"width":1134,"height":1701,"url":"https:\/\/stylestore.com\/da\/wp-content\/uploads\/sites\/3\/2024\/12\/WblSelma_Linen_Wide_Bermuda_Waistcoat_Black1.jpg","type":"image\/jpeg"}],"twitter_card":"summary_large_image","schema":{"@context":"https:\/\/schema.org","@graph":[{"@type":"WebPage","@id":"https:\/\/stylestore.com\/da\/product\/wblselma-wide-linen-bermuda\/","url":"https:\/\/stylestore.com\/da\/product\/wblselma-wide-linen-bermuda\/","name":"WBLSELMA WIDE LINEN BERMUDA &#187; Stylestore.com Denmark","isPartOf":{"@id":"https:\/\/stylestore.com\/da\/#website"},"primaryImageOfPage":{"@id":"https:\/\/stylestore.com\/da\/product\/wblselma-wide-linen-bermuda\/#primaryimage"},"image":{"@id":"https:\/\/stylestore.com\/da\/product\/wblselma-wide-linen-bermuda\/#primaryimage"},"thumbnailUrl":"https:\/\/stylestore.com\/da\/wp-content\/uploads\/sites\/3\/2024\/12\/WblSelma_Linen_Wide_Bermuda_Waistcoat_Black1.jpg","datePublished":"2024-09-03T09:18:08+00:00","dateModified":"2026-04-22T05:12:54+00:00","description":"Bermuda shorts i halvblankt h\u00f8rblandingsstof med normal pasform og l\u00e6ngde til kn\u00e6et. Shortsene er designet med plisseringer foran, lommer i siden og paspelformede lommer bagp\u00e5.","breadcrumb":{"@id":"https:\/\/stylestore.com\/da\/product\/wblselma-wide-linen-bermuda\/#breadcrumb"},"inLanguage":"da-DK","potentialAction":[{"@type":"ReadAction","target":["https:\/\/stylestore.com\/da\/product\/wblselma-wide-linen-bermuda\/"]}]},{"@type":"ImageObject","inLanguage":"da-DK","@id":"https:\/\/stylestore.com\/da\/product\/wblselma-wide-linen-bermuda\/#primaryimage","url":"https:\/\/stylestore.com\/da\/wp-content\/uploads\/sites\/3\/2024\/12\/WblSelma_Linen_Wide_Bermuda_Waistcoat_Black1.jpg","contentUrl":"https:\/\/stylestore.com\/da\/wp-content\/uploads\/sites\/3\/2024\/12\/WblSelma_Linen_Wide_Bermuda_Waistcoat_Black1.jpg","width":1134,"height":1701},{"@type":"BreadcrumbList","@id":"https:\/\/stylestore.com\/da\/product\/wblselma-wide-linen-bermuda\/#breadcrumb","itemListElement":[{"@type":"ListItem","position":1,"name":"Home","item":"https:\/\/stylestore.com\/da\/"},{"@type":"ListItem","position":2,"name":"S\u00f8g","item":"https:\/\/stylestore.com\/da\/soeg\/"},{"@type":"ListItem","position":3,"name":"WBLSELMA WIDE LINEN BERMUDA"}]},{"@type":"WebSite","@id":"https:\/\/stylestore.com\/da\/#website","url":"https:\/\/stylestore.com\/da\/","name":"Stylestore.com Denmark","description":"","potentialAction":[{"@type":"SearchAction","target":{"@type":"EntryPoint","urlTemplate":"https:\/\/stylestore.com\/da\/?s={search_term_string}"},"query-input":{"@type":"PropertyValueSpecification","valueRequired":true,"valueName":"search_term_string"}}],"inLanguage":"da-DK"}]}},"_links":{"self":[{"href":"https:\/\/stylestore.com\/da\/wp-json\/wp\/v2\/product\/544238","targetHints":{"allow":["GET"]}}],"collection":[{"href":"https:\/\/stylestore.com\/da\/wp-json\/wp\/v2\/product"}],"about":[{"href":"https:\/\/stylestore.com\/da\/wp-json\/wp\/v2\/types\/product"}],"wp:featuredmedia":[{"embeddable":true,"href":"https:\/\/stylestore.com\/da\/wp-json\/wp\/v2\/media\/554648"}],"wp:attachment":[{"href":"https:\/\/stylestore.com\/da\/wp-json\/wp\/v2\/media?parent=544238"}],"wp:term":[{"taxonomy":"product_brand","embeddable":true,"href":"https:\/\/stylestore.com\/da\/wp-json\/wp\/v2\/product_brand?post=544238"},{"taxonomy":"product_cat","embeddable":true,"href":"https:\/\/stylestore.com\/da\/wp-json\/wp\/v2\/product_cat?post=544238"},{"taxonomy":"product_tag","embeddable":true,"href":"https:\/\/stylestore.com\/da\/wp-json\/wp\/v2\/product_tag?post=544238"}],"curies":[{"name":"wp","href":"https:\/\/api.w.org\/{rel}","templated":true}]}}