{"id":543997,"date":"2024-09-02T15:24:26","date_gmt":"2024-09-02T13:24:26","guid":{"rendered":"https:\/\/stylestore.com\/da\/product\/wblholly-3-4sleeve-blouse-3\/"},"modified":"2026-04-22T07:09:14","modified_gmt":"2026-04-22T05:09:14","slug":"wblholly-3-4sleeve-blouse-3","status":"publish","type":"product","link":"https:\/\/stylestore.com\/da\/product\/wblholly-3-4sleeve-blouse-3\/","title":{"rendered":"WBLHOLLY 3\/4 SLEEVE BLOUSE"},"content":{"rendered":"<p>Bluse i tyndt semitransparent h\u00f8rstof<br \/>\n\u00be \u00e6rmer med kontrastfarvet opsm\u00f8g<br \/>\nNormal pasform<br \/>\nO-hals<br \/>\nKnaplukning<br \/>\nLige kant forneden <\/p>\n","protected":false},"excerpt":{"rendered":"","protected":false},"featured_media":595235,"template":"","meta":{"_acf_changed":false},"product_brand":[],"product_cat":[125,20],"product_tag":[2151,1785],"class_list":{"0":"post-543997","1":"product","2":"type-product","3":"status-publish","4":"has-post-thumbnail","6":"product_cat-bluser","7":"product_cat-toppe","8":"product_tag-b2b","9":"product_tag-new","12":"instock","13":"taxable","14":"shipping-taxable","15":"purchasable","16":"product-type-variable"},"acf":[],"yoast_head":"<!-- This site is optimized with the Yoast SEO plugin v23.8 - https:\/\/yoast.com\/wordpress\/plugins\/seo\/ -->\n<title>WBLHOLLY 3\/4 SLEEVE BLOUSE &#187; Stylestore.com Denmark<\/title>\n<meta name=\"description\" content=\"Let og luftig bluse i semitransparent h\u00f8rstof med \u00be \u00e6rmer og kontrastfarvet opsm\u00f8g. Klassisk O-hals, knaplukning og en lige kant for et tidl\u00f8st look.\" \/>\n<meta name=\"robots\" content=\"index, follow, max-snippet:-1, max-image-preview:large, max-video-preview:-1\" \/>\n<link rel=\"canonical\" href=\"https:\/\/stylestore.com\/da\/product\/wblholly-3-4sleeve-blouse-3\/\" \/>\n<meta property=\"og:locale\" content=\"da_DK\" \/>\n<meta property=\"og:type\" content=\"article\" \/>\n<meta property=\"og:title\" content=\"WBLHOLLY 3\/4 SLEEVE BLOUSE &#187; Stylestore.com Denmark\" \/>\n<meta property=\"og:description\" content=\"Let og luftig bluse i semitransparent h\u00f8rstof med \u00be \u00e6rmer og kontrastfarvet opsm\u00f8g. Klassisk O-hals, knaplukning og en lige kant for et tidl\u00f8st look.\" \/>\n<meta property=\"og:url\" content=\"https:\/\/stylestore.com\/da\/product\/wblholly-3-4sleeve-blouse-3\/\" \/>\n<meta property=\"og:site_name\" content=\"Stylestore.com Denmark\" \/>\n<meta property=\"article:modified_time\" content=\"2026-04-22T05:09:14+00:00\" \/>\n<meta property=\"og:image\" content=\"https:\/\/stylestore.com\/da\/wp-content\/uploads\/sites\/3\/2024\/09\/Wblholly_Sleeve_Blouse_Navy_Wblannika_High_Waist_Pants.jpg\" \/>\n\t<meta property=\"og:image:width\" content=\"1172\" \/>\n\t<meta property=\"og:image:height\" content=\"1758\" \/>\n\t<meta property=\"og:image:type\" content=\"image\/jpeg\" \/>\n<meta name=\"twitter:card\" content=\"summary_large_image\" \/>\n<script type=\"application\/ld+json\" class=\"yoast-schema-graph\">{\"@context\":\"https:\/\/schema.org\",\"@graph\":[{\"@type\":\"WebPage\",\"@id\":\"https:\/\/stylestore.com\/da\/product\/wblholly-3-4sleeve-blouse-3\/\",\"url\":\"https:\/\/stylestore.com\/da\/product\/wblholly-3-4sleeve-blouse-3\/\",\"name\":\"WBLHOLLY 3\/4 SLEEVE BLOUSE &#187; Stylestore.com Denmark\",\"isPartOf\":{\"@id\":\"https:\/\/stylestore.com\/da\/#website\"},\"primaryImageOfPage\":{\"@id\":\"https:\/\/stylestore.com\/da\/product\/wblholly-3-4sleeve-blouse-3\/#primaryimage\"},\"image\":{\"@id\":\"https:\/\/stylestore.com\/da\/product\/wblholly-3-4sleeve-blouse-3\/#primaryimage\"},\"thumbnailUrl\":\"https:\/\/stylestore.com\/da\/wp-content\/uploads\/sites\/3\/2026\/02\/Wblholly_sleeve_Blouse_Navy2-2.jpg\",\"datePublished\":\"2024-09-02T13:24:26+00:00\",\"dateModified\":\"2026-04-22T05:09:14+00:00\",\"description\":\"Let og luftig bluse i semitransparent h\u00f8rstof med \u00be \u00e6rmer og kontrastfarvet opsm\u00f8g. Klassisk O-hals, knaplukning og en lige kant for et tidl\u00f8st look.\",\"breadcrumb\":{\"@id\":\"https:\/\/stylestore.com\/da\/product\/wblholly-3-4sleeve-blouse-3\/#breadcrumb\"},\"inLanguage\":\"da-DK\",\"potentialAction\":[{\"@type\":\"ReadAction\",\"target\":[\"https:\/\/stylestore.com\/da\/product\/wblholly-3-4sleeve-blouse-3\/\"]}]},{\"@type\":\"ImageObject\",\"inLanguage\":\"da-DK\",\"@id\":\"https:\/\/stylestore.com\/da\/product\/wblholly-3-4sleeve-blouse-3\/#primaryimage\",\"url\":\"https:\/\/stylestore.com\/da\/wp-content\/uploads\/sites\/3\/2026\/02\/Wblholly_sleeve_Blouse_Navy2-2.jpg\",\"contentUrl\":\"https:\/\/stylestore.com\/da\/wp-content\/uploads\/sites\/3\/2026\/02\/Wblholly_sleeve_Blouse_Navy2-2.jpg\",\"width\":1481,\"height\":2220},{\"@type\":\"BreadcrumbList\",\"@id\":\"https:\/\/stylestore.com\/da\/product\/wblholly-3-4sleeve-blouse-3\/#breadcrumb\",\"itemListElement\":[{\"@type\":\"ListItem\",\"position\":1,\"name\":\"Home\",\"item\":\"https:\/\/stylestore.com\/da\/\"},{\"@type\":\"ListItem\",\"position\":2,\"name\":\"S\u00f8g\",\"item\":\"https:\/\/stylestore.com\/da\/soeg\/\"},{\"@type\":\"ListItem\",\"position\":3,\"name\":\"WBLHOLLY 3\/4 SLEEVE BLOUSE\"}]},{\"@type\":\"WebSite\",\"@id\":\"https:\/\/stylestore.com\/da\/#website\",\"url\":\"https:\/\/stylestore.com\/da\/\",\"name\":\"Stylestore.com Denmark\",\"description\":\"\",\"potentialAction\":[{\"@type\":\"SearchAction\",\"target\":{\"@type\":\"EntryPoint\",\"urlTemplate\":\"https:\/\/stylestore.com\/da\/?s={search_term_string}\"},\"query-input\":{\"@type\":\"PropertyValueSpecification\",\"valueRequired\":true,\"valueName\":\"search_term_string\"}}],\"inLanguage\":\"da-DK\"}]}<\/script>\n<!-- \/ Yoast SEO plugin. -->","yoast_head_json":{"title":"WBLHOLLY 3\/4 SLEEVE BLOUSE &#187; Stylestore.com Denmark","description":"Let og luftig bluse i semitransparent h\u00f8rstof med \u00be \u00e6rmer og kontrastfarvet opsm\u00f8g. Klassisk O-hals, knaplukning og en lige kant for et tidl\u00f8st look.","robots":{"index":"index","follow":"follow","max-snippet":"max-snippet:-1","max-image-preview":"max-image-preview:large","max-video-preview":"max-video-preview:-1"},"canonical":"https:\/\/stylestore.com\/da\/product\/wblholly-3-4sleeve-blouse-3\/","og_locale":"da_DK","og_type":"article","og_title":"WBLHOLLY 3\/4 SLEEVE BLOUSE &#187; Stylestore.com Denmark","og_description":"Let og luftig bluse i semitransparent h\u00f8rstof med \u00be \u00e6rmer og kontrastfarvet opsm\u00f8g. Klassisk O-hals, knaplukning og en lige kant for et tidl\u00f8st look.","og_url":"https:\/\/stylestore.com\/da\/product\/wblholly-3-4sleeve-blouse-3\/","og_site_name":"Stylestore.com Denmark","article_modified_time":"2026-04-22T05:09:14+00:00","og_image":[{"width":1172,"height":1758,"url":"https:\/\/stylestore.com\/da\/wp-content\/uploads\/sites\/3\/2024\/09\/Wblholly_Sleeve_Blouse_Navy_Wblannika_High_Waist_Pants.jpg","type":"image\/jpeg"}],"twitter_card":"summary_large_image","schema":{"@context":"https:\/\/schema.org","@graph":[{"@type":"WebPage","@id":"https:\/\/stylestore.com\/da\/product\/wblholly-3-4sleeve-blouse-3\/","url":"https:\/\/stylestore.com\/da\/product\/wblholly-3-4sleeve-blouse-3\/","name":"WBLHOLLY 3\/4 SLEEVE BLOUSE &#187; Stylestore.com Denmark","isPartOf":{"@id":"https:\/\/stylestore.com\/da\/#website"},"primaryImageOfPage":{"@id":"https:\/\/stylestore.com\/da\/product\/wblholly-3-4sleeve-blouse-3\/#primaryimage"},"image":{"@id":"https:\/\/stylestore.com\/da\/product\/wblholly-3-4sleeve-blouse-3\/#primaryimage"},"thumbnailUrl":"https:\/\/stylestore.com\/da\/wp-content\/uploads\/sites\/3\/2026\/02\/Wblholly_sleeve_Blouse_Navy2-2.jpg","datePublished":"2024-09-02T13:24:26+00:00","dateModified":"2026-04-22T05:09:14+00:00","description":"Let og luftig bluse i semitransparent h\u00f8rstof med \u00be \u00e6rmer og kontrastfarvet opsm\u00f8g. Klassisk O-hals, knaplukning og en lige kant for et tidl\u00f8st look.","breadcrumb":{"@id":"https:\/\/stylestore.com\/da\/product\/wblholly-3-4sleeve-blouse-3\/#breadcrumb"},"inLanguage":"da-DK","potentialAction":[{"@type":"ReadAction","target":["https:\/\/stylestore.com\/da\/product\/wblholly-3-4sleeve-blouse-3\/"]}]},{"@type":"ImageObject","inLanguage":"da-DK","@id":"https:\/\/stylestore.com\/da\/product\/wblholly-3-4sleeve-blouse-3\/#primaryimage","url":"https:\/\/stylestore.com\/da\/wp-content\/uploads\/sites\/3\/2026\/02\/Wblholly_sleeve_Blouse_Navy2-2.jpg","contentUrl":"https:\/\/stylestore.com\/da\/wp-content\/uploads\/sites\/3\/2026\/02\/Wblholly_sleeve_Blouse_Navy2-2.jpg","width":1481,"height":2220},{"@type":"BreadcrumbList","@id":"https:\/\/stylestore.com\/da\/product\/wblholly-3-4sleeve-blouse-3\/#breadcrumb","itemListElement":[{"@type":"ListItem","position":1,"name":"Home","item":"https:\/\/stylestore.com\/da\/"},{"@type":"ListItem","position":2,"name":"S\u00f8g","item":"https:\/\/stylestore.com\/da\/soeg\/"},{"@type":"ListItem","position":3,"name":"WBLHOLLY 3\/4 SLEEVE BLOUSE"}]},{"@type":"WebSite","@id":"https:\/\/stylestore.com\/da\/#website","url":"https:\/\/stylestore.com\/da\/","name":"Stylestore.com Denmark","description":"","potentialAction":[{"@type":"SearchAction","target":{"@type":"EntryPoint","urlTemplate":"https:\/\/stylestore.com\/da\/?s={search_term_string}"},"query-input":{"@type":"PropertyValueSpecification","valueRequired":true,"valueName":"search_term_string"}}],"inLanguage":"da-DK"}]}},"_links":{"self":[{"href":"https:\/\/stylestore.com\/da\/wp-json\/wp\/v2\/product\/543997","targetHints":{"allow":["GET"]}}],"collection":[{"href":"https:\/\/stylestore.com\/da\/wp-json\/wp\/v2\/product"}],"about":[{"href":"https:\/\/stylestore.com\/da\/wp-json\/wp\/v2\/types\/product"}],"wp:featuredmedia":[{"embeddable":true,"href":"https:\/\/stylestore.com\/da\/wp-json\/wp\/v2\/media\/595235"}],"wp:attachment":[{"href":"https:\/\/stylestore.com\/da\/wp-json\/wp\/v2\/media?parent=543997"}],"wp:term":[{"taxonomy":"product_brand","embeddable":true,"href":"https:\/\/stylestore.com\/da\/wp-json\/wp\/v2\/product_brand?post=543997"},{"taxonomy":"product_cat","embeddable":true,"href":"https:\/\/stylestore.com\/da\/wp-json\/wp\/v2\/product_cat?post=543997"},{"taxonomy":"product_tag","embeddable":true,"href":"https:\/\/stylestore.com\/da\/wp-json\/wp\/v2\/product_tag?post=543997"}],"curies":[{"name":"wp","href":"https:\/\/api.w.org\/{rel}","templated":true}]}}