{"id":542184,"date":"2024-07-02T16:01:23","date_gmt":"2024-07-02T14:01:23","guid":{"rendered":"https:\/\/stylestore.com\/da\/product\/wblshorty-soft-ls-shirt\/"},"modified":"2026-04-22T06:54:23","modified_gmt":"2026-04-22T04:54:23","slug":"wblshorty-soft-ls-shirt","status":"publish","type":"product","link":"https:\/\/stylestore.com\/da\/product\/wblshorty-soft-ls-shirt\/","title":{"rendered":"WBLSHORTY SOFT LS SHIRT"},"content":{"rendered":"<p>Skjorte i bl\u00f8d lyocell-kvalitet<br \/>\nBrystlomme<br \/>\nNormal pasform<br \/>\nHoftel\u00e6ngde<br \/>\nBuet kant forneden<br \/>\nKlassisk krave<br \/>\nLukning med knap<br \/>\nManchet med knap<\/p>\n","protected":false},"excerpt":{"rendered":"","protected":false},"featured_media":595047,"template":"","meta":{"_acf_changed":false},"product_brand":[],"product_cat":[124,20],"product_tag":[2151],"class_list":{"0":"post-542184","1":"product","2":"type-product","3":"status-publish","4":"has-post-thumbnail","6":"product_cat-skjorter","7":"product_cat-toppe","8":"product_tag-b2b","11":"outofstock","12":"taxable","13":"shipping-taxable","14":"purchasable","15":"product-type-variable"},"acf":[],"yoast_head":"<!-- This site is optimized with the Yoast SEO plugin v23.8 - https:\/\/yoast.com\/wordpress\/plugins\/seo\/ -->\n<title>WBLSHORTY SOFT LS SHIRT &#187; Stylestore.com Denmark<\/title>\n<meta name=\"description\" content=\"Stilfuld skjorte i bl\u00f8d lyocell-kvalitet med brystlomme og klassisk krave. Den normale pasform og hoftel\u00e6ngde giver et rent og klassisk udtryk, mens den buede kant og manchetter med knap tilf\u00f8jer detaljer. Perfekt til b\u00e5de afslappet og formelt brug!\" \/>\n<meta name=\"robots\" content=\"index, follow, max-snippet:-1, max-image-preview:large, max-video-preview:-1\" \/>\n<link rel=\"canonical\" href=\"https:\/\/stylestore.com\/da\/product\/wblshorty-soft-ls-shirt\/\" \/>\n<meta property=\"og:locale\" content=\"da_DK\" \/>\n<meta property=\"og:type\" content=\"article\" \/>\n<meta property=\"og:title\" content=\"WBLSHORTY SOFT LS SHIRT &#187; Stylestore.com Denmark\" \/>\n<meta property=\"og:description\" content=\"Stilfuld skjorte i bl\u00f8d lyocell-kvalitet med brystlomme og klassisk krave. Den normale pasform og hoftel\u00e6ngde giver et rent og klassisk udtryk, mens den buede kant og manchetter med knap tilf\u00f8jer detaljer. Perfekt til b\u00e5de afslappet og formelt brug!\" \/>\n<meta property=\"og:url\" content=\"https:\/\/stylestore.com\/da\/product\/wblshorty-soft-ls-shirt\/\" \/>\n<meta property=\"og:site_name\" content=\"Stylestore.com Denmark\" \/>\n<meta property=\"article:modified_time\" content=\"2026-04-22T04:54:23+00:00\" \/>\n<meta property=\"og:image\" content=\"https:\/\/stylestore.com\/da\/wp-content\/uploads\/sites\/3\/2026\/02\/Wblshorty_Soft_Ls_Shirt_Blue_Sky1-3.jpg\" \/>\n\t<meta property=\"og:image:width\" content=\"1613\" \/>\n\t<meta property=\"og:image:height\" content=\"2418\" \/>\n\t<meta property=\"og:image:type\" content=\"image\/jpeg\" \/>\n<meta name=\"twitter:card\" content=\"summary_large_image\" \/>\n<script type=\"application\/ld+json\" class=\"yoast-schema-graph\">{\"@context\":\"https:\/\/schema.org\",\"@graph\":[{\"@type\":\"WebPage\",\"@id\":\"https:\/\/stylestore.com\/da\/product\/wblshorty-soft-ls-shirt\/\",\"url\":\"https:\/\/stylestore.com\/da\/product\/wblshorty-soft-ls-shirt\/\",\"name\":\"WBLSHORTY SOFT LS SHIRT &#187; Stylestore.com Denmark\",\"isPartOf\":{\"@id\":\"https:\/\/stylestore.com\/da\/#website\"},\"primaryImageOfPage\":{\"@id\":\"https:\/\/stylestore.com\/da\/product\/wblshorty-soft-ls-shirt\/#primaryimage\"},\"image\":{\"@id\":\"https:\/\/stylestore.com\/da\/product\/wblshorty-soft-ls-shirt\/#primaryimage\"},\"thumbnailUrl\":\"https:\/\/stylestore.com\/da\/wp-content\/uploads\/sites\/3\/2026\/02\/Wblshorty_Soft_Ls_Shirt_Blue_Sky1-3.jpg\",\"datePublished\":\"2024-07-02T14:01:23+00:00\",\"dateModified\":\"2026-04-22T04:54:23+00:00\",\"description\":\"Stilfuld skjorte i bl\u00f8d lyocell-kvalitet med brystlomme og klassisk krave. Den normale pasform og hoftel\u00e6ngde giver et rent og klassisk udtryk, mens den buede kant og manchetter med knap tilf\u00f8jer detaljer. Perfekt til b\u00e5de afslappet og formelt brug!\",\"breadcrumb\":{\"@id\":\"https:\/\/stylestore.com\/da\/product\/wblshorty-soft-ls-shirt\/#breadcrumb\"},\"inLanguage\":\"da-DK\",\"potentialAction\":[{\"@type\":\"ReadAction\",\"target\":[\"https:\/\/stylestore.com\/da\/product\/wblshorty-soft-ls-shirt\/\"]}]},{\"@type\":\"ImageObject\",\"inLanguage\":\"da-DK\",\"@id\":\"https:\/\/stylestore.com\/da\/product\/wblshorty-soft-ls-shirt\/#primaryimage\",\"url\":\"https:\/\/stylestore.com\/da\/wp-content\/uploads\/sites\/3\/2026\/02\/Wblshorty_Soft_Ls_Shirt_Blue_Sky1-3.jpg\",\"contentUrl\":\"https:\/\/stylestore.com\/da\/wp-content\/uploads\/sites\/3\/2026\/02\/Wblshorty_Soft_Ls_Shirt_Blue_Sky1-3.jpg\",\"width\":1613,\"height\":2418},{\"@type\":\"BreadcrumbList\",\"@id\":\"https:\/\/stylestore.com\/da\/product\/wblshorty-soft-ls-shirt\/#breadcrumb\",\"itemListElement\":[{\"@type\":\"ListItem\",\"position\":1,\"name\":\"Home\",\"item\":\"https:\/\/stylestore.com\/da\/\"},{\"@type\":\"ListItem\",\"position\":2,\"name\":\"S\u00f8g\",\"item\":\"https:\/\/stylestore.com\/da\/soeg\/\"},{\"@type\":\"ListItem\",\"position\":3,\"name\":\"WBLSHORTY SOFT LS SHIRT\"}]},{\"@type\":\"WebSite\",\"@id\":\"https:\/\/stylestore.com\/da\/#website\",\"url\":\"https:\/\/stylestore.com\/da\/\",\"name\":\"Stylestore.com Denmark\",\"description\":\"\",\"potentialAction\":[{\"@type\":\"SearchAction\",\"target\":{\"@type\":\"EntryPoint\",\"urlTemplate\":\"https:\/\/stylestore.com\/da\/?s={search_term_string}\"},\"query-input\":{\"@type\":\"PropertyValueSpecification\",\"valueRequired\":true,\"valueName\":\"search_term_string\"}}],\"inLanguage\":\"da-DK\"}]}<\/script>\n<!-- \/ Yoast SEO plugin. -->","yoast_head_json":{"title":"WBLSHORTY SOFT LS SHIRT &#187; Stylestore.com Denmark","description":"Stilfuld skjorte i bl\u00f8d lyocell-kvalitet med brystlomme og klassisk krave. Den normale pasform og hoftel\u00e6ngde giver et rent og klassisk udtryk, mens den buede kant og manchetter med knap tilf\u00f8jer detaljer. Perfekt til b\u00e5de afslappet og formelt brug!","robots":{"index":"index","follow":"follow","max-snippet":"max-snippet:-1","max-image-preview":"max-image-preview:large","max-video-preview":"max-video-preview:-1"},"canonical":"https:\/\/stylestore.com\/da\/product\/wblshorty-soft-ls-shirt\/","og_locale":"da_DK","og_type":"article","og_title":"WBLSHORTY SOFT LS SHIRT &#187; Stylestore.com Denmark","og_description":"Stilfuld skjorte i bl\u00f8d lyocell-kvalitet med brystlomme og klassisk krave. Den normale pasform og hoftel\u00e6ngde giver et rent og klassisk udtryk, mens den buede kant og manchetter med knap tilf\u00f8jer detaljer. Perfekt til b\u00e5de afslappet og formelt brug!","og_url":"https:\/\/stylestore.com\/da\/product\/wblshorty-soft-ls-shirt\/","og_site_name":"Stylestore.com Denmark","article_modified_time":"2026-04-22T04:54:23+00:00","og_image":[{"width":1613,"height":2418,"url":"https:\/\/stylestore.com\/da\/wp-content\/uploads\/sites\/3\/2026\/02\/Wblshorty_Soft_Ls_Shirt_Blue_Sky1-3.jpg","type":"image\/jpeg"}],"twitter_card":"summary_large_image","schema":{"@context":"https:\/\/schema.org","@graph":[{"@type":"WebPage","@id":"https:\/\/stylestore.com\/da\/product\/wblshorty-soft-ls-shirt\/","url":"https:\/\/stylestore.com\/da\/product\/wblshorty-soft-ls-shirt\/","name":"WBLSHORTY SOFT LS SHIRT &#187; Stylestore.com Denmark","isPartOf":{"@id":"https:\/\/stylestore.com\/da\/#website"},"primaryImageOfPage":{"@id":"https:\/\/stylestore.com\/da\/product\/wblshorty-soft-ls-shirt\/#primaryimage"},"image":{"@id":"https:\/\/stylestore.com\/da\/product\/wblshorty-soft-ls-shirt\/#primaryimage"},"thumbnailUrl":"https:\/\/stylestore.com\/da\/wp-content\/uploads\/sites\/3\/2026\/02\/Wblshorty_Soft_Ls_Shirt_Blue_Sky1-3.jpg","datePublished":"2024-07-02T14:01:23+00:00","dateModified":"2026-04-22T04:54:23+00:00","description":"Stilfuld skjorte i bl\u00f8d lyocell-kvalitet med brystlomme og klassisk krave. Den normale pasform og hoftel\u00e6ngde giver et rent og klassisk udtryk, mens den buede kant og manchetter med knap tilf\u00f8jer detaljer. Perfekt til b\u00e5de afslappet og formelt brug!","breadcrumb":{"@id":"https:\/\/stylestore.com\/da\/product\/wblshorty-soft-ls-shirt\/#breadcrumb"},"inLanguage":"da-DK","potentialAction":[{"@type":"ReadAction","target":["https:\/\/stylestore.com\/da\/product\/wblshorty-soft-ls-shirt\/"]}]},{"@type":"ImageObject","inLanguage":"da-DK","@id":"https:\/\/stylestore.com\/da\/product\/wblshorty-soft-ls-shirt\/#primaryimage","url":"https:\/\/stylestore.com\/da\/wp-content\/uploads\/sites\/3\/2026\/02\/Wblshorty_Soft_Ls_Shirt_Blue_Sky1-3.jpg","contentUrl":"https:\/\/stylestore.com\/da\/wp-content\/uploads\/sites\/3\/2026\/02\/Wblshorty_Soft_Ls_Shirt_Blue_Sky1-3.jpg","width":1613,"height":2418},{"@type":"BreadcrumbList","@id":"https:\/\/stylestore.com\/da\/product\/wblshorty-soft-ls-shirt\/#breadcrumb","itemListElement":[{"@type":"ListItem","position":1,"name":"Home","item":"https:\/\/stylestore.com\/da\/"},{"@type":"ListItem","position":2,"name":"S\u00f8g","item":"https:\/\/stylestore.com\/da\/soeg\/"},{"@type":"ListItem","position":3,"name":"WBLSHORTY SOFT LS SHIRT"}]},{"@type":"WebSite","@id":"https:\/\/stylestore.com\/da\/#website","url":"https:\/\/stylestore.com\/da\/","name":"Stylestore.com Denmark","description":"","potentialAction":[{"@type":"SearchAction","target":{"@type":"EntryPoint","urlTemplate":"https:\/\/stylestore.com\/da\/?s={search_term_string}"},"query-input":{"@type":"PropertyValueSpecification","valueRequired":true,"valueName":"search_term_string"}}],"inLanguage":"da-DK"}]}},"_links":{"self":[{"href":"https:\/\/stylestore.com\/da\/wp-json\/wp\/v2\/product\/542184","targetHints":{"allow":["GET"]}}],"collection":[{"href":"https:\/\/stylestore.com\/da\/wp-json\/wp\/v2\/product"}],"about":[{"href":"https:\/\/stylestore.com\/da\/wp-json\/wp\/v2\/types\/product"}],"wp:featuredmedia":[{"embeddable":true,"href":"https:\/\/stylestore.com\/da\/wp-json\/wp\/v2\/media\/595047"}],"wp:attachment":[{"href":"https:\/\/stylestore.com\/da\/wp-json\/wp\/v2\/media?parent=542184"}],"wp:term":[{"taxonomy":"product_brand","embeddable":true,"href":"https:\/\/stylestore.com\/da\/wp-json\/wp\/v2\/product_brand?post=542184"},{"taxonomy":"product_cat","embeddable":true,"href":"https:\/\/stylestore.com\/da\/wp-json\/wp\/v2\/product_cat?post=542184"},{"taxonomy":"product_tag","embeddable":true,"href":"https:\/\/stylestore.com\/da\/wp-json\/wp\/v2\/product_tag?post=542184"}],"curies":[{"name":"wp","href":"https:\/\/api.w.org\/{rel}","templated":true}]}}