{"id":542161,"date":"2024-07-02T15:41:51","date_gmt":"2024-07-02T13:41:51","guid":{"rendered":"https:\/\/stylestore.com\/da\/product\/wblquinie-ls-cropped-shirt\/"},"modified":"2026-04-14T06:59:50","modified_gmt":"2026-04-14T04:59:50","slug":"wblquinie-ls-cropped-shirt","status":"publish","type":"product","link":"https:\/\/stylestore.com\/da\/product\/wblquinie-ls-cropped-shirt\/","title":{"rendered":"WBLQUINIE LS CROPPED SHIRT"},"content":{"rendered":"<p>Skjorte i bl\u00f8d lyocell-kvalitet<br \/>\nPaspellomme p\u00e5 brystet<br \/>\nNormal pasform<br \/>\nL\u00e6ngde i taljen<br \/>\nKlassisk krave<br \/>\nLukning med knap<br \/>\nManchet med knap<\/p>\n","protected":false},"excerpt":{"rendered":"","protected":false},"featured_media":563535,"template":"","meta":{"_acf_changed":false},"product_brand":[],"product_cat":[124,20],"product_tag":[2151],"class_list":{"0":"post-542161","1":"product","2":"type-product","3":"status-publish","4":"has-post-thumbnail","6":"product_cat-skjorter","7":"product_cat-toppe","8":"product_tag-b2b","11":"instock","12":"taxable","13":"shipping-taxable","14":"purchasable","15":"product-type-variable"},"acf":[],"yoast_head":"<!-- This site is optimized with the Yoast SEO plugin v23.8 - https:\/\/yoast.com\/wordpress\/plugins\/seo\/ -->\n<title>WBLQUINIE LS CROPPED SHIRT &#187; Stylestore.com Denmark<\/title>\n<meta name=\"description\" content=\"Skjorten i bl\u00f8d lyocell-kvalitet kombinerer komfort og stil med paspellomme p\u00e5 brystet og klassisk krave. Den har en normal pasform, taljel\u00e6ngde og knaplukning, samt manchetter med knapdetalje. Perfekt til b\u00e5de afslappet og smart brug.\" \/>\n<meta name=\"robots\" content=\"index, follow, max-snippet:-1, max-image-preview:large, max-video-preview:-1\" \/>\n<link rel=\"canonical\" href=\"https:\/\/stylestore.com\/da\/product\/wblquinie-ls-cropped-shirt\/\" \/>\n<meta property=\"og:locale\" content=\"da_DK\" \/>\n<meta property=\"og:type\" content=\"article\" \/>\n<meta property=\"og:title\" content=\"WBLQUINIE LS CROPPED SHIRT &#187; Stylestore.com Denmark\" \/>\n<meta property=\"og:description\" content=\"Skjorten i bl\u00f8d lyocell-kvalitet kombinerer komfort og stil med paspellomme p\u00e5 brystet og klassisk krave. Den har en normal pasform, taljel\u00e6ngde og knaplukning, samt manchetter med knapdetalje. Perfekt til b\u00e5de afslappet og smart brug.\" \/>\n<meta property=\"og:url\" content=\"https:\/\/stylestore.com\/da\/product\/wblquinie-ls-cropped-shirt\/\" \/>\n<meta property=\"og:site_name\" content=\"Stylestore.com Denmark\" \/>\n<meta property=\"article:modified_time\" content=\"2026-04-14T04:59:50+00:00\" \/>\n<meta property=\"og:image\" content=\"https:\/\/stylestore.com\/da\/wp-content\/uploads\/sites\/3\/2025\/01\/WblQuinie_Ls_Cropped_Shirt_Mineral_Grey1-scaled.jpg\" \/>\n\t<meta property=\"og:image:width\" content=\"1708\" \/>\n\t<meta property=\"og:image:height\" content=\"2560\" \/>\n\t<meta property=\"og:image:type\" content=\"image\/jpeg\" \/>\n<meta name=\"twitter:card\" content=\"summary_large_image\" \/>\n<script type=\"application\/ld+json\" class=\"yoast-schema-graph\">{\"@context\":\"https:\/\/schema.org\",\"@graph\":[{\"@type\":\"WebPage\",\"@id\":\"https:\/\/stylestore.com\/da\/product\/wblquinie-ls-cropped-shirt\/\",\"url\":\"https:\/\/stylestore.com\/da\/product\/wblquinie-ls-cropped-shirt\/\",\"name\":\"WBLQUINIE LS CROPPED SHIRT &#187; Stylestore.com Denmark\",\"isPartOf\":{\"@id\":\"https:\/\/stylestore.com\/da\/#website\"},\"primaryImageOfPage\":{\"@id\":\"https:\/\/stylestore.com\/da\/product\/wblquinie-ls-cropped-shirt\/#primaryimage\"},\"image\":{\"@id\":\"https:\/\/stylestore.com\/da\/product\/wblquinie-ls-cropped-shirt\/#primaryimage\"},\"thumbnailUrl\":\"https:\/\/stylestore.com\/da\/wp-content\/uploads\/sites\/3\/2025\/03\/WblQuinie_Ls_Cropped_Shirt_Mineral_Grey1-3-scaled.jpg\",\"datePublished\":\"2024-07-02T13:41:51+00:00\",\"dateModified\":\"2026-04-14T04:59:50+00:00\",\"description\":\"Skjorten i bl\u00f8d lyocell-kvalitet kombinerer komfort og stil med paspellomme p\u00e5 brystet og klassisk krave. Den har en normal pasform, taljel\u00e6ngde og knaplukning, samt manchetter med knapdetalje. Perfekt til b\u00e5de afslappet og smart brug.\",\"breadcrumb\":{\"@id\":\"https:\/\/stylestore.com\/da\/product\/wblquinie-ls-cropped-shirt\/#breadcrumb\"},\"inLanguage\":\"da-DK\",\"potentialAction\":[{\"@type\":\"ReadAction\",\"target\":[\"https:\/\/stylestore.com\/da\/product\/wblquinie-ls-cropped-shirt\/\"]}]},{\"@type\":\"ImageObject\",\"inLanguage\":\"da-DK\",\"@id\":\"https:\/\/stylestore.com\/da\/product\/wblquinie-ls-cropped-shirt\/#primaryimage\",\"url\":\"https:\/\/stylestore.com\/da\/wp-content\/uploads\/sites\/3\/2025\/03\/WblQuinie_Ls_Cropped_Shirt_Mineral_Grey1-3-scaled.jpg\",\"contentUrl\":\"https:\/\/stylestore.com\/da\/wp-content\/uploads\/sites\/3\/2025\/03\/WblQuinie_Ls_Cropped_Shirt_Mineral_Grey1-3-scaled.jpg\",\"width\":1708,\"height\":2560},{\"@type\":\"BreadcrumbList\",\"@id\":\"https:\/\/stylestore.com\/da\/product\/wblquinie-ls-cropped-shirt\/#breadcrumb\",\"itemListElement\":[{\"@type\":\"ListItem\",\"position\":1,\"name\":\"Home\",\"item\":\"https:\/\/stylestore.com\/da\/\"},{\"@type\":\"ListItem\",\"position\":2,\"name\":\"S\u00f8g\",\"item\":\"https:\/\/stylestore.com\/da\/soeg\/\"},{\"@type\":\"ListItem\",\"position\":3,\"name\":\"WBLQUINIE LS CROPPED SHIRT\"}]},{\"@type\":\"WebSite\",\"@id\":\"https:\/\/stylestore.com\/da\/#website\",\"url\":\"https:\/\/stylestore.com\/da\/\",\"name\":\"Stylestore.com Denmark\",\"description\":\"\",\"potentialAction\":[{\"@type\":\"SearchAction\",\"target\":{\"@type\":\"EntryPoint\",\"urlTemplate\":\"https:\/\/stylestore.com\/da\/?s={search_term_string}\"},\"query-input\":{\"@type\":\"PropertyValueSpecification\",\"valueRequired\":true,\"valueName\":\"search_term_string\"}}],\"inLanguage\":\"da-DK\"}]}<\/script>\n<!-- \/ Yoast SEO plugin. -->","yoast_head_json":{"title":"WBLQUINIE LS CROPPED SHIRT &#187; Stylestore.com Denmark","description":"Skjorten i bl\u00f8d lyocell-kvalitet kombinerer komfort og stil med paspellomme p\u00e5 brystet og klassisk krave. Den har en normal pasform, taljel\u00e6ngde og knaplukning, samt manchetter med knapdetalje. Perfekt til b\u00e5de afslappet og smart brug.","robots":{"index":"index","follow":"follow","max-snippet":"max-snippet:-1","max-image-preview":"max-image-preview:large","max-video-preview":"max-video-preview:-1"},"canonical":"https:\/\/stylestore.com\/da\/product\/wblquinie-ls-cropped-shirt\/","og_locale":"da_DK","og_type":"article","og_title":"WBLQUINIE LS CROPPED SHIRT &#187; Stylestore.com Denmark","og_description":"Skjorten i bl\u00f8d lyocell-kvalitet kombinerer komfort og stil med paspellomme p\u00e5 brystet og klassisk krave. Den har en normal pasform, taljel\u00e6ngde og knaplukning, samt manchetter med knapdetalje. Perfekt til b\u00e5de afslappet og smart brug.","og_url":"https:\/\/stylestore.com\/da\/product\/wblquinie-ls-cropped-shirt\/","og_site_name":"Stylestore.com Denmark","article_modified_time":"2026-04-14T04:59:50+00:00","og_image":[{"width":1708,"height":2560,"url":"https:\/\/stylestore.com\/da\/wp-content\/uploads\/sites\/3\/2025\/01\/WblQuinie_Ls_Cropped_Shirt_Mineral_Grey1-scaled.jpg","type":"image\/jpeg"}],"twitter_card":"summary_large_image","schema":{"@context":"https:\/\/schema.org","@graph":[{"@type":"WebPage","@id":"https:\/\/stylestore.com\/da\/product\/wblquinie-ls-cropped-shirt\/","url":"https:\/\/stylestore.com\/da\/product\/wblquinie-ls-cropped-shirt\/","name":"WBLQUINIE LS CROPPED SHIRT &#187; Stylestore.com Denmark","isPartOf":{"@id":"https:\/\/stylestore.com\/da\/#website"},"primaryImageOfPage":{"@id":"https:\/\/stylestore.com\/da\/product\/wblquinie-ls-cropped-shirt\/#primaryimage"},"image":{"@id":"https:\/\/stylestore.com\/da\/product\/wblquinie-ls-cropped-shirt\/#primaryimage"},"thumbnailUrl":"https:\/\/stylestore.com\/da\/wp-content\/uploads\/sites\/3\/2025\/03\/WblQuinie_Ls_Cropped_Shirt_Mineral_Grey1-3-scaled.jpg","datePublished":"2024-07-02T13:41:51+00:00","dateModified":"2026-04-14T04:59:50+00:00","description":"Skjorten i bl\u00f8d lyocell-kvalitet kombinerer komfort og stil med paspellomme p\u00e5 brystet og klassisk krave. Den har en normal pasform, taljel\u00e6ngde og knaplukning, samt manchetter med knapdetalje. Perfekt til b\u00e5de afslappet og smart brug.","breadcrumb":{"@id":"https:\/\/stylestore.com\/da\/product\/wblquinie-ls-cropped-shirt\/#breadcrumb"},"inLanguage":"da-DK","potentialAction":[{"@type":"ReadAction","target":["https:\/\/stylestore.com\/da\/product\/wblquinie-ls-cropped-shirt\/"]}]},{"@type":"ImageObject","inLanguage":"da-DK","@id":"https:\/\/stylestore.com\/da\/product\/wblquinie-ls-cropped-shirt\/#primaryimage","url":"https:\/\/stylestore.com\/da\/wp-content\/uploads\/sites\/3\/2025\/03\/WblQuinie_Ls_Cropped_Shirt_Mineral_Grey1-3-scaled.jpg","contentUrl":"https:\/\/stylestore.com\/da\/wp-content\/uploads\/sites\/3\/2025\/03\/WblQuinie_Ls_Cropped_Shirt_Mineral_Grey1-3-scaled.jpg","width":1708,"height":2560},{"@type":"BreadcrumbList","@id":"https:\/\/stylestore.com\/da\/product\/wblquinie-ls-cropped-shirt\/#breadcrumb","itemListElement":[{"@type":"ListItem","position":1,"name":"Home","item":"https:\/\/stylestore.com\/da\/"},{"@type":"ListItem","position":2,"name":"S\u00f8g","item":"https:\/\/stylestore.com\/da\/soeg\/"},{"@type":"ListItem","position":3,"name":"WBLQUINIE LS CROPPED SHIRT"}]},{"@type":"WebSite","@id":"https:\/\/stylestore.com\/da\/#website","url":"https:\/\/stylestore.com\/da\/","name":"Stylestore.com Denmark","description":"","potentialAction":[{"@type":"SearchAction","target":{"@type":"EntryPoint","urlTemplate":"https:\/\/stylestore.com\/da\/?s={search_term_string}"},"query-input":{"@type":"PropertyValueSpecification","valueRequired":true,"valueName":"search_term_string"}}],"inLanguage":"da-DK"}]}},"_links":{"self":[{"href":"https:\/\/stylestore.com\/da\/wp-json\/wp\/v2\/product\/542161","targetHints":{"allow":["GET"]}}],"collection":[{"href":"https:\/\/stylestore.com\/da\/wp-json\/wp\/v2\/product"}],"about":[{"href":"https:\/\/stylestore.com\/da\/wp-json\/wp\/v2\/types\/product"}],"wp:featuredmedia":[{"embeddable":true,"href":"https:\/\/stylestore.com\/da\/wp-json\/wp\/v2\/media\/563535"}],"wp:attachment":[{"href":"https:\/\/stylestore.com\/da\/wp-json\/wp\/v2\/media?parent=542161"}],"wp:term":[{"taxonomy":"product_brand","embeddable":true,"href":"https:\/\/stylestore.com\/da\/wp-json\/wp\/v2\/product_brand?post=542161"},{"taxonomy":"product_cat","embeddable":true,"href":"https:\/\/stylestore.com\/da\/wp-json\/wp\/v2\/product_cat?post=542161"},{"taxonomy":"product_tag","embeddable":true,"href":"https:\/\/stylestore.com\/da\/wp-json\/wp\/v2\/product_tag?post=542161"}],"curies":[{"name":"wp","href":"https:\/\/api.w.org\/{rel}","templated":true}]}}