{"id":542039,"date":"2024-07-02T14:03:39","date_gmt":"2024-07-02T12:03:39","guid":{"rendered":"https:\/\/stylestore.com\/da\/product\/wblindiana-ls-o-neck-pullover-4\/"},"modified":"2026-04-14T06:53:52","modified_gmt":"2026-04-14T04:53:52","slug":"wblindiana-ls-o-neck-pullover-4","status":"publish","type":"product","link":"https:\/\/stylestore.com\/da\/product\/wblindiana-ls-o-neck-pullover-4\/","title":{"rendered":"WBLINDIANA LS O-NECK PULLOVER"},"content":{"rendered":"<p>Strikket pullover<br \/>\n\u00c5ben fiskerib\u00e5nd<br \/>\nO-hals<br \/>\nLange raglan\u00e6rmer<br \/>\nRib ved halsen<br \/>\nNormal pasform<br \/>\nL\u00e6ngde under taljen<\/p>\n","protected":false},"excerpt":{"rendered":"","protected":false},"featured_media":557889,"template":"","meta":{"_acf_changed":false},"product_brand":[],"product_cat":[107,137],"product_tag":[2151],"class_list":{"0":"post-542039","1":"product","2":"type-product","3":"status-publish","4":"has-post-thumbnail","6":"product_cat-strik","7":"product_cat-strik-pullovers","8":"product_tag-b2b","11":"instock","12":"taxable","13":"shipping-taxable","14":"purchasable","15":"product-type-variable"},"acf":[],"yoast_head":"<!-- This site is optimized with the Yoast SEO plugin v23.8 - https:\/\/yoast.com\/wordpress\/plugins\/seo\/ -->\n<title>WBLINDIANA LS O-NECK PULLOVER &#187; Stylestore.com Denmark<\/title>\n<meta name=\"description\" content=\"Stilfuld strikket pullover med \u00e5ben fiskerib\u00e5nd og O-hals. Lange raglan\u00e6rmer og ribkant ved halsen giver et klassisk og komfortabelt look. Perfekt til b\u00e5de hverdagsbrug og lag-p\u00e5-lag styling!\" \/>\n<meta name=\"robots\" content=\"index, follow, max-snippet:-1, max-image-preview:large, max-video-preview:-1\" \/>\n<link rel=\"canonical\" href=\"https:\/\/stylestore.com\/da\/product\/wblindiana-ls-o-neck-pullover-4\/\" \/>\n<meta property=\"og:locale\" content=\"da_DK\" \/>\n<meta property=\"og:type\" content=\"article\" \/>\n<meta property=\"og:title\" content=\"WBLINDIANA LS O-NECK PULLOVER &#187; Stylestore.com Denmark\" \/>\n<meta property=\"og:description\" content=\"Stilfuld strikket pullover med \u00e5ben fiskerib\u00e5nd og O-hals. Lange raglan\u00e6rmer og ribkant ved halsen giver et klassisk og komfortabelt look. Perfekt til b\u00e5de hverdagsbrug og lag-p\u00e5-lag styling!\" \/>\n<meta property=\"og:url\" content=\"https:\/\/stylestore.com\/da\/product\/wblindiana-ls-o-neck-pullover-4\/\" \/>\n<meta property=\"og:site_name\" content=\"Stylestore.com Denmark\" \/>\n<meta property=\"article:modified_time\" content=\"2026-04-14T04:53:52+00:00\" \/>\n<meta property=\"og:image\" content=\"https:\/\/stylestore.com\/da\/wp-content\/uploads\/sites\/3\/2025\/01\/WBLINDIANA_LS_O_NECK_PULLOVER_White1-scaled.jpg\" \/>\n\t<meta property=\"og:image:width\" content=\"1707\" \/>\n\t<meta property=\"og:image:height\" content=\"2560\" \/>\n\t<meta property=\"og:image:type\" content=\"image\/jpeg\" \/>\n<meta name=\"twitter:card\" content=\"summary_large_image\" \/>\n<script type=\"application\/ld+json\" class=\"yoast-schema-graph\">{\"@context\":\"https:\/\/schema.org\",\"@graph\":[{\"@type\":\"WebPage\",\"@id\":\"https:\/\/stylestore.com\/da\/product\/wblindiana-ls-o-neck-pullover-4\/\",\"url\":\"https:\/\/stylestore.com\/da\/product\/wblindiana-ls-o-neck-pullover-4\/\",\"name\":\"WBLINDIANA LS O-NECK PULLOVER &#187; Stylestore.com Denmark\",\"isPartOf\":{\"@id\":\"https:\/\/stylestore.com\/da\/#website\"},\"primaryImageOfPage\":{\"@id\":\"https:\/\/stylestore.com\/da\/product\/wblindiana-ls-o-neck-pullover-4\/#primaryimage\"},\"image\":{\"@id\":\"https:\/\/stylestore.com\/da\/product\/wblindiana-ls-o-neck-pullover-4\/#primaryimage\"},\"thumbnailUrl\":\"https:\/\/stylestore.com\/da\/wp-content\/uploads\/sites\/3\/2025\/01\/WBLINDIANA_LS_O_NECK_PULLOVER_White1-scaled.jpg\",\"datePublished\":\"2024-07-02T12:03:39+00:00\",\"dateModified\":\"2026-04-14T04:53:52+00:00\",\"description\":\"Stilfuld strikket pullover med \u00e5ben fiskerib\u00e5nd og O-hals. Lange raglan\u00e6rmer og ribkant ved halsen giver et klassisk og komfortabelt look. Perfekt til b\u00e5de hverdagsbrug og lag-p\u00e5-lag styling!\",\"breadcrumb\":{\"@id\":\"https:\/\/stylestore.com\/da\/product\/wblindiana-ls-o-neck-pullover-4\/#breadcrumb\"},\"inLanguage\":\"da-DK\",\"potentialAction\":[{\"@type\":\"ReadAction\",\"target\":[\"https:\/\/stylestore.com\/da\/product\/wblindiana-ls-o-neck-pullover-4\/\"]}]},{\"@type\":\"ImageObject\",\"inLanguage\":\"da-DK\",\"@id\":\"https:\/\/stylestore.com\/da\/product\/wblindiana-ls-o-neck-pullover-4\/#primaryimage\",\"url\":\"https:\/\/stylestore.com\/da\/wp-content\/uploads\/sites\/3\/2025\/01\/WBLINDIANA_LS_O_NECK_PULLOVER_White1-scaled.jpg\",\"contentUrl\":\"https:\/\/stylestore.com\/da\/wp-content\/uploads\/sites\/3\/2025\/01\/WBLINDIANA_LS_O_NECK_PULLOVER_White1-scaled.jpg\",\"width\":1707,\"height\":2560},{\"@type\":\"BreadcrumbList\",\"@id\":\"https:\/\/stylestore.com\/da\/product\/wblindiana-ls-o-neck-pullover-4\/#breadcrumb\",\"itemListElement\":[{\"@type\":\"ListItem\",\"position\":1,\"name\":\"Home\",\"item\":\"https:\/\/stylestore.com\/da\/\"},{\"@type\":\"ListItem\",\"position\":2,\"name\":\"S\u00f8g\",\"item\":\"https:\/\/stylestore.com\/da\/soeg\/\"},{\"@type\":\"ListItem\",\"position\":3,\"name\":\"WBLINDIANA LS O-NECK PULLOVER\"}]},{\"@type\":\"WebSite\",\"@id\":\"https:\/\/stylestore.com\/da\/#website\",\"url\":\"https:\/\/stylestore.com\/da\/\",\"name\":\"Stylestore.com Denmark\",\"description\":\"\",\"potentialAction\":[{\"@type\":\"SearchAction\",\"target\":{\"@type\":\"EntryPoint\",\"urlTemplate\":\"https:\/\/stylestore.com\/da\/?s={search_term_string}\"},\"query-input\":{\"@type\":\"PropertyValueSpecification\",\"valueRequired\":true,\"valueName\":\"search_term_string\"}}],\"inLanguage\":\"da-DK\"}]}<\/script>\n<!-- \/ Yoast SEO plugin. -->","yoast_head_json":{"title":"WBLINDIANA LS O-NECK PULLOVER &#187; Stylestore.com Denmark","description":"Stilfuld strikket pullover med \u00e5ben fiskerib\u00e5nd og O-hals. Lange raglan\u00e6rmer og ribkant ved halsen giver et klassisk og komfortabelt look. Perfekt til b\u00e5de hverdagsbrug og lag-p\u00e5-lag styling!","robots":{"index":"index","follow":"follow","max-snippet":"max-snippet:-1","max-image-preview":"max-image-preview:large","max-video-preview":"max-video-preview:-1"},"canonical":"https:\/\/stylestore.com\/da\/product\/wblindiana-ls-o-neck-pullover-4\/","og_locale":"da_DK","og_type":"article","og_title":"WBLINDIANA LS O-NECK PULLOVER &#187; Stylestore.com Denmark","og_description":"Stilfuld strikket pullover med \u00e5ben fiskerib\u00e5nd og O-hals. Lange raglan\u00e6rmer og ribkant ved halsen giver et klassisk og komfortabelt look. Perfekt til b\u00e5de hverdagsbrug og lag-p\u00e5-lag styling!","og_url":"https:\/\/stylestore.com\/da\/product\/wblindiana-ls-o-neck-pullover-4\/","og_site_name":"Stylestore.com Denmark","article_modified_time":"2026-04-14T04:53:52+00:00","og_image":[{"width":1707,"height":2560,"url":"https:\/\/stylestore.com\/da\/wp-content\/uploads\/sites\/3\/2025\/01\/WBLINDIANA_LS_O_NECK_PULLOVER_White1-scaled.jpg","type":"image\/jpeg"}],"twitter_card":"summary_large_image","schema":{"@context":"https:\/\/schema.org","@graph":[{"@type":"WebPage","@id":"https:\/\/stylestore.com\/da\/product\/wblindiana-ls-o-neck-pullover-4\/","url":"https:\/\/stylestore.com\/da\/product\/wblindiana-ls-o-neck-pullover-4\/","name":"WBLINDIANA LS O-NECK PULLOVER &#187; Stylestore.com Denmark","isPartOf":{"@id":"https:\/\/stylestore.com\/da\/#website"},"primaryImageOfPage":{"@id":"https:\/\/stylestore.com\/da\/product\/wblindiana-ls-o-neck-pullover-4\/#primaryimage"},"image":{"@id":"https:\/\/stylestore.com\/da\/product\/wblindiana-ls-o-neck-pullover-4\/#primaryimage"},"thumbnailUrl":"https:\/\/stylestore.com\/da\/wp-content\/uploads\/sites\/3\/2025\/01\/WBLINDIANA_LS_O_NECK_PULLOVER_White1-scaled.jpg","datePublished":"2024-07-02T12:03:39+00:00","dateModified":"2026-04-14T04:53:52+00:00","description":"Stilfuld strikket pullover med \u00e5ben fiskerib\u00e5nd og O-hals. Lange raglan\u00e6rmer og ribkant ved halsen giver et klassisk og komfortabelt look. Perfekt til b\u00e5de hverdagsbrug og lag-p\u00e5-lag styling!","breadcrumb":{"@id":"https:\/\/stylestore.com\/da\/product\/wblindiana-ls-o-neck-pullover-4\/#breadcrumb"},"inLanguage":"da-DK","potentialAction":[{"@type":"ReadAction","target":["https:\/\/stylestore.com\/da\/product\/wblindiana-ls-o-neck-pullover-4\/"]}]},{"@type":"ImageObject","inLanguage":"da-DK","@id":"https:\/\/stylestore.com\/da\/product\/wblindiana-ls-o-neck-pullover-4\/#primaryimage","url":"https:\/\/stylestore.com\/da\/wp-content\/uploads\/sites\/3\/2025\/01\/WBLINDIANA_LS_O_NECK_PULLOVER_White1-scaled.jpg","contentUrl":"https:\/\/stylestore.com\/da\/wp-content\/uploads\/sites\/3\/2025\/01\/WBLINDIANA_LS_O_NECK_PULLOVER_White1-scaled.jpg","width":1707,"height":2560},{"@type":"BreadcrumbList","@id":"https:\/\/stylestore.com\/da\/product\/wblindiana-ls-o-neck-pullover-4\/#breadcrumb","itemListElement":[{"@type":"ListItem","position":1,"name":"Home","item":"https:\/\/stylestore.com\/da\/"},{"@type":"ListItem","position":2,"name":"S\u00f8g","item":"https:\/\/stylestore.com\/da\/soeg\/"},{"@type":"ListItem","position":3,"name":"WBLINDIANA LS O-NECK PULLOVER"}]},{"@type":"WebSite","@id":"https:\/\/stylestore.com\/da\/#website","url":"https:\/\/stylestore.com\/da\/","name":"Stylestore.com Denmark","description":"","potentialAction":[{"@type":"SearchAction","target":{"@type":"EntryPoint","urlTemplate":"https:\/\/stylestore.com\/da\/?s={search_term_string}"},"query-input":{"@type":"PropertyValueSpecification","valueRequired":true,"valueName":"search_term_string"}}],"inLanguage":"da-DK"}]}},"_links":{"self":[{"href":"https:\/\/stylestore.com\/da\/wp-json\/wp\/v2\/product\/542039","targetHints":{"allow":["GET"]}}],"collection":[{"href":"https:\/\/stylestore.com\/da\/wp-json\/wp\/v2\/product"}],"about":[{"href":"https:\/\/stylestore.com\/da\/wp-json\/wp\/v2\/types\/product"}],"wp:featuredmedia":[{"embeddable":true,"href":"https:\/\/stylestore.com\/da\/wp-json\/wp\/v2\/media\/557889"}],"wp:attachment":[{"href":"https:\/\/stylestore.com\/da\/wp-json\/wp\/v2\/media?parent=542039"}],"wp:term":[{"taxonomy":"product_brand","embeddable":true,"href":"https:\/\/stylestore.com\/da\/wp-json\/wp\/v2\/product_brand?post=542039"},{"taxonomy":"product_cat","embeddable":true,"href":"https:\/\/stylestore.com\/da\/wp-json\/wp\/v2\/product_cat?post=542039"},{"taxonomy":"product_tag","embeddable":true,"href":"https:\/\/stylestore.com\/da\/wp-json\/wp\/v2\/product_tag?post=542039"}],"curies":[{"name":"wp","href":"https:\/\/api.w.org\/{rel}","templated":true}]}}