{"id":541801,"date":"2024-07-01T11:56:18","date_gmt":"2024-07-01T09:56:18","guid":{"rendered":"https:\/\/stylestore.com\/da\/product\/wblbrooke-mw-boyfriend-jeans\/"},"modified":"2026-04-14T06:49:41","modified_gmt":"2026-04-14T04:49:41","slug":"wblbrooke-mw-boyfriend-jeans","status":"publish","type":"product","link":"https:\/\/stylestore.com\/da\/product\/wblbrooke-mw-boyfriend-jeans\/","title":{"rendered":"WBLBROOKE MW BOYFRIEND  JEANS"},"content":{"rendered":"<p>Klassiske jeans<br \/>\nIngen stretch<br \/>\nMellem h\u00f8j talje<br \/>\nL\u00f8s pasform<br \/>\nLige ben<br \/>\nAfrundede forlommer og m\u00f8ntlomme<br \/>\nB\u00e6restykke p\u00e5 ryggen<br \/>\nSyninger p\u00e5 baglommerne<br \/>\nAnkel-l\u00e6ngde<br \/>\nLinning og b\u00e6ltestropper<br \/>\nLukkes med knap og lynl\u00e5s<\/p>\n","protected":false},"excerpt":{"rendered":"","protected":false},"featured_media":554269,"template":"","meta":{"_acf_changed":false},"product_brand":[],"product_cat":[21,104],"product_tag":[2151],"class_list":{"0":"post-541801","1":"product","2":"type-product","3":"status-publish","4":"has-post-thumbnail","6":"product_cat-bukser-og-nederdele","7":"product_cat-jeans-must-haves","8":"product_tag-b2b","11":"instock","12":"taxable","13":"shipping-taxable","14":"purchasable","15":"product-type-variable"},"acf":[],"yoast_head":"<!-- This site is optimized with the Yoast SEO plugin v23.8 - https:\/\/yoast.com\/wordpress\/plugins\/seo\/ -->\n<title>WBLBROOKE MW BOYFRIEND JEANS &#187; Stylestore.com Denmark<\/title>\n<meta name=\"description\" content=\"Klassiske jeans med mellem h\u00f8j talje og l\u00f8s pasform, designet med lige ben og r\u00e5 kant ved benafslutning. Afrundede forlommer, m\u00f8ntlomme og syninger p\u00e5 baglommerne tilf\u00f8jer tidl\u00f8se detaljer. Perfekte til b\u00e5de afslappet og moderne styling!\" \/>\n<meta name=\"robots\" content=\"index, follow, max-snippet:-1, max-image-preview:large, max-video-preview:-1\" \/>\n<link rel=\"canonical\" href=\"https:\/\/stylestore.com\/da\/product\/wblbrooke-mw-boyfriend-jeans\/\" \/>\n<meta property=\"og:locale\" content=\"da_DK\" \/>\n<meta property=\"og:type\" content=\"article\" \/>\n<meta property=\"og:title\" content=\"WBLBROOKE MW BOYFRIEND JEANS &#187; Stylestore.com Denmark\" \/>\n<meta property=\"og:description\" content=\"Klassiske jeans med mellem h\u00f8j talje og l\u00f8s pasform, designet med lige ben og r\u00e5 kant ved benafslutning. Afrundede forlommer, m\u00f8ntlomme og syninger p\u00e5 baglommerne tilf\u00f8jer tidl\u00f8se detaljer. Perfekte til b\u00e5de afslappet og moderne styling!\" \/>\n<meta property=\"og:url\" content=\"https:\/\/stylestore.com\/da\/product\/wblbrooke-mw-boyfriend-jeans\/\" \/>\n<meta property=\"og:site_name\" content=\"Stylestore.com Denmark\" \/>\n<meta property=\"article:modified_time\" content=\"2026-04-14T04:49:41+00:00\" \/>\n<meta property=\"og:image\" content=\"https:\/\/stylestore.com\/da\/wp-content\/uploads\/sites\/3\/2024\/12\/Wblbrooke_Boyfriend_Jeans_Spring_Blue1.jpg\" \/>\n\t<meta property=\"og:image:width\" content=\"1364\" \/>\n\t<meta property=\"og:image:height\" content=\"2046\" \/>\n\t<meta property=\"og:image:type\" content=\"image\/jpeg\" \/>\n<meta name=\"twitter:card\" content=\"summary_large_image\" \/>\n<script type=\"application\/ld+json\" class=\"yoast-schema-graph\">{\"@context\":\"https:\/\/schema.org\",\"@graph\":[{\"@type\":\"WebPage\",\"@id\":\"https:\/\/stylestore.com\/da\/product\/wblbrooke-mw-boyfriend-jeans\/\",\"url\":\"https:\/\/stylestore.com\/da\/product\/wblbrooke-mw-boyfriend-jeans\/\",\"name\":\"WBLBROOKE MW BOYFRIEND JEANS &#187; Stylestore.com Denmark\",\"isPartOf\":{\"@id\":\"https:\/\/stylestore.com\/da\/#website\"},\"primaryImageOfPage\":{\"@id\":\"https:\/\/stylestore.com\/da\/product\/wblbrooke-mw-boyfriend-jeans\/#primaryimage\"},\"image\":{\"@id\":\"https:\/\/stylestore.com\/da\/product\/wblbrooke-mw-boyfriend-jeans\/#primaryimage\"},\"thumbnailUrl\":\"https:\/\/stylestore.com\/da\/wp-content\/uploads\/sites\/3\/2024\/12\/Wblbrooke_Boyfriend_Jeans_Spring_Blue1.jpg\",\"datePublished\":\"2024-07-01T09:56:18+00:00\",\"dateModified\":\"2026-04-14T04:49:41+00:00\",\"description\":\"Klassiske jeans med mellem h\u00f8j talje og l\u00f8s pasform, designet med lige ben og r\u00e5 kant ved benafslutning. Afrundede forlommer, m\u00f8ntlomme og syninger p\u00e5 baglommerne tilf\u00f8jer tidl\u00f8se detaljer. Perfekte til b\u00e5de afslappet og moderne styling!\",\"breadcrumb\":{\"@id\":\"https:\/\/stylestore.com\/da\/product\/wblbrooke-mw-boyfriend-jeans\/#breadcrumb\"},\"inLanguage\":\"da-DK\",\"potentialAction\":[{\"@type\":\"ReadAction\",\"target\":[\"https:\/\/stylestore.com\/da\/product\/wblbrooke-mw-boyfriend-jeans\/\"]}]},{\"@type\":\"ImageObject\",\"inLanguage\":\"da-DK\",\"@id\":\"https:\/\/stylestore.com\/da\/product\/wblbrooke-mw-boyfriend-jeans\/#primaryimage\",\"url\":\"https:\/\/stylestore.com\/da\/wp-content\/uploads\/sites\/3\/2024\/12\/Wblbrooke_Boyfriend_Jeans_Spring_Blue1.jpg\",\"contentUrl\":\"https:\/\/stylestore.com\/da\/wp-content\/uploads\/sites\/3\/2024\/12\/Wblbrooke_Boyfriend_Jeans_Spring_Blue1.jpg\",\"width\":1364,\"height\":2046},{\"@type\":\"BreadcrumbList\",\"@id\":\"https:\/\/stylestore.com\/da\/product\/wblbrooke-mw-boyfriend-jeans\/#breadcrumb\",\"itemListElement\":[{\"@type\":\"ListItem\",\"position\":1,\"name\":\"Home\",\"item\":\"https:\/\/stylestore.com\/da\/\"},{\"@type\":\"ListItem\",\"position\":2,\"name\":\"S\u00f8g\",\"item\":\"https:\/\/stylestore.com\/da\/soeg\/\"},{\"@type\":\"ListItem\",\"position\":3,\"name\":\"WBLBROOKE MW BOYFRIEND JEANS\"}]},{\"@type\":\"WebSite\",\"@id\":\"https:\/\/stylestore.com\/da\/#website\",\"url\":\"https:\/\/stylestore.com\/da\/\",\"name\":\"Stylestore.com Denmark\",\"description\":\"\",\"potentialAction\":[{\"@type\":\"SearchAction\",\"target\":{\"@type\":\"EntryPoint\",\"urlTemplate\":\"https:\/\/stylestore.com\/da\/?s={search_term_string}\"},\"query-input\":{\"@type\":\"PropertyValueSpecification\",\"valueRequired\":true,\"valueName\":\"search_term_string\"}}],\"inLanguage\":\"da-DK\"}]}<\/script>\n<!-- \/ Yoast SEO plugin. -->","yoast_head_json":{"title":"WBLBROOKE MW BOYFRIEND JEANS &#187; Stylestore.com Denmark","description":"Klassiske jeans med mellem h\u00f8j talje og l\u00f8s pasform, designet med lige ben og r\u00e5 kant ved benafslutning. Afrundede forlommer, m\u00f8ntlomme og syninger p\u00e5 baglommerne tilf\u00f8jer tidl\u00f8se detaljer. Perfekte til b\u00e5de afslappet og moderne styling!","robots":{"index":"index","follow":"follow","max-snippet":"max-snippet:-1","max-image-preview":"max-image-preview:large","max-video-preview":"max-video-preview:-1"},"canonical":"https:\/\/stylestore.com\/da\/product\/wblbrooke-mw-boyfriend-jeans\/","og_locale":"da_DK","og_type":"article","og_title":"WBLBROOKE MW BOYFRIEND JEANS &#187; Stylestore.com Denmark","og_description":"Klassiske jeans med mellem h\u00f8j talje og l\u00f8s pasform, designet med lige ben og r\u00e5 kant ved benafslutning. Afrundede forlommer, m\u00f8ntlomme og syninger p\u00e5 baglommerne tilf\u00f8jer tidl\u00f8se detaljer. Perfekte til b\u00e5de afslappet og moderne styling!","og_url":"https:\/\/stylestore.com\/da\/product\/wblbrooke-mw-boyfriend-jeans\/","og_site_name":"Stylestore.com Denmark","article_modified_time":"2026-04-14T04:49:41+00:00","og_image":[{"width":1364,"height":2046,"url":"https:\/\/stylestore.com\/da\/wp-content\/uploads\/sites\/3\/2024\/12\/Wblbrooke_Boyfriend_Jeans_Spring_Blue1.jpg","type":"image\/jpeg"}],"twitter_card":"summary_large_image","schema":{"@context":"https:\/\/schema.org","@graph":[{"@type":"WebPage","@id":"https:\/\/stylestore.com\/da\/product\/wblbrooke-mw-boyfriend-jeans\/","url":"https:\/\/stylestore.com\/da\/product\/wblbrooke-mw-boyfriend-jeans\/","name":"WBLBROOKE MW BOYFRIEND JEANS &#187; Stylestore.com Denmark","isPartOf":{"@id":"https:\/\/stylestore.com\/da\/#website"},"primaryImageOfPage":{"@id":"https:\/\/stylestore.com\/da\/product\/wblbrooke-mw-boyfriend-jeans\/#primaryimage"},"image":{"@id":"https:\/\/stylestore.com\/da\/product\/wblbrooke-mw-boyfriend-jeans\/#primaryimage"},"thumbnailUrl":"https:\/\/stylestore.com\/da\/wp-content\/uploads\/sites\/3\/2024\/12\/Wblbrooke_Boyfriend_Jeans_Spring_Blue1.jpg","datePublished":"2024-07-01T09:56:18+00:00","dateModified":"2026-04-14T04:49:41+00:00","description":"Klassiske jeans med mellem h\u00f8j talje og l\u00f8s pasform, designet med lige ben og r\u00e5 kant ved benafslutning. Afrundede forlommer, m\u00f8ntlomme og syninger p\u00e5 baglommerne tilf\u00f8jer tidl\u00f8se detaljer. Perfekte til b\u00e5de afslappet og moderne styling!","breadcrumb":{"@id":"https:\/\/stylestore.com\/da\/product\/wblbrooke-mw-boyfriend-jeans\/#breadcrumb"},"inLanguage":"da-DK","potentialAction":[{"@type":"ReadAction","target":["https:\/\/stylestore.com\/da\/product\/wblbrooke-mw-boyfriend-jeans\/"]}]},{"@type":"ImageObject","inLanguage":"da-DK","@id":"https:\/\/stylestore.com\/da\/product\/wblbrooke-mw-boyfriend-jeans\/#primaryimage","url":"https:\/\/stylestore.com\/da\/wp-content\/uploads\/sites\/3\/2024\/12\/Wblbrooke_Boyfriend_Jeans_Spring_Blue1.jpg","contentUrl":"https:\/\/stylestore.com\/da\/wp-content\/uploads\/sites\/3\/2024\/12\/Wblbrooke_Boyfriend_Jeans_Spring_Blue1.jpg","width":1364,"height":2046},{"@type":"BreadcrumbList","@id":"https:\/\/stylestore.com\/da\/product\/wblbrooke-mw-boyfriend-jeans\/#breadcrumb","itemListElement":[{"@type":"ListItem","position":1,"name":"Home","item":"https:\/\/stylestore.com\/da\/"},{"@type":"ListItem","position":2,"name":"S\u00f8g","item":"https:\/\/stylestore.com\/da\/soeg\/"},{"@type":"ListItem","position":3,"name":"WBLBROOKE MW BOYFRIEND JEANS"}]},{"@type":"WebSite","@id":"https:\/\/stylestore.com\/da\/#website","url":"https:\/\/stylestore.com\/da\/","name":"Stylestore.com Denmark","description":"","potentialAction":[{"@type":"SearchAction","target":{"@type":"EntryPoint","urlTemplate":"https:\/\/stylestore.com\/da\/?s={search_term_string}"},"query-input":{"@type":"PropertyValueSpecification","valueRequired":true,"valueName":"search_term_string"}}],"inLanguage":"da-DK"}]}},"_links":{"self":[{"href":"https:\/\/stylestore.com\/da\/wp-json\/wp\/v2\/product\/541801","targetHints":{"allow":["GET"]}}],"collection":[{"href":"https:\/\/stylestore.com\/da\/wp-json\/wp\/v2\/product"}],"about":[{"href":"https:\/\/stylestore.com\/da\/wp-json\/wp\/v2\/types\/product"}],"wp:featuredmedia":[{"embeddable":true,"href":"https:\/\/stylestore.com\/da\/wp-json\/wp\/v2\/media\/554269"}],"wp:attachment":[{"href":"https:\/\/stylestore.com\/da\/wp-json\/wp\/v2\/media?parent=541801"}],"wp:term":[{"taxonomy":"product_brand","embeddable":true,"href":"https:\/\/stylestore.com\/da\/wp-json\/wp\/v2\/product_brand?post=541801"},{"taxonomy":"product_cat","embeddable":true,"href":"https:\/\/stylestore.com\/da\/wp-json\/wp\/v2\/product_cat?post=541801"},{"taxonomy":"product_tag","embeddable":true,"href":"https:\/\/stylestore.com\/da\/wp-json\/wp\/v2\/product_tag?post=541801"}],"curies":[{"name":"wp","href":"https:\/\/api.w.org\/{rel}","templated":true}]}}