{"id":541462,"date":"2024-07-01T09:27:56","date_gmt":"2024-07-01T07:27:56","guid":{"rendered":"https:\/\/stylestore.com\/da\/product\/wbllullu-tank-top\/"},"modified":"2026-04-14T06:57:04","modified_gmt":"2026-04-14T04:57:04","slug":"wbllullu-tank-top","status":"publish","type":"product","link":"https:\/\/stylestore.com\/da\/product\/wbllullu-tank-top\/","title":{"rendered":"WBLLULLU TANK TOP"},"content":{"rendered":"<p>Tank top i bl\u00f8d ribkvalitet<br \/>\nLav halsudsk\u00e6ring<br \/>\nRibb\u00e5nd i hals og \u00e6rmehul<br \/>\nHoftel\u00e6ngde<br \/>\nNormal pasform<\/p>\n","protected":false},"excerpt":{"rendered":"","protected":false},"featured_media":558036,"template":"","meta":{"_acf_changed":false},"product_brand":[],"product_cat":[20],"product_tag":[2151,1849],"class_list":{"0":"post-541462","1":"product","2":"type-product","3":"status-publish","4":"has-post-thumbnail","6":"product_cat-toppe","7":"product_tag-b2b","8":"product_tag-noos","11":"instock","12":"taxable","13":"shipping-taxable","14":"purchasable","15":"product-type-variable"},"acf":[],"yoast_head":"<!-- This site is optimized with the Yoast SEO plugin v23.8 - https:\/\/yoast.com\/wordpress\/plugins\/seo\/ -->\n<title>WBLLULLU TANK TOP &#187; Stylestore.com Denmark<\/title>\n<meta name=\"description\" content=\"Denne tank top i bl\u00f8d ribkvalitet har en lav halsudsk\u00e6ring og ribb\u00e5nd ved hals og \u00e6rmehul for en enkel, sporty stil. Med sin hoftel\u00e6ngde og normale pasform er den b\u00e5de komfortabel og alsidig. Perfekt til lag-p\u00e5-lag eller som standalone.\" \/>\n<meta name=\"robots\" content=\"index, follow, max-snippet:-1, max-image-preview:large, max-video-preview:-1\" \/>\n<link rel=\"canonical\" href=\"https:\/\/stylestore.com\/da\/product\/wbllullu-tank-top\/\" \/>\n<meta property=\"og:locale\" content=\"da_DK\" \/>\n<meta property=\"og:type\" content=\"article\" \/>\n<meta property=\"og:title\" content=\"WBLLULLU TANK TOP &#187; Stylestore.com Denmark\" \/>\n<meta property=\"og:description\" content=\"Denne tank top i bl\u00f8d ribkvalitet har en lav halsudsk\u00e6ring og ribb\u00e5nd ved hals og \u00e6rmehul for en enkel, sporty stil. Med sin hoftel\u00e6ngde og normale pasform er den b\u00e5de komfortabel og alsidig. Perfekt til lag-p\u00e5-lag eller som standalone.\" \/>\n<meta property=\"og:url\" content=\"https:\/\/stylestore.com\/da\/product\/wbllullu-tank-top\/\" \/>\n<meta property=\"og:site_name\" content=\"Stylestore.com Denmark\" \/>\n<meta property=\"article:modified_time\" content=\"2026-04-14T04:57:04+00:00\" \/>\n<meta property=\"og:image\" content=\"https:\/\/stylestore.com\/da\/wp-content\/uploads\/sites\/3\/2025\/01\/WBLLULLU_TANK_TOP_Light_Stone_Grey1.jpg\" \/>\n\t<meta property=\"og:image:width\" content=\"1531\" \/>\n\t<meta property=\"og:image:height\" content=\"2295\" \/>\n\t<meta property=\"og:image:type\" content=\"image\/jpeg\" \/>\n<meta name=\"twitter:card\" content=\"summary_large_image\" \/>\n<script type=\"application\/ld+json\" class=\"yoast-schema-graph\">{\"@context\":\"https:\/\/schema.org\",\"@graph\":[{\"@type\":\"WebPage\",\"@id\":\"https:\/\/stylestore.com\/da\/product\/wbllullu-tank-top\/\",\"url\":\"https:\/\/stylestore.com\/da\/product\/wbllullu-tank-top\/\",\"name\":\"WBLLULLU TANK TOP &#187; Stylestore.com Denmark\",\"isPartOf\":{\"@id\":\"https:\/\/stylestore.com\/da\/#website\"},\"primaryImageOfPage\":{\"@id\":\"https:\/\/stylestore.com\/da\/product\/wbllullu-tank-top\/#primaryimage\"},\"image\":{\"@id\":\"https:\/\/stylestore.com\/da\/product\/wbllullu-tank-top\/#primaryimage\"},\"thumbnailUrl\":\"https:\/\/stylestore.com\/da\/wp-content\/uploads\/sites\/3\/2025\/01\/WBLLULLU_TANK_TOP_Light_Stone_Grey1.jpg\",\"datePublished\":\"2024-07-01T07:27:56+00:00\",\"dateModified\":\"2026-04-14T04:57:04+00:00\",\"description\":\"Denne tank top i bl\u00f8d ribkvalitet har en lav halsudsk\u00e6ring og ribb\u00e5nd ved hals og \u00e6rmehul for en enkel, sporty stil. Med sin hoftel\u00e6ngde og normale pasform er den b\u00e5de komfortabel og alsidig. Perfekt til lag-p\u00e5-lag eller som standalone.\",\"breadcrumb\":{\"@id\":\"https:\/\/stylestore.com\/da\/product\/wbllullu-tank-top\/#breadcrumb\"},\"inLanguage\":\"da-DK\",\"potentialAction\":[{\"@type\":\"ReadAction\",\"target\":[\"https:\/\/stylestore.com\/da\/product\/wbllullu-tank-top\/\"]}]},{\"@type\":\"ImageObject\",\"inLanguage\":\"da-DK\",\"@id\":\"https:\/\/stylestore.com\/da\/product\/wbllullu-tank-top\/#primaryimage\",\"url\":\"https:\/\/stylestore.com\/da\/wp-content\/uploads\/sites\/3\/2025\/01\/WBLLULLU_TANK_TOP_Light_Stone_Grey1.jpg\",\"contentUrl\":\"https:\/\/stylestore.com\/da\/wp-content\/uploads\/sites\/3\/2025\/01\/WBLLULLU_TANK_TOP_Light_Stone_Grey1.jpg\",\"width\":1531,\"height\":2295},{\"@type\":\"BreadcrumbList\",\"@id\":\"https:\/\/stylestore.com\/da\/product\/wbllullu-tank-top\/#breadcrumb\",\"itemListElement\":[{\"@type\":\"ListItem\",\"position\":1,\"name\":\"Home\",\"item\":\"https:\/\/stylestore.com\/da\/\"},{\"@type\":\"ListItem\",\"position\":2,\"name\":\"S\u00f8g\",\"item\":\"https:\/\/stylestore.com\/da\/soeg\/\"},{\"@type\":\"ListItem\",\"position\":3,\"name\":\"WBLLULLU TANK TOP\"}]},{\"@type\":\"WebSite\",\"@id\":\"https:\/\/stylestore.com\/da\/#website\",\"url\":\"https:\/\/stylestore.com\/da\/\",\"name\":\"Stylestore.com Denmark\",\"description\":\"\",\"potentialAction\":[{\"@type\":\"SearchAction\",\"target\":{\"@type\":\"EntryPoint\",\"urlTemplate\":\"https:\/\/stylestore.com\/da\/?s={search_term_string}\"},\"query-input\":{\"@type\":\"PropertyValueSpecification\",\"valueRequired\":true,\"valueName\":\"search_term_string\"}}],\"inLanguage\":\"da-DK\"}]}<\/script>\n<!-- \/ Yoast SEO plugin. -->","yoast_head_json":{"title":"WBLLULLU TANK TOP &#187; Stylestore.com Denmark","description":"Denne tank top i bl\u00f8d ribkvalitet har en lav halsudsk\u00e6ring og ribb\u00e5nd ved hals og \u00e6rmehul for en enkel, sporty stil. Med sin hoftel\u00e6ngde og normale pasform er den b\u00e5de komfortabel og alsidig. Perfekt til lag-p\u00e5-lag eller som standalone.","robots":{"index":"index","follow":"follow","max-snippet":"max-snippet:-1","max-image-preview":"max-image-preview:large","max-video-preview":"max-video-preview:-1"},"canonical":"https:\/\/stylestore.com\/da\/product\/wbllullu-tank-top\/","og_locale":"da_DK","og_type":"article","og_title":"WBLLULLU TANK TOP &#187; Stylestore.com Denmark","og_description":"Denne tank top i bl\u00f8d ribkvalitet har en lav halsudsk\u00e6ring og ribb\u00e5nd ved hals og \u00e6rmehul for en enkel, sporty stil. Med sin hoftel\u00e6ngde og normale pasform er den b\u00e5de komfortabel og alsidig. Perfekt til lag-p\u00e5-lag eller som standalone.","og_url":"https:\/\/stylestore.com\/da\/product\/wbllullu-tank-top\/","og_site_name":"Stylestore.com Denmark","article_modified_time":"2026-04-14T04:57:04+00:00","og_image":[{"width":1531,"height":2295,"url":"https:\/\/stylestore.com\/da\/wp-content\/uploads\/sites\/3\/2025\/01\/WBLLULLU_TANK_TOP_Light_Stone_Grey1.jpg","type":"image\/jpeg"}],"twitter_card":"summary_large_image","schema":{"@context":"https:\/\/schema.org","@graph":[{"@type":"WebPage","@id":"https:\/\/stylestore.com\/da\/product\/wbllullu-tank-top\/","url":"https:\/\/stylestore.com\/da\/product\/wbllullu-tank-top\/","name":"WBLLULLU TANK TOP &#187; Stylestore.com Denmark","isPartOf":{"@id":"https:\/\/stylestore.com\/da\/#website"},"primaryImageOfPage":{"@id":"https:\/\/stylestore.com\/da\/product\/wbllullu-tank-top\/#primaryimage"},"image":{"@id":"https:\/\/stylestore.com\/da\/product\/wbllullu-tank-top\/#primaryimage"},"thumbnailUrl":"https:\/\/stylestore.com\/da\/wp-content\/uploads\/sites\/3\/2025\/01\/WBLLULLU_TANK_TOP_Light_Stone_Grey1.jpg","datePublished":"2024-07-01T07:27:56+00:00","dateModified":"2026-04-14T04:57:04+00:00","description":"Denne tank top i bl\u00f8d ribkvalitet har en lav halsudsk\u00e6ring og ribb\u00e5nd ved hals og \u00e6rmehul for en enkel, sporty stil. Med sin hoftel\u00e6ngde og normale pasform er den b\u00e5de komfortabel og alsidig. Perfekt til lag-p\u00e5-lag eller som standalone.","breadcrumb":{"@id":"https:\/\/stylestore.com\/da\/product\/wbllullu-tank-top\/#breadcrumb"},"inLanguage":"da-DK","potentialAction":[{"@type":"ReadAction","target":["https:\/\/stylestore.com\/da\/product\/wbllullu-tank-top\/"]}]},{"@type":"ImageObject","inLanguage":"da-DK","@id":"https:\/\/stylestore.com\/da\/product\/wbllullu-tank-top\/#primaryimage","url":"https:\/\/stylestore.com\/da\/wp-content\/uploads\/sites\/3\/2025\/01\/WBLLULLU_TANK_TOP_Light_Stone_Grey1.jpg","contentUrl":"https:\/\/stylestore.com\/da\/wp-content\/uploads\/sites\/3\/2025\/01\/WBLLULLU_TANK_TOP_Light_Stone_Grey1.jpg","width":1531,"height":2295},{"@type":"BreadcrumbList","@id":"https:\/\/stylestore.com\/da\/product\/wbllullu-tank-top\/#breadcrumb","itemListElement":[{"@type":"ListItem","position":1,"name":"Home","item":"https:\/\/stylestore.com\/da\/"},{"@type":"ListItem","position":2,"name":"S\u00f8g","item":"https:\/\/stylestore.com\/da\/soeg\/"},{"@type":"ListItem","position":3,"name":"WBLLULLU TANK TOP"}]},{"@type":"WebSite","@id":"https:\/\/stylestore.com\/da\/#website","url":"https:\/\/stylestore.com\/da\/","name":"Stylestore.com Denmark","description":"","potentialAction":[{"@type":"SearchAction","target":{"@type":"EntryPoint","urlTemplate":"https:\/\/stylestore.com\/da\/?s={search_term_string}"},"query-input":{"@type":"PropertyValueSpecification","valueRequired":true,"valueName":"search_term_string"}}],"inLanguage":"da-DK"}]}},"_links":{"self":[{"href":"https:\/\/stylestore.com\/da\/wp-json\/wp\/v2\/product\/541462","targetHints":{"allow":["GET"]}}],"collection":[{"href":"https:\/\/stylestore.com\/da\/wp-json\/wp\/v2\/product"}],"about":[{"href":"https:\/\/stylestore.com\/da\/wp-json\/wp\/v2\/types\/product"}],"wp:featuredmedia":[{"embeddable":true,"href":"https:\/\/stylestore.com\/da\/wp-json\/wp\/v2\/media\/558036"}],"wp:attachment":[{"href":"https:\/\/stylestore.com\/da\/wp-json\/wp\/v2\/media?parent=541462"}],"wp:term":[{"taxonomy":"product_brand","embeddable":true,"href":"https:\/\/stylestore.com\/da\/wp-json\/wp\/v2\/product_brand?post=541462"},{"taxonomy":"product_cat","embeddable":true,"href":"https:\/\/stylestore.com\/da\/wp-json\/wp\/v2\/product_cat?post=541462"},{"taxonomy":"product_tag","embeddable":true,"href":"https:\/\/stylestore.com\/da\/wp-json\/wp\/v2\/product_tag?post=541462"}],"curies":[{"name":"wp","href":"https:\/\/api.w.org\/{rel}","templated":true}]}}